{"id":37624,"date":"2021-02-22T13:26:07","date_gmt":"2021-02-22T13:26:07","guid":{"rendered":"http:\/\/localhost\/ciyashop\/?page_id=37624"},"modified":"2021-02-22T13:26:07","modified_gmt":"2021-02-22T13:26:07","slug":"single-product-slider","status":"publish","type":"page","link":"https:\/\/123-teezeit.de\/?page_id=37624","title":{"rendered":"Single Product Slider"},"content":{"rendered":"\t\t<div data-elementor-type=\"wp-page\" data-elementor-id=\"37624\" class=\"elementor elementor-37624\">\n\t\t\t\t\t\t<section class=\"elementor-section elementor-top-section elementor-element elementor-element-7517 elementor-section-stretched elementor-section-boxed elementor-section-height-default elementor-section-height-default\" data-id=\"7517\" data-element_type=\"section\" data-settings=\"{&quot;stretch_section&quot;:&quot;section-stretched&quot;}\">\n\t\t\t\t\t\t<div class=\"elementor-container elementor-column-gap-default\">\n\t\t\t\t\t<div class=\"elementor-column elementor-col-33 elementor-top-column elementor-element elementor-element-36ca\" data-id=\"36ca\" data-element_type=\"column\">\n\t\t\t<div class=\"elementor-widget-wrap elementor-element-populated\">\n\t\t\t\t\t\t<div class=\"elementor-element elementor-element-3235 elementor-widget elementor-widget-pgscore_single-product-slider\" data-id=\"3235\" data-element_type=\"widget\" data-widget_type=\"pgscore_single-product-slider.default\">\n\t\t\t\t<div class=\"elementor-widget-container\">\n\t\t\t\t\t<div class=\"pgscore_single-product-slider_wrapper\">\n\t<div class=\"single-product-carousel woocommerce feature-5 single-product-carousel-style-2 single-product-carousel-style_2\">\n\t\t\t\t<div class=\"owl-carousel owl-theme owl-carousel-options\" data-owl_options=\"{&quot;items&quot;:1,&quot;loop&quot;:true,&quot;autoplay&quot;:true,&quot;autoplayTimeout&quot;:3000,&quot;autoplayHoverPause&quot;:true,&quot;dots&quot;:false,&quot;nav&quot;:true,&quot;smartSpeed&quot;:1000,&quot;navText&quot;:[&quot;&lt;i class=\\&quot;fas fa-angle-left\\&quot;&gt;&lt;\\\/i&gt;&quot;,&quot;&lt;i class=\\&quot;fas fa-angle-right\\&quot;&gt;&lt;\\\/i&gt;&quot;],&quot;responsive&quot;:{&quot;0&quot;:{&quot;items&quot;:1},&quot;600&quot;:{&quot;items&quot;:1},&quot;1000&quot;:{&quot;items&quot;:1}}}\">\n\t\t\t\t\t\t\t<div class=\"item\">\n\t\t\t\t\t<div class=\"product-img product\">\n\t\t\t\t\t\t<div class=\"product-inner\">\n\t\t\t\t\t\t\t<div class=\"product-thumbnail\">\n\t\t\t\t\t\t\t\t<div class=\"product-thumbnail-inner\">\n\t\t\t\t\t\t\t\t\t<img fetchpriority=\"high\" decoding=\"async\" width=\"225\" height=\"225\" src=\"https:\/\/m.media-amazon.com\/images\/I\/51D66YZKJRL._SS300_.jpg\" class=\"attachment-woocommerce_thumbnail size-woocommerce_thumbnail wp-post-image\" alt=\"\" \/>\t\t\t\t\t\t\t\t<\/div><!-- .product-thumbnail-inner -->\n\t\t\t\t\t\t\t<\/div><!-- .product-thumbnail -->\n\t\t\t\t\t\t<\/div><!-- .product-thumbnail-inner -->\n\t\t\t\t\t\t<div class=\"product-info\">\n\t\t\t\t\t\t\t<div class=\"star-rating-wrapper\">\n\t\t\t\t\t\t\t\t\t\t\t\t\t\t\t<\/div><!-- .star-rating-wrapper -->\n\t\t\t\t\t\t\t<h3 class=\"product-name\">\n\t\t\t\t\t\t\t\t<a href=\"https:\/\/123-teezeit.de\/?product=teekanne-prinzessin-lillifee-12er-pack\" class=\"woocommerce-LoopProduct-link woocommerce-loop-product__link\">\t\t\t\t\t\t\t\t\tTeekanne Prinzessin Lillifee 12er Pack\t\t\t\t\t\t\t\t<\/a>\t\t\t\t\t\t\t<\/h3><!-- .product-name-->\n\t\t\t\t\t\t\t\n\t<span class=\"price\"><span class=\"woocommerce-Price-amount amount\"><bdi>27.48&nbsp;<span class=\"woocommerce-Price-currencySymbol\">&euro;<\/span><\/bdi><\/span><\/span>\n\t\t\t\t\t\t\t\t\t\t\t\t\t\t\t\t<div class=\"woocommerce-product-details__short-description\">\n\t\t\t\t\t\t\t\t\t\t<p>Zutaten: \u00c4pfel, Hibiskus, s\u00fc\u00dfe Brombeerbl\u00e4tter, Erdbeeraroma, Hagebutten, Himbeeraroma, Himbeeren, Erdbeeren....<\/p>\n\t\t\t\t\t\t\t\t\t<\/div>\n\t\t\t\t\t\t\t\t\t\t\t\t\t\t\t<\/div>\n\t\t\t\t\t<\/div>\n\t\t\t\t<\/div>\n\t\t\t\t\t\t\t\t<div class=\"item\">\n\t\t\t\t\t<div class=\"product-img product\">\n\t\t\t\t\t\t<div class=\"product-inner\">\n\t\t\t\t\t\t\t<div class=\"product-thumbnail\">\n\t\t\t\t\t\t\t\t<div class=\"product-thumbnail-inner\">\n\t\t\t\t\t\t\t\t\t<img decoding=\"async\" width=\"225\" height=\"225\" src=\"https:\/\/m.media-amazon.com\/images\/I\/517iBQVec2L._SS300_.jpg\" class=\"attachment-woocommerce_thumbnail size-woocommerce_thumbnail wp-post-image\" alt=\"\" \/>\t\t\t\t\t\t\t\t<\/div><!-- .product-thumbnail-inner -->\n\t\t\t\t\t\t\t<\/div><!-- .product-thumbnail -->\n\t\t\t\t\t\t<\/div><!-- .product-thumbnail-inner -->\n\t\t\t\t\t\t<div class=\"product-info\">\n\t\t\t\t\t\t\t<div class=\"star-rating-wrapper\">\n\t\t\t\t\t\t\t\t\t\t\t\t\t\t\t<\/div><!-- .star-rating-wrapper -->\n\t\t\t\t\t\t\t<h3 class=\"product-name\">\n\t\t\t\t\t\t\t\t<a href=\"https:\/\/123-teezeit.de\/?product=teekanne-kaminabend-rooibostee-mit-orange-zimt-und-marzipan-aroma-12er-pack-12-x-20-teebeutel-12-x-40-g\" class=\"woocommerce-LoopProduct-link woocommerce-loop-product__link\">\t\t\t\t\t\t\t\t\tTeekanne Kaminabend, Rooibostee mit Orange-Zimt- und Marzipan-Aroma, 12er Pack (12 x 20 Teebeutel), 12 x 40 g\t\t\t\t\t\t\t\t<\/a>\t\t\t\t\t\t\t<\/h3><!-- .product-name-->\n\t\t\t\t\t\t\t\n\t<span class=\"price\"><span class=\"woocommerce-Price-amount amount\"><bdi>36.27&nbsp;<span class=\"woocommerce-Price-currencySymbol\">&euro;<\/span><\/bdi><\/span><\/span>\n\t\t\t\t\t\t\t\t\t\t\t\t\t\t\t\t<div class=\"woocommerce-product-details__short-description\">\n\t\t\t\t\t\t\t\t\t\t<p>Rotbuschtee mit dem wunderbar-winterlichen Geschmack nach s\u00fc\u00dfem Marzipan. F\u00fcr genussvolle, w\u00e4rmende Teemomente,...<\/p>\n\t\t\t\t\t\t\t\t\t<\/div>\n\t\t\t\t\t\t\t\t\t\t\t\t\t\t\t<\/div>\n\t\t\t\t\t<\/div>\n\t\t\t\t<\/div>\n\t\t\t\t\t\t\t\t<div class=\"item\">\n\t\t\t\t\t<div class=\"product-img product\">\n\t\t\t\t\t\t<div class=\"product-inner\">\n\t\t\t\t\t\t\t<div class=\"product-thumbnail\">\n\t\t\t\t\t\t\t\t<div class=\"product-thumbnail-inner\">\n\t\t\t\t\t\t\t\t\t<img decoding=\"async\" width=\"225\" height=\"225\" src=\"https:\/\/m.media-amazon.com\/images\/I\/61Mc71IqCdL._SS300_.jpg\" class=\"attachment-woocommerce_thumbnail size-woocommerce_thumbnail wp-post-image\" alt=\"\" \/>\t\t\t\t\t\t\t\t<\/div><!-- .product-thumbnail-inner -->\n\t\t\t\t\t\t\t<\/div><!-- .product-thumbnail -->\n\t\t\t\t\t\t<\/div><!-- .product-thumbnail-inner -->\n\t\t\t\t\t\t<div class=\"product-info\">\n\t\t\t\t\t\t\t<div class=\"star-rating-wrapper\">\n\t\t\t\t\t\t\t\t\t\t\t\t\t\t\t<\/div><!-- .star-rating-wrapper -->\n\t\t\t\t\t\t\t<h3 class=\"product-name\">\n\t\t\t\t\t\t\t\t<a href=\"https:\/\/123-teezeit.de\/?product=teekanne-heisser-hugo-12er-pack\" class=\"woocommerce-LoopProduct-link woocommerce-loop-product__link\">\t\t\t\t\t\t\t\t\tTeekanne Hei?er Hugo 12er Pack\t\t\t\t\t\t\t\t<\/a>\t\t\t\t\t\t\t<\/h3><!-- .product-name-->\n\t\t\t\t\t\t\t\n\t<span class=\"price\"><span class=\"woocommerce-Price-amount amount\"><bdi>33.94&nbsp;<span class=\"woocommerce-Price-currencySymbol\">&euro;<\/span><\/bdi><\/span><\/span>\n\t\t\t\t\t\t\t\t\t\t\t\t\t\t\t\t<div class=\"woocommerce-product-details__short-description\">\n\t\t\t\t\t\t\t\t\t\t<p>Dieses Produkt enth\u00e4lt: 12 x 20 Doppelkammerbeutel, einzeln umh\u00fcllt\nVor W\u00e4rme gesch\u00fctzt und trocken lagern....<\/p>\n\t\t\t\t\t\t\t\t\t<\/div>\n\t\t\t\t\t\t\t\t\t\t\t\t\t\t\t<\/div>\n\t\t\t\t\t<\/div>\n\t\t\t\t<\/div>\n\t\t\t\t\t\t\t\t<div class=\"item\">\n\t\t\t\t\t<div class=\"product-img product\">\n\t\t\t\t\t\t<div class=\"product-inner\">\n\t\t\t\t\t\t\t<div class=\"product-thumbnail\">\n\t\t\t\t\t\t\t\t<div class=\"product-thumbnail-inner\">\n\t\t\t\t\t\t\t\t\t<img loading=\"lazy\" decoding=\"async\" width=\"225\" height=\"225\" src=\"https:\/\/m.media-amazon.com\/images\/I\/51eYIkkwR2L._SS300_.jpg\" class=\"attachment-woocommerce_thumbnail size-woocommerce_thumbnail wp-post-image\" alt=\"\" \/>\t\t\t\t\t\t\t\t<\/div><!-- .product-thumbnail-inner -->\n\t\t\t\t\t\t\t<\/div><!-- .product-thumbnail -->\n\t\t\t\t\t\t<\/div><!-- .product-thumbnail-inner -->\n\t\t\t\t\t\t<div class=\"product-info\">\n\t\t\t\t\t\t\t<div class=\"star-rating-wrapper\">\n\t\t\t\t\t\t\t\t\t\t\t\t\t\t\t<\/div><!-- .star-rating-wrapper -->\n\t\t\t\t\t\t\t<h3 class=\"product-name\">\n\t\t\t\t\t\t\t\t<a href=\"https:\/\/123-teezeit.de\/?product=teekanne-weisser-tee-mango-zitrone-6er-pack-6-x-20-teebeutel-6-x-25-g\" class=\"woocommerce-LoopProduct-link woocommerce-loop-product__link\">\t\t\t\t\t\t\t\t\tTeekanne Wei\u00dfer Tee Mango-Zitrone, 6er Pack (6 x 20 Teebeutel), 6 x 25 g\t\t\t\t\t\t\t\t<\/a>\t\t\t\t\t\t\t<\/h3><!-- .product-name-->\n\t\t\t\t\t\t\t\n\t<span class=\"price\"><span class=\"woocommerce-Price-amount amount\"><bdi>19.00&nbsp;<span class=\"woocommerce-Price-currencySymbol\">&euro;<\/span><\/bdi><\/span><\/span>\n\t\t\t\t\t\t\t\t\t\t\t\t\t\t\t\t<div class=\"woocommerce-product-details__short-description\">\n\t\t\t\t\t\t\t\t\t\t<p>Wei\u00dfer Tee w\u00e4chst in den hohen Bergregionen Fujians im S\u00fcden Chinas. Seinen Namen verdankt Wei\u00dfer Tee dem...<\/p>\n\t\t\t\t\t\t\t\t\t<\/div>\n\t\t\t\t\t\t\t\t\t\t\t\t\t\t\t<\/div>\n\t\t\t\t\t<\/div>\n\t\t\t\t<\/div>\n\t\t\t\t\t\t\t\t<div class=\"item\">\n\t\t\t\t\t<div class=\"product-img product\">\n\t\t\t\t\t\t<div class=\"product-inner\">\n\t\t\t\t\t\t\t<div class=\"product-thumbnail\">\n\t\t\t\t\t\t\t\t<div class=\"product-thumbnail-inner\">\n\t\t\t\t\t\t\t\t\t<img loading=\"lazy\" decoding=\"async\" width=\"225\" height=\"225\" src=\"https:\/\/m.media-amazon.com\/images\/I\/31+Gi+lbBzL._SS300_.jpg\" class=\"attachment-woocommerce_thumbnail size-woocommerce_thumbnail wp-post-image\" alt=\"\" \/>\t\t\t\t\t\t\t\t<\/div><!-- .product-thumbnail-inner -->\n\t\t\t\t\t\t\t<\/div><!-- .product-thumbnail -->\n\t\t\t\t\t\t<\/div><!-- .product-thumbnail-inner -->\n\t\t\t\t\t\t<div class=\"product-info\">\n\t\t\t\t\t\t\t<div class=\"star-rating-wrapper\">\n\t\t\t\t\t\t\t\t\t\t\t\t\t\t\t<\/div><!-- .star-rating-wrapper -->\n\t\t\t\t\t\t\t<h3 class=\"product-name\">\n\t\t\t\t\t\t\t\t<a href=\"https:\/\/123-teezeit.de\/?product=teekanne-italienische-limone-3er-pack-3-x-20-teebeutel-3-x-50-g\" class=\"woocommerce-LoopProduct-link woocommerce-loop-product__link\">\t\t\t\t\t\t\t\t\tTeekanne Italienische Limone, 3er Pack (3 x 20 Teebeutel), 3 x 50 g\t\t\t\t\t\t\t\t<\/a>\t\t\t\t\t\t\t<\/h3><!-- .product-name-->\n\t\t\t\t\t\t\t\n\t<span class=\"price\"><span class=\"woocommerce-Price-amount amount\"><bdi>12.97&nbsp;<span class=\"woocommerce-Price-currencySymbol\">&euro;<\/span><\/bdi><\/span><\/span>\n\t\t\t\t\t\t\t\t\t\t\t\t\t\t\t\t<div class=\"woocommerce-product-details__short-description\">\n\t\t\t\t\t\t\t\t\t\t<p>Entdecken Sie die fruchtige S\u00fc\u00dfe der Limone ? mit TEEKANNE Italienische Limone!\nLassen Sie sich mit TEEKANNE...<\/p>\n\t\t\t\t\t\t\t\t\t<\/div>\n\t\t\t\t\t\t\t\t\t\t\t\t\t\t\t<\/div>\n\t\t\t\t\t<\/div>\n\t\t\t\t<\/div>\n\t\t\t\t\t\t<\/div>\n\t<\/div>\n<\/div>\n\t\t\t\t<\/div>\n\t\t\t\t<\/div>\n\t\t\t\t\t<\/div>\n\t\t<\/div>\n\t\t\t\t<div class=\"elementor-column elementor-col-33 elementor-top-column elementor-element elementor-element-1358\" data-id=\"1358\" data-element_type=\"column\">\n\t\t\t<div class=\"elementor-widget-wrap elementor-element-populated\">\n\t\t\t\t\t\t<div class=\"elementor-element elementor-element-103b elementor-widget elementor-widget-pgscore_single-product-slider\" data-id=\"103b\" data-element_type=\"widget\" data-widget_type=\"pgscore_single-product-slider.default\">\n\t\t\t\t<div class=\"elementor-widget-container\">\n\t\t\t\t\t<div class=\"pgscore_single-product-slider_wrapper\">\n\t<div class=\"single-product-carousel woocommerce feature-5 single-product-carousel-style-1 single-product-carousel-style_1\">\n\t\t\t\t\t<div class=\"single-product-carousel-top-info top-info\">\n\t\t\t\t\t\t\t\t\t<h3>PRODUCT TITLE<\/h3>\n\t\t\t\t\t\t\t\t<\/div>\n\t\t\t\t\t<div class=\"owl-carousel owl-theme owl-carousel-options\" data-owl_options=\"{&quot;items&quot;:1,&quot;loop&quot;:true,&quot;autoplay&quot;:true,&quot;autoplayTimeout&quot;:3000,&quot;autoplayHoverPause&quot;:true,&quot;dots&quot;:false,&quot;nav&quot;:true,&quot;smartSpeed&quot;:1000,&quot;navText&quot;:[&quot;&lt;i class=\\&quot;fas fa-angle-left\\&quot;&gt;&lt;\\\/i&gt;&quot;,&quot;&lt;i class=\\&quot;fas fa-angle-right\\&quot;&gt;&lt;\\\/i&gt;&quot;],&quot;responsive&quot;:{&quot;0&quot;:{&quot;items&quot;:1},&quot;600&quot;:{&quot;items&quot;:1},&quot;1000&quot;:{&quot;items&quot;:1}}}\">\n\t\t\t\t\t\t\t<div class=\"item\">\n\t\t\t\t\t<div class=\"product-img product\">\n\t\t\t\t\t\t<div class=\"product-inner\">\n\t\t\t\t\t\t\t<div class=\"product-thumbnail\">\n\t\t\t\t\t\t\t\t<div class=\"product-thumbnail-inner\">\n\t\t\t\t\t\t\t\t\t<img fetchpriority=\"high\" decoding=\"async\" width=\"225\" height=\"225\" src=\"https:\/\/m.media-amazon.com\/images\/I\/51D66YZKJRL._SS300_.jpg\" class=\"attachment-woocommerce_thumbnail size-woocommerce_thumbnail wp-post-image\" alt=\"\" \/>\t\t\t\t\t\t\t\t<\/div><!-- .product-thumbnail-inner -->\n\t\t\t\t\t\t\t<\/div><!-- .product-thumbnail -->\n\t\t\t\t\t\t<\/div><!-- .product-thumbnail-inner -->\n\t\t\t\t\t\t<div class=\"product-info\">\n\t\t\t\t\t\t\t<div class=\"star-rating-wrapper\">\n\t\t\t\t\t\t\t\t\t\t\t\t\t\t\t<\/div><!-- .star-rating-wrapper -->\n\t\t\t\t\t\t\t<h3 class=\"product-name\">\n\t\t\t\t\t\t\t\t<a href=\"https:\/\/123-teezeit.de\/?product=teekanne-prinzessin-lillifee-12er-pack\" class=\"woocommerce-LoopProduct-link woocommerce-loop-product__link\">\t\t\t\t\t\t\t\t\tTeekanne Prinzessin Lillifee 12er Pack\t\t\t\t\t\t\t\t<\/a>\t\t\t\t\t\t\t<\/h3><!-- .product-name-->\n\t\t\t\t\t\t\t\n\t<span class=\"price\"><span class=\"woocommerce-Price-amount amount\"><bdi>27.48&nbsp;<span class=\"woocommerce-Price-currencySymbol\">&euro;<\/span><\/bdi><\/span><\/span>\n\t\t\t\t\t\t\t\t\t\t\t\t\t\t\t\t<div class=\"woocommerce-product-details__short-description\">\n\t\t\t\t\t\t\t\t\t\t<p>Zutaten: \u00c4pfel, Hibiskus, s\u00fc\u00dfe Brombeerbl\u00e4tter, Erdbeeraroma, Hagebutten, Himbeeraroma, Himbeeren, Erdbeeren....<\/p>\n\t\t\t\t\t\t\t\t\t<\/div>\n\t\t\t\t\t\t\t\t\t\t\t\t\t\t\t<\/div>\n\t\t\t\t\t<\/div>\n\t\t\t\t<\/div>\n\t\t\t\t\t\t<\/div>\n\t<\/div>\n<\/div>\n\t\t\t\t<\/div>\n\t\t\t\t<\/div>\n\t\t\t\t\t<\/div>\n\t\t<\/div>\n\t\t\t\t<div class=\"elementor-column elementor-col-33 elementor-top-column elementor-element elementor-element-7596\" data-id=\"7596\" data-element_type=\"column\">\n\t\t\t<div class=\"elementor-widget-wrap elementor-element-populated\">\n\t\t\t\t\t\t<div class=\"elementor-element elementor-element-3cb1 elementor-widget elementor-widget-pgscore_single-product-slider\" data-id=\"3cb1\" data-element_type=\"widget\" data-widget_type=\"pgscore_single-product-slider.default\">\n\t\t\t\t<div class=\"elementor-widget-container\">\n\t\t\t\t\t<div class=\"pgscore_single-product-slider_wrapper\">\n\t<div class=\"single-product-carousel woocommerce feature-5 single-product-carousel-style-3 single-product-carousel-style_3\">\n\t\t\t\t\t<div class=\"single-product-carousel-top-info top-info\">\n\t\t\t\t\t\t\t\t\t<h3>TITLE WITH CONTENT<\/h3>\n\t\t\t\t\t\t\t\t\t\t<p>Use a past defeat as a motivator. Remind yourself you have nowhere to go except up as you have already been at the bottom.<\/p>\n\t\t\t\t\t\t\t\t<\/div>\n\t\t\t\t\t<div class=\"owl-carousel owl-theme owl-carousel-options\" data-owl_options=\"{&quot;items&quot;:1,&quot;loop&quot;:true,&quot;autoplay&quot;:true,&quot;autoplayTimeout&quot;:3000,&quot;autoplayHoverPause&quot;:true,&quot;dots&quot;:false,&quot;nav&quot;:true,&quot;smartSpeed&quot;:1000,&quot;navText&quot;:[&quot;&lt;i class=\\&quot;fas fa-angle-left\\&quot;&gt;&lt;\\\/i&gt;&quot;,&quot;&lt;i class=\\&quot;fas fa-angle-right\\&quot;&gt;&lt;\\\/i&gt;&quot;],&quot;responsive&quot;:{&quot;0&quot;:{&quot;items&quot;:1},&quot;600&quot;:{&quot;items&quot;:1},&quot;1000&quot;:{&quot;items&quot;:1}}}\">\n\t\t\t\t\t\t\t<div class=\"item\">\n\t\t\t\t\t<div class=\"product-img product\">\n\t\t\t\t\t\t<div class=\"product-inner\">\n\t\t\t\t\t\t\t<div class=\"product-thumbnail\">\n\t\t\t\t\t\t\t\t<div class=\"product-thumbnail-inner\">\n\t\t\t\t\t\t\t\t\t<img fetchpriority=\"high\" decoding=\"async\" width=\"225\" height=\"225\" src=\"https:\/\/m.media-amazon.com\/images\/I\/51D66YZKJRL._SS300_.jpg\" class=\"attachment-woocommerce_thumbnail size-woocommerce_thumbnail wp-post-image\" alt=\"\" \/>\t\t\t\t\t\t\t\t<\/div><!-- .product-thumbnail-inner -->\n\t\t\t\t\t\t\t<\/div><!-- .product-thumbnail -->\n\t\t\t\t\t\t<\/div><!-- .product-thumbnail-inner -->\n\t\t\t\t\t\t<div class=\"product-info\">\n\t\t\t\t\t\t\t<div class=\"star-rating-wrapper\">\n\t\t\t\t\t\t\t\t\t\t\t\t\t\t\t<\/div><!-- .star-rating-wrapper -->\n\t\t\t\t\t\t\t<h3 class=\"product-name\">\n\t\t\t\t\t\t\t\t<a href=\"https:\/\/123-teezeit.de\/?product=teekanne-prinzessin-lillifee-12er-pack\" class=\"woocommerce-LoopProduct-link woocommerce-loop-product__link\">\t\t\t\t\t\t\t\t\tTeekanne Prinzessin Lillifee 12er Pack\t\t\t\t\t\t\t\t<\/a>\t\t\t\t\t\t\t<\/h3><!-- .product-name-->\n\t\t\t\t\t\t\t\n\t<span class=\"price\"><span class=\"woocommerce-Price-amount amount\"><bdi>27.48&nbsp;<span class=\"woocommerce-Price-currencySymbol\">&euro;<\/span><\/bdi><\/span><\/span>\n\t\t\t\t\t\t\t\t\t\t\t\t\t\t\t\t<div class=\"woocommerce-product-details__short-description\">\n\t\t\t\t\t\t\t\t\t\t<p>Zutaten: \u00c4pfel, Hibiskus, s\u00fc\u00dfe Brombeerbl\u00e4tter, Erdbeeraroma, Hagebutten, Himbeeraroma, Himbeeren, Erdbeeren....<\/p>\n\t\t\t\t\t\t\t\t\t<\/div>\n\t\t\t\t\t\t\t\t\t\t\t\t\t\t\t<\/div>\n\t\t\t\t\t<\/div>\n\t\t\t\t<\/div>\n\t\t\t\t\t\t\t\t<div class=\"item\">\n\t\t\t\t\t<div class=\"product-img product\">\n\t\t\t\t\t\t<div class=\"product-inner\">\n\t\t\t\t\t\t\t<div class=\"product-thumbnail\">\n\t\t\t\t\t\t\t\t<div class=\"product-thumbnail-inner\">\n\t\t\t\t\t\t\t\t\t<img decoding=\"async\" width=\"225\" height=\"225\" src=\"https:\/\/m.media-amazon.com\/images\/I\/517iBQVec2L._SS300_.jpg\" class=\"attachment-woocommerce_thumbnail size-woocommerce_thumbnail wp-post-image\" alt=\"\" \/>\t\t\t\t\t\t\t\t<\/div><!-- .product-thumbnail-inner -->\n\t\t\t\t\t\t\t<\/div><!-- .product-thumbnail -->\n\t\t\t\t\t\t<\/div><!-- .product-thumbnail-inner -->\n\t\t\t\t\t\t<div class=\"product-info\">\n\t\t\t\t\t\t\t<div class=\"star-rating-wrapper\">\n\t\t\t\t\t\t\t\t\t\t\t\t\t\t\t<\/div><!-- .star-rating-wrapper -->\n\t\t\t\t\t\t\t<h3 class=\"product-name\">\n\t\t\t\t\t\t\t\t<a href=\"https:\/\/123-teezeit.de\/?product=teekanne-kaminabend-rooibostee-mit-orange-zimt-und-marzipan-aroma-12er-pack-12-x-20-teebeutel-12-x-40-g\" class=\"woocommerce-LoopProduct-link woocommerce-loop-product__link\">\t\t\t\t\t\t\t\t\tTeekanne Kaminabend, Rooibostee mit Orange-Zimt- und Marzipan-Aroma, 12er Pack (12 x 20 Teebeutel), 12 x 40 g\t\t\t\t\t\t\t\t<\/a>\t\t\t\t\t\t\t<\/h3><!-- .product-name-->\n\t\t\t\t\t\t\t\n\t<span class=\"price\"><span class=\"woocommerce-Price-amount amount\"><bdi>36.27&nbsp;<span class=\"woocommerce-Price-currencySymbol\">&euro;<\/span><\/bdi><\/span><\/span>\n\t\t\t\t\t\t\t\t\t\t\t\t\t\t\t\t<div class=\"woocommerce-product-details__short-description\">\n\t\t\t\t\t\t\t\t\t\t<p>Rotbuschtee mit dem wunderbar-winterlichen Geschmack nach s\u00fc\u00dfem Marzipan. F\u00fcr genussvolle, w\u00e4rmende Teemomente,...<\/p>\n\t\t\t\t\t\t\t\t\t<\/div>\n\t\t\t\t\t\t\t\t\t\t\t\t\t\t\t<\/div>\n\t\t\t\t\t<\/div>\n\t\t\t\t<\/div>\n\t\t\t\t\t\t\t\t<div class=\"item\">\n\t\t\t\t\t<div class=\"product-img product\">\n\t\t\t\t\t\t<div class=\"product-inner\">\n\t\t\t\t\t\t\t<div class=\"product-thumbnail\">\n\t\t\t\t\t\t\t\t<div class=\"product-thumbnail-inner\">\n\t\t\t\t\t\t\t\t\t<img decoding=\"async\" width=\"225\" height=\"225\" src=\"https:\/\/m.media-amazon.com\/images\/I\/61Mc71IqCdL._SS300_.jpg\" class=\"attachment-woocommerce_thumbnail size-woocommerce_thumbnail wp-post-image\" alt=\"\" \/>\t\t\t\t\t\t\t\t<\/div><!-- .product-thumbnail-inner -->\n\t\t\t\t\t\t\t<\/div><!-- .product-thumbnail -->\n\t\t\t\t\t\t<\/div><!-- .product-thumbnail-inner -->\n\t\t\t\t\t\t<div class=\"product-info\">\n\t\t\t\t\t\t\t<div class=\"star-rating-wrapper\">\n\t\t\t\t\t\t\t\t\t\t\t\t\t\t\t<\/div><!-- .star-rating-wrapper -->\n\t\t\t\t\t\t\t<h3 class=\"product-name\">\n\t\t\t\t\t\t\t\t<a href=\"https:\/\/123-teezeit.de\/?product=teekanne-heisser-hugo-12er-pack\" class=\"woocommerce-LoopProduct-link woocommerce-loop-product__link\">\t\t\t\t\t\t\t\t\tTeekanne Hei?er Hugo 12er Pack\t\t\t\t\t\t\t\t<\/a>\t\t\t\t\t\t\t<\/h3><!-- .product-name-->\n\t\t\t\t\t\t\t\n\t<span class=\"price\"><span class=\"woocommerce-Price-amount amount\"><bdi>33.94&nbsp;<span class=\"woocommerce-Price-currencySymbol\">&euro;<\/span><\/bdi><\/span><\/span>\n\t\t\t\t\t\t\t\t\t\t\t\t\t\t\t\t<div class=\"woocommerce-product-details__short-description\">\n\t\t\t\t\t\t\t\t\t\t<p>Dieses Produkt enth\u00e4lt: 12 x 20 Doppelkammerbeutel, einzeln umh\u00fcllt\nVor W\u00e4rme gesch\u00fctzt und trocken lagern....<\/p>\n\t\t\t\t\t\t\t\t\t<\/div>\n\t\t\t\t\t\t\t\t\t\t\t\t\t\t\t<\/div>\n\t\t\t\t\t<\/div>\n\t\t\t\t<\/div>\n\t\t\t\t\t\t\t\t<div class=\"item\">\n\t\t\t\t\t<div class=\"product-img product\">\n\t\t\t\t\t\t<div class=\"product-inner\">\n\t\t\t\t\t\t\t<div class=\"product-thumbnail\">\n\t\t\t\t\t\t\t\t<div class=\"product-thumbnail-inner\">\n\t\t\t\t\t\t\t\t\t<img loading=\"lazy\" decoding=\"async\" width=\"225\" height=\"225\" src=\"https:\/\/m.media-amazon.com\/images\/I\/51eYIkkwR2L._SS300_.jpg\" class=\"attachment-woocommerce_thumbnail size-woocommerce_thumbnail wp-post-image\" alt=\"\" \/>\t\t\t\t\t\t\t\t<\/div><!-- .product-thumbnail-inner -->\n\t\t\t\t\t\t\t<\/div><!-- .product-thumbnail -->\n\t\t\t\t\t\t<\/div><!-- .product-thumbnail-inner -->\n\t\t\t\t\t\t<div class=\"product-info\">\n\t\t\t\t\t\t\t<div class=\"star-rating-wrapper\">\n\t\t\t\t\t\t\t\t\t\t\t\t\t\t\t<\/div><!-- .star-rating-wrapper -->\n\t\t\t\t\t\t\t<h3 class=\"product-name\">\n\t\t\t\t\t\t\t\t<a href=\"https:\/\/123-teezeit.de\/?product=teekanne-weisser-tee-mango-zitrone-6er-pack-6-x-20-teebeutel-6-x-25-g\" class=\"woocommerce-LoopProduct-link woocommerce-loop-product__link\">\t\t\t\t\t\t\t\t\tTeekanne Wei\u00dfer Tee Mango-Zitrone, 6er Pack (6 x 20 Teebeutel), 6 x 25 g\t\t\t\t\t\t\t\t<\/a>\t\t\t\t\t\t\t<\/h3><!-- .product-name-->\n\t\t\t\t\t\t\t\n\t<span class=\"price\"><span class=\"woocommerce-Price-amount amount\"><bdi>19.00&nbsp;<span class=\"woocommerce-Price-currencySymbol\">&euro;<\/span><\/bdi><\/span><\/span>\n\t\t\t\t\t\t\t\t\t\t\t\t\t\t\t\t<div class=\"woocommerce-product-details__short-description\">\n\t\t\t\t\t\t\t\t\t\t<p>Wei\u00dfer Tee w\u00e4chst in den hohen Bergregionen Fujians im S\u00fcden Chinas. Seinen Namen verdankt Wei\u00dfer Tee dem...<\/p>\n\t\t\t\t\t\t\t\t\t<\/div>\n\t\t\t\t\t\t\t\t\t\t\t\t\t\t\t<\/div>\n\t\t\t\t\t<\/div>\n\t\t\t\t<\/div>\n\t\t\t\t\t\t\t\t<div class=\"item\">\n\t\t\t\t\t<div class=\"product-img product\">\n\t\t\t\t\t\t<div class=\"product-inner\">\n\t\t\t\t\t\t\t<div class=\"product-thumbnail\">\n\t\t\t\t\t\t\t\t<div class=\"product-thumbnail-inner\">\n\t\t\t\t\t\t\t\t\t<img loading=\"lazy\" decoding=\"async\" width=\"225\" height=\"225\" src=\"https:\/\/m.media-amazon.com\/images\/I\/31+Gi+lbBzL._SS300_.jpg\" class=\"attachment-woocommerce_thumbnail size-woocommerce_thumbnail wp-post-image\" alt=\"\" \/>\t\t\t\t\t\t\t\t<\/div><!-- .product-thumbnail-inner -->\n\t\t\t\t\t\t\t<\/div><!-- .product-thumbnail -->\n\t\t\t\t\t\t<\/div><!-- .product-thumbnail-inner -->\n\t\t\t\t\t\t<div class=\"product-info\">\n\t\t\t\t\t\t\t<div class=\"star-rating-wrapper\">\n\t\t\t\t\t\t\t\t\t\t\t\t\t\t\t<\/div><!-- .star-rating-wrapper -->\n\t\t\t\t\t\t\t<h3 class=\"product-name\">\n\t\t\t\t\t\t\t\t<a href=\"https:\/\/123-teezeit.de\/?product=teekanne-italienische-limone-3er-pack-3-x-20-teebeutel-3-x-50-g\" class=\"woocommerce-LoopProduct-link woocommerce-loop-product__link\">\t\t\t\t\t\t\t\t\tTeekanne Italienische Limone, 3er Pack (3 x 20 Teebeutel), 3 x 50 g\t\t\t\t\t\t\t\t<\/a>\t\t\t\t\t\t\t<\/h3><!-- .product-name-->\n\t\t\t\t\t\t\t\n\t<span class=\"price\"><span class=\"woocommerce-Price-amount amount\"><bdi>12.97&nbsp;<span class=\"woocommerce-Price-currencySymbol\">&euro;<\/span><\/bdi><\/span><\/span>\n\t\t\t\t\t\t\t\t\t\t\t\t\t\t\t\t<div class=\"woocommerce-product-details__short-description\">\n\t\t\t\t\t\t\t\t\t\t<p>Entdecken Sie die fruchtige S\u00fc\u00dfe der Limone ? mit TEEKANNE Italienische Limone!\nLassen Sie sich mit TEEKANNE...<\/p>\n\t\t\t\t\t\t\t\t\t<\/div>\n\t\t\t\t\t\t\t\t\t\t\t\t\t\t\t<\/div>\n\t\t\t\t\t<\/div>\n\t\t\t\t<\/div>\n\t\t\t\t\t\t<\/div>\n\t<\/div>\n<\/div>\n\t\t\t\t<\/div>\n\t\t\t\t<\/div>\n\t\t\t\t\t<\/div>\n\t\t<\/div>\n\t\t\t\t\t<\/div>\n\t\t<\/section>\n\t\t\t\t<\/div>\n\t\t","protected":false},"excerpt":{"rendered":"<p>La-ta-da Boho Chic Head Wrap &pound;10.00 &pound;5.00 Great for keeping hair out of your face or sliding over your forehead for a bohemian look, the mix of vibrant&#8230; Buckle belt &#8211; Saint Laurent Luxury French fashion house Saint Laurent prides itself on constructing high-quality accessories, as showcased&#8230; Men&#8217;s Slim Fit Linen Suit Coat Khaki &pound;130.00 [&hellip;]<\/p>\n","protected":false},"author":1,"featured_media":0,"parent":0,"menu_order":0,"comment_status":"closed","ping_status":"closed","template":"elementor_header_footer","meta":{"footnotes":""},"class_list":["post-37624","page","type-page","status-publish","hentry"],"_links":{"self":[{"href":"https:\/\/123-teezeit.de\/index.php?rest_route=\/wp\/v2\/pages\/37624","targetHints":{"allow":["GET"]}}],"collection":[{"href":"https:\/\/123-teezeit.de\/index.php?rest_route=\/wp\/v2\/pages"}],"about":[{"href":"https:\/\/123-teezeit.de\/index.php?rest_route=\/wp\/v2\/types\/page"}],"author":[{"embeddable":true,"href":"https:\/\/123-teezeit.de\/index.php?rest_route=\/wp\/v2\/users\/1"}],"replies":[{"embeddable":true,"href":"https:\/\/123-teezeit.de\/index.php?rest_route=%2Fwp%2Fv2%2Fcomments&post=37624"}],"version-history":[{"count":0,"href":"https:\/\/123-teezeit.de\/index.php?rest_route=\/wp\/v2\/pages\/37624\/revisions"}],"wp:attachment":[{"href":"https:\/\/123-teezeit.de\/index.php?rest_route=%2Fwp%2Fv2%2Fmedia&parent=37624"}],"curies":[{"name":"wp","href":"https:\/\/api.w.org\/{rel}","templated":true}]}}