{"id":39554,"date":"2022-02-12T15:52:45","date_gmt":"2022-02-12T15:52:45","guid":{"rendered":"https:\/\/123-teezeit.de\/?page_id=39554"},"modified":"2022-02-12T15:52:46","modified_gmt":"2022-02-12T15:52:46","slug":"rechtliches","status":"publish","type":"page","link":"https:\/\/123-teezeit.de\/?page_id=39554","title":{"rendered":"Rechtliches"},"content":{"rendered":"<p>Preisangaben<\/p><p>Alle hier enthaltenen Artikel werden durch einen Web Service bereitgestellt.<br>Es ist wahrscheinlich, dass die angegebene Preise bzw. Versandkosten seit der letzten<br>Aktualisierung gestiegen\/reduziert sein k\u00f6nnten.<br>Ma\u00dfgeblich f\u00fcr den Verkauf ist der tats\u00e4chliche Preis bzw. Versandkosten des Produkts,<br>der zum Zeitpunkt des Kaufs auf der Website des Verk\u00e4ufers steht.<\/p>","protected":false},"excerpt":{"rendered":"<p>Preisangaben Alle hier enthaltenen Artikel werden durch einen Web Service bereitgestellt.Es ist wahrscheinlich, dass die angegebene Preise bzw. Versandkosten seit der letztenAktualisierung gestiegen\/reduziert sein k\u00f6nnten.Ma\u00dfgeblich f\u00fcr den Verkauf ist der tats\u00e4chliche Preis bzw. Versandkosten des Produkts,der zum Zeitpunkt des Kaufs auf der Website des Verk\u00e4ufers steht.<\/p>\n","protected":false},"author":1,"featured_media":0,"parent":0,"menu_order":0,"comment_status":"closed","ping_status":"closed","template":"","meta":{"footnotes":""},"class_list":["post-39554","page","type-page","status-publish","hentry"],"_links":{"self":[{"href":"https:\/\/123-teezeit.de\/index.php?rest_route=\/wp\/v2\/pages\/39554","targetHints":{"allow":["GET"]}}],"collection":[{"href":"https:\/\/123-teezeit.de\/index.php?rest_route=\/wp\/v2\/pages"}],"about":[{"href":"https:\/\/123-teezeit.de\/index.php?rest_route=\/wp\/v2\/types\/page"}],"author":[{"embeddable":true,"href":"https:\/\/123-teezeit.de\/index.php?rest_route=\/wp\/v2\/users\/1"}],"replies":[{"embeddable":true,"href":"https:\/\/123-teezeit.de\/index.php?rest_route=%2Fwp%2Fv2%2Fcomments&post=39554"}],"version-history":[{"count":0,"href":"https:\/\/123-teezeit.de\/index.php?rest_route=\/wp\/v2\/pages\/39554\/revisions"}],"wp:attachment":[{"href":"https:\/\/123-teezeit.de\/index.php?rest_route=%2Fwp%2Fv2%2Fmedia&parent=39554"}],"curies":[{"name":"wp","href":"https:\/\/api.w.org\/{rel}","templated":true}]}}