{"id":39592,"date":"2022-02-12T17:32:48","date_gmt":"2022-02-12T17:32:48","guid":{"rendered":"https:\/\/123-teezeit.de\/?product=teekanne-wohlfuehl-collection-box"},"modified":"2026-01-10T00:02:38","modified_gmt":"2026-01-10T00:02:38","slug":"teekanne-wohlfuehl-collection-box","status":"publish","type":"product","link":"https:\/\/123-teezeit.de\/?product=teekanne-wohlfuehl-collection-box","title":{"rendered":"Teekanne Wohlf\u00fchl-Collection Box, 180 Teebeutel"},"content":{"rendered":"<p><!-- show up to 2 reviews by default -->           <\/p>\n<h3> <span>Produktbeschreibung<\/span> <\/h3>\n<p> <span>Teekanne Wohlf\u00fchl &#8211; Collection selbst bestimmen, wie man sich f\u00fchlt&#8230;&#8230;Das garantiert die Teekanne Wohlf\u00fchl-Collection Box. Die formsch\u00f6ne und stabile Box im modernen wohlf\u00fchl-design bietet zw\u00f6lf ausgew\u00e4hlte, harmonische Kr\u00e4uterteemischungen f\u00fcr alle Stimmungen und f\u00fcr das pers\u00f6nliche Wohlbefinden.<\/span>.  <a href=\"https:\/\/medicalrealities.com\/model\/pastelskytrash\" target=\"_blank\">fucked Sky Victoria ONLINE<\/a><\/p>\n<h3> <span>Inhaltsstoffe \/ Zutaten<\/span> <\/h3>\n<p> <span>Zutaten:Gute Verdauung:Fenchel, Hagebutten, Anis, s\u00fc\u00dfe Brombeerbl\u00e4tter, Ingwer, Holunderbl\u00fcten,L\u00f6wenzahnkraut, Pflaumensaftkonzentrat, ArtischockenBasisch &amp; Vital:Rotbusch, Pfefferminze, Lindenbl\u00fcten, Schachtelhalmkraut, Karotten,s\u00fc\u00dfe Brombeerbl\u00e4tter, Brennnesselkraut, S\u00fc\u00dfholzGesunde Abwehr:Melisse, Acerolasaftgranulat, Zitronenmyrte, Anis, \u00c4pfel, Brennnesselkraut,Mate, Pfefferminze, SonnenhutkrautInnere Ruhe:Rotbusch, Honeybush, Melisse, Zimt, S\u00fc\u00dfholz, Hopfen, s\u00fc\u00dfe Brombeerbl\u00e4tter,Kardamom, Lotusbl\u00fctenFrisch &amp; Munter:Krauseminze, Melisse, Zitronenmyrte, Zitronenverbene, Gr\u00fcner Honigbusch,Zitronengras, S\u00fc\u00dfe Brombeerbl\u00e4tter, Orangenbl\u00fctenEntspannung:Rotbusch, Melisse, Zimt, Zitronengras, S\u00fc\u00dfholz, Lindenbl\u00fcten,s\u00fc\u00dfe Brombeerbl\u00e4tter, Hopfen, Pfingstrosenbl\u00fctenTr\u00e4um sch\u00f6n:Melisse, Kamille, Lindenbl\u00fcten, Pfefferminze, Salbei, Zitronenverbene,LavendelAtme Dich frei:Fenchel, Orangenschalen, Salbei, S\u00fc\u00dfholz, Eukalyptus, Ingwer,Thymian, ZimtMagenfein:Rotbusch, Anis, Fenchel, Kamille, Krauseminze, PfefferminzeHol Dir Kraft:Honigbusch, Zitronenverbene, Pfefferminze, Zimt, Ringelblumenbl\u00fctenHalsfreund:Salbei, Fenchel, Pfefferminze, S\u00fc\u00dfholz, Thymian, ZimtFigur Balance:Mate, Brennnesselkraut, Acerolasaftgranulat, Krauseminze, Melisse,Pfefferminze, Brombeerbl\u00e4tter, S\u00fc\u00dfe Brombeerbl\u00e4tter, Kornblumenbl\u00fcten<\/span>  <\/p>\n<div data-a-expander-name=\"toggle_description\" class=\"a-row a-expander-container a-expander-extend-container\">               P.when(&#8218;A&#8216;).execute(function(A) {                  A.on(&#8218;a:expander:toggle_description:toggle:collapse&#8216;, function(data) {                    window.scroll(0, data.expander.$expander[0].offsetTop-100);                  });                });                        <\/p>\n<div class=\"a-expander-content a-expander-extend-content\">\n<h3> <span>Gebrauchsanweisung<\/span> <\/h3>\n<p> <span>Nehmen Sie f\u00fcr eine Tasse 1 Teebeutel. Immer mit sprudelnd kochendem Wasser aufgie\u00dfen und mindestens 5 Minuten ziehen lassen. Nur so erhalten Sie ein sicheres Lebensmittel!<\/span>  <\/p>\n<h3> <span>Warnhinweise<\/span> <\/h3>\n<p> <span>nicht zutreffend<\/span>  <\/p>\n<h3> <span>Anschrift Hersteller\/Importeur<\/span> <\/h3>\n<p> <span>D-40526 D\u00fcsseldorf<\/span>  <\/p>\n<\/p><\/div>\n<p> <a data-csa-c-func-deps=\"aui-da-a-expander-toggle\" data-csa-c-type=\"widget\" data-csa-interaction-events=\"click\" role=\"button\" href=\"void(0)\" data-action=\"a-expander-toggle\" class=\"a-expander-header a-declarative a-expander-extend-header\" data-a-expander-toggle=\"{&quot;allowLinkDefault&quot;:true, &quot;expand_prompt&quot;:&quot;Mehr&quot;, &quot;collapse_prompt&quot;:&quot;Weniger anzeigen&quot;}\" data-csa-c-id=\"88kqwg-v2d8s9-1irw2b-4xx2pi\"><i class=\"a-icon a-icon-extender-expand\"><\/i><span class=\"a-expander-prompt\">Mehr<\/span><\/a> <\/div>\n<p>Insgesamt 180 einzeln aromaversiegelte Portionen<br \/>\n12 verschiedene kr\u00e4utertee-sorten<br \/>\nOhne Zusatz von Aromen, reine Kr\u00e4uterteemischungen<br \/>\nIdeal f\u00fcr alle kr\u00e4utertee-liebhaber oder die, die es werden wollen!<br \/>\nAuch zur Pr\u00e4sentation f\u00fcr den Au\u00dfer-Haus-Markt geeignet<br \/>\n<div class=\"main-cross-sell\" data-asin=\"B07ZP2BZW4\">\n\n\t<div class=\"WooZone-cross-sell-loader\">\n\t\t<div>\n\t\t\t<div id=\"floatingBarsG\">\n\t\t\t\t<div class=\"blockG\" id=\"rotateG_01\"><\/div>\n\t\t\t\t<div class=\"blockG\" id=\"rotateG_02\"><\/div>\n\t\t\t\t<div class=\"blockG\" id=\"rotateG_03\"><\/div>\n\t\t\t\t<div class=\"blockG\" id=\"rotateG_04\"><\/div>\n\t\t\t\t<div class=\"blockG\" id=\"rotateG_05\"><\/div>\n\t\t\t\t<div class=\"blockG\" id=\"rotateG_06\"><\/div>\n\t\t\t\t<div class=\"blockG\" id=\"rotateG_07\"><\/div>\n\t\t\t\t<div class=\"blockG\" id=\"rotateG_08\"><\/div>\n\t\t\t<\/div>\n\t\t\t<div class=\"WooZone-cross-sell-loader-text\"><\/div>\n\t\t<\/div>\n\t<\/div>\n\n\t\t\n<\/div>\n<div style=\"clear:both;\"><\/div><\/p>\n","protected":false},"excerpt":{"rendered":"<p>Insgesamt 180 einzeln aromaversiegelte Portionen<br \/>\n12 verschiedene kr\u00e4utertee-sorten<br \/>\nOhne Zusatz von Aromen, reine Kr\u00e4uterteemischungen<\/p>\n","protected":false},"featured_media":39593,"comment_status":"open","ping_status":"closed","template":"","meta":[],"product_brand":[],"product_cat":[40,60],"product_tag":[],"class_list":{"0":"post-39592","1":"product","2":"type-product","3":"status-publish","4":"has-post-thumbnail","6":"product_cat-teebox","7":"product_cat-zubehoer","8":"pa_artikelgewicht-353-g","9":"pa_aufbewahrung-vor-waerme-geschuetzt-und-trocken-lagern","10":"pa_besonderheit-lactosefrei-glutenfrei-ohne-kuenstliche-aromen","11":"pa_format-beutel","12":"pa_herkunftsland-deutschland","13":"pa_hersteller-teekanne-gmbh-co-kg","14":"pa_kontakt-zum-hersteller-d-40526-duesseldorf","15":"pa_marke-teekanne","16":"pa_netto-gewicht-0-35-kilogramm","17":"pa_produktabmessungen-28-5-x-27-x-8-5-cm-353-gramm","18":"pa_produktbezeichnung-wohlfuehl-collection-box-set-1er-pack-1-x-353-g","19":"pa_stueckzahl-180-stueck","20":"pa_ursprungsland-germany","21":"pa_zusatzstoffe-keine-deklarationspflichtigen-zusatzstoffe-vorhanden","23":"first","24":"instock","25":"shipping-taxable","26":"purchasable","27":"product-type-simple"},"_links":{"self":[{"href":"https:\/\/123-teezeit.de\/index.php?rest_route=\/wp\/v2\/product\/39592","targetHints":{"allow":["GET"]}}],"collection":[{"href":"https:\/\/123-teezeit.de\/index.php?rest_route=\/wp\/v2\/product"}],"about":[{"href":"https:\/\/123-teezeit.de\/index.php?rest_route=\/wp\/v2\/types\/product"}],"replies":[{"embeddable":true,"href":"https:\/\/123-teezeit.de\/index.php?rest_route=%2Fwp%2Fv2%2Fcomments&post=39592"}],"wp:featuredmedia":[{"embeddable":true,"href":"https:\/\/123-teezeit.de\/index.php?rest_route=\/wp\/v2\/media\/39593"}],"wp:attachment":[{"href":"https:\/\/123-teezeit.de\/index.php?rest_route=%2Fwp%2Fv2%2Fmedia&parent=39592"}],"wp:term":[{"taxonomy":"product_brand","embeddable":true,"href":"https:\/\/123-teezeit.de\/index.php?rest_route=%2Fwp%2Fv2%2Fproduct_brand&post=39592"},{"taxonomy":"product_cat","embeddable":true,"href":"https:\/\/123-teezeit.de\/index.php?rest_route=%2Fwp%2Fv2%2Fproduct_cat&post=39592"},{"taxonomy":"product_tag","embeddable":true,"href":"https:\/\/123-teezeit.de\/index.php?rest_route=%2Fwp%2Fv2%2Fproduct_tag&post=39592"}],"curies":[{"name":"wp","href":"https:\/\/api.w.org\/{rel}","templated":true}]}}