{"id":39630,"date":"2022-02-12T17:36:31","date_gmt":"2022-02-12T17:36:31","guid":{"rendered":"https:\/\/123-teezeit.de\/?product=teekanne-bio-premium-selection-box-kraeutermischungen-354-g"},"modified":"2023-04-08T08:00:23","modified_gmt":"2023-04-08T08:00:23","slug":"teekanne-bio-premium-selection-box-kraeutermischungen-354-g","status":"publish","type":"product","link":"https:\/\/123-teezeit.de\/?product=teekanne-bio-premium-selection-box-kraeutermischungen-354-g","title":{"rendered":"Teekanne Organic Premium Bio Selection Box (180 Teebeutel, 354 g)"},"content":{"rendered":"<p><!-- show up to 2 reviews by default -->           <\/p>\n<h3> <span>Produktbeschreibung<\/span> <\/h3>\n<p> <span>Entdecken Sie unsere Premium Auswahl in Bio-Qualit\u00e4t. Die Vielfalt erstreckt sich \u00fcber schwarz-, gr\u00fcn- und rotbuschtees, bis hin zu wohlschmeckenden Kr\u00e4uter- und sorgf\u00e4ltig komponierten Fr\u00fcchtetees. Genie\u00dfen Sie die unvergleichliche Frische aus Ingwer und Zitrone oder die fruchtige Komposition aus Waldbeeren. Auch der schwarztee-klassiker Earl Grey und der kr\u00e4ftig und malzige Assam laden Sie neben vielen weiteren Sorten zum perfekten Genuss-Moment ein. Nat\u00fcrlich verwenden wir f\u00fcr unsere Tees nur h\u00f6chste Bio-Qualit\u00e4t. Entdecken Sie Ihre Lieblingssorte!<\/span>  <\/p>\n<h3> <span>Inhaltsstoffe \/ Zutaten<\/span> <\/h3>\n<p> <span>Zutaten:BIO Fr\u00fcchte Auslese:BIO Bergkr\u00e4uter:\u00c4pfel, Krauseminze, Fenchel, Brombeerbl\u00e4tter, Pfefferminze, Melisse,Hagebutten, Zitronengras, Salbei, Hopfen, ThymianBIO Pfefferminze:PfefferminzeBIO Gr\u00fcner Tee:Gr\u00fcner TeeBIO Kamille:Gr\u00fcner TeeBIO English Breakfast RFA:Schwarzer TeeBIO Earl Grey RFA:schwarzer Tee, Bergamotte\u00f6lBIO Waldbeere:\u00c4pfel, Hibiskus, Aroniabeeren, S\u00fc\u00dfe Brombeerbl\u00e4tter, Steviabl\u00e4tter,Holunderbeeren, Brombeeren, Erdbeeren, Heidelbeeren, Himbeeren,Schwarze JohannisbeerenBIO Darjeeling RFA:Schwarzer TeeBIO Assam RFA:Schwarzer TeeBIO Rooibos:Schwarzer TeeBIO Ingwer Zitrone:Schwarzer Tee<\/span>  <\/p>\n<div data-a-expander-name=\"toggle_description\" class=\"a-row a-expander-container a-expander-extend-container\">               P.when(&#8218;A&#8216;).execute(function(A) {                  A.on(&#8218;a:expander:toggle_description:toggle:collapse&#8216;, function(data) {                    window.scroll(0, data.expander.$expander[0].offsetTop-100);                  });                });                        <\/p>\n<div class=\"a-expander-content a-expander-extend-content\">\n<h3> <span>Gebrauchsanweisung<\/span> <\/h3>\n<\/p>\n<ul class=\"a-unordered-list a-vertical\">\n<li><span class=\"a-list-item\"><span>Nehmen Sie f\u00fcr eine Tasse 1 Teebeutel. Immer mit sprudelnd kochendem Wasser aufgie\u00dfen und mindestens 5-8 Minuten ziehen lassen. Nur so erhalten Sie ein sicheres Lebensmittel!<\/span><\/span><\/li>\n<li><span class=\"a-list-item\"><span>Teebeutel unbedingt mit frischem, sprudelnd kochendem Wasser aufgie\u00dfen (200 ml) und 3-5 Minuten ziehen lassen.<\/span><\/span><\/li>\n<\/ul>\n<h3> <span>Warnhinweise<\/span> <\/h3>\n<p> <span>Vor W\u00e4rme und Feuchtigkeit sch\u00fctzen.<\/span>  <\/p>\n<h3> <span>Anschrift Hersteller\/Importeur<\/span> <\/h3>\n<p> <span>D-40526 D\u00fcsseldorf<\/span>  <\/p>\n<\/p><\/div>\n<p> <a data-csa-c-func-deps=\"aui-da-a-expander-toggle\" data-csa-c-type=\"widget\" data-csa-interaction-events=\"click\" role=\"button\" href=\"void(0)\" data-action=\"a-expander-toggle\" class=\"a-expander-header a-declarative a-expander-extend-header\" data-a-expander-toggle=\"{&quot;allowLinkDefault&quot;:true, &quot;expand_prompt&quot;:&quot;Mehr&quot;, &quot;collapse_prompt&quot;:&quot;Weniger anzeigen&quot;}\" data-csa-c-id=\"nbuwm9-g6bw2n-z00kkg-54o8tq\"><i class=\"a-icon a-icon-extender-expand\"><\/i><span class=\"a-expander-prompt\">Mehr<\/span><\/a> <\/div>\n<p>12 verschiedene Variationen ausgew\u00e4hlter Fr\u00fcchte- und Kr\u00e4utertees sowie aromatischer schwarz- und Gr\u00fcntees.<br \/>\nNur bio-zertifizierte Sorten<br \/>\n180 papierumh\u00fcllte Tassenportionen<br \/>\nPerfekt als Geschenk f\u00fcr Teeliebhaber oder zum Entdecken neuer Tees.<br \/>\nUnsere Bio-Produkte werden kontrolliert durch DE-\u00d6KO-006 \u2013 bei Produkten aus unseren produktionsstandorten in Italien, \u00d6sterreich und Polen erfolgt die Pr\u00fcfung durch lokale Kontrollstellen.<br \/>\n<div class=\"main-cross-sell\" data-asin=\"B08Q8HGFWR\">\n\n\t<div class=\"WooZone-cross-sell-loader\">\n\t\t<div>\n\t\t\t<div id=\"floatingBarsG\">\n\t\t\t\t<div class=\"blockG\" id=\"rotateG_01\"><\/div>\n\t\t\t\t<div class=\"blockG\" id=\"rotateG_02\"><\/div>\n\t\t\t\t<div class=\"blockG\" id=\"rotateG_03\"><\/div>\n\t\t\t\t<div class=\"blockG\" id=\"rotateG_04\"><\/div>\n\t\t\t\t<div class=\"blockG\" id=\"rotateG_05\"><\/div>\n\t\t\t\t<div class=\"blockG\" id=\"rotateG_06\"><\/div>\n\t\t\t\t<div class=\"blockG\" id=\"rotateG_07\"><\/div>\n\t\t\t\t<div class=\"blockG\" id=\"rotateG_08\"><\/div>\n\t\t\t<\/div>\n\t\t\t<div class=\"WooZone-cross-sell-loader-text\"><\/div>\n\t\t<\/div>\n\t<\/div>\n\n\t\t\n<\/div>\n<div style=\"clear:both;\"><\/div><\/p>\n","protected":false},"excerpt":{"rendered":"<p>12 verschiedene Variationen ausgew\u00e4hlter Fr\u00fcchte- und Kr\u00e4utertees sowie aromatischer schwarz- und Gr\u00fcntees.<br \/>\nNur bio-zertifizierte Sorten<br \/>\n180 papierumh\u00fcllte Tassenportionen<\/p>\n","protected":false},"featured_media":39631,"comment_status":"open","ping_status":"closed","template":"","meta":[],"product_brand":[],"product_cat":[40,60],"product_tag":[],"class_list":{"0":"post-39630","1":"product","2":"type-product","3":"status-publish","4":"has-post-thumbnail","6":"product_cat-teebox","7":"product_cat-zubehoer","8":"pa_allergie-informationen-enthaelt-glutenfrei","9":"pa_artikelgewicht-0-35-g","10":"pa_aufbewahrung-vor-waerme-geschuetzt-und-trocken-lagern","11":"pa_besonderheit-bio","12":"pa_format-beutel","13":"pa_herkunftsland-deutschland","14":"pa_hersteller-teekanne-gmbh-co-kg","15":"pa_kontakt-zum-hersteller-d-40526-duesseldorf","16":"pa_marke-teekanne","17":"pa_netto-gewicht-0-35-kilogramm","18":"pa_produktabmessungen-27-3-x-28-3-x-8-3-cm-0-35-gramm","19":"pa_produktbezeichnung-gastro-premium-sortimentsbox","20":"pa_rebsortenkomposition-zutaten-bio-fruechte-auslese-hagebutten-hibiskus-aepfel-orangenschalen-holunderbeeren-pfefferminze-bio-bergkraeuter-aepfel-krauseminze-fenchel-brombeerblaetter-pfefferminze-meli","21":"pa_stueckzahl-354-0-gramm","22":"pa_ursprungsland-germany","23":"pa_zertifizierung-eu-logo-fuer-oekologische-landwirtschaft-bio-siegel-deutschland-rainforest-alliance-zertifziert-zum-schutz-des-regenwaldes","24":"pa_zusatzstoffe-natuerliche-aromen","26":"first","27":"instock","28":"shipping-taxable","29":"purchasable","30":"product-type-simple"},"_links":{"self":[{"href":"https:\/\/123-teezeit.de\/index.php?rest_route=\/wp\/v2\/product\/39630","targetHints":{"allow":["GET"]}}],"collection":[{"href":"https:\/\/123-teezeit.de\/index.php?rest_route=\/wp\/v2\/product"}],"about":[{"href":"https:\/\/123-teezeit.de\/index.php?rest_route=\/wp\/v2\/types\/product"}],"replies":[{"embeddable":true,"href":"https:\/\/123-teezeit.de\/index.php?rest_route=%2Fwp%2Fv2%2Fcomments&post=39630"}],"wp:featuredmedia":[{"embeddable":true,"href":"https:\/\/123-teezeit.de\/index.php?rest_route=\/wp\/v2\/media\/39631"}],"wp:attachment":[{"href":"https:\/\/123-teezeit.de\/index.php?rest_route=%2Fwp%2Fv2%2Fmedia&parent=39630"}],"wp:term":[{"taxonomy":"product_brand","embeddable":true,"href":"https:\/\/123-teezeit.de\/index.php?rest_route=%2Fwp%2Fv2%2Fproduct_brand&post=39630"},{"taxonomy":"product_cat","embeddable":true,"href":"https:\/\/123-teezeit.de\/index.php?rest_route=%2Fwp%2Fv2%2Fproduct_cat&post=39630"},{"taxonomy":"product_tag","embeddable":true,"href":"https:\/\/123-teezeit.de\/index.php?rest_route=%2Fwp%2Fv2%2Fproduct_tag&post=39630"}],"curies":[{"name":"wp","href":"https:\/\/api.w.org\/{rel}","templated":true}]}}