{"id":39642,"date":"2022-02-12T17:36:50","date_gmt":"2022-02-12T17:36:50","guid":{"rendered":"https:\/\/123-teezeit.de\/?product=teekanne-premium-selection-box-390-g"},"modified":"2023-04-08T08:00:23","modified_gmt":"2023-04-08T08:00:23","slug":"teekanne-premium-selection-box-390-g","status":"publish","type":"product","link":"https:\/\/123-teezeit.de\/?product=teekanne-premium-selection-box-390-g","title":{"rendered":"Teekanne Premium Selection Box, 390 g"},"content":{"rendered":"<p><!-- show up to 2 reviews by default -->           <\/p>\n<h3> <span>Produktbeschreibung<\/span> <\/h3>\n<p> <span>Die Premium Selection Box beinhaltet 180 Teebeutel (12 x 15) mit aroma-schutzh\u00fclle und bietet somit Vielfalt auf kleinster Fl\u00e4che. Mit der Auswahl unserer erlesenen Tees setzen Sie Impulse f\u00fcr das Gastronomie- &amp; tagungssegment. Erleben Sie eine Auswahl unseres hochkar\u00e4tigen Produktsortiments und entdecken Sie Ihre Lieblingssorte mit unserer Gastro Premium Selection Box. Diese beinhaltet die folgenden premium-sorten: Green Tea, Earl greay, English Breakfast, Darjeeling, Assam, Rooibos, Kamille, Pfefferminze, 8 Kr\u00e4uter, Waldfrucht, Hagebutte und Fruit Selection.<\/span>  <\/p>\n<h3> <span>Inhaltsstoffe \/ Zutaten<\/span> <\/h3>\n<p> <span>Zutaten:Premium Fr\u00fcchte-Auslese:Premium 8 Kr\u00e4uter RFA:Premium Pfefferminze RFA:Premium Gr\u00fcner Tee RFA:Premium Kamille:Premium Engl.Breakfast RFA:Premium Hagebutte RFA:Premium Earl Grey RFA:Premium Waldbeere:\u00c4pfel, Hibiskus, s\u00fc\u00dfe Brombeerbl\u00e4tter, Orangenschalen, S\u00e4uerungsmittel:Citronens\u00e4ure,Brombeeraroma, Himbeeraroma, Brombeeren, Erdbeeren, Heidelbeeren,HimbeerenPremium Darjeeling RFA:\u00c4pfel, Hibiskus, s\u00fc\u00dfe Brombeerbl\u00e4tter, Orangenschalen, S\u00e4uerungsmittel:Citronens\u00e4ure,Brombeeraroma, Himbeeraroma, Brombeeren, Erdbeeren, Heidelbeeren,HimbeerenPremium Assam RFA:\u00c4pfel, Hibiskus, s\u00fc\u00dfe Brombeerbl\u00e4tter, Orangenschalen, S\u00e4uerungsmittel:Citronens\u00e4ure,Brombeeraroma, Himbeeraroma, Brombeeren, Erdbeeren, Heidelbeeren,HimbeerenPremium Rooibos RFA:Rotbusch<\/span>  <\/p>\n<div data-a-expander-name=\"toggle_description\" class=\"a-row a-expander-container a-expander-extend-container\">               P.when(&#8218;A&#8216;).execute(function(A) {                  A.on(&#8218;a:expander:toggle_description:toggle:collapse&#8216;, function(data) {                    window.scroll(0, data.expander.$expander[0].offsetTop-100);                  });                });                        <\/p>\n<div class=\"a-expander-content a-expander-extend-content\">\n<h3> <span>Gebrauchsanweisung<\/span> <\/h3>\n<\/p>\n<ul class=\"a-unordered-list a-vertical\">\n<li><span class=\"a-list-item\"><span>Nehmen Sie f\u00fcr eine Tasse 1 Teebeutel. Immer mit sprudelnd kochendem Wasser aufgie\u00dfen und mindestens 5-8 Minuten ziehen lassen. Nur so erhalten Sie ein sicheres Lebensmittel!<\/span><\/span><\/li>\n<li><span class=\"a-list-item\"><span>Nehmen Sie f\u00fcr eine Tasse 1 Teebeutel. Mit sprudelnd kochendem Wasser aufgie\u00dfen und mindestens 3-5 Minuten ziehen lassen.<\/span><\/span><\/li>\n<li><span class=\"a-list-item\"><span>Teebeutel unbedingt mit frischem, sprudelnd kochendem Wasser aufgie\u00dfen (200 ml) und 3-5 Minuten ziehen lassen.<\/span><\/span><\/li>\n<\/ul>\n<h3> <span>Warnhinweise<\/span> <\/h3>\n<p> <span>Vor W\u00e4rme gesch\u00fctzt und trocken lagern.<\/span>  <\/p>\n<h3> <span>Anschrift Hersteller\/Importeur<\/span> <\/h3>\n<p> <span>D-40526 D\u00fcsseldorf<\/span>  <\/p>\n<\/p><\/div>\n<p> <a data-csa-c-func-deps=\"aui-da-a-expander-toggle\" data-csa-c-type=\"widget\" data-csa-interaction-events=\"click\" role=\"button\" href=\"void(0)\" data-action=\"a-expander-toggle\" class=\"a-expander-header a-declarative a-expander-extend-header\" data-a-expander-toggle=\"{&quot;allowLinkDefault&quot;:true, &quot;expand_prompt&quot;:&quot;Mehr&quot;, &quot;collapse_prompt&quot;:&quot;Weniger anzeigen&quot;}\" data-csa-c-id=\"xr9gbx-5uhijx-34vn74-aji554\"><i class=\"a-icon a-icon-extender-expand\"><\/i><span class=\"a-expander-prompt\">Mehr<\/span><\/a> <\/div>\n<p>directions; Nehmen Sie f\u00fcr eine Tasse 1 Teebeutel. Mit sprudelnd kochendem Wasser aufgie\u00dfen und mindestens 5-8 Minuten ziehen lassen. Nur so erhalten Sie ein sicheres Lebensmittel!<br \/>\n<div class=\"main-cross-sell\" data-asin=\"B092V4JP69\">\n\n\t<div class=\"WooZone-cross-sell-loader\">\n\t\t<div>\n\t\t\t<div id=\"floatingBarsG\">\n\t\t\t\t<div class=\"blockG\" id=\"rotateG_01\"><\/div>\n\t\t\t\t<div class=\"blockG\" id=\"rotateG_02\"><\/div>\n\t\t\t\t<div class=\"blockG\" id=\"rotateG_03\"><\/div>\n\t\t\t\t<div class=\"blockG\" id=\"rotateG_04\"><\/div>\n\t\t\t\t<div class=\"blockG\" id=\"rotateG_05\"><\/div>\n\t\t\t\t<div class=\"blockG\" id=\"rotateG_06\"><\/div>\n\t\t\t\t<div class=\"blockG\" id=\"rotateG_07\"><\/div>\n\t\t\t\t<div class=\"blockG\" id=\"rotateG_08\"><\/div>\n\t\t\t<\/div>\n\t\t\t<div class=\"WooZone-cross-sell-loader-text\"><\/div>\n\t\t<\/div>\n\t<\/div>\n\n\t\t\n<\/div>\n<div style=\"clear:both;\"><\/div><\/p>\n","protected":false},"excerpt":{"rendered":"<p>directions; Nehmen Sie f\u00fcr eine Tasse 1 Teebeutel. Mit sprudelnd kochendem Wasser aufgie\u00dfen und mindestens 5-8 Minuten ziehen lassen. Nur so erhalten Sie ein sicheres Lebensmittel!<\/p>\n","protected":false},"featured_media":39643,"comment_status":"open","ping_status":"closed","template":"","meta":[],"product_brand":[],"product_cat":[40,60],"product_tag":[],"class_list":{"0":"post-39642","1":"product","2":"type-product","3":"status-publish","4":"has-post-thumbnail","6":"product_cat-teebox","7":"product_cat-zubehoer","8":"pa_artikelgewicht-0-39-g","9":"pa_aufbewahrung-vor-waerme-geschuetzt-und-trocken-lagern","10":"pa_besonderheit-lactosefrei-glutenfrei-vegan","11":"pa_format-beutel","12":"pa_herkunftsland-deutschland","13":"pa_herkunftsort-der-primaeren-zu-oesterreich","14":"pa_hersteller-teekanne-gmbh-co-kg","15":"pa_koffeingehalt-koffeinhaltig","16":"pa_kontakt-zum-hersteller-d-40526-duesseldorf","17":"pa_marke-teekanne","18":"pa_netto-gewicht-0-39-kilogramm","19":"pa_produktabmessungen-27-x-28-3-x-8-5-cm-0-39-gramm","20":"pa_produktbezeichnung-gastro-sortimentsbox-180-btl","21":"pa_stueckzahl-390-0-gramm","22":"pa_ursprungsland-germany","23":"pa_zertifizierung-rainforest-alliance-zertifziert-zum-schutz-des-regenwaldes","24":"pa_zusatzstoffe-keine-deklarationspflichtigen-zusatzstoffe-vorhanden","26":"first","27":"instock","28":"shipping-taxable","29":"purchasable","30":"product-type-simple"},"_links":{"self":[{"href":"https:\/\/123-teezeit.de\/index.php?rest_route=\/wp\/v2\/product\/39642","targetHints":{"allow":["GET"]}}],"collection":[{"href":"https:\/\/123-teezeit.de\/index.php?rest_route=\/wp\/v2\/product"}],"about":[{"href":"https:\/\/123-teezeit.de\/index.php?rest_route=\/wp\/v2\/types\/product"}],"replies":[{"embeddable":true,"href":"https:\/\/123-teezeit.de\/index.php?rest_route=%2Fwp%2Fv2%2Fcomments&post=39642"}],"wp:featuredmedia":[{"embeddable":true,"href":"https:\/\/123-teezeit.de\/index.php?rest_route=\/wp\/v2\/media\/39643"}],"wp:attachment":[{"href":"https:\/\/123-teezeit.de\/index.php?rest_route=%2Fwp%2Fv2%2Fmedia&parent=39642"}],"wp:term":[{"taxonomy":"product_brand","embeddable":true,"href":"https:\/\/123-teezeit.de\/index.php?rest_route=%2Fwp%2Fv2%2Fproduct_brand&post=39642"},{"taxonomy":"product_cat","embeddable":true,"href":"https:\/\/123-teezeit.de\/index.php?rest_route=%2Fwp%2Fv2%2Fproduct_cat&post=39642"},{"taxonomy":"product_tag","embeddable":true,"href":"https:\/\/123-teezeit.de\/index.php?rest_route=%2Fwp%2Fv2%2Fproduct_tag&post=39642"}],"curies":[{"name":"wp","href":"https:\/\/api.w.org\/{rel}","templated":true}]}}