{"id":39668,"date":"2022-02-12T17:42:59","date_gmt":"2022-02-12T17:42:59","guid":{"rendered":"https:\/\/123-teezeit.de\/?product=bremermann-kaffeekapsel-box-aus-bambus-mit-dekor-glasplatte-teebeutel-box"},"modified":"2023-04-08T08:00:23","modified_gmt":"2023-04-08T08:00:23","slug":"bremermann-kaffeekapsel-box-aus-bambus-mit-dekor-glasplatte-teebeutel-box","status":"publish","type":"product","link":"https:\/\/123-teezeit.de\/?product=bremermann-kaffeekapsel-box-aus-bambus-mit-dekor-glasplatte-teebeutel-box","title":{"rendered":"bremermann Kaffeekapsel-Box aus Bambus mit Dekor-Glasplatte \/\/ Teebeutel-Box"},"content":{"rendered":"<p>UNIVERSELL &#8211; Die Kaffeekapsel-Box eignet sich f\u00fcr g\u00e4ngige Kaffeekapseln verschiedener Systeme, sowie f\u00fcr Teebeutel, Zuckerp\u00e4ckchen oder auch andere kleine Dinge rund um Ihr liebstes Hei\u00dfgetr\u00e4nk. Die warme Optik von Bambus mit der Dekor-Glasplatte ist ein echter Blickfang! Bambus ist angenehm in der Handhabung und ist ein schnell nachwachsender Rohstoff mit dem sind Sie bestens aufgestellt sind.<br \/>\nKAFFEE-CENTER &#8211; 2 Schubl\u00e4den mit Ausziehstopp und jeweils 8 kleinen F\u00e4chern. Somit stehen 16 F\u00e4cher zur \u00fcbersichtlichen Aufbewahrung zur Verf\u00fcgung. \/\/ Der Artikel wird vollst\u00e4ndig montiert geliefert.<br \/>\nDEKORATIV &#8211; Oben sch\u00fctzt eine Glasplatte mit einem dekorativen Motiv aus Kaffeebohnen und einer sch\u00f6nen aufgebr\u00fchten Tasse Kaffee. Hier finden Kaffeetassen, ein Wasserkocher oder die Espressomaschine in ihren Platz.<br \/>\nMATERIAL &#8211; Box aus Bambus, Dekor-Platte aus Glas, Fachtrennung und Schubladenboden aus MDF-Holz<br \/>\nABMESSUNGEN &#8211; ca. 30 x 18,5 x 30 cm (B\/H\/T), einzelne F\u00e4cher ca. 6,5 x 6,5 x 14 cm (B\/H\/T)<br \/>\n<div class=\"main-cross-sell\" data-asin=\"B08YRW25CW\">\n\n\t<div class=\"WooZone-cross-sell-loader\">\n\t\t<div>\n\t\t\t<div id=\"floatingBarsG\">\n\t\t\t\t<div class=\"blockG\" id=\"rotateG_01\"><\/div>\n\t\t\t\t<div class=\"blockG\" id=\"rotateG_02\"><\/div>\n\t\t\t\t<div class=\"blockG\" id=\"rotateG_03\"><\/div>\n\t\t\t\t<div class=\"blockG\" id=\"rotateG_04\"><\/div>\n\t\t\t\t<div class=\"blockG\" id=\"rotateG_05\"><\/div>\n\t\t\t\t<div class=\"blockG\" id=\"rotateG_06\"><\/div>\n\t\t\t\t<div class=\"blockG\" id=\"rotateG_07\"><\/div>\n\t\t\t\t<div class=\"blockG\" id=\"rotateG_08\"><\/div>\n\t\t\t<\/div>\n\t\t\t<div class=\"WooZone-cross-sell-loader-text\"><\/div>\n\t\t<\/div>\n\t<\/div>\n\n\t\t\n<\/div>\n<div style=\"clear:both;\"><\/div><\/p>\n","protected":false},"excerpt":{"rendered":"<p>UNIVERSELL &#8211; Die Kaffeekapsel-Box eignet sich f\u00fcr g\u00e4ngige Kaffeekapseln verschiedener Systeme, sowie f\u00fcr Teebeutel, Zuckerp\u00e4ckchen oder auch andere kleine Dinge rund um Ihr liebstes Hei\u00dfgetr\u00e4nk. Die warme Optik von Bambus mit der Dekor-Glasplatte ist ein echter Blickfang! Bambus ist angenehm in der Handhabung und ist ein schnell nachwachsender Rohstoff mit dem sind Sie bestens aufgestellt sind.<br \/>\nKAFFEE-CENTER &#8211; 2 Schubl\u00e4den mit Ausziehstopp und jeweils 8 kleinen F\u00e4chern. Somit stehen 16 F\u00e4cher zur \u00fcbersichtlichen Aufbewahrung zur Verf\u00fcgung. \/\/ Der Artikel wird vollst\u00e4ndig montiert geliefert.<br \/>\nDEKORATIV &#8211; Oben sch\u00fctzt eine Glasplatte mit einem dekorativen Motiv aus Kaffeebohnen und einer sch\u00f6nen aufgebr\u00fchten Tasse Kaffee. Hier finden Kaffeetassen, ein Wasserkocher oder die Espressomaschine in ihren Platz.<\/p>\n","protected":false},"featured_media":39669,"comment_status":"open","ping_status":"closed","template":"","meta":[],"product_brand":[],"product_cat":[40,60],"product_tag":[],"class_list":{"0":"post-39668","1":"product","2":"type-product","3":"status-publish","4":"has-post-thumbnail","6":"product_cat-teebox","7":"product_cat-zubehoer","8":"pa_batterien-erforderlich-nein","9":"pa_durchschnittliche-kundenbewer-40-von-5-sternen-24-sternebewertungen-40-von-5-sternen","10":"pa_herstellerreferenz-202","11":"pa_im-angebot-von-amazon-de-seit-12-maerz-2021","12":"pa_verpackungsabmessungen-35-9-x-33-2-x-22-cm-3-29-kilogramm","14":"first","15":"instock","16":"shipping-taxable","17":"purchasable","18":"product-type-simple"},"_links":{"self":[{"href":"https:\/\/123-teezeit.de\/index.php?rest_route=\/wp\/v2\/product\/39668","targetHints":{"allow":["GET"]}}],"collection":[{"href":"https:\/\/123-teezeit.de\/index.php?rest_route=\/wp\/v2\/product"}],"about":[{"href":"https:\/\/123-teezeit.de\/index.php?rest_route=\/wp\/v2\/types\/product"}],"replies":[{"embeddable":true,"href":"https:\/\/123-teezeit.de\/index.php?rest_route=%2Fwp%2Fv2%2Fcomments&post=39668"}],"wp:featuredmedia":[{"embeddable":true,"href":"https:\/\/123-teezeit.de\/index.php?rest_route=\/wp\/v2\/media\/39669"}],"wp:attachment":[{"href":"https:\/\/123-teezeit.de\/index.php?rest_route=%2Fwp%2Fv2%2Fmedia&parent=39668"}],"wp:term":[{"taxonomy":"product_brand","embeddable":true,"href":"https:\/\/123-teezeit.de\/index.php?rest_route=%2Fwp%2Fv2%2Fproduct_brand&post=39668"},{"taxonomy":"product_cat","embeddable":true,"href":"https:\/\/123-teezeit.de\/index.php?rest_route=%2Fwp%2Fv2%2Fproduct_cat&post=39668"},{"taxonomy":"product_tag","embeddable":true,"href":"https:\/\/123-teezeit.de\/index.php?rest_route=%2Fwp%2Fv2%2Fproduct_tag&post=39668"}],"curies":[{"name":"wp","href":"https:\/\/api.w.org\/{rel}","templated":true}]}}