{"id":39691,"date":"2022-02-12T17:43:15","date_gmt":"2022-02-12T17:43:15","guid":{"rendered":"https:\/\/123-teezeit.de\/?product=zeller-teebeutelbox-bamboo-ca-21-x-16-x-75-cm"},"modified":"2023-04-08T08:00:24","modified_gmt":"2023-04-08T08:00:24","slug":"zeller-teebeutelbox-bamboo-ca-21-x-16-x-75-cm","status":"publish","type":"product","link":"https:\/\/123-teezeit.de\/?product=zeller-teebeutelbox-bamboo-ca-21-x-16-x-75-cm","title":{"rendered":"Zeller Teebeutelbox, Bamboo, ca. 21 x 16 x 7,5 cm"},"content":{"rendered":"<p>Praktische Teebeutelbox<br \/>\nAus hochwertigem Bambus gefertigt<br \/>\nVerf\u00fcgt \u00fcber sechs F\u00e4cher<br \/>\nSichtscheibe aus Acryl<br \/>\nMa\u00dfe: ca. 21 x 16 x 7,5 cm<br \/>\n<div class=\"main-cross-sell\" data-asin=\"B00MXEY0SE\">\n\n\t<div class=\"WooZone-cross-sell-loader\">\n\t\t<div>\n\t\t\t<div id=\"floatingBarsG\">\n\t\t\t\t<div class=\"blockG\" id=\"rotateG_01\"><\/div>\n\t\t\t\t<div class=\"blockG\" id=\"rotateG_02\"><\/div>\n\t\t\t\t<div class=\"blockG\" id=\"rotateG_03\"><\/div>\n\t\t\t\t<div class=\"blockG\" id=\"rotateG_04\"><\/div>\n\t\t\t\t<div class=\"blockG\" id=\"rotateG_05\"><\/div>\n\t\t\t\t<div class=\"blockG\" id=\"rotateG_06\"><\/div>\n\t\t\t\t<div class=\"blockG\" id=\"rotateG_07\"><\/div>\n\t\t\t\t<div class=\"blockG\" id=\"rotateG_08\"><\/div>\n\t\t\t<\/div>\n\t\t\t<div class=\"WooZone-cross-sell-loader-text\"><\/div>\n\t\t<\/div>\n\t<\/div>\n\n\t\t\n<\/div>\n<div style=\"clear:both;\"><\/div><\/p>\n","protected":false},"excerpt":{"rendered":"<p>Praktische Teebeutelbox<br \/>\nAus hochwertigem Bambus gefertigt<br \/>\nVerf\u00fcgt \u00fcber sechs F\u00e4cher<\/p>\n","protected":false},"featured_media":39692,"comment_status":"open","ping_status":"closed","template":"","meta":[],"product_brand":[],"product_cat":[40,60],"product_tag":[],"class_list":{"0":"post-39691","1":"product","2":"type-product","3":"status-publish","4":"has-post-thumbnail","6":"product_cat-teebox","7":"product_cat-zubehoer","8":"pa_amazon-bestseller-rang-nr-29074-in-kueche-haushalt-wohnen-siehe-top-100-in-kueche-haushalt-wohnen-nr-249-in-vorratsdosen-nr-305-in-bilderrahmen","9":"pa_auslaufartikel-produktion-dur-nein","10":"pa_batterien-erforderlich-nein","11":"pa_durchschnittliche-kundenbewer-44-von-5-sternen-756-sternebewertungen-44-von-5-sternen","12":"pa_im-angebot-von-amazon-de-seit-21-august-2014","13":"pa_lieferumfang-no","14":"pa_modellnummer-255","15":"pa_produktabmessungen-21-x-16-x-7-5-cm-479-99-gramm","16":"pa_stueckzahl-253","18":"first","19":"instock","20":"shipping-taxable","21":"purchasable","22":"product-type-simple"},"_links":{"self":[{"href":"https:\/\/123-teezeit.de\/index.php?rest_route=\/wp\/v2\/product\/39691","targetHints":{"allow":["GET"]}}],"collection":[{"href":"https:\/\/123-teezeit.de\/index.php?rest_route=\/wp\/v2\/product"}],"about":[{"href":"https:\/\/123-teezeit.de\/index.php?rest_route=\/wp\/v2\/types\/product"}],"replies":[{"embeddable":true,"href":"https:\/\/123-teezeit.de\/index.php?rest_route=%2Fwp%2Fv2%2Fcomments&post=39691"}],"wp:featuredmedia":[{"embeddable":true,"href":"https:\/\/123-teezeit.de\/index.php?rest_route=\/wp\/v2\/media\/39692"}],"wp:attachment":[{"href":"https:\/\/123-teezeit.de\/index.php?rest_route=%2Fwp%2Fv2%2Fmedia&parent=39691"}],"wp:term":[{"taxonomy":"product_brand","embeddable":true,"href":"https:\/\/123-teezeit.de\/index.php?rest_route=%2Fwp%2Fv2%2Fproduct_brand&post=39691"},{"taxonomy":"product_cat","embeddable":true,"href":"https:\/\/123-teezeit.de\/index.php?rest_route=%2Fwp%2Fv2%2Fproduct_cat&post=39691"},{"taxonomy":"product_tag","embeddable":true,"href":"https:\/\/123-teezeit.de\/index.php?rest_route=%2Fwp%2Fv2%2Fproduct_tag&post=39691"}],"curies":[{"name":"wp","href":"https:\/\/api.w.org\/{rel}","templated":true}]}}