{"id":39868,"date":"2022-02-12T17:49:44","date_gmt":"2022-02-12T17:49:44","guid":{"rendered":"https:\/\/123-teezeit.de\/?product=wenko-bambus-treppe-fuer-kaffee-und-tee-kuechenregal-mit-schublade"},"modified":"2023-04-08T08:00:26","modified_gmt":"2023-04-08T08:00:26","slug":"wenko-bambus-treppe-fuer-kaffee-und-tee-kuechenregal-mit-schublade","status":"publish","type":"product","link":"https:\/\/123-teezeit.de\/?product=wenko-bambus-treppe-fuer-kaffee-und-tee-kuechenregal-mit-schublade","title":{"rendered":"WENKO Bambus Treppe f\u00fcr Kaffee und Tee &#8211; K\u00fcchenregal mit Schublade, Bambus, 33 x 17.5 x 15 cm, Braun"},"content":{"rendered":"<p>Hochwertiges K\u00fcchen-Ordnungssystem mit zwei Stufen<br \/>\nMit beidseitig ausziehbarer Schublade f\u00fcr Tee, Kaffee, etc.<br \/>\nBietet dekorativen Platz f\u00fcr Tassen, Gew\u00fcrze, Essig, \u00d6l auf den Treppen<br \/>\nAus umweltfreundlichem, schnell nachwachsendem Bambus<br \/>\nMa\u00dfe (B x H x T): 33 x 17,5 x 15 cm<br \/>\n<div class=\"main-cross-sell\" data-asin=\"B07C5BGCPQ\">\n\n\t<div class=\"WooZone-cross-sell-loader\">\n\t\t<div>\n\t\t\t<div id=\"floatingBarsG\">\n\t\t\t\t<div class=\"blockG\" id=\"rotateG_01\"><\/div>\n\t\t\t\t<div class=\"blockG\" id=\"rotateG_02\"><\/div>\n\t\t\t\t<div class=\"blockG\" id=\"rotateG_03\"><\/div>\n\t\t\t\t<div class=\"blockG\" id=\"rotateG_04\"><\/div>\n\t\t\t\t<div class=\"blockG\" id=\"rotateG_05\"><\/div>\n\t\t\t\t<div class=\"blockG\" id=\"rotateG_06\"><\/div>\n\t\t\t\t<div class=\"blockG\" id=\"rotateG_07\"><\/div>\n\t\t\t\t<div class=\"blockG\" id=\"rotateG_08\"><\/div>\n\t\t\t<\/div>\n\t\t\t<div class=\"WooZone-cross-sell-loader-text\"><\/div>\n\t\t<\/div>\n\t<\/div>\n\n\t\t\n<\/div>\n<div style=\"clear:both;\"><\/div><\/p>\n","protected":false},"excerpt":{"rendered":"<p>Hochwertiges K\u00fcchen-Ordnungssystem mit zwei Stufen<br \/>\nMit beidseitig ausziehbarer Schublade f\u00fcr Tee, Kaffee, etc.<br \/>\nBietet dekorativen Platz f\u00fcr Tassen, Gew\u00fcrze, Essig, \u00d6l auf den Treppen<\/p>\n","protected":false},"featured_media":39869,"comment_status":"open","ping_status":"closed","template":"","meta":[],"product_brand":[],"product_cat":[40,60],"product_tag":[],"class_list":{"0":"post-39868","1":"product","2":"type-product","3":"status-publish","4":"has-post-thumbnail","6":"product_cat-teebox","7":"product_cat-zubehoer","8":"pa_amazon-bestseller-rang-nr-54234-in-kueche-haushalt-wohnen-siehe-top-100-in-kueche-haushalt-wohnen-nr-49-in-kapselstaender","9":"pa_anzahl-regale-253","10":"pa_ausgangsmaterial-bambus","11":"pa_ausrichtung-wenk5","12":"pa_durchschnittliche-kundenbewer-40-von-5-sternen-78-sternebewertungen-40-von-5-sternen","13":"pa_farbe-braun","14":"pa_garantiezusammenfassung-2-year-manufacturer","15":"pa_groesse-17-5-x-15-x-33-cm","16":"pa_hersteller-wenko","17":"pa_im-angebot-von-amazon-de-seit-12-april-2018","18":"pa_modellnummer-bamboo","19":"pa_montage-notwendig-nein","20":"pa_produktabmessungen-34-x-16-x-18-5-cm-1-48-kilogramm","21":"pa_stueckzahl-253","22":"pa_verpackung-enthaelt-nein","23":"pa_versandgewicht-1-83-kilogramm","25":"first","26":"instock","27":"shipping-taxable","28":"purchasable","29":"product-type-simple"},"_links":{"self":[{"href":"https:\/\/123-teezeit.de\/index.php?rest_route=\/wp\/v2\/product\/39868","targetHints":{"allow":["GET"]}}],"collection":[{"href":"https:\/\/123-teezeit.de\/index.php?rest_route=\/wp\/v2\/product"}],"about":[{"href":"https:\/\/123-teezeit.de\/index.php?rest_route=\/wp\/v2\/types\/product"}],"replies":[{"embeddable":true,"href":"https:\/\/123-teezeit.de\/index.php?rest_route=%2Fwp%2Fv2%2Fcomments&post=39868"}],"wp:featuredmedia":[{"embeddable":true,"href":"https:\/\/123-teezeit.de\/index.php?rest_route=\/wp\/v2\/media\/39869"}],"wp:attachment":[{"href":"https:\/\/123-teezeit.de\/index.php?rest_route=%2Fwp%2Fv2%2Fmedia&parent=39868"}],"wp:term":[{"taxonomy":"product_brand","embeddable":true,"href":"https:\/\/123-teezeit.de\/index.php?rest_route=%2Fwp%2Fv2%2Fproduct_brand&post=39868"},{"taxonomy":"product_cat","embeddable":true,"href":"https:\/\/123-teezeit.de\/index.php?rest_route=%2Fwp%2Fv2%2Fproduct_cat&post=39868"},{"taxonomy":"product_tag","embeddable":true,"href":"https:\/\/123-teezeit.de\/index.php?rest_route=%2Fwp%2Fv2%2Fproduct_tag&post=39868"}],"curies":[{"name":"wp","href":"https:\/\/api.w.org\/{rel}","templated":true}]}}