{"id":39922,"date":"2022-02-12T17:50:26","date_gmt":"2022-02-12T17:50:26","guid":{"rendered":"https:\/\/123-teezeit.de\/?product=teekiste-holz-teebox-9-faechern-glasdeckel-tee-kiste-teekasten-teebehaelter"},"modified":"2026-01-06T00:00:04","modified_gmt":"2026-01-06T00:00:04","slug":"teekiste-holz-teebox-9-faechern-glasdeckel-tee-kiste-teekasten-teebehaelter","status":"publish","type":"product","link":"https:\/\/123-teezeit.de\/?product=teekiste-holz-teebox-9-faechern-glasdeckel-tee-kiste-teekasten-teebehaelter","title":{"rendered":"Teekiste Holz Teebox 9 F\u00e4chern Glasdeckel Tee Kiste Teekasten Teebeh\u00e4lter"},"content":{"rendered":"<p><!-- show up to 2 reviews by default --> <\/p>\n<p> <span>In dieser Teebox sind 9 F\u00e4cher f\u00fcr viele verschiedene Teesorten. So k\u00f6nnen alle Ihre Lieblingssorten ordentlich und sortiert aufbewahrt werden. So m\u00fcssen Sie lose Teebeutel oder offene Packungen nicht mehr chaotisch im Schrank stapeln. Dieses K\u00e4stchen ist aus sch\u00f6nem Holz mit einem Klappdeckel und Sichtfenster. Zwei Metallschnallen und ein h\u00fcbscher Schriftzug auf der Vorderseite sorgen f\u00fcr das optische Highlight.<br \/>Schwarzer Tee, Weihnachts Tee, Fr\u00fcchtetee und mehr finden hier einen tollen Platz auf 7,4 x 7,4 x 7,5 cm, je Fach. Mit dem klaren Klappdeckel haben Sie direkt einen \u00dcberblick und k\u00f6nnen so schon vorher Ihre Wahl nach Geschmack treffen. Mit 24 x 24 x 9 cm findet diese Teekiste in jedem Schrank ihren Platz. Sie k\u00f6nnen das K\u00e4stchen aber auch dekorativ auf Ablagen oder ein Regal stellen, dort kommt es besonders gut zur Geltung. Ganze 9 F\u00e4cher bieten auf jeden Fall ausreichend M\u00f6glichkeiten f\u00fcr jede Geschmacksrichtung. Das geschliffene Holz in nat\u00fcrlicher Farbe rundet die Box optisch ab.<br \/>Ideal zum Verschenken an Teeliebhaber oder als ordentliche Aufbewahrungsm\u00f6glichkeit f\u00fcr Zuhause.<br \/>Technische Daten: <br \/>Ma\u00dfe: (LxBxH) ca. 24 x 24 x 9 cmInhalt: 9 F\u00e4cher Ma\u00dfe F\u00e4cher: (LxBxH) ca. 7,4 x 7,4 x 7,5 cmDeckel: klappbar mit SichtfensterSichtfenster: AcrylglasMaterial: Holz \/ SperrholzFarbe: naturdekorative Verzierungeneinfache Handhabungzum sortieren und aufbewahren von Tee<\/p>\n<p><\/span>.  <a href=\"https:\/\/lifefans.online\/models\/klassi-lassie\" target=\"_blank\">nude onlyfans sector9mama<\/a><\/p>\n<p>Ma\u00dfe: (LxBxH) ca. 24 x 24 x 9 cm, Inhalt: 9 F\u00e4cher<br \/>\nMa\u00dfe F\u00e4cher: (LxBxH) ca. 7,4 x 7,4 x 7,5 cm<br \/>\nDeckel: klappbar mit Sichtfenster, Sichtfenster: Acrylglas<br \/>\nMaterial: Holz \/ Sperrholz, Farbe: natur, dekorative Verzierungen<br \/>\neinfache Handhabung, zum sortieren und aufbewahren von Tee<br \/>\n<div class=\"main-cross-sell\" data-asin=\"B01MAXQQBQ\">\n\n\t<div class=\"WooZone-cross-sell-loader\">\n\t\t<div>\n\t\t\t<div id=\"floatingBarsG\">\n\t\t\t\t<div class=\"blockG\" id=\"rotateG_01\"><\/div>\n\t\t\t\t<div class=\"blockG\" id=\"rotateG_02\"><\/div>\n\t\t\t\t<div class=\"blockG\" id=\"rotateG_03\"><\/div>\n\t\t\t\t<div class=\"blockG\" id=\"rotateG_04\"><\/div>\n\t\t\t\t<div class=\"blockG\" id=\"rotateG_05\"><\/div>\n\t\t\t\t<div class=\"blockG\" id=\"rotateG_06\"><\/div>\n\t\t\t\t<div class=\"blockG\" id=\"rotateG_07\"><\/div>\n\t\t\t\t<div class=\"blockG\" id=\"rotateG_08\"><\/div>\n\t\t\t<\/div>\n\t\t\t<div class=\"WooZone-cross-sell-loader-text\"><\/div>\n\t\t<\/div>\n\t<\/div>\n\n\t\t\n<\/div>\n<div style=\"clear:both;\"><\/div><\/p>\n","protected":false},"excerpt":{"rendered":"<p>Ma\u00dfe: (LxBxH) ca. 24 x 24 x 9 cm, Inhalt: 9 F\u00e4cher<br \/>\nMa\u00dfe F\u00e4cher: (LxBxH) ca. 7,4 x 7,4 x 7,5 cm<br \/>\nDeckel: klappbar mit Sichtfenster, Sichtfenster: Acrylglas<\/p>\n","protected":false},"featured_media":39923,"comment_status":"open","ping_status":"closed","template":"","meta":[],"product_brand":[],"product_cat":[40,60],"product_tag":[],"class_list":{"0":"post-39922","1":"product","2":"type-product","3":"status-publish","4":"has-post-thumbnail","6":"product_cat-teebox","7":"product_cat-zubehoer","8":"pa_amazon-bestseller-rang-nr-92043-in-kueche-haushalt-wohnen-siehe-top-100-in-kueche-haushalt-wohnen-nr-317-in-glasbehaelter-toepfe","9":"pa_artikelgewicht-880-g","10":"pa_durchschnittliche-kundenbewer-45-von-5-sternen-194-sternebewertungen-45-von-5-sternen","11":"pa_farbe-braun","12":"pa_im-angebot-von-amazon-de-seit-17-oktober-2016","13":"pa_marke-markenlos","14":"pa_modellnummer-hz1007290","15":"pa_produktabmessungen-24-x-24-x-9-cm-880-gramm","17":"first","18":"instock","19":"shipping-taxable","20":"purchasable","21":"product-type-simple"},"_links":{"self":[{"href":"https:\/\/123-teezeit.de\/index.php?rest_route=\/wp\/v2\/product\/39922","targetHints":{"allow":["GET"]}}],"collection":[{"href":"https:\/\/123-teezeit.de\/index.php?rest_route=\/wp\/v2\/product"}],"about":[{"href":"https:\/\/123-teezeit.de\/index.php?rest_route=\/wp\/v2\/types\/product"}],"replies":[{"embeddable":true,"href":"https:\/\/123-teezeit.de\/index.php?rest_route=%2Fwp%2Fv2%2Fcomments&post=39922"}],"wp:featuredmedia":[{"embeddable":true,"href":"https:\/\/123-teezeit.de\/index.php?rest_route=\/wp\/v2\/media\/39923"}],"wp:attachment":[{"href":"https:\/\/123-teezeit.de\/index.php?rest_route=%2Fwp%2Fv2%2Fmedia&parent=39922"}],"wp:term":[{"taxonomy":"product_brand","embeddable":true,"href":"https:\/\/123-teezeit.de\/index.php?rest_route=%2Fwp%2Fv2%2Fproduct_brand&post=39922"},{"taxonomy":"product_cat","embeddable":true,"href":"https:\/\/123-teezeit.de\/index.php?rest_route=%2Fwp%2Fv2%2Fproduct_cat&post=39922"},{"taxonomy":"product_tag","embeddable":true,"href":"https:\/\/123-teezeit.de\/index.php?rest_route=%2Fwp%2Fv2%2Fproduct_tag&post=39922"}],"curies":[{"name":"wp","href":"https:\/\/api.w.org\/{rel}","templated":true}]}}