{"id":40017,"date":"2022-02-12T17:51:26","date_gmt":"2022-02-12T17:51:26","guid":{"rendered":"https:\/\/123-teezeit.de\/?product=vilde-aufbewahrungsbox-organizer-frischhaltedose-fuer-wurstaufschnitt-kaeseaufschnitt-3-teilig"},"modified":"2023-04-08T08:00:28","modified_gmt":"2023-04-08T08:00:28","slug":"vilde-aufbewahrungsbox-organizer-frischhaltedose-fuer-wurstaufschnitt-kaeseaufschnitt-3-teilig","status":"publish","type":"product","link":"https:\/\/123-teezeit.de\/?product=vilde-aufbewahrungsbox-organizer-frischhaltedose-fuer-wurstaufschnitt-kaeseaufschnitt-3-teilig","title":{"rendered":"Vilde Aufbewahrungsbox Organizer Frischhaltedose f\u00fcr Wurstaufschnitt K\u00e4seaufschnitt 3-teilig"},"content":{"rendered":"<p><!-- show up to 2 reviews by default --> <\/p>\n<p><span>&#8211; Ein praktischer 3-teiliger Beh\u00e4lter zur Aufbewahrung von Wurstaufschnitt, K\u00e4seaufschnitt usw.<\/span><\/p>\n<p><span>&#8211; Dank ihm werden wir mehrere Arten von Produkten zur Hand haben.<\/span><\/p>\n<p><span>&#8211; Das ganze Set ist luftdicht und so behalten die gelagerten Produkte l\u00e4nger ihre Frische.<\/span><\/p>\n<p><span>&#8211; Die Beh\u00e4lter werden \u00fcbereinander gestapelt, um Platz im K\u00fchlschrank zu sparen.<\/span><\/p>\n<p><span>&#8211; Das Produkt ist besonders f\u00fcr diejenigen geeignet, die gro\u00dfen Wert auf Ordnung und Komfort in der K\u00fcche legen.<\/span><\/p>\n<p><span>&#8211; Das Originalprodukt der Marke Vilde.<\/span><\/p>\n<p><span>&#8211; Hergestellt in Polen.<\/span><\/p>\n<p><span class=\"a-text-bold\">Material:<\/span><span> Kunststoff<\/span><\/p>\n<p><span class=\"a-text-bold\">L\u00e4nge:<\/span><span> 23 cm<\/span><\/p>\n<p><span class=\"a-text-bold\">Breite:<\/span><span> 15,5 cm<\/span><\/p>\n<p><span class=\"a-text-bold\">H\u00f6he:<\/span><span> 12,8 cm<\/span><\/p>\n<p><span class=\"a-text-bold\">Gewicht (kg):<\/span><span> 0.304<\/span><\/p>\n<p><span class=\"a-text-bold\">Dominante Farbe:<\/span><span> transparent, schwarz<\/span><\/p>\n<\/p>\n<p>Ein praktischer 3-teiliger Beh\u00e4lter zur Aufbewahrung von Wurstaufschnitt, K\u00e4seaufschnitt usw. Dank ihm werden wir mehrere Arten von Produkten zur Hand haben.<br \/>\nEin praktischer 3-teiliger Beh\u00e4lter zur Aufbewahrung von Wurstaufschnitt, K\u00e4seaufschnitt usw. Dank ihm werden wir mehrere Arten von Produkten zur Hand haben.<br \/>\nDas ganze Set ist luftdicht und so behalten die gelagerten Produkte l\u00e4nger ihre Frische.<br \/>\nDie Beh\u00e4lter werden \u00fcbereinander gestapelt, um Platz im K\u00fchlschrank zu sparen.<br \/>\nDas Produkt ist besonders f\u00fcr diejenigen geeignet, die gro\u00dfen Wert auf Ordnung und Komfort in der K\u00fcche legen.<br \/>\nL\u00e4nge: 23 cm Breite; 15,5 cm; H\u00f6he: 12,8 cm. Material: Kunststoff. Der Beh\u00e4lter ist sp\u00fclmaschinenfest.<br \/>\n<div class=\"main-cross-sell\" data-asin=\"B08ZKZK26X\">\n\n\t<div class=\"WooZone-cross-sell-loader\">\n\t\t<div>\n\t\t\t<div id=\"floatingBarsG\">\n\t\t\t\t<div class=\"blockG\" id=\"rotateG_01\"><\/div>\n\t\t\t\t<div class=\"blockG\" id=\"rotateG_02\"><\/div>\n\t\t\t\t<div class=\"blockG\" id=\"rotateG_03\"><\/div>\n\t\t\t\t<div class=\"blockG\" id=\"rotateG_04\"><\/div>\n\t\t\t\t<div class=\"blockG\" id=\"rotateG_05\"><\/div>\n\t\t\t\t<div class=\"blockG\" id=\"rotateG_06\"><\/div>\n\t\t\t\t<div class=\"blockG\" id=\"rotateG_07\"><\/div>\n\t\t\t\t<div class=\"blockG\" id=\"rotateG_08\"><\/div>\n\t\t\t<\/div>\n\t\t\t<div class=\"WooZone-cross-sell-loader-text\"><\/div>\n\t\t<\/div>\n\t<\/div>\n\n\t\t\n<\/div>\n<div style=\"clear:both;\"><\/div><\/p>\n","protected":false},"excerpt":{"rendered":"<p>Ein praktischer 3-teiliger Beh\u00e4lter zur Aufbewahrung von Wurstaufschnitt, K\u00e4seaufschnitt usw. Dank ihm werden wir mehrere Arten von Produkten zur Hand haben.<br \/>\nEin praktischer 3-teiliger Beh\u00e4lter zur Aufbewahrung von Wurstaufschnitt, K\u00e4seaufschnitt usw. Dank ihm werden wir mehrere Arten von Produkten zur Hand haben.<br \/>\nDas ganze Set ist luftdicht und so behalten die gelagerten Produkte l\u00e4nger ihre Frische.<\/p>\n","protected":false},"featured_media":40018,"comment_status":"open","ping_status":"closed","template":"","meta":[],"product_brand":[],"product_cat":[40,60],"product_tag":[],"class_list":{"0":"post-40017","1":"product","2":"type-product","3":"status-publish","4":"has-post-thumbnail","6":"product_cat-teebox","7":"product_cat-zubehoer","8":"pa_amazon-bestseller-rang-nr-14975-in-kueche-haushalt-wohnen-siehe-top-100-in-kueche-haushalt-wohnen-nr-139-in-vorratsdosen","9":"pa_artikelgewicht-280-g","10":"pa_durchschnittliche-kundenbewer-34-von-5-sternen-90-sternebewertungen-34-von-5-sternen","11":"pa_im-angebot-von-amazon-de-seit-20-maerz-2021","12":"pa_marke-vilde","13":"pa_produktabmessungen-23-5-x-15-6-x-12-8-cm-280-gramm","15":"first","16":"instock","17":"shipping-taxable","18":"purchasable","19":"product-type-simple"},"_links":{"self":[{"href":"https:\/\/123-teezeit.de\/index.php?rest_route=\/wp\/v2\/product\/40017","targetHints":{"allow":["GET"]}}],"collection":[{"href":"https:\/\/123-teezeit.de\/index.php?rest_route=\/wp\/v2\/product"}],"about":[{"href":"https:\/\/123-teezeit.de\/index.php?rest_route=\/wp\/v2\/types\/product"}],"replies":[{"embeddable":true,"href":"https:\/\/123-teezeit.de\/index.php?rest_route=%2Fwp%2Fv2%2Fcomments&post=40017"}],"wp:featuredmedia":[{"embeddable":true,"href":"https:\/\/123-teezeit.de\/index.php?rest_route=\/wp\/v2\/media\/40018"}],"wp:attachment":[{"href":"https:\/\/123-teezeit.de\/index.php?rest_route=%2Fwp%2Fv2%2Fmedia&parent=40017"}],"wp:term":[{"taxonomy":"product_brand","embeddable":true,"href":"https:\/\/123-teezeit.de\/index.php?rest_route=%2Fwp%2Fv2%2Fproduct_brand&post=40017"},{"taxonomy":"product_cat","embeddable":true,"href":"https:\/\/123-teezeit.de\/index.php?rest_route=%2Fwp%2Fv2%2Fproduct_cat&post=40017"},{"taxonomy":"product_tag","embeddable":true,"href":"https:\/\/123-teezeit.de\/index.php?rest_route=%2Fwp%2Fv2%2Fproduct_tag&post=40017"}],"curies":[{"name":"wp","href":"https:\/\/api.w.org\/{rel}","templated":true}]}}