{"id":40021,"date":"2022-02-12T17:51:28","date_gmt":"2022-02-12T17:51:28","guid":{"rendered":"https:\/\/123-teezeit.de\/?product=mucplants-teebox-9faecher-24x24x85cm-vintage-teekistchen-teebeutelbox-teekiste-teedose"},"modified":"2023-04-10T09:00:23","modified_gmt":"2023-04-10T09:00:23","slug":"mucplants-teebox-9faecher-24x24x85cm-vintage-teekistchen-teebeutelbox-teekiste-teedose","status":"publish","type":"product","link":"https:\/\/123-teezeit.de\/?product=mucplants-teebox-9faecher-24x24x85cm-vintage-teekistchen-teebeutelbox-teekiste-teedose","title":{"rendered":"mucplants Teebox 9F\u00e4cher 24x24x8,5cm Vintage Teekistchen Teebeutelbox Teekiste Teedose"},"content":{"rendered":"<p><!-- show up to 2 reviews by default --> <\/p>\n<p> <span>Mit dieser Vintage Teebox aus Holz der Marke mucplants kommt endlich Ordnung in den K\u00fcchenschrank oder die K\u00fcche. Hier finden in den 9 getrennten F\u00fcchern Ihre Teebeutel einen ordentlichen Platz. Durch die Holzstege sind diese \u00fcbersichtlich verstaut. Der Deckel wird mit einem Zierb\u00fcgel verschlossen. Die metallenen Eckbeschl\u00fcge, das gro\u00fce Sichtfenster und die dekorative Gestaltung machen diese Teebox zu einem echten Hingucker. Technische Daten: Ma\u00fce: (LxBxH) ca. 24 x 24 x 8,5 cm Inhalt: 9 F\u00fccher Ma\u00fce Fach: (LxBxT) ca. 7,3 x 7,3 x 7,3 cm Deckel: klappbar mit B\u00fcgelbeschlag Scheibe: Glas dekoriert Ecken Deckel: Metallbeschl\u00fcge Material: Holz \/ Sperrholz<\/span> <\/p>\n<p>Ma\u00dfe: (LxBxH) ca. 24 x 24 x 8,5 cm, Inhalt: 9 F\u00e4cher, Ma\u00dfe Fach: (LxBxT) ca. 7,3 x 7,3 x 7,3 cm<br \/>\nDeckel: klappbar mit B\u00fcgelbeschlag, Scheibe: Glas dekoriert<br \/>\nEcken Deckel: Metallbeschl\u00e4ge<br \/>\nMaterial: Holz \/ Sperrholz<br \/>\neinfache Handhabung<br \/>\n<div class=\"main-cross-sell\" data-asin=\"B0152DVXKK\">\n\n\t<div class=\"WooZone-cross-sell-loader\">\n\t\t<div>\n\t\t\t<div id=\"floatingBarsG\">\n\t\t\t\t<div class=\"blockG\" id=\"rotateG_01\"><\/div>\n\t\t\t\t<div class=\"blockG\" id=\"rotateG_02\"><\/div>\n\t\t\t\t<div class=\"blockG\" id=\"rotateG_03\"><\/div>\n\t\t\t\t<div class=\"blockG\" id=\"rotateG_04\"><\/div>\n\t\t\t\t<div class=\"blockG\" id=\"rotateG_05\"><\/div>\n\t\t\t\t<div class=\"blockG\" id=\"rotateG_06\"><\/div>\n\t\t\t\t<div class=\"blockG\" id=\"rotateG_07\"><\/div>\n\t\t\t\t<div class=\"blockG\" id=\"rotateG_08\"><\/div>\n\t\t\t<\/div>\n\t\t\t<div class=\"WooZone-cross-sell-loader-text\"><\/div>\n\t\t<\/div>\n\t<\/div>\n\n\t\t\n<\/div>\n<div style=\"clear:both;\"><\/div><\/p>\n","protected":false},"excerpt":{"rendered":"<p>Ma\u00dfe: (LxBxH) ca. 24 x 24 x 8,5 cm, Inhalt: 9 F\u00e4cher, Ma\u00dfe Fach: (LxBxT) ca. 7,3 x 7,3 x 7,3 cm<br \/>\nDeckel: klappbar mit B\u00fcgelbeschlag, Scheibe: Glas dekoriert<br \/>\nEcken Deckel: Metallbeschl\u00e4ge<\/p>\n","protected":false},"featured_media":40022,"comment_status":"open","ping_status":"closed","template":"","meta":[],"product_brand":[],"product_cat":[40,60],"product_tag":[],"class_list":{"0":"post-40021","1":"product","2":"type-product","3":"status-publish","4":"has-post-thumbnail","6":"product_cat-teebox","7":"product_cat-zubehoer","8":"pa_amazon-bestseller-rang-nr-202709-in-kueche-haushalt-wohnen-siehe-top-100-in-kueche-haushalt-wohnen-nr-1294-in-vorratsdosen","9":"pa_auslaufartikel-produktion-dur-nein","10":"pa_batterien-erforderlich-nein","11":"pa_durchschnittliche-kundenbewer-47-von-5-sternen-244-sternebewertungen-47-von-5-sternen","12":"pa_im-angebot-von-amazon-de-seit-25-september-2020","13":"pa_modellnummer-s82","14":"pa_verpackungsabmessungen-29-x-25-x-9-5-cm-640-gramm","16":"first","17":"instock","18":"shipping-taxable","19":"purchasable","20":"product-type-simple"},"_links":{"self":[{"href":"https:\/\/123-teezeit.de\/index.php?rest_route=\/wp\/v2\/product\/40021","targetHints":{"allow":["GET"]}}],"collection":[{"href":"https:\/\/123-teezeit.de\/index.php?rest_route=\/wp\/v2\/product"}],"about":[{"href":"https:\/\/123-teezeit.de\/index.php?rest_route=\/wp\/v2\/types\/product"}],"replies":[{"embeddable":true,"href":"https:\/\/123-teezeit.de\/index.php?rest_route=%2Fwp%2Fv2%2Fcomments&post=40021"}],"wp:featuredmedia":[{"embeddable":true,"href":"https:\/\/123-teezeit.de\/index.php?rest_route=\/wp\/v2\/media\/40022"}],"wp:attachment":[{"href":"https:\/\/123-teezeit.de\/index.php?rest_route=%2Fwp%2Fv2%2Fmedia&parent=40021"}],"wp:term":[{"taxonomy":"product_brand","embeddable":true,"href":"https:\/\/123-teezeit.de\/index.php?rest_route=%2Fwp%2Fv2%2Fproduct_brand&post=40021"},{"taxonomy":"product_cat","embeddable":true,"href":"https:\/\/123-teezeit.de\/index.php?rest_route=%2Fwp%2Fv2%2Fproduct_cat&post=40021"},{"taxonomy":"product_tag","embeddable":true,"href":"https:\/\/123-teezeit.de\/index.php?rest_route=%2Fwp%2Fv2%2Fproduct_tag&post=40021"}],"curies":[{"name":"wp","href":"https:\/\/api.w.org\/{rel}","templated":true}]}}