{"id":40029,"date":"2022-02-12T17:51:32","date_gmt":"2022-02-12T17:51:32","guid":{"rendered":"https:\/\/123-teezeit.de\/?product=dunedesign-bambus-box-fuer-kaffee-und-tee-36x17x16-kaffeekapsel-organizer-holz-teebox-mit-schublade"},"modified":"2023-04-10T09:00:23","modified_gmt":"2023-04-10T09:00:23","slug":"dunedesign-bambus-box-fuer-kaffee-und-tee-36x17x16-kaffeekapsel-organizer-holz-teebox-mit-schublade","status":"publish","type":"product","link":"https:\/\/123-teezeit.de\/?product=dunedesign-bambus-box-fuer-kaffee-und-tee-36x17x16-kaffeekapsel-organizer-holz-teebox-mit-schublade","title":{"rendered":"DuneDesign Bambus Box f\u00fcr Kaffee und Tee &#8211; 36x17x16 Kaffeekapsel Organizer Holz Teebox mit Schublade"},"content":{"rendered":"<p>BAMBUS ORGANIZER F\u00dcR KAFFEE &amp; TEE &#8211; Schubladenbox mit 4 ger\u00e4umigen F\u00e4chern &#8211; perfekt f\u00fcr Teebeutel und Kaffeekapseln. Egal, ob K\u00fcche oder B\u00fcro: Die schicke Teebox sieht auf jeder Arbeitsplatte gut aus.<br \/>\nK\u00dcCHENREGAL MIT 2 ETAGEN &#8211; Au\u00dfen Regal, innen Aufbewahrungsbox: Spart kostbaren Platz in kleinen R\u00e4umen. Auf 2 Ebenen zu ca. 35,5 x 8,5 cm hat die Bambustreppe XL Stauraum f\u00fcr Teedosen, Tassen &amp; Gew\u00fcrze.<br \/>\nSCHUBLADE MIT 4 F\u00c4CHERN &#8211; Gew\u00fcrzregal, Teesortierer, Kapselhalter: Unsere Box kann alles. In der Treppe verstecken sich 4 F\u00e4cher in 2 H\u00f6hen &#8211; sie lassen sich mit einem Handgriff aus dem Kasten ziehen.<br \/>\nNORDIC STYLE: 100% NACHHALTIG &#8211; Sorgf\u00e4ltig geschliffen und sauber lackiert. Nicht nur als Teekiste &#8211; auch f\u00fcr Kosmetik im Bad, als Schreibtisch Organizer oder kleines Pflanzenregal auf der Fensterbank.<br \/>\nANTI-SCHIMMEL HOLZ F\u00dcR FEUCHTR\u00c4UME &#8211; Tassenregal, Kaffeebar, Teebeutelbox&#8230; Bambus ist von Natur aus feuchtigkeitsbest\u00e4ndig und antibakteriell. Das ausziehbare Teeregal ist ca. 35,5 x 17 x 15,5 cm gro\u00df.<br \/>\n<div class=\"main-cross-sell\" data-asin=\"B09QH27PN1\">\n\n\t<div class=\"WooZone-cross-sell-loader\">\n\t\t<div>\n\t\t\t<div id=\"floatingBarsG\">\n\t\t\t\t<div class=\"blockG\" id=\"rotateG_01\"><\/div>\n\t\t\t\t<div class=\"blockG\" id=\"rotateG_02\"><\/div>\n\t\t\t\t<div class=\"blockG\" id=\"rotateG_03\"><\/div>\n\t\t\t\t<div class=\"blockG\" id=\"rotateG_04\"><\/div>\n\t\t\t\t<div class=\"blockG\" id=\"rotateG_05\"><\/div>\n\t\t\t\t<div class=\"blockG\" id=\"rotateG_06\"><\/div>\n\t\t\t\t<div class=\"blockG\" id=\"rotateG_07\"><\/div>\n\t\t\t\t<div class=\"blockG\" id=\"rotateG_08\"><\/div>\n\t\t\t<\/div>\n\t\t\t<div class=\"WooZone-cross-sell-loader-text\"><\/div>\n\t\t<\/div>\n\t<\/div>\n\n\t\t\n<\/div>\n<div style=\"clear:both;\"><\/div><\/p>\n","protected":false},"excerpt":{"rendered":"<p>BAMBUS ORGANIZER F\u00dcR KAFFEE &amp; TEE &#8211; Schubladenbox mit 4 ger\u00e4umigen F\u00e4chern &#8211; perfekt f\u00fcr Teebeutel und Kaffeekapseln. Egal, ob K\u00fcche oder B\u00fcro: Die schicke Teebox sieht auf jeder Arbeitsplatte gut aus.<br \/>\nK\u00dcCHENREGAL MIT 2 ETAGEN &#8211; Au\u00dfen Regal, innen Aufbewahrungsbox: Spart kostbaren Platz in kleinen R\u00e4umen. Auf 2 Ebenen zu ca. 35,5 x 8,5 cm hat die Bambustreppe XL Stauraum f\u00fcr Teedosen, Tassen &amp; Gew\u00fcrze.<br \/>\nSCHUBLADE MIT 4 F\u00c4CHERN &#8211; Gew\u00fcrzregal, Teesortierer, Kapselhalter: Unsere Box kann alles. In der Treppe verstecken sich 4 F\u00e4cher in 2 H\u00f6hen &#8211; sie lassen sich mit einem Handgriff aus dem Kasten ziehen.<\/p>\n","protected":false},"featured_media":40030,"comment_status":"open","ping_status":"closed","template":"","meta":[],"product_brand":[],"product_cat":[40,60],"product_tag":[],"class_list":{"0":"post-40029","1":"product","2":"type-product","3":"status-publish","4":"has-post-thumbnail","6":"product_cat-teebox","7":"product_cat-zubehoer","8":"pa_amazon-bestseller-rang-nr-225576-in-kueche-haushalt-wohnen-siehe-top-100-in-kueche-haushalt-wohnen-nr-1424-in-vorratsdosen","9":"pa_ausgangsmaterial-bambus","10":"pa_farbe-natur","11":"pa_groesse-36-x-17-x-16-cm","12":"pa_hersteller-omnideal","13":"pa_herstellerreferenz-852","14":"pa_im-angebot-von-amazon-de-seit-14-januar-2022","15":"pa_installationsart-freistehend","16":"pa_produktabmessungen-35-5-x-17-x-15-5-cm-1-67-kilogramm","17":"pa_stil-modern","18":"pa_versandgewicht-1-88-kilogramm","20":"first","21":"instock","22":"shipping-taxable","23":"purchasable","24":"product-type-simple"},"_links":{"self":[{"href":"https:\/\/123-teezeit.de\/index.php?rest_route=\/wp\/v2\/product\/40029","targetHints":{"allow":["GET"]}}],"collection":[{"href":"https:\/\/123-teezeit.de\/index.php?rest_route=\/wp\/v2\/product"}],"about":[{"href":"https:\/\/123-teezeit.de\/index.php?rest_route=\/wp\/v2\/types\/product"}],"replies":[{"embeddable":true,"href":"https:\/\/123-teezeit.de\/index.php?rest_route=%2Fwp%2Fv2%2Fcomments&post=40029"}],"wp:featuredmedia":[{"embeddable":true,"href":"https:\/\/123-teezeit.de\/index.php?rest_route=\/wp\/v2\/media\/40030"}],"wp:attachment":[{"href":"https:\/\/123-teezeit.de\/index.php?rest_route=%2Fwp%2Fv2%2Fmedia&parent=40029"}],"wp:term":[{"taxonomy":"product_brand","embeddable":true,"href":"https:\/\/123-teezeit.de\/index.php?rest_route=%2Fwp%2Fv2%2Fproduct_brand&post=40029"},{"taxonomy":"product_cat","embeddable":true,"href":"https:\/\/123-teezeit.de\/index.php?rest_route=%2Fwp%2Fv2%2Fproduct_cat&post=40029"},{"taxonomy":"product_tag","embeddable":true,"href":"https:\/\/123-teezeit.de\/index.php?rest_route=%2Fwp%2Fv2%2Fproduct_tag&post=40029"}],"curies":[{"name":"wp","href":"https:\/\/api.w.org\/{rel}","templated":true}]}}