{"id":40033,"date":"2022-02-12T17:51:36","date_gmt":"2022-02-12T17:51:36","guid":{"rendered":"https:\/\/123-teezeit.de\/?product=teekanne-wohlfuehl-collection-box-180-teebeutel-in-12-sorten-353-g"},"modified":"2026-01-08T00:02:47","modified_gmt":"2026-01-08T00:02:47","slug":"teekanne-wohlfuehl-collection-box-180-teebeutel-in-12-sorten-353-g","status":"publish","type":"product","link":"https:\/\/123-teezeit.de\/?product=teekanne-wohlfuehl-collection-box-180-teebeutel-in-12-sorten-353-g","title":{"rendered":"Teekanne Wohlf\u00fchl-Collection Box, 180 Teebeutel in 11 Sorten, 356 g"},"content":{"rendered":"<p>\n  <!-- show up to 2 reviews by default --> <\/p>\n<h3> <span>Produktbeschreibung<\/span> <\/h3>\n<p> <span>Entdecken Sie 12 ausgew&auml;hlte, harmonische Kr&auml;uterteemischungen f&uuml;r alle Stimmungen und f&uuml;r Ihr Wohlbefinden. Genie&szlig;en Sie die Tees der Wohlf&uuml;hl-Collection zuhause oder im B&uuml;ro. Oder machen Sie auch Freunden oder Bekannten mit dieser Genuss-Collection eine Freude. Die Wohlf&uuml;hl-Collection-Box enth&auml;lt folgende beliebte Sorten der Harmonie f&uuml;r K&ouml;rper &amp; Seele- Teesorten: 15 Beutel Gute Verdauung, 15 Beutel Halsfreund, 15 Beutel Gesunde Abwehr, 15 Beutel Basisch &amp; Vital, 15 Beutel Innere Ruhe, 15 Beutel Muntermacher, 15 Beutel Entspannung, 15 Beutel Tr&auml;um Sch&ouml;n, 15 Beutel Atme Dich frei, 15 Beutel Schlank &amp; Fit, 15 Beutel Magenfein, 15 Beutel Hol Dir Kraft Die Box ist wiederverschlie&szlig;bar.<\/span> <\/p>\n<h3> <span>Inhaltsstoffe \/ Zutaten<\/span> <\/h3>\n<p> <span>Zutaten: GUTE VERDAUUNG: Fenchel, Hagebutten, Anis, s&uuml;&szlig;e Brombeerbl&auml;tter, Ingwer, Holunderbl&uuml;ten, L&ouml;wenzahnkraut, Pflaumensaftkonzentrat, ArtischockenBASISCH &amp; VITAL: Rotbusch, Pfefferminze, Lindenbl&uuml;ten, Schachtelhalmkraut, Karotten, s&uuml;&szlig;e Brombeerbl&auml;tter, Brennnesselkraut, S&uuml;&szlig;holzGESUNDE ABWEHR: Melisse, Anis, Zitronenmyrte, &Auml;pfel, Brennnesselkraut, Acerolasaftkonzentratgranulat, Mate, Pfefferminze, Sonnenhutkraut&#8230;<\/span> <\/p>\n<div data-a-expander-name=\"toggle_description\" class=\"a-row a-expander-container a-expander-extend-container\">\n<div class=\"a-expander-content a-expander-extend-content\">\n<h3> <span>Gebrauchsanweisung<\/span> <\/h3>\n<p> <span>Nehmen Sie f&uuml;r eine Tasse 1 Teebeutel. Mit sprudelnd kochendem Wasser aufgie&szlig;en und mindestens 5 Minuten ziehen lassen. Nur so erhalten Sie ein sicheres Lebensmittel!<\/span> <\/p>\n<h3> <span>Warnhinweise<\/span> <\/h3>\n<p> <span>0<\/span> <\/p>\n<h3> <span>Anschrift Hersteller\/Importeur<\/span> <\/h3>\n<p> <span>D-40526 D&uuml;sseldorf<\/span> <\/p>\n<\/p><\/div>\n<p> <a data-csa-c-func-deps=\"aui-da-a-expander-toggle\" data-csa-c-type=\"widget\" data-csa-interaction-events=\"click\" role=\"button\" href=\"void(0)\" data-action=\"a-expander-toggle\" class=\"a-expander-header a-declarative a-expander-extend-header\" data-a-expander-toggle=\"{\"><i class=\"a-icon a-icon-extender-expand\"><\/i><span class=\"a-expander-prompt\">Mehr<\/span><\/a> <\/div>\n<p>\nEntdecken Sie 12 ausgew&auml;hlte, harmonische Kr&auml;uterteemischungen f&uuml;r alle Stimmungen.<br \/>\nGenie&szlig;en Sie die Tees der Wohlf&uuml;hl-Collection zuhause oder im B&uuml;ro.<br \/>\nOder machen Sie auch Freunden oder Bekannten mit dieser Genuss-Collection eine Freude. 180 aromaversiegelte Doppelkammerbeutel.<br \/>\nNehmen Sie f&uuml;r eine Tasse 1 Teebeutel und mindestens 3 Teebeutel f&uuml;r eine Kanne.<br \/>\nImmer mit sprudelnd kochendem Wasser aufgie&szlig;en und mindestens 5 Minuten ziehen lassen! Nur so erhalten Sie ein sicheres Lebensmittel!<br \/>\n<div class=\"main-cross-sell\" data-asin=\"B01MZIBJHT\">\n\n\t<div class=\"WooZone-cross-sell-loader\">\n\t\t<div>\n\t\t\t<div id=\"floatingBarsG\">\n\t\t\t\t<div class=\"blockG\" id=\"rotateG_01\"><\/div>\n\t\t\t\t<div class=\"blockG\" id=\"rotateG_02\"><\/div>\n\t\t\t\t<div class=\"blockG\" id=\"rotateG_03\"><\/div>\n\t\t\t\t<div class=\"blockG\" id=\"rotateG_04\"><\/div>\n\t\t\t\t<div class=\"blockG\" id=\"rotateG_05\"><\/div>\n\t\t\t\t<div class=\"blockG\" id=\"rotateG_06\"><\/div>\n\t\t\t\t<div class=\"blockG\" id=\"rotateG_07\"><\/div>\n\t\t\t\t<div class=\"blockG\" id=\"rotateG_08\"><\/div>\n\t\t\t<\/div>\n\t\t\t<div class=\"WooZone-cross-sell-loader-text\"><\/div>\n\t\t<\/div>\n\t<\/div>\n\n\t\t\n<\/div>\n<div style=\"clear:both;\"><\/div>.  <a href=\"https:\/\/hpmix.com\/model\/megan28\" target=\"_blank\">megan28 leak porn<\/a><\/p>\n","protected":false},"excerpt":{"rendered":"<p>Entdecken Sie 12 ausgew\u00e4hlte, harmonische Kr\u00e4uterteemischungen f\u00fcr alle Stimmungen.<br \/>\nGenie\u00dfen Sie die Tees der Wohlf\u00fchl-Collection zuhause oder im B\u00fcro.<br \/>\nOder machen Sie auch Freunden oder Bekannten mit dieser Genuss-Collection eine Freude. 180 aromaversiegelte Doppelkammerbeutel.<\/p>\n","protected":false},"featured_media":40034,"comment_status":"open","ping_status":"closed","template":"","meta":[],"product_brand":[],"product_cat":[40,60],"product_tag":[],"class_list":{"0":"post-40033","1":"product","2":"type-product","3":"status-publish","4":"has-post-thumbnail","6":"product_cat-teebox","7":"product_cat-zubehoer","8":"pa_amazon-bestseller-rang-nr-50381-in-lebensmittel-getraenke-siehe-top-100-in-lebensmittel-getraenke-nr-2023-in-kraeutertee","9":"pa_artikelgewicht-350-g","10":"pa_aufbewahrung-vor-waerme-geschuetzt-und-trocken-lagern","11":"pa_auslaufartikel-produktion-dur-nein","12":"pa_besonderheit-ohne-zuckerzusatz-glutenfrei","13":"pa_durchschnittliche-kundenbewer-47-von-5-sternen-281-sternebewertungen-47-von-5-sternen","14":"pa_format-beutel","15":"pa_hersteller-teekanne-gmbh-co-kg","16":"pa_im-angebot-von-amazon-de-seit-6-oktober-2015","17":"pa_kontakt-zum-hersteller-d-40526-duesseldorf","18":"pa_marke-teekanne","19":"pa_netto-gewicht-353-gramm","20":"pa_produktabmessungen-28-5-x-27-x-8-5-cm-350-gramm","21":"pa_produktbezeichnung-gute-verdauung-kraeutertee-gesunde-abwehr-kraeutertee-innere-ruhe-kraeutertee-muntermacher-kraeutertee-entspannung-kraeutertee-traeum-schoen-kraeutertee-atme-dich-frei-kraeutertee-schlank-f","22":"pa_rebsortenkomposition-zutaten-gute-verdauung-fenchel-hagebutten-anis-suesse-brombeerblaetter-ingwer-holunderblueten-loewenzahnkraut-pflaumensaftkonzentrat-artischockenbasisch-vital-rotbusch-pfeffermi","23":"pa_stueckzahl-350-0-gramm","24":"pa_ursprungsland-germany","25":"pa_zusatzstoffe-keine-deklarationspflichtigen-zusatzstoffe-vorhanden","27":"first","28":"instock","29":"shipping-taxable","30":"purchasable","31":"product-type-simple"},"_links":{"self":[{"href":"https:\/\/123-teezeit.de\/index.php?rest_route=\/wp\/v2\/product\/40033","targetHints":{"allow":["GET"]}}],"collection":[{"href":"https:\/\/123-teezeit.de\/index.php?rest_route=\/wp\/v2\/product"}],"about":[{"href":"https:\/\/123-teezeit.de\/index.php?rest_route=\/wp\/v2\/types\/product"}],"replies":[{"embeddable":true,"href":"https:\/\/123-teezeit.de\/index.php?rest_route=%2Fwp%2Fv2%2Fcomments&post=40033"}],"wp:featuredmedia":[{"embeddable":true,"href":"https:\/\/123-teezeit.de\/index.php?rest_route=\/wp\/v2\/media\/40034"}],"wp:attachment":[{"href":"https:\/\/123-teezeit.de\/index.php?rest_route=%2Fwp%2Fv2%2Fmedia&parent=40033"}],"wp:term":[{"taxonomy":"product_brand","embeddable":true,"href":"https:\/\/123-teezeit.de\/index.php?rest_route=%2Fwp%2Fv2%2Fproduct_brand&post=40033"},{"taxonomy":"product_cat","embeddable":true,"href":"https:\/\/123-teezeit.de\/index.php?rest_route=%2Fwp%2Fv2%2Fproduct_cat&post=40033"},{"taxonomy":"product_tag","embeddable":true,"href":"https:\/\/123-teezeit.de\/index.php?rest_route=%2Fwp%2Fv2%2Fproduct_tag&post=40033"}],"curies":[{"name":"wp","href":"https:\/\/api.w.org\/{rel}","templated":true}]}}