{"id":40051,"date":"2022-02-12T18:54:19","date_gmt":"2022-02-12T18:54:19","guid":{"rendered":"https:\/\/123-teezeit.de\/?product=der-franz-schwarztee-earl-grey-in-ganzen-blaettern-250-g"},"modified":"2023-04-10T09:00:23","modified_gmt":"2023-04-10T09:00:23","slug":"der-franz-schwarztee-earl-grey-in-ganzen-blaettern-250-g","status":"publish","type":"product","link":"https:\/\/123-teezeit.de\/?product=der-franz-schwarztee-earl-grey-in-ganzen-blaettern-250-g","title":{"rendered":"Der-Franz Schwarztee \u201eEarl Grey\u201c in ganzen Bl\u00e4ttern, 250\u00a0g"},"content":{"rendered":"<p><!-- show up to 2 reviews by default -->           <\/p>\n<h3> <span>Produktbeschreibung<\/span> <\/h3>\n<p> <span>Schwarztee \u201eEarl Grey\u201c in ganzen Bl\u00e4ttern 250&nbsp;g.<\/span>  <\/p>\n<h3> <span>Inhaltsstoffe \/ Zutaten<\/span> <\/h3>\n<p> <span>Der-Franz Schwarztee \u201eEarl Grey\u201c in ganzen Bl\u00e4ttern, 250 g Apfel, Holunderbeeren, Erdbeere, Himbeere, Hibiskus, Hagebutte, nat\u00fcrliches Aroma von SAHNE und Vanille<\/span>  <\/p>\n<p>Ceylon Schwarztee mit Bergamotte-Geschmack<br \/>\nBeutel mit losem Tee, damit sich das ganze Blatt frei und optimal entfalten sowie ein volles Aroma und seinen maximalen Geschmack entwickeln kann<br \/>\nTraditioneller Hersteller seit 1929<br \/>\nGenie\u00dfen Sie hervorragende Geschmackskompositionen, h\u00f6chste Qualit\u00e4t und ein erfrischendes Designkonzept<br \/>\n<div class=\"main-cross-sell\" data-asin=\"B07Y5JSM4R\">\n\n\t<div class=\"WooZone-cross-sell-loader\">\n\t\t<div>\n\t\t\t<div id=\"floatingBarsG\">\n\t\t\t\t<div class=\"blockG\" id=\"rotateG_01\"><\/div>\n\t\t\t\t<div class=\"blockG\" id=\"rotateG_02\"><\/div>\n\t\t\t\t<div class=\"blockG\" id=\"rotateG_03\"><\/div>\n\t\t\t\t<div class=\"blockG\" id=\"rotateG_04\"><\/div>\n\t\t\t\t<div class=\"blockG\" id=\"rotateG_05\"><\/div>\n\t\t\t\t<div class=\"blockG\" id=\"rotateG_06\"><\/div>\n\t\t\t\t<div class=\"blockG\" id=\"rotateG_07\"><\/div>\n\t\t\t\t<div class=\"blockG\" id=\"rotateG_08\"><\/div>\n\t\t\t<\/div>\n\t\t\t<div class=\"WooZone-cross-sell-loader-text\"><\/div>\n\t\t<\/div>\n\t<\/div>\n\n\t\t\n<\/div>\n<div style=\"clear:both;\"><\/div><\/p>\n","protected":false},"excerpt":{"rendered":"<p>Ceylon Schwarztee mit Bergamotte-Geschmack<br \/>\nBeutel mit losem Tee, damit sich das ganze Blatt frei und optimal entfalten sowie ein volles Aroma und seinen maximalen Geschmack entwickeln kann<br \/>\nTraditioneller Hersteller seit 1929<\/p>\n","protected":false},"featured_media":40052,"comment_status":"open","ping_status":"closed","template":"","meta":[],"product_brand":[],"product_cat":[23],"product_tag":[],"class_list":{"0":"post-40051","1":"product","2":"type-product","3":"status-publish","4":"has-post-thumbnail","6":"product_cat-schwarztee","7":"pa_artikelgewicht-250-g","8":"pa_herkunftsland-oesterreich","9":"pa_hersteller-hs-trading-gmbh","10":"pa_marke-der-franz","11":"pa_netto-gewicht-250-gramm","12":"pa_produktabmessungen-5-x-8-5-x-24-cm-250-gramm","13":"pa_stueckzahl-250-0-gramm","15":"first","16":"instock","17":"shipping-taxable","18":"purchasable","19":"product-type-simple"},"_links":{"self":[{"href":"https:\/\/123-teezeit.de\/index.php?rest_route=\/wp\/v2\/product\/40051","targetHints":{"allow":["GET"]}}],"collection":[{"href":"https:\/\/123-teezeit.de\/index.php?rest_route=\/wp\/v2\/product"}],"about":[{"href":"https:\/\/123-teezeit.de\/index.php?rest_route=\/wp\/v2\/types\/product"}],"replies":[{"embeddable":true,"href":"https:\/\/123-teezeit.de\/index.php?rest_route=%2Fwp%2Fv2%2Fcomments&post=40051"}],"wp:featuredmedia":[{"embeddable":true,"href":"https:\/\/123-teezeit.de\/index.php?rest_route=\/wp\/v2\/media\/40052"}],"wp:attachment":[{"href":"https:\/\/123-teezeit.de\/index.php?rest_route=%2Fwp%2Fv2%2Fmedia&parent=40051"}],"wp:term":[{"taxonomy":"product_brand","embeddable":true,"href":"https:\/\/123-teezeit.de\/index.php?rest_route=%2Fwp%2Fv2%2Fproduct_brand&post=40051"},{"taxonomy":"product_cat","embeddable":true,"href":"https:\/\/123-teezeit.de\/index.php?rest_route=%2Fwp%2Fv2%2Fproduct_cat&post=40051"},{"taxonomy":"product_tag","embeddable":true,"href":"https:\/\/123-teezeit.de\/index.php?rest_route=%2Fwp%2Fv2%2Fproduct_tag&post=40051"}],"curies":[{"name":"wp","href":"https:\/\/api.w.org\/{rel}","templated":true}]}}