{"id":40114,"date":"2022-02-12T19:00:57","date_gmt":"2022-02-12T19:00:57","guid":{"rendered":"https:\/\/123-teezeit.de\/?product=teekanne-premium-selection-box-12-x-15-teebeutel-390-g"},"modified":"2026-01-10T00:05:57","modified_gmt":"2026-01-10T00:05:57","slug":"teekanne-premium-selection-box-12-x-15-teebeutel-390-g","status":"publish","type":"product","link":"https:\/\/123-teezeit.de\/?product=teekanne-premium-selection-box-12-x-15-teebeutel-390-g","title":{"rendered":"Teekanne Premium Selection Box, 12 x 15 Teebeutel, 390 g"},"content":{"rendered":"<p><a href=\"https:\/\/sophierain.blog\/\" target=\"_blank\">sophie rain of<\/a><!-- show up to 2 reviews by default --> <\/p>\n<h3> <span>Produktbeschreibung<\/span> <\/h3>\n<p> <span>Premium Selection Box Geschmacksvielfalt in h\u00f6chster Qualit\u00e4t, entwickelt f\u00fcr den modernen Genie\u00dfer. Eine Premium-Klasse, die von feinen Schwarztees \u00fcber wohltuende Kr\u00e4utertees bis hin zu frischen Fr\u00fcchtetees reicht. Eine Sortenvielfalt von 12 verschiedenen Tees l\u00e4sst kaum einen Teetrinker-Wunsch offen. Das TEEKANNE Gastro Premium Sortiment Das ganz besondere Kennzeichen des Sortimentes ist die hochwertige Aroma-Schutz-Umh\u00fcllung jedes einzelnen Beutels, die zus\u00e4tzlich zum optimalen Hygiene-Schutz und zur besten Lagerf\u00e4higkeit beitr\u00e4gt. Inhalt 15x 1,75g English Breakfast, 15 x 1,75g Assam, 15 x 1,75g Darjeeling, 15 x 2,00g Earl Grey, 15 x 1,75g Green Tea, 15 x 1,75g Ingwer Zitrone, 15 x 1,50g Kamille, 15 x 2,00g 8 Kr\u00e4uter, 15 x 2,25g Pfefferminze, 15 x 1,75g Rooibos Vanilla, 15 x 3,00g Fruit Selection, 15 x 3,00g Waldbeeren<\/span> <\/p>\n<h3> <span>Inhaltsstoffe \/ Zutaten<\/span> <\/h3>\n<p> <span>Zutaten: GREEN TEA: Gr\u00fcner Tee; EARL GREY: Schwarzer Tee, Bergamottearoma, Bergamotte-\u00d6l; ASSAM: Schwarzer Tee; DARJEELING: Schwarzer Tee; ENGLISH BREAKFAST: Schwarzer Tee; 8 KR\u00c4UTER: Rotbusch, Brombeerbl\u00e4tter, Zitronenverbene, Pfefferminze, Kamille, Fenchel, S\u00fc\u00dfholz, Zimt; PFEFFERMINZE: Pfefferminze; KAMILLE: Kamille; ROOIBOS VANILLA: Rotbusch (93%), Vanillearoma (7%); INGWER ZITRONE: Ingwer (51%), Lemongras (25%), Zitronenschalen (10%), Zitronenmyrte (8%), S&amp;u&#8230;<\/span> <\/p>\n<div data-a-expander-name=\"toggle_description\" class=\"a-row a-expander-container a-expander-extend-container\">\n<div class=\"a-expander-content a-expander-extend-content\">\n<h3> <span>Gebrauchsanweisung<\/span> <\/h3>\n<\/p>\n<ul class=\"a-unordered-list a-vertical\">\n<li><span class=\"a-list-item\"><span>Nehmen Sie f\u00fcr eine Tasse 1 Teebeutel. Mit sprudelnd kochendem Wasser aufgie\u00dfen und mindestens 5-8 Minuten ziehen lassen. Nur so erhalten Sie ein sicheres Lebensmittel!<\/span><\/span><\/li>\n<li><span class=\"a-list-item\"><span>Teebeutel unbedingt mit frischem, sprudelnd kochendem Wasser aufgie\u00dfen (200 ml) und 3-5 Minuten ziehen lassen.<\/span><\/span><\/li>\n<\/ul>\n<h3> <span>Anschrift Hersteller\/Importeur<\/span> <\/h3>\n<p> <span>D-40526 D\u00fcsseldorf<\/span> <\/p>\n<\/p><\/div>\n<p> <a data-csa-c-func-deps=\"aui-da-a-expander-toggle\" data-csa-c-type=\"widget\" data-csa-interaction-events=\"click\" role=\"button\" href=\"void(0)\" data-action=\"a-expander-toggle\" class=\"a-expander-header a-declarative a-expander-extend-header\" data-a-expander-toggle=\"{\"><i class=\"a-icon a-icon-extender-expand\"><\/i><span class=\"a-expander-prompt\">Mehr<\/span><\/a> <\/div>\n<p>Premium Selection Box Geschmacksvielfalt in h\u00f6chster Qualit\u00e4t, entwickelt f\u00fcr den modernen Genie\u00dfer.<br \/>\nEine Premium-Klasse, die von feinen Schwarztees \u00fcber herrliche Kr\u00e4utertees bis hin zu frischen Fr\u00fcchtetees reicht.<br \/>\nEine Sortenvielfalt von 12 verschiedenen Tees l\u00e4sst kaum einen Teetrinker-Wunsch offen.<br \/>\nDas ganz besondere Kennzeichen des Sortimentes ist die hochwertige Aroma-Schutz-Umh\u00fcllung jedes einzelnen Beutels, die zus\u00e4tzlich zum optimalen Hygiene-Schutz und zur besten Lagerf\u00e4higkeit beitr\u00e4gt.<br \/>\nPerfektes Geschenk. Ideal f\u00fcr alle Teeliebhaber oder die, die es werden wollen.<br \/>\n<div class=\"main-cross-sell\" data-asin=\"B00QGR83AA\">\n\n\t<div class=\"WooZone-cross-sell-loader\">\n\t\t<div>\n\t\t\t<div id=\"floatingBarsG\">\n\t\t\t\t<div class=\"blockG\" id=\"rotateG_01\"><\/div>\n\t\t\t\t<div class=\"blockG\" id=\"rotateG_02\"><\/div>\n\t\t\t\t<div class=\"blockG\" id=\"rotateG_03\"><\/div>\n\t\t\t\t<div class=\"blockG\" id=\"rotateG_04\"><\/div>\n\t\t\t\t<div class=\"blockG\" id=\"rotateG_05\"><\/div>\n\t\t\t\t<div class=\"blockG\" id=\"rotateG_06\"><\/div>\n\t\t\t\t<div class=\"blockG\" id=\"rotateG_07\"><\/div>\n\t\t\t\t<div class=\"blockG\" id=\"rotateG_08\"><\/div>\n\t\t\t<\/div>\n\t\t\t<div class=\"WooZone-cross-sell-loader-text\"><\/div>\n\t\t<\/div>\n\t<\/div>\n\n\t\t\n<\/div>\n<div style=\"clear:both;\"><\/div><\/p>\n","protected":false},"excerpt":{"rendered":"<p>Premium Selection Box Geschmacksvielfalt in h\u00f6chster Qualit\u00e4t, entwickelt f\u00fcr den modernen Genie\u00dfer.<br \/>\nEine Premium-Klasse, die von feinen Schwarztees \u00fcber herrliche Kr\u00e4utertees bis hin zu frischen Fr\u00fcchtetees reicht.<br \/>\nEine Sortenvielfalt von 12 verschiedenen Tees l\u00e4sst kaum einen Teetrinker-Wunsch offen.<\/p>\n","protected":false},"featured_media":40115,"comment_status":"open","ping_status":"closed","template":"","meta":[],"product_brand":[],"product_cat":[83],"product_tag":[],"class_list":{"0":"post-40114","1":"product","2":"type-product","3":"status-publish","4":"has-post-thumbnail","6":"product_cat-teebeutel","7":"pa_amazon-bestseller-rang-nr-8496-in-lebensmittel-getraenke-siehe-top-100-in-lebensmittel-getraenke-nr-18-in-tee-geschenkideen-nr-643-in-tee-lebensmittel-getraenke","8":"pa_artikelgewicht-390-g","9":"pa_aufbewahrung-vor-waerme-geschuetzt-und-trocken-lagern","10":"pa_auslaufartikel-produktion-dur-nein","11":"pa_besonderheit-ohne-zuckerzusatz-ohne-kuenstliche-aromen","12":"pa_durchschnittliche-kundenbewer-47-von-5-sternen-1-959-sternebewertungen-47-von-5-sternen","13":"pa_format-beutel","14":"pa_herkunftsland-deutschland","15":"pa_hersteller-teekanne","16":"pa_im-angebot-von-amazon-de-seit-2-dezember-2014","17":"pa_koffeingehalt-koffeinhaltig","18":"pa_kontakt-zum-hersteller-d-40526-duesseldorf","19":"pa_marke-teekanne","20":"pa_netto-gewicht-363-75-gramm","21":"pa_produktabmessungen-27-x-28-5-x-8-5-cm-390-gramm","22":"pa_produktbezeichnung-gastro-sortimentsbox-180-btl","23":"pa_rebsortenkomposition-zutaten-green-tea-gruener-tee-earl-grey-schwarzer-tee-bergamottearoma-bergamotte-oel-assam-schwarzer-tee-darjeeling-schwarzer-tee-english-breakfast-schwarzer-tee-8-kraeuter-rotb","24":"pa_stueckzahl-390-0-gramm","25":"pa_ursprungsland-austria","26":"pa_ursprungsland-der-primaeren-z-oesterreich","27":"pa_zertifizierung-rainforest-alliance-zertifziert-zum-schutz-des-regenwaldes","28":"pa_zusatzstoffe-enthaelt-suessholz-enthaelt-koffein-fuer-kinder-und-schwangere-frauen-nicht-empfohlen","30":"first","31":"instock","32":"shipping-taxable","33":"purchasable","34":"product-type-simple"},"_links":{"self":[{"href":"https:\/\/123-teezeit.de\/index.php?rest_route=\/wp\/v2\/product\/40114","targetHints":{"allow":["GET"]}}],"collection":[{"href":"https:\/\/123-teezeit.de\/index.php?rest_route=\/wp\/v2\/product"}],"about":[{"href":"https:\/\/123-teezeit.de\/index.php?rest_route=\/wp\/v2\/types\/product"}],"replies":[{"embeddable":true,"href":"https:\/\/123-teezeit.de\/index.php?rest_route=%2Fwp%2Fv2%2Fcomments&post=40114"}],"wp:featuredmedia":[{"embeddable":true,"href":"https:\/\/123-teezeit.de\/index.php?rest_route=\/wp\/v2\/media\/40115"}],"wp:attachment":[{"href":"https:\/\/123-teezeit.de\/index.php?rest_route=%2Fwp%2Fv2%2Fmedia&parent=40114"}],"wp:term":[{"taxonomy":"product_brand","embeddable":true,"href":"https:\/\/123-teezeit.de\/index.php?rest_route=%2Fwp%2Fv2%2Fproduct_brand&post=40114"},{"taxonomy":"product_cat","embeddable":true,"href":"https:\/\/123-teezeit.de\/index.php?rest_route=%2Fwp%2Fv2%2Fproduct_cat&post=40114"},{"taxonomy":"product_tag","embeddable":true,"href":"https:\/\/123-teezeit.de\/index.php?rest_route=%2Fwp%2Fv2%2Fproduct_tag&post=40114"}],"curies":[{"name":"wp","href":"https:\/\/api.w.org\/{rel}","templated":true}]}}