{"id":40134,"date":"2022-02-12T19:05:49","date_gmt":"2022-02-12T19:05:49","guid":{"rendered":"https:\/\/123-teezeit.de\/?product=lipton-gruener-tee-mandarine-orange-pyramidenteebeutel-36-g"},"modified":"2023-04-10T09:00:24","modified_gmt":"2023-04-10T09:00:24","slug":"lipton-gruener-tee-mandarine-orange-pyramidenteebeutel-36-g","status":"publish","type":"product","link":"https:\/\/123-teezeit.de\/?product=lipton-gruener-tee-mandarine-orange-pyramidenteebeutel-36-g","title":{"rendered":"Lipton Gr\u00fcner Tee Mandarine Orange Pyramidenteebeutel, 36 g"},"content":{"rendered":"<p><!-- show up to 2 reviews by default --> <\/p>\n<h3> <span>Produktbeschreibung<\/span> <\/h3>\n<p> <span>Achtung, spritzig. Mandarinen- und Orangenaroma kombiniert mit dem leichten, frischen Geschmack von mildem Lipton Gr\u00fcntee. Das ist Lipton Green Tea Mandarin Orange. In der Lipton Pyramide k\u00f6nnen die zarten Teebl\u00e4tter Ihren Charakter voll entfalten. Dank der aromaschonenden und wiederverschlie\u00dfbaren klick-box bleibt der Tee immer fruchtig-frisch und jede Tasse Tee beh\u00e4lt den gleichen, vollen und aromatischen Geschmack. Frisch, duftend und angenehm anregend \u2013 Die feinen Geschmacksnoten von gr\u00fcnem Tee vertragen sich hervorragend mit den Aromen von Zitrusfr\u00fcchten. Darauf sollten wir uns zur\u00fccklehnen und eine Tasse Tee genie\u00dfen. Wer einmal auf den Geschmack gekommen ist, wird ihn lieben. Gr\u00fcner Tee schmeckt, je nach Zubereitung, leicht herb, aromatisch und frisch. Wir empfehlen f\u00fcr die Zubereitung von gr\u00fcnem Tee, das Wasser zun\u00e4chst sprudelnd aufzukochen und anschlie\u00dfend ca. 2-3 Minuten auf 90 Grad abk\u00fchlen zu lassen. Sie m\u00f6chten Gr\u00fcntee trinken, Der nachhaltig ist und sich f\u00fcr faire Lebensbedingungen f\u00fcr Teepfl\u00fccker einsetzt? Kein Problem Mit Lipton. Ein gro\u00dfer Schritt war 2007 Die Zertifizierung der lipton-plantage in Kericho, Kenia, die als erste Teeplantage weltweit mit dem rainforest-alliance-siegel ausgezeichnet wurde. Die Rainforest Alliance steht unter anderem f\u00fcr den Erhalt der Artenvielfalt, \u00f6kologische Landnutzung und ein werteorientiertes Verbraucherverhalten. Alle gr\u00fcn- und Schwarztees von Lipton sind bereits seit 2015 mit dem rainforest-alliance-siegel zertifiziert.<\/span> <\/p>\n<h3> <span>Inhaltsstoffe \/ Zutaten<\/span> <\/h3>\n<p> <span>Green tea [1], Natural Orange Flavouring with other natural flavourings, orange peel (2,9%), mandarin peel (2,9%). [1]<\/span> <\/p>\n<div data-a-expander-name=\"toggle_description\" class=\"a-row a-expander-container a-expander-extend-container\">\n<div class=\"a-expander-content a-expander-extend-content\">\n<h3> <span>Warnhinweise<\/span> <\/h3>\n<p> <span>nicht vorhanden<\/span> <\/p>\n<h3> <span>Anschrift Hersteller\/Importeur<\/span> <\/h3>\n<p> <span>Unilever Deutschland Holding GmbH Neue Burg 1 D-20457 Hamburg<\/span> <\/p>\n<\/p><\/div>\n<p> <a data-csa-c-func-deps=\"aui-da-a-expander-toggle\" data-csa-c-type=\"widget\" data-csa-interaction-events=\"click\" role=\"button\" href=\"void(0)\" data-action=\"a-expander-toggle\" class=\"a-expander-header a-declarative a-expander-extend-header\" data-a-expander-toggle=\"{\"><i class=\"a-icon a-icon-extender-expand\"><\/i><span class=\"a-expander-prompt\">Mehr<\/span><\/a> <\/div>\n<p>safety warning; nicht vorhanden<br \/>\n<div class=\"main-cross-sell\" data-asin=\"B003BJL28G\">\n\n\t<div class=\"WooZone-cross-sell-loader\">\n\t\t<div>\n\t\t\t<div id=\"floatingBarsG\">\n\t\t\t\t<div class=\"blockG\" id=\"rotateG_01\"><\/div>\n\t\t\t\t<div class=\"blockG\" id=\"rotateG_02\"><\/div>\n\t\t\t\t<div class=\"blockG\" id=\"rotateG_03\"><\/div>\n\t\t\t\t<div class=\"blockG\" id=\"rotateG_04\"><\/div>\n\t\t\t\t<div class=\"blockG\" id=\"rotateG_05\"><\/div>\n\t\t\t\t<div class=\"blockG\" id=\"rotateG_06\"><\/div>\n\t\t\t\t<div class=\"blockG\" id=\"rotateG_07\"><\/div>\n\t\t\t\t<div class=\"blockG\" id=\"rotateG_08\"><\/div>\n\t\t\t<\/div>\n\t\t\t<div class=\"WooZone-cross-sell-loader-text\"><\/div>\n\t\t<\/div>\n\t<\/div>\n\n\t\t\n<\/div>\n<div style=\"clear:both;\"><\/div><\/p>\n","protected":false},"excerpt":{"rendered":"<p>safety warning; nicht vorhanden<\/p>\n","protected":false},"featured_media":40135,"comment_status":"open","ping_status":"closed","template":"","meta":[],"product_brand":[],"product_cat":[83],"product_tag":[],"class_list":{"0":"post-40134","1":"product","2":"type-product","3":"status-publish","4":"has-post-thumbnail","6":"product_cat-teebeutel","7":"pa_amazon-bestseller-rang-nr-8602-in-lebensmittel-getraenke-siehe-top-100-in-lebensmittel-getraenke-nr-101-in-gruener-tee","8":"pa_artikelgewicht-0-04-g","9":"pa_aufbewahrung-kuehl-und-trocken-lagern","10":"pa_durchschnittliche-kundenbewer-47-von-5-sternen-33-sternebewertungen-47-von-5-sternen","11":"pa_format-beutel","12":"pa_herkunftsland-polen","13":"pa_hersteller-unilever","14":"pa_im-angebot-von-amazon-de-seit-18-juli-2020","15":"pa_kontakt-zum-hersteller-unilever-deutschland-holding-gmbh-neue-burg-1-d-20457-hamburg","16":"pa_marke-lipton","17":"pa_netto-gewicht-0-04-kilogramm","18":"pa_produktabmessungen-6-x-10-x-10-cm-0-03-gramm","19":"pa_produktbezeichnung-lipton-gruener-tee-mandarine-orange-fuer-einen-aromatischen-geschmack-aus-nachhaltigem-anbau-20-beutel","20":"pa_stueckzahl-20-stueck","22":"first","23":"instock","24":"shipping-taxable","25":"purchasable","26":"product-type-simple"},"_links":{"self":[{"href":"https:\/\/123-teezeit.de\/index.php?rest_route=\/wp\/v2\/product\/40134","targetHints":{"allow":["GET"]}}],"collection":[{"href":"https:\/\/123-teezeit.de\/index.php?rest_route=\/wp\/v2\/product"}],"about":[{"href":"https:\/\/123-teezeit.de\/index.php?rest_route=\/wp\/v2\/types\/product"}],"replies":[{"embeddable":true,"href":"https:\/\/123-teezeit.de\/index.php?rest_route=%2Fwp%2Fv2%2Fcomments&post=40134"}],"wp:featuredmedia":[{"embeddable":true,"href":"https:\/\/123-teezeit.de\/index.php?rest_route=\/wp\/v2\/media\/40135"}],"wp:attachment":[{"href":"https:\/\/123-teezeit.de\/index.php?rest_route=%2Fwp%2Fv2%2Fmedia&parent=40134"}],"wp:term":[{"taxonomy":"product_brand","embeddable":true,"href":"https:\/\/123-teezeit.de\/index.php?rest_route=%2Fwp%2Fv2%2Fproduct_brand&post=40134"},{"taxonomy":"product_cat","embeddable":true,"href":"https:\/\/123-teezeit.de\/index.php?rest_route=%2Fwp%2Fv2%2Fproduct_cat&post=40134"},{"taxonomy":"product_tag","embeddable":true,"href":"https:\/\/123-teezeit.de\/index.php?rest_route=%2Fwp%2Fv2%2Fproduct_tag&post=40134"}],"curies":[{"name":"wp","href":"https:\/\/api.w.org\/{rel}","templated":true}]}}