{"id":40216,"date":"2022-02-12T19:07:11","date_gmt":"2022-02-12T19:07:11","guid":{"rendered":"https:\/\/123-teezeit.de\/?product=messmer-minze-zitrone-23-teebeutel-intensiv-frisch-vegan-glutenfrei-laktosefrei"},"modified":"2026-02-23T00:00:35","modified_gmt":"2026-02-23T00:00:35","slug":"messmer-minze-zitrone-23-teebeutel-intensiv-frisch-vegan-glutenfrei-laktosefrei","status":"publish","type":"product","link":"https:\/\/123-teezeit.de\/?product=messmer-minze-zitrone-23-teebeutel-intensiv-frisch-vegan-glutenfrei-laktosefrei","title":{"rendered":"Me\u00dfmer Minze-Zitrone | 23 Teebeutel | Intensiv-frisch | Vegan | Glutenfrei | Laktosefrei"},"content":{"rendered":"<p><a href=\"https:\/\/henningnyc.com\/creator\/kei222\" target=\"_blank\">nudes leaked kei222<\/a><!-- show up to 2 reviews by default --> <\/p>\n<h3> <span>Produktbeschreibung<\/span> <\/h3>\n<p> <span>Zeit f\u00fcr einen Moment Gelassenheit. Me\u00dfmer m\u00f6chte dich daran erinnern, das Leben ab und an etwas gelassener zu sehen. Daf\u00fcr haben wir mit viel Leidenschaft eine gro\u00dfe Auswahl wunderbarer Tees in bester Me\u00dfmer-Qualit\u00e4t kreiert. Entdecke unsere Vielfalt an Bio Tees oder L\u00e4ndertees, mit denen du dich genussvoll in ferne Welten tr\u00e4umen kannst oder unsere Fabelhaften Tees f\u00fcr deine besonderen Genuss-Momente. Eine gro\u00dfe Auswahl an lecker-s\u00fc\u00dfen Fr\u00fcchtetees oder unsere beliebten Kr\u00e4uter-, Gr\u00fcn-, und Schwarztee-Klassiker. Egal, welche Me\u00dfmer Tees deine Lieblingstees sind \u2013 genie\u00dfe sie mit allen Sinnen Denn wir m\u00f6chten, dass du immer sagen kannst: Me\u00dfmer macht meinen Moment.<\/span> <\/p>\n<h3> <span>Inhaltsstoffe \/ Zutaten<\/span> <\/h3>\n<p> <span>Zutaten: Pfefferminze* (88%), Aroma, S\u00e4uerungsmittel: Citronens\u00e4ure, Zitronenschalen*. *50% Rainforest Alliance Certified. Mehr Informationen unter ra.org<\/span> <\/p>\n<div data-a-expander-name=\"toggle_description\" class=\"a-row a-expander-container a-expander-extend-container\">\n<div class=\"a-expander-content a-expander-extend-content\">\n<h3> <span>Gebrauchsanweisung<\/span> <\/h3>\n<p> <span>Wichtiger Hinweis: F\u00fcr eine Tasse immer 1 Teebeutel und mindestens 4 Teebeutel f\u00fcr eine Kanne (1l) nehmen. Immer mit sprudelnd kochendem Wasser aufgie\u00dfen und 6 Minuten ziehen lassen! Nur so erh\u00e4ltst du ein sicheres Lebensmittel!<\/span> <\/p>\n<h3> <span>Anschrift Hersteller\/Importeur<\/span> <\/h3>\n<p> <span>21218 Seevetal Deutschland<\/span> <\/p>\n<\/p><\/div>\n<p> <a data-csa-c-func-deps=\"aui-da-a-expander-toggle\" data-csa-c-type=\"widget\" data-csa-interaction-events=\"click\" role=\"button\" href=\"void(0)\" data-action=\"a-expander-toggle\" class=\"a-expander-header a-declarative a-expander-extend-header\" data-a-expander-toggle=\"{\"><i class=\"a-icon a-icon-extender-expand\"><\/i><span class=\"a-expander-prompt\">Mehr<\/span><\/a> <\/div>\n<p>Die Minze ist ebenso vielf\u00e4ltig wie beliebt \u2013 f\u00fcr ihren mentholig, intensiven Charakter wird die Minze seit jeher gesch\u00e4tzt. Vereint mit einer frischen Zitrusnote haben die Me\u00dfmer Tee-Experten einen fein abgestimmten Kr\u00e4utertee kreiert. F\u00fcr ein aromatisch, zitrisches Genusserlebnis.<br \/>\nPfefferminze ist eine Gew\u00fcrzpflanze aus der Gattung der Minze. Nicht \u201ePfeffer\u201c sorgt f\u00fcr ihren etwas sch\u00e4rferen Geschmack, sondern der hohe Mentholgehalt. Die Pfefferminze ist eine besonders beliebte Minzsorte und wird vorwiegend in Europa, Nordamerika und Teilen von Afrika angebaut.<br \/>\nBring frisches Wasser zum Kochen und \u00fcbergie\u00dfe den Tee mit sprudelnd kochendem Wasser. Lass den Tee 6 Minuten ziehen, damit sich der volle Geschmack entfalten kann und du ein sicheres Lebensmittel erh\u00e4ltst.<br \/>\nWusstest du, dass Me\u00dfmer heute die Tee-Marke in Deutschland und \u00d6sterreich ist, die dir ein umfangreiches Produktsortiment aus nachhaltigem Anbau bietet? Denn als Familienunternehmen mit mehr als 150 Jahren Erfahrung haben wir uns eine klare Aufgabe gesetzt: Wir verbessern langfristig die Lebensqualit\u00e4t in den Anbaugebieten und setzen uns f\u00fcr den Schutz der Natur ein. Daf\u00fcr geben wir jeden Tag unser Bestes. Deshalb arbeiten wir mit der Rainforest Alliance zusammen, einer internationalen gemeinn\u00fctzigen Organisation, die sich f\u00fcr eine bessere Zukunft f\u00fcr Mensch und Natur einsetzt.<br \/>\nEgal, ob du Kr\u00e4utertees, Fr\u00fcchtetees oder klassische Gr\u00fcn- und Schwarztees magst: Me\u00dfmer hat Teesorten, die du lieben wirst! Daf\u00fcr sorgen unsere Me\u00dfmer Tee-Experten, die mit langj\u00e4hriger Erfahrung, viel Handwerkskunst und einem sicheren Gesp\u00fcr f\u00fcr Trends immer wieder neue Tees mit einzigartigem Geschmack kreieren. \u00dcbrigens: Die Bl\u00e4tter der Teepflanze Camellia sinensis werden nur f\u00fcr unsere Schwarz- und Gr\u00fcntees verwendet. F\u00fcr unsere Kr\u00e4uter- und Fr\u00fcchtetees beziehen wir Zutaten aus \u00fcber 90 L\u00e4ndern dieser Erde. Viele davon werden sogar wild gesammelt, wie z. B. Hagebutten.<br \/>\n<div class=\"main-cross-sell\" data-asin=\"B09N93VBFY\">\n\n\t<div class=\"WooZone-cross-sell-loader\">\n\t\t<div>\n\t\t\t<div id=\"floatingBarsG\">\n\t\t\t\t<div class=\"blockG\" id=\"rotateG_01\"><\/div>\n\t\t\t\t<div class=\"blockG\" id=\"rotateG_02\"><\/div>\n\t\t\t\t<div class=\"blockG\" id=\"rotateG_03\"><\/div>\n\t\t\t\t<div class=\"blockG\" id=\"rotateG_04\"><\/div>\n\t\t\t\t<div class=\"blockG\" id=\"rotateG_05\"><\/div>\n\t\t\t\t<div class=\"blockG\" id=\"rotateG_06\"><\/div>\n\t\t\t\t<div class=\"blockG\" id=\"rotateG_07\"><\/div>\n\t\t\t\t<div class=\"blockG\" id=\"rotateG_08\"><\/div>\n\t\t\t<\/div>\n\t\t\t<div class=\"WooZone-cross-sell-loader-text\"><\/div>\n\t\t<\/div>\n\t<\/div>\n\n\t\t\n<\/div>\n<div style=\"clear:both;\"><\/div><\/p>\n","protected":false},"excerpt":{"rendered":"<p>Die Minze ist ebenso vielf\u00e4ltig wie beliebt \u2013 f\u00fcr ihren mentholig, intensiven Charakter wird die Minze seit jeher gesch\u00e4tzt. Vereint mit einer frischen Zitrusnote haben die Me\u00dfmer Tee-Experten einen fein abgestimmten Kr\u00e4utertee kreiert. F\u00fcr ein aromatisch, zitrisches Genusserlebnis.<br \/>\nPfefferminze ist eine Gew\u00fcrzpflanze aus der Gattung der Minze. Nicht \u201ePfeffer\u201c sorgt f\u00fcr ihren etwas sch\u00e4rferen Geschmack, sondern der hohe Mentholgehalt. Die Pfefferminze ist eine besonders beliebte Minzsorte und wird vorwiegend in Europa, Nordamerika und Teilen von Afrika angebaut.<br \/>\nBring frisches Wasser zum Kochen und \u00fcbergie\u00dfe den Tee mit sprudelnd kochendem Wasser. Lass den Tee 6 Minuten ziehen, damit sich der volle Geschmack entfalten kann und du ein sicheres Lebensmittel erh\u00e4ltst.<\/p>\n","protected":false},"featured_media":40217,"comment_status":"open","ping_status":"closed","template":"","meta":[],"product_brand":[],"product_cat":[83],"product_tag":[],"class_list":{"0":"post-40216","1":"product","2":"type-product","3":"status-publish","4":"has-post-thumbnail","6":"product_cat-teebeutel","7":"pa_allergie-informationen-enthaelt-glutenfrei","8":"pa_amazon-bestseller-rang-nr-6197-in-lebensmittel-getraenke-siehe-top-100-in-lebensmittel-getraenke-nr-199-in-kraeutertee","9":"pa_artikelgewicht-70-g","10":"pa_aufbewahrung-vor-waerme-geschuetzt-und-trocken-lagern","11":"pa_besonderheit-bio-glutenfrei-vegan-laktosefrei","12":"pa_durchschnittliche-kundenbewer-50-von-5-sternen-3-sternebewertungen-50-von-5-sternen","13":"pa_format-doppelkammerteebeutel","14":"pa_herkunftsland-deutschland","15":"pa_hersteller-ostfriesische-tee-gesellschaft-gmbh-co-kg","16":"pa_im-angebot-von-amazon-de-seit-8-dezember-2021","17":"pa_kontakt-zum-hersteller-21218-seevetal-deutschland","18":"pa_marke-messmer","19":"pa_produktbezeichnung-kraeutertee-aromatisiert-zitrone-geschmack","20":"pa_stueckzahl-76-0-gramm","21":"pa_ursprungsland-germany","22":"pa_verpackungsabmessungen-15-9-x-7-4-x-6-7-cm","23":"pa_zertifizierung-rainforest-alliance-zertifziert-zum-schutz-des-regenwaldes-gruener-punkt-ara-verpackungskennzeichen","24":"pa_zusatzstoffe-keine-deklarationspflichtigen-zusatzstoffe-vorhanden","26":"first","27":"instock","28":"shipping-taxable","29":"purchasable","30":"product-type-simple"},"_links":{"self":[{"href":"https:\/\/123-teezeit.de\/index.php?rest_route=\/wp\/v2\/product\/40216","targetHints":{"allow":["GET"]}}],"collection":[{"href":"https:\/\/123-teezeit.de\/index.php?rest_route=\/wp\/v2\/product"}],"about":[{"href":"https:\/\/123-teezeit.de\/index.php?rest_route=\/wp\/v2\/types\/product"}],"replies":[{"embeddable":true,"href":"https:\/\/123-teezeit.de\/index.php?rest_route=%2Fwp%2Fv2%2Fcomments&post=40216"}],"wp:featuredmedia":[{"embeddable":true,"href":"https:\/\/123-teezeit.de\/index.php?rest_route=\/wp\/v2\/media\/40217"}],"wp:attachment":[{"href":"https:\/\/123-teezeit.de\/index.php?rest_route=%2Fwp%2Fv2%2Fmedia&parent=40216"}],"wp:term":[{"taxonomy":"product_brand","embeddable":true,"href":"https:\/\/123-teezeit.de\/index.php?rest_route=%2Fwp%2Fv2%2Fproduct_brand&post=40216"},{"taxonomy":"product_cat","embeddable":true,"href":"https:\/\/123-teezeit.de\/index.php?rest_route=%2Fwp%2Fv2%2Fproduct_cat&post=40216"},{"taxonomy":"product_tag","embeddable":true,"href":"https:\/\/123-teezeit.de\/index.php?rest_route=%2Fwp%2Fv2%2Fproduct_tag&post=40216"}],"curies":[{"name":"wp","href":"https:\/\/api.w.org\/{rel}","templated":true}]}}