{"id":40232,"date":"2022-02-12T19:07:23","date_gmt":"2022-02-12T19:07:23","guid":{"rendered":"https:\/\/123-teezeit.de\/?product=messmer-gruener-tee-orange-ingwer-25-teebeutel-vegan-glutenfrei-laktosefrei"},"modified":"2023-04-10T09:00:25","modified_gmt":"2023-04-10T09:00:25","slug":"messmer-gruener-tee-orange-ingwer-25-teebeutel-vegan-glutenfrei-laktosefrei","status":"publish","type":"product","link":"https:\/\/123-teezeit.de\/?product=messmer-gruener-tee-orange-ingwer-25-teebeutel-vegan-glutenfrei-laktosefrei","title":{"rendered":"Me\u00dfmer Gr\u00fcner Tee Orange Ingwer | 25 Teebeutel | Vegan | Glutenfrei | Laktosefrei"},"content":{"rendered":"<p><!-- show up to 2 reviews by default --> <\/p>\n<h3> <span>Produktbeschreibung<\/span> <\/h3>\n<p> <span>Zeit f\u00fcr einen Moment Gelassenheit. Me\u00dfmer m\u00f6chte dich daran erinnern, das Leben ab und an etwas gelassener zu sehen. Daf\u00fcr haben wir mit viel Leidenschaft eine gro\u00dfe Auswahl wunderbarer Tees in bester Me\u00dfmer-Qualit\u00e4t kreiert. Entdecke unsere Vielfalt an Bio Tees oder L\u00e4ndertees, mit denen du dich genussvoll in ferne Welten tr\u00e4umen kannst oder unsere Fabelhaften Tees f\u00fcr deine besonderen Genuss-Momente. Eine gro\u00dfe Auswahl an lecker-s\u00fc\u00dfen Fr\u00fcchtetees oder unsere beliebten Kr\u00e4uter-, Gr\u00fcn-, und Schwarztee-Klassiker. Egal, welche Me\u00dfmer Tees deine Lieblingstees sind \u2013 genie\u00dfe sie mit allen Sinnen Denn wir m\u00f6chten, dass du immer sagen kannst: Me\u00dfmer macht meinen Moment.<\/span> <\/p>\n<h3> <span>Inhaltsstoffe \/ Zutaten<\/span> <\/h3>\n<p> <span>Zutaten: Gr\u00fcner Tee, Aroma (Orange), Ingwer (11%), Orangenschalen<\/span> <\/p>\n<div data-a-expander-name=\"toggle_description\" class=\"a-row a-expander-container a-expander-extend-container\">\n<div class=\"a-expander-content a-expander-extend-content\">\n<h3> <span>Gebrauchsanweisung<\/span> <\/h3>\n<p> <span>Nehmen Sie pro Tasse einen Aufgussbeutel. Frisches Wasser zum Kochen bringen und kurz abk\u00fchlen lassen, danach den Tee aufbr\u00fchen. Die Ziehzeit sollte nicht mehr als 4 Minuten betragen.<\/span> <\/p>\n<h3> <span>Anschrift Hersteller\/Importeur<\/span> <\/h3>\n<p> <span>21218 Seevetal Deutschland<\/span> <\/p>\n<\/p><\/div>\n<p> <a data-csa-c-func-deps=\"aui-da-a-expander-toggle\" data-csa-c-type=\"widget\" data-csa-interaction-events=\"click\" role=\"button\" href=\"void(0)\" data-action=\"a-expander-toggle\" class=\"a-expander-header a-declarative a-expander-extend-header\" data-a-expander-toggle=\"{\"><i class=\"a-icon a-icon-extender-expand\"><\/i><span class=\"a-expander-prompt\">Mehr<\/span><\/a> <\/div>\n<p>Das Vertrauen auf die wohltuenden Eigenschaften von Gr\u00fcnem Tee hat in Asien eine lange Tradition. Unsere Tee-Experten haben diese Tradition f\u00fcr die Sorte Gr\u00fcner Tee Orange-Ingwer aufgegriffen und den unfermentierten, schonend getrockneten Gru\u0308nen Tee mit wa\u0308rmendem Ingwer und fruchtiger Orangennote zu einem fruchtig-spritzigen Genusserlebnis verfeinert.<br \/>\nGr\u00fcner Tee ist im Gegensatz zum Schwarzen Tee unfermentiert. Dadurch beh\u00e4lt er seine gr\u00fcne Farbe und unterscheidet sich im Geschmack. In China, Indonesien und Japan ist er die verbreitetste Tee-Sorte. Ingwer geh\u00f6rt zu den Ingwergew\u00e4chsen und w\u00e4chst im tropischen S\u00fcdostasien. Die knolligen Wurzeln werden gerne als Gew\u00fcrz verwendet. F\u00fcr die fruchtige Orangennote in unserem Tee greifen wir auf Orangenschalen zur\u00fcck, die reich an \u00e4therischen \u00d6len sind sowie ein Orangenaroma, um das perfekte Geschmackserlebnis mit fruchtiger Note zu bieten.<br \/>\nBring frisches Wasser zum Kochen und lass es ca. 3 Minuten auf ca. 70-80\u00b0C abk\u00fchlen. Die Ziehzeit sollte nicht mehr als 4 Minuten betragen. Ansonsten besteht die Gefahr, dass der Tee bitter im Geschmack wird.<br \/>\nWusstest du, dass Me\u00dfmer heute die Tee-Marke in Deutschland und \u00d6sterreich ist, die dir ein umfangreiches Produktsortiment aus nachhaltigem Anbau bietet? Der Gro\u00dfteil unserer Tees ist mit dem unabh\u00e4ngigen Nachhaltigkeitsstandard Rainforest Alliance zertifiziert, in den das UTZ-Programm mittlerweile integriert ist. Und wir arbeiten daran, den Anteil an nachhaltigen Rohwaren m\u00f6glichst schnell auf 100% zu erh\u00f6hen. Au\u00dferdem schon seit Jahren selbstverst\u00e4ndlich bei Me\u00dfmer: Teebeutel ohne Metallklammer sowie Pyramidenbeutel auf Basis nachwachsender Rohstoffe bei unseren Cold Teas. Und Papier-Faltschachteln aus 100% Recyclingmaterial.<br \/>\nEgal, ob du Kr\u00e4utertees, Fr\u00fcchtetees oder klassische Gr\u00fcn- und Schwarztees magst: Me\u00dfmer hat Teesorten, die du lieben wirst! Daf\u00fcr sorgen unsere Me\u00dfmer Tee-Experten, die mit langj\u00e4hriger Erfahrung, viel Handwerkskunst und einem sicheren Gesp\u00fcr f\u00fcr Trends immer wieder neue Tees mit einzigartigem Geschmack kreieren. \u00dcbrigens: Die Bl\u00e4tter der Teepflanze Camellia sinensis werden nur f\u00fcr unsere Schwarz- und Gr\u00fcntees verwendet. F\u00fcr unsere Kr\u00e4uter- und Fr\u00fcchtetees beziehen wir Zutaten aus \u00fcber 90 L\u00e4ndern dieser Erde. Viele davon werden sogar wild gesammelt, wie z. B. Hagebutten.<br \/>\n<div class=\"main-cross-sell\" data-asin=\"B012I5VTB8\">\n\n\t<div class=\"WooZone-cross-sell-loader\">\n\t\t<div>\n\t\t\t<div id=\"floatingBarsG\">\n\t\t\t\t<div class=\"blockG\" id=\"rotateG_01\"><\/div>\n\t\t\t\t<div class=\"blockG\" id=\"rotateG_02\"><\/div>\n\t\t\t\t<div class=\"blockG\" id=\"rotateG_03\"><\/div>\n\t\t\t\t<div class=\"blockG\" id=\"rotateG_04\"><\/div>\n\t\t\t\t<div class=\"blockG\" id=\"rotateG_05\"><\/div>\n\t\t\t\t<div class=\"blockG\" id=\"rotateG_06\"><\/div>\n\t\t\t\t<div class=\"blockG\" id=\"rotateG_07\"><\/div>\n\t\t\t\t<div class=\"blockG\" id=\"rotateG_08\"><\/div>\n\t\t\t<\/div>\n\t\t\t<div class=\"WooZone-cross-sell-loader-text\"><\/div>\n\t\t<\/div>\n\t<\/div>\n\n\t\t\n<\/div>\n<div style=\"clear:both;\"><\/div><\/p>\n","protected":false},"excerpt":{"rendered":"<p>Das Vertrauen auf die wohltuenden Eigenschaften von Gr\u00fcnem Tee hat in Asien eine lange Tradition. Unsere Tee-Experten haben diese Tradition f\u00fcr die Sorte Gr\u00fcner Tee Orange-Ingwer aufgegriffen und den unfermentierten, schonend getrockneten Gru\u0308nen Tee mit wa\u0308rmendem Ingwer und fruchtiger Orangennote zu einem fruchtig-spritzigen Genusserlebnis verfeinert.<br \/>\nGr\u00fcner Tee ist im Gegensatz zum Schwarzen Tee unfermentiert. Dadurch beh\u00e4lt er seine gr\u00fcne Farbe und unterscheidet sich im Geschmack. In China, Indonesien und Japan ist er die verbreitetste Tee-Sorte. Ingwer geh\u00f6rt zu den Ingwergew\u00e4chsen und w\u00e4chst im tropischen S\u00fcdostasien. Die knolligen Wurzeln werden gerne als Gew\u00fcrz verwendet. F\u00fcr die fruchtige Orangennote in unserem Tee greifen wir auf Orangenschalen zur\u00fcck, die reich an \u00e4therischen \u00d6len sind sowie ein Orangenaroma, um das perfekte Geschmackserlebnis mit fruchtiger Note zu bieten.<br \/>\nBring frisches Wasser zum Kochen und lass es ca. 3 Minuten auf ca. 70-80\u00b0C abk\u00fchlen. Die Ziehzeit sollte nicht mehr als 4 Minuten betragen. Ansonsten besteht die Gefahr, dass der Tee bitter im Geschmack wird.<\/p>\n","protected":false},"featured_media":40233,"comment_status":"open","ping_status":"closed","template":"","meta":[],"product_brand":[],"product_cat":[83],"product_tag":[],"class_list":{"0":"post-40232","1":"product","2":"type-product","3":"status-publish","4":"has-post-thumbnail","6":"product_cat-teebeutel","7":"pa_allergie-informationen-enthaelt-glutenfrei-laktosefrei","8":"pa_amazon-bestseller-rang-nr-1206-in-lebensmittel-getraenke-siehe-top-100-in-lebensmittel-getraenke-nr-11-in-gruener-tee","9":"pa_artikelgewicht-43-8-g","10":"pa_aufbewahrung-kuehl-und-trocken-lagern","11":"pa_besonderheit-vegan-ohne-konservierungsstoffe","12":"pa_durchschnittliche-kundenbewer-44-von-5-sternen-174-sternebewertungen-44-von-5-sternen","13":"pa_format-beutel","14":"pa_herkunftsland-deutschland","15":"pa_hersteller-ostfriesische-tee-gesellschaft-gmbh","16":"pa_im-angebot-von-amazon-de-seit-30-september-2015","17":"pa_koffeingehalt-ca-3","18":"pa_kontakt-zum-hersteller-21218-seevetal-deutschland","19":"pa_marke-messmer","20":"pa_netto-gewicht-43-75-gramm","21":"pa_produktabmessungen-6-6-x-16-x-7-4-cm-43-75-gramm","22":"pa_produktbezeichnung-gruener-tee-aromatisiert-orange-ingwer-geschmack","23":"pa_stueckzahl-43-75-gramm","24":"pa_ursprungsland-germany","25":"pa_zertifizierung-utz-zertifiziertes-kaffeprodukt-soziale-und-oekologische-qualitaet","27":"first","28":"instock","29":"shipping-taxable","30":"purchasable","31":"product-type-simple"},"_links":{"self":[{"href":"https:\/\/123-teezeit.de\/index.php?rest_route=\/wp\/v2\/product\/40232","targetHints":{"allow":["GET"]}}],"collection":[{"href":"https:\/\/123-teezeit.de\/index.php?rest_route=\/wp\/v2\/product"}],"about":[{"href":"https:\/\/123-teezeit.de\/index.php?rest_route=\/wp\/v2\/types\/product"}],"replies":[{"embeddable":true,"href":"https:\/\/123-teezeit.de\/index.php?rest_route=%2Fwp%2Fv2%2Fcomments&post=40232"}],"wp:featuredmedia":[{"embeddable":true,"href":"https:\/\/123-teezeit.de\/index.php?rest_route=\/wp\/v2\/media\/40233"}],"wp:attachment":[{"href":"https:\/\/123-teezeit.de\/index.php?rest_route=%2Fwp%2Fv2%2Fmedia&parent=40232"}],"wp:term":[{"taxonomy":"product_brand","embeddable":true,"href":"https:\/\/123-teezeit.de\/index.php?rest_route=%2Fwp%2Fv2%2Fproduct_brand&post=40232"},{"taxonomy":"product_cat","embeddable":true,"href":"https:\/\/123-teezeit.de\/index.php?rest_route=%2Fwp%2Fv2%2Fproduct_cat&post=40232"},{"taxonomy":"product_tag","embeddable":true,"href":"https:\/\/123-teezeit.de\/index.php?rest_route=%2Fwp%2Fv2%2Fproduct_tag&post=40232"}],"curies":[{"name":"wp","href":"https:\/\/api.w.org\/{rel}","templated":true}]}}