{"id":40278,"date":"2022-02-12T19:08:07","date_gmt":"2022-02-12T19:08:07","guid":{"rendered":"https:\/\/123-teezeit.de\/?product=teekanne-mediterraner-pfirsich-1-x-50-g"},"modified":"2023-04-10T09:00:26","modified_gmt":"2023-04-10T09:00:26","slug":"teekanne-mediterraner-pfirsich-1-x-50-g","status":"publish","type":"product","link":"https:\/\/123-teezeit.de\/?product=teekanne-mediterraner-pfirsich-1-x-50-g","title":{"rendered":"Teekanne Mediterraner Pfirsich (1 x 50 g)"},"content":{"rendered":"<p><!-- show up to 2 reviews by default --> <\/p>\n<h3> <span>Produktbeschreibung<\/span> <\/h3>\n<p> <span>Entdecken Sie die fruchtige S\u00fc\u00dfe des Pfirsichs \u2013 mit TEEKANNE Mediterraner Pfirsich! Lassen Sie sich von TEEKANNE Mediterraner Pfirsich mit einem Hauch s\u00fcdl\u00e4ndischen Flair verw\u00f6hnen. Genie\u00dfen Sie das s\u00fc\u00df-fruchtige Aroma nach sonnenverw\u00f6hnten Pfirsichen. Gehen Sie auf eine sinnliche Urlaubsreise und tr\u00e4umen Sie bei einer Tasse TEEKANNE Mediterraner Pfirsich von t\u00fcrkisblauem Meer und strahlendem Sonnenschein. Gehen Sie auf eine Reise der Sinne mit TEEKANNE Mediterraner Pfirsich!<\/span> <\/p>\n<h3> <span>Inhaltsstoffe \/ Zutaten<\/span> <\/h3>\n<p> <span>Zutaten: Hagebutten, \u00c4pfel, Pfirsich-Aroma, S\u00e4uerungsmittel: Citronens\u00e4ure, Pfirsichsaftgranulat, Steviabl\u00e4tter, Passionsf ruchtgranulat<\/span> <\/p>\n<div data-a-expander-name=\"toggle_description\" class=\"a-row a-expander-container a-expander-extend-container\">\n<div class=\"a-expander-content a-expander-extend-content\">\n<h3> <span>Gebrauchsanweisung<\/span> <\/h3>\n<p> <span>Nehmen Sie f\u00fcr eine Tasse 1 Teebeutel. Mit sprudelnd kochendem Wasser aufgie\u00dfen und mindestens 5-8 Minuten ziehen lassen. Nur so erhalten Sie ein sicheres Lebensmittel!<\/span> <\/p>\n<\/p><\/div>\n<p> <a data-csa-c-func-deps=\"aui-da-a-expander-toggle\" data-csa-c-type=\"widget\" data-csa-interaction-events=\"click\" role=\"button\" href=\"void(0)\" data-action=\"a-expander-toggle\" class=\"a-expander-header a-declarative a-expander-extend-header\" data-a-expander-toggle=\"{\"><i class=\"a-icon a-icon-extender-expand\"><\/i><span class=\"a-expander-prompt\">Mehr<\/span><\/a> <\/div>\n<p>Aromatisierter Fr\u00fcchtetee mit Pfirsich-Aroma<br \/>\ns\u00fc\u00df-fruchtig nach mediterraner Art<br \/>\n20 Tassenportionen einzeln umh\u00fcllt<br \/>\nDas in diesem Produkt verwendete Aroma ist laktosefrei, glutenfrei und vegan. Die \u00fcbrigen Zutaten sind es von Natur aus<br \/>\n<div class=\"main-cross-sell\" data-asin=\"B082VPHWDV\">\n\n\t<div class=\"WooZone-cross-sell-loader\">\n\t\t<div>\n\t\t\t<div id=\"floatingBarsG\">\n\t\t\t\t<div class=\"blockG\" id=\"rotateG_01\"><\/div>\n\t\t\t\t<div class=\"blockG\" id=\"rotateG_02\"><\/div>\n\t\t\t\t<div class=\"blockG\" id=\"rotateG_03\"><\/div>\n\t\t\t\t<div class=\"blockG\" id=\"rotateG_04\"><\/div>\n\t\t\t\t<div class=\"blockG\" id=\"rotateG_05\"><\/div>\n\t\t\t\t<div class=\"blockG\" id=\"rotateG_06\"><\/div>\n\t\t\t\t<div class=\"blockG\" id=\"rotateG_07\"><\/div>\n\t\t\t\t<div class=\"blockG\" id=\"rotateG_08\"><\/div>\n\t\t\t<\/div>\n\t\t\t<div class=\"WooZone-cross-sell-loader-text\"><\/div>\n\t\t<\/div>\n\t<\/div>\n\n\t\t\n<\/div>\n<div style=\"clear:both;\"><\/div><\/p>\n","protected":false},"excerpt":{"rendered":"<p>Aromatisierter Fr\u00fcchtetee mit Pfirsich-Aroma<br \/>\ns\u00fc\u00df-fruchtig nach mediterraner Art<br \/>\n20 Tassenportionen einzeln umh\u00fcllt<\/p>\n","protected":false},"featured_media":40279,"comment_status":"open","ping_status":"closed","template":"","meta":[],"product_brand":[],"product_cat":[83],"product_tag":[],"class_list":{"0":"post-40278","1":"product","2":"type-product","3":"status-publish","4":"has-post-thumbnail","6":"product_cat-teebeutel","7":"pa_amazon-bestseller-rang-nr-1221-in-lebensmittel-getraenke-siehe-top-100-in-lebensmittel-getraenke-nr-13-in-fruechtetee","8":"pa_artikelgewicht-8-33-g","9":"pa_aufbewahrung-vor-waerme-geschuetzt-und-trocken-lagern","10":"pa_besonderheit-lactosefrei-glutenfrei-vegan","11":"pa_durchschnittliche-kundenbewer-46-von-5-sternen-1-150-sternebewertungen-46-von-5-sternen","12":"pa_format-beutel","13":"pa_herkunftsland-deutschland","14":"pa_hersteller-teekanne-gmbh-co-kg","15":"pa_im-angebot-von-amazon-de-seit-15-januar-2020","16":"pa_marke-teekanne","17":"pa_netto-gewicht-50-gramm","18":"pa_produktbezeichnung-fruechtetee-aromatisiert-pfirsicharoma","19":"pa_stueckzahl-50-0-gramm","20":"pa_ursprungsland-germany","21":"pa_verpackungsabmessungen-14-2-x-7-4-x-6-4-cm-8-33-gramm","23":"first","24":"instock","25":"shipping-taxable","26":"purchasable","27":"product-type-simple"},"_links":{"self":[{"href":"https:\/\/123-teezeit.de\/index.php?rest_route=\/wp\/v2\/product\/40278","targetHints":{"allow":["GET"]}}],"collection":[{"href":"https:\/\/123-teezeit.de\/index.php?rest_route=\/wp\/v2\/product"}],"about":[{"href":"https:\/\/123-teezeit.de\/index.php?rest_route=\/wp\/v2\/types\/product"}],"replies":[{"embeddable":true,"href":"https:\/\/123-teezeit.de\/index.php?rest_route=%2Fwp%2Fv2%2Fcomments&post=40278"}],"wp:featuredmedia":[{"embeddable":true,"href":"https:\/\/123-teezeit.de\/index.php?rest_route=\/wp\/v2\/media\/40279"}],"wp:attachment":[{"href":"https:\/\/123-teezeit.de\/index.php?rest_route=%2Fwp%2Fv2%2Fmedia&parent=40278"}],"wp:term":[{"taxonomy":"product_brand","embeddable":true,"href":"https:\/\/123-teezeit.de\/index.php?rest_route=%2Fwp%2Fv2%2Fproduct_brand&post=40278"},{"taxonomy":"product_cat","embeddable":true,"href":"https:\/\/123-teezeit.de\/index.php?rest_route=%2Fwp%2Fv2%2Fproduct_cat&post=40278"},{"taxonomy":"product_tag","embeddable":true,"href":"https:\/\/123-teezeit.de\/index.php?rest_route=%2Fwp%2Fv2%2Fproduct_tag&post=40278"}],"curies":[{"name":"wp","href":"https:\/\/api.w.org\/{rel}","templated":true}]}}