{"id":40286,"date":"2022-02-12T19:08:14","date_gmt":"2022-02-12T19:08:14","guid":{"rendered":"https:\/\/123-teezeit.de\/?product=onno-behrends-ostfriesen-teebeutel-100-teebeutel-15g-vegan-glutenfrei-laktosefrei"},"modified":"2023-04-10T09:00:26","modified_gmt":"2023-04-10T09:00:26","slug":"onno-behrends-ostfriesen-teebeutel-100-teebeutel-15g-vegan-glutenfrei-laktosefrei","status":"publish","type":"product","link":"https:\/\/123-teezeit.de\/?product=onno-behrends-ostfriesen-teebeutel-100-teebeutel-15g-vegan-glutenfrei-laktosefrei","title":{"rendered":"Onno Behrends Ostfriesen-Teebeutel | 100 Teebeutel 1,5g | Vegan | Glutenfrei | Laktosefrei"},"content":{"rendered":"<p><!-- show up to 2 reviews by default --> <\/p>\n<h3> <span>Produktbeschreibung<\/span> <\/h3>\n<p> <span>Wir von OnnO Behrends mischen unsere feinen Schwarztees mit langj\u00e4hriger Erfahrung f\u00fcr echten Teegenuss. Seit \u00fcber 130 Jahren werden unsere Produkte original in Ostfriesland hergestellt. Dies tun wir stets mit h\u00f6chstem Qualit\u00e4tsanspruch und b\u00fcrgen daf\u00fcr mit unserem Namen.<\/span> <\/p>\n<h3> <span>Inhaltsstoffe \/ Zutaten<\/span> <\/h3>\n<p> <span>Zutaten: Schwarzer Tee<\/span> <\/p>\n<div data-a-expander-name=\"toggle_description\" class=\"a-row a-expander-container a-expander-extend-container\">\n<div class=\"a-expander-content a-expander-extend-content\">\n<h3> <span>Gebrauchsanweisung<\/span> <\/h3>\n<p> <span>Pro Tasse einen Aufgussbeutel mit frischem, sprudelnd kochendem Wasser \u00fcbergie\u00dfen und 3-5 Minuten ziehen lassen.<\/span> <\/p>\n<h3> <span>Warnhinweise<\/span> <\/h3>\n<p> <span>Vor W\u00e4rme gesch\u00fctzt und trocken lagern.<\/span> <\/p>\n<h3> <span>Anschrift Hersteller\/Importeur<\/span> <\/h3>\n<p> <span>26506 Norden<\/span> <\/p>\n<\/p><\/div>\n<p> <a data-csa-c-func-deps=\"aui-da-a-expander-toggle\" data-csa-c-type=\"widget\" data-csa-interaction-events=\"click\" role=\"button\" href=\"void(0)\" data-action=\"a-expander-toggle\" class=\"a-expander-header a-declarative a-expander-extend-header\" data-a-expander-toggle=\"{\"><i class=\"a-icon a-icon-extender-expand\"><\/i><span class=\"a-expander-prompt\">Mehr<\/span><\/a> <\/div>\n<p>Ausgewogen w\u00fcrzige Assam-Tees geben unserem hochwertigen Ostfriesentee seinen unverwechselbaren, aromatischen Charakter. Sorgf\u00e4ltig geerntet aus den besten Teeg\u00e4rten Assams.<br \/>\nF\u00fcr den Genuss im traditionell ostfriesischen Stil geben Sie Kandiszucker (Kluntje) in die Tasse und den hei\u00dfen Schwarztee hinzu. Genie\u00dfen Sie das h\u00f6rbare Knistern der Kluntje, ansonsten war der Tee zu kalt. Danach wird der Tee mit einem Schuss Sahne (Wulkje) abgerundet.<br \/>\nZubereitung: Pro Tasse einen Teebeutel mit frischem, sprudelnd kochendem Wasser \u00fcbergie\u00dfen und 3 bis 5 Minuten ziehen lassen.<br \/>\nWir von OnnO Behrends mischen unsere feinen Schwarztees mit langj\u00e4hriger Erfahrung f\u00fcr echten Teegenuss. Seit \u00fcber 130 Jahren werden unsere Produkte original in Ostfriesland hergestellt. Dies tun wir stets mit h\u00f6chstem Qualit\u00e4tsanspruch und b\u00fcrgen daf\u00fcr mit unserem Namen.<br \/>\n<div class=\"main-cross-sell\" data-asin=\"B085CLWXK9\">\n\n\t<div class=\"WooZone-cross-sell-loader\">\n\t\t<div>\n\t\t\t<div id=\"floatingBarsG\">\n\t\t\t\t<div class=\"blockG\" id=\"rotateG_01\"><\/div>\n\t\t\t\t<div class=\"blockG\" id=\"rotateG_02\"><\/div>\n\t\t\t\t<div class=\"blockG\" id=\"rotateG_03\"><\/div>\n\t\t\t\t<div class=\"blockG\" id=\"rotateG_04\"><\/div>\n\t\t\t\t<div class=\"blockG\" id=\"rotateG_05\"><\/div>\n\t\t\t\t<div class=\"blockG\" id=\"rotateG_06\"><\/div>\n\t\t\t\t<div class=\"blockG\" id=\"rotateG_07\"><\/div>\n\t\t\t\t<div class=\"blockG\" id=\"rotateG_08\"><\/div>\n\t\t\t<\/div>\n\t\t\t<div class=\"WooZone-cross-sell-loader-text\"><\/div>\n\t\t<\/div>\n\t<\/div>\n\n\t\t\n<\/div>\n<div style=\"clear:both;\"><\/div><\/p>\n","protected":false},"excerpt":{"rendered":"<p>Ausgewogen w\u00fcrzige Assam-Tees geben unserem hochwertigen Ostfriesentee seinen unverwechselbaren, aromatischen Charakter. Sorgf\u00e4ltig geerntet aus den besten Teeg\u00e4rten Assams.<br \/>\nF\u00fcr den Genuss im traditionell ostfriesischen Stil geben Sie Kandiszucker (Kluntje) in die Tasse und den hei\u00dfen Schwarztee hinzu. Genie\u00dfen Sie das h\u00f6rbare Knistern der Kluntje, ansonsten war der Tee zu kalt. Danach wird der Tee mit einem Schuss Sahne (Wulkje) abgerundet.<br \/>\nZubereitung: Pro Tasse einen Teebeutel mit frischem, sprudelnd kochendem Wasser \u00fcbergie\u00dfen und 3 bis 5 Minuten ziehen lassen.<\/p>\n","protected":false},"featured_media":40287,"comment_status":"open","ping_status":"closed","template":"","meta":[],"product_brand":[],"product_cat":[83],"product_tag":[],"class_list":{"0":"post-40286","1":"product","2":"type-product","3":"status-publish","4":"has-post-thumbnail","6":"product_cat-teebeutel","7":"pa_allergie-informationen-enthaelt-glutenfrei-laktosefrei","8":"pa_amazon-bestseller-rang-nr-2842-in-lebensmittel-getraenke-siehe-top-100-in-lebensmittel-getraenke-nr-30-in-schwarztee","9":"pa_artikelgewicht-150-g","10":"pa_aufbewahrung-kuehl-und-trocken-lagern","11":"pa_besonderheit-glutenfrei-vegan-laktosefrei","12":"pa_durchschnittliche-kundenbewer-46-von-5-sternen-116-sternebewertungen-46-von-5-sternen","13":"pa_format-beutel","14":"pa_herkunftsland-deutschland","15":"pa_hersteller-ostfriesische-tee-gesellschaft-gmbh-co-kg","16":"pa_im-angebot-von-amazon-de-seit-11-april-2021","17":"pa_kontakt-zum-hersteller-26506-norden","18":"pa_marke-onno-behrends","19":"pa_netto-gewicht-0-15-kilogramm","20":"pa_produktabmessungen-6-7-x-16-x-15-2-cm-150-gramm","21":"pa_produktbezeichnung-schwarzer-tee","22":"pa_stueckzahl-150-0-gramm","23":"pa_ursprungsland-germany","24":"pa_zertifizierung-utz-zertifiziertes-kaffeprodukt-soziale-und-oekologische-qualitaet","26":"first","27":"instock","28":"shipping-taxable","29":"purchasable","30":"product-type-simple"},"_links":{"self":[{"href":"https:\/\/123-teezeit.de\/index.php?rest_route=\/wp\/v2\/product\/40286","targetHints":{"allow":["GET"]}}],"collection":[{"href":"https:\/\/123-teezeit.de\/index.php?rest_route=\/wp\/v2\/product"}],"about":[{"href":"https:\/\/123-teezeit.de\/index.php?rest_route=\/wp\/v2\/types\/product"}],"replies":[{"embeddable":true,"href":"https:\/\/123-teezeit.de\/index.php?rest_route=%2Fwp%2Fv2%2Fcomments&post=40286"}],"wp:featuredmedia":[{"embeddable":true,"href":"https:\/\/123-teezeit.de\/index.php?rest_route=\/wp\/v2\/media\/40287"}],"wp:attachment":[{"href":"https:\/\/123-teezeit.de\/index.php?rest_route=%2Fwp%2Fv2%2Fmedia&parent=40286"}],"wp:term":[{"taxonomy":"product_brand","embeddable":true,"href":"https:\/\/123-teezeit.de\/index.php?rest_route=%2Fwp%2Fv2%2Fproduct_brand&post=40286"},{"taxonomy":"product_cat","embeddable":true,"href":"https:\/\/123-teezeit.de\/index.php?rest_route=%2Fwp%2Fv2%2Fproduct_cat&post=40286"},{"taxonomy":"product_tag","embeddable":true,"href":"https:\/\/123-teezeit.de\/index.php?rest_route=%2Fwp%2Fv2%2Fproduct_tag&post=40286"}],"curies":[{"name":"wp","href":"https:\/\/api.w.org\/{rel}","templated":true}]}}