{"id":40290,"date":"2022-02-12T19:08:16","date_gmt":"2022-02-12T19:08:16","guid":{"rendered":"https:\/\/123-teezeit.de\/?product=messmer-feinster-gruener-tee-50-teebeutel-vegan-glutenfrei-laktosefrei"},"modified":"2023-04-10T09:00:26","modified_gmt":"2023-04-10T09:00:26","slug":"messmer-feinster-gruener-tee-50-teebeutel-vegan-glutenfrei-laktosefrei","status":"publish","type":"product","link":"https:\/\/123-teezeit.de\/?product=messmer-feinster-gruener-tee-50-teebeutel-vegan-glutenfrei-laktosefrei","title":{"rendered":"Me\u00dfmer Feinster Gr\u00fcner Tee | 50 Teebeutel | Vegan | Glutenfrei | Laktosefrei | 50 St\u00fcck (1er Pack)"},"content":{"rendered":"<p>Das Vertrauen auf die wohltuenden Eigenschaften von Gr\u00fcnem Tee hat in Asien eine lange Tradition. Unsere Tee- Experten greifen diese Tradition auf und w\u00e4hlen f\u00fcr Me\u00dfmer Feinster Gr\u00fcner Tee nur unfermentierte, schonend getrocknete Gr\u00fcntees aus den besten Anbaugebieten Asiens \u2013 f\u00fcr einen herb-frischen Genussmoment.<br \/>\nGr\u00fcner Tee ist im Gegensatz zum Schwarzen Tee unfermentiert. Dadurch beh\u00e4lt er seine gr\u00fcne Farbe und unterscheidet sich im Geschmack. In China, Indonesien und Japan ist er die verbreitetste Tee-Sorte.<br \/>\nBring frisches Wasser zum Kochen und lass es ca. 3 Minuten auf ca. 70-80\u00b0C abk\u00fchlen. Die Ziehzeit sollte nicht mehr als 3 Minuten betragen. Ansonsten besteht die Gefahr, dass der Tee bitter im Geschmack wird.<br \/>\nWusstest du, dass Me\u00dfmer heute die Tee-Marke in Deutschland und \u00d6sterreich ist, die dir ein umfangreiches Produktsortiment aus nachhaltigem Anbau bietet? Der Gro\u00dfteil unserer Tees ist mit dem unabh\u00e4ngigen Nachhaltigkeitsstandard Rainforest Alliance zertifiziert, in den das UTZ-Programm mittlerweile integriert ist. Und wir arbeiten daran, den Anteil an nachhaltigen Rohwaren m\u00f6glichst schnell auf 100% zu erh\u00f6hen. Au\u00dferdem schon seit Jahren selbstverst\u00e4ndlich bei Me\u00dfmer: Teebeutel ohne Metallklammer sowie Pyramidenbeutel auf Basis nachwachsender Rohstoffe bei unseren Cold Teas. Und Papier-Faltschachteln aus 100% Recyclingmaterial.<br \/>\nEgal, ob du Kr\u00e4utertees, Fr\u00fcchtetees oder klassische Gr\u00fcn- und Schwarztees magst: Me\u00dfmer hat Teesorten, die du lieben wirst! Daf\u00fcr sorgen unsere Me\u00dfmer Tee-Experten, die mit langj\u00e4hriger Erfahrung, viel Handwerkskunst und einem sicheren Gesp\u00fcr f\u00fcr Trends immer wieder neue Tees mit einzigartigem Geschmack kreieren. \u00dcbrigens: Die Bl\u00e4tter der Teepflanze Camellia Sinensis werden nur f\u00fcr unsere Schwarz- und Gr\u00fcntees verwendet. F\u00fcr unsere Kr\u00e4uter- und Fr\u00fcchtetees beziehen wir Zutaten aus \u00fcber 90 L\u00e4ndern dieser Erde. Viele davon werden sogar wild gesammelt, wie z. B. Hagebutten.<br \/>\n<div class=\"main-cross-sell\" data-asin=\"B004FM7N90\">\n\n\t<div class=\"WooZone-cross-sell-loader\">\n\t\t<div>\n\t\t\t<div id=\"floatingBarsG\">\n\t\t\t\t<div class=\"blockG\" id=\"rotateG_01\"><\/div>\n\t\t\t\t<div class=\"blockG\" id=\"rotateG_02\"><\/div>\n\t\t\t\t<div class=\"blockG\" id=\"rotateG_03\"><\/div>\n\t\t\t\t<div class=\"blockG\" id=\"rotateG_04\"><\/div>\n\t\t\t\t<div class=\"blockG\" id=\"rotateG_05\"><\/div>\n\t\t\t\t<div class=\"blockG\" id=\"rotateG_06\"><\/div>\n\t\t\t\t<div class=\"blockG\" id=\"rotateG_07\"><\/div>\n\t\t\t\t<div class=\"blockG\" id=\"rotateG_08\"><\/div>\n\t\t\t<\/div>\n\t\t\t<div class=\"WooZone-cross-sell-loader-text\"><\/div>\n\t\t<\/div>\n\t<\/div>\n\n\t\t\n<\/div>\n<div style=\"clear:both;\"><\/div><\/p>\n","protected":false},"excerpt":{"rendered":"<p>Das Vertrauen auf die wohltuenden Eigenschaften von Gr\u00fcnem Tee hat in Asien eine lange Tradition. Unsere Tee- Experten greifen diese Tradition auf und w\u00e4hlen f\u00fcr Me\u00dfmer Feinster Gr\u00fcner Tee nur unfermentierte, schonend getrocknete Gr\u00fcntees aus den besten Anbaugebieten Asiens \u2013 f\u00fcr einen herb-frischen Genussmoment.<br \/>\nGr\u00fcner Tee ist im Gegensatz zum Schwarzen Tee unfermentiert. Dadurch beh\u00e4lt er seine gr\u00fcne Farbe und unterscheidet sich im Geschmack. In China, Indonesien und Japan ist er die verbreitetste Tee-Sorte.<br \/>\nBring frisches Wasser zum Kochen und lass es ca. 3 Minuten auf ca. 70-80\u00b0C abk\u00fchlen. Die Ziehzeit sollte nicht mehr als 3 Minuten betragen. Ansonsten besteht die Gefahr, dass der Tee bitter im Geschmack wird.<\/p>\n","protected":false},"featured_media":40291,"comment_status":"open","ping_status":"closed","template":"","meta":[],"product_brand":[],"product_cat":[83],"product_tag":[],"class_list":{"0":"post-40290","1":"product","2":"type-product","3":"status-publish","4":"has-post-thumbnail","6":"product_cat-teebeutel","7":"pa_amazon-bestseller-rang-nr-1543-in-lebensmittel-getraenke-siehe-top-100-in-lebensmittel-getraenke-nr-16-in-gruener-tee","8":"pa_artikelgewicht-132-g","9":"pa_durchschnittliche-kundenbewer-44-von-5-sternen-129-sternebewertungen-44-von-5-sternen","10":"pa_im-angebot-von-amazon-de-seit-8-dezember-2010","11":"pa_marke-messmer","12":"pa_modellnummer-1410","13":"pa_produktabmessungen-14-2-x-6-8-x-10-2-cm-132-gramm","15":"first","16":"instock","17":"shipping-taxable","18":"purchasable","19":"product-type-simple"},"_links":{"self":[{"href":"https:\/\/123-teezeit.de\/index.php?rest_route=\/wp\/v2\/product\/40290","targetHints":{"allow":["GET"]}}],"collection":[{"href":"https:\/\/123-teezeit.de\/index.php?rest_route=\/wp\/v2\/product"}],"about":[{"href":"https:\/\/123-teezeit.de\/index.php?rest_route=\/wp\/v2\/types\/product"}],"replies":[{"embeddable":true,"href":"https:\/\/123-teezeit.de\/index.php?rest_route=%2Fwp%2Fv2%2Fcomments&post=40290"}],"wp:featuredmedia":[{"embeddable":true,"href":"https:\/\/123-teezeit.de\/index.php?rest_route=\/wp\/v2\/media\/40291"}],"wp:attachment":[{"href":"https:\/\/123-teezeit.de\/index.php?rest_route=%2Fwp%2Fv2%2Fmedia&parent=40290"}],"wp:term":[{"taxonomy":"product_brand","embeddable":true,"href":"https:\/\/123-teezeit.de\/index.php?rest_route=%2Fwp%2Fv2%2Fproduct_brand&post=40290"},{"taxonomy":"product_cat","embeddable":true,"href":"https:\/\/123-teezeit.de\/index.php?rest_route=%2Fwp%2Fv2%2Fproduct_cat&post=40290"},{"taxonomy":"product_tag","embeddable":true,"href":"https:\/\/123-teezeit.de\/index.php?rest_route=%2Fwp%2Fv2%2Fproduct_tag&post=40290"}],"curies":[{"name":"wp","href":"https:\/\/api.w.org\/{rel}","templated":true}]}}