{"id":40302,"date":"2022-02-12T19:08:25","date_gmt":"2022-02-12T19:08:25","guid":{"rendered":"https:\/\/123-teezeit.de\/?product=selen-slimdetox-kraeutertee-20-teebeutel"},"modified":"2023-04-10T09:00:27","modified_gmt":"2023-04-10T09:00:27","slug":"selen-slimdetox-kraeutertee-20-teebeutel","status":"publish","type":"product","link":"https:\/\/123-teezeit.de\/?product=selen-slimdetox-kraeutertee-20-teebeutel","title":{"rendered":"Selen Slim&amp;Detox Kr\u00e4utertee 20 Teebeutel"},"content":{"rendered":"<p><!-- show up to 2 reviews by default --> <\/p>\n<h3> <span>Produktbeschreibung<\/span> <\/h3>\n<p> <span>Nat\u00fcrliche sehr hochwertige Kr\u00e4utertee Teemischung mit wirksamen Effekten beim gesunden Abnehmen oder die figurerhaltung kombiniert mit der entgiftender und reinigender Detox Wirkung zur Regeneration.<\/span> <\/p>\n<h3> <span>Inhaltsstoffe \/ Zutaten<\/span> <\/h3>\n<p> <span>Fenchel, Gr\u00fcntee, Zitronengras, Pfefferminzbl\u00e4tter, Krauseminzebl\u00e4tter, Birkenbl\u00e4tter, Brennesselbl\u00e4tter, Himbeerbl\u00e4tter, Hagebutte, Ingwerwurzel, L\u00f6wenzahnwurzel, L\u00f6wenzahnkraut, Holunderbeeren, Ringelblumenbl\u00fcten, Schafgarbenkraut, Wacholderbeeren<\/span> <\/p>\n<div data-a-expander-name=\"toggle_description\" class=\"a-row a-expander-container a-expander-extend-container\">\n<div class=\"a-expander-content a-expander-extend-content\">\n<h3> <span>Gebrauchsanweisung<\/span> <\/h3>\n<p> <span>Geben Sie einen Doppelkammerbeutel in eine Tasse oder in einen Becher oder mindestens drei Doppelkammerteebeutel in die Teekanne. Geben Sie den Teebeutel in eine Tasse, gie\u00dfen Sie hei\u00dfes Wasser dazu und lassen Sie f\u00fcr 5-8 Minuten ziehen<\/span> <\/p>\n<h3> <span>Warnhinweise<\/span> <\/h3>\n<p> <span>Nicht bei Magen- und Darmproblemen, Schwangerschaft, Stillzeit oder bei Kindern anwenden.<\/span> <\/p>\n<h3> <span>Anschrift Hersteller\/Importeur<\/span> <\/h3>\n<p> <span>Selen Food GmbH, Krablerstr. 161-165, 45326 Essen<\/span> <\/p>\n<\/p><\/div>\n<p> <a data-csa-c-func-deps=\"aui-da-a-expander-toggle\" data-csa-c-type=\"widget\" data-csa-interaction-events=\"click\" role=\"button\" href=\"void(0)\" data-action=\"a-expander-toggle\" class=\"a-expander-header a-declarative a-expander-extend-header\" data-a-expander-toggle=\"{\"><i class=\"a-icon a-icon-extender-expand\"><\/i><span class=\"a-expander-prompt\">Mehr<\/span><\/a> <\/div>\n<p>Qualitativ sehr hochwertige Kr\u00e4uterteemischung<br \/>\nNat\u00fcrliches Produkt<br \/>\nFunktionell<br \/>\nIn praktischen Doppelkammerbeutel<br \/>\nEinzeln kuvertiert<br \/>\n<div class=\"main-cross-sell\" data-asin=\"B07PXZWCGK\">\n\n\t<div class=\"WooZone-cross-sell-loader\">\n\t\t<div>\n\t\t\t<div id=\"floatingBarsG\">\n\t\t\t\t<div class=\"blockG\" id=\"rotateG_01\"><\/div>\n\t\t\t\t<div class=\"blockG\" id=\"rotateG_02\"><\/div>\n\t\t\t\t<div class=\"blockG\" id=\"rotateG_03\"><\/div>\n\t\t\t\t<div class=\"blockG\" id=\"rotateG_04\"><\/div>\n\t\t\t\t<div class=\"blockG\" id=\"rotateG_05\"><\/div>\n\t\t\t\t<div class=\"blockG\" id=\"rotateG_06\"><\/div>\n\t\t\t\t<div class=\"blockG\" id=\"rotateG_07\"><\/div>\n\t\t\t\t<div class=\"blockG\" id=\"rotateG_08\"><\/div>\n\t\t\t<\/div>\n\t\t\t<div class=\"WooZone-cross-sell-loader-text\"><\/div>\n\t\t<\/div>\n\t<\/div>\n\n\t\t\n<\/div>\n<div style=\"clear:both;\"><\/div><\/p>\n","protected":false},"excerpt":{"rendered":"<p>Qualitativ sehr hochwertige Kr\u00e4uterteemischung<br \/>\nNat\u00fcrliches Produkt<br \/>\nFunktionell<\/p>\n","protected":false},"featured_media":40303,"comment_status":"open","ping_status":"closed","template":"","meta":[],"product_brand":[],"product_cat":[83],"product_tag":[],"class_list":{"0":"post-40302","1":"product","2":"type-product","3":"status-publish","4":"has-post-thumbnail","6":"product_cat-teebeutel","7":"pa_allergie-informationen-enthaelt-laktosefrei","8":"pa_amazon-bestseller-rang-nr-229-in-lebensmittel-getraenke-siehe-top-100-in-lebensmittel-getraenke-nr-7-in-kraeutertee","9":"pa_artikelgewicht-40-g","10":"pa_aufbewahrung-trocken-kuehl-und-lichtgeschuetzt-lagern","11":"pa_besonderheit-ohne-gentechnik-ohne-kuenstliche-aromen-ohne-konservierungsstoffe","12":"pa_durchschnittliche-kundenbewer-43-von-5-sternen-659-sternebewertungen-43-von-5-sternen","13":"pa_format-beutel","14":"pa_herkunftsland-deutschland","15":"pa_hersteller-selen-food-gmbh-krablerstr-161-165-45326-essen","16":"pa_im-angebot-von-amazon-de-seit-23-maerz-2019","17":"pa_koffeingehalt-koffeinfrei","18":"pa_kontakt-zum-hersteller-selen-food-gmbh-krablerstr-161-165-45326-essen","19":"pa_landeskueche-universell","20":"pa_marke-selen","21":"pa_netto-gewicht-0-04-kilogramm","22":"pa_produktabmessungen-13-2-x-6-3-x-7-8-cm-40-gramm","23":"pa_produktbezeichnung-slim-detox","24":"pa_stueckzahl-10-0-gramm","26":"first","27":"instock","28":"shipping-taxable","29":"purchasable","30":"product-type-simple"},"_links":{"self":[{"href":"https:\/\/123-teezeit.de\/index.php?rest_route=\/wp\/v2\/product\/40302","targetHints":{"allow":["GET"]}}],"collection":[{"href":"https:\/\/123-teezeit.de\/index.php?rest_route=\/wp\/v2\/product"}],"about":[{"href":"https:\/\/123-teezeit.de\/index.php?rest_route=\/wp\/v2\/types\/product"}],"replies":[{"embeddable":true,"href":"https:\/\/123-teezeit.de\/index.php?rest_route=%2Fwp%2Fv2%2Fcomments&post=40302"}],"wp:featuredmedia":[{"embeddable":true,"href":"https:\/\/123-teezeit.de\/index.php?rest_route=\/wp\/v2\/media\/40303"}],"wp:attachment":[{"href":"https:\/\/123-teezeit.de\/index.php?rest_route=%2Fwp%2Fv2%2Fmedia&parent=40302"}],"wp:term":[{"taxonomy":"product_brand","embeddable":true,"href":"https:\/\/123-teezeit.de\/index.php?rest_route=%2Fwp%2Fv2%2Fproduct_brand&post=40302"},{"taxonomy":"product_cat","embeddable":true,"href":"https:\/\/123-teezeit.de\/index.php?rest_route=%2Fwp%2Fv2%2Fproduct_cat&post=40302"},{"taxonomy":"product_tag","embeddable":true,"href":"https:\/\/123-teezeit.de\/index.php?rest_route=%2Fwp%2Fv2%2Fproduct_tag&post=40302"}],"curies":[{"name":"wp","href":"https:\/\/api.w.org\/{rel}","templated":true}]}}