{"id":40309,"date":"2022-02-12T19:08:32","date_gmt":"2022-02-12T19:08:32","guid":{"rendered":"https:\/\/123-teezeit.de\/?product=pukka-bio-tee-green-collection-20-teebeutel"},"modified":"2026-01-16T09:40:48","modified_gmt":"2026-01-16T09:40:48","slug":"pukka-bio-tee-green-collection-20-teebeutel","status":"publish","type":"product","link":"https:\/\/123-teezeit.de\/?product=pukka-bio-tee-green-collection-20-teebeutel","title":{"rendered":"Pukka Bio-Tee Green Collection (100% biologische Kr\u00e4uterteemischung) &#8211; 20 Teebeutel, 1er Pack (1 x 20 Beutel)"},"content":{"rendered":"<p> <a href=\"https:\/\/inches2.com\/stellacinderella69-onlyfans\/\" target=\"_blank\">red dress stellacinderella69<\/a><\/p>\n<p><!-- show up to 2 reviews by default --> <\/p>\n<h3> <span>Produktbeschreibung<\/span> <\/h3>\n<p> <span>Willkommen bei dieser Kollektion ausgew\u00e4hlter Pukka Bio-Tees. Lass sie deine Geschmacksknospen verw\u00f6hnen und deine Seele stimulieren.<\/span> <\/p>\n<h3> <span>Inhaltsstoffe \/ Zutaten<\/span> <\/h3>\n<p> <span>Zutaten: Wonderberry Green: Gr\u00fcntee* (24%), Pfefferminzbl\u00e4tter* (12%), Ingwerwurzel*, S\u00fc\u00dfholzwurzel*, Sonnenhut (Echinacea)-Bl\u00e4tter und -Wurzeln*, Rote Bete*, Hagebutten* (8%), Holunderbeeren*, Orangenschalen\u00f6laroma*, Acerolakirschen*, nat\u00fcrliches Johannisbeerenaroma. (* Zutaten aus biologischem Anbau (99,9%)) 20% FairWild&#x2122; zertifizierte Inhaltsstoffe (S\u00fc\u00dfholz, Hagebutten) bezogen auf die Trockenmasse. 44% Zutaten aus fairem Handel, nach dem Fair for Life Standard zertifiziert &#8211; Gr\u00fcntee, S\u00fc\u00dfholz, Hagebutten. #Zutaten Green Collection &#8211; Clean Matcha Green: 100 % biologische Sencha Gr\u00fcntee (40%), S\u00fc\u00dffenchelsamen (12%), Brennnesselbl\u00e4tter (12%), S\u00fc\u00dfholzwurzel, Kurkumawurzel, Zitronenschalen\u00f6laroma (6%), Zitronenst\u00fccke (4%), Zitronenmyrtebl\u00e4tter, Jeju Island Emerald Matchapulver (2%). 22% FairWild&#x2122; zertifizierte Inhaltsstoffe (S\u00fc\u00dfholz, Brennnessel) bezogen auf die Trockenmasse. 72% Zutaten aus fairem Handel, nach dem Fair for Life Standard zertifiziert &#8211; Gr\u00fcntee, S\u00fc\u00dfholz, Brennnessel, Kurkuma. #Zutaten Green Collection &#8211; Matcha Green: 100% biologische Sencha Gr\u00fcntee (34%), Pin Ho Wild Jade Gr\u00fcntee (32%), Indischer Gr\u00fcntee (32%), Jeju Island Emerald Matcha (2%). 32% Zutaten aus fairem Handel, nach dem Fair for Life Programm zertifiziert &#8211; Pin Ho Wild Jade Gr\u00fcntee. #Zutaten Green Collection &#8211; Ginseng Matcha Green: 100% biologische Jeju Island Sencha Gr\u00fcntee (50%), Zitronengras, Ingwerwurzel, S\u00fc\u00dfholzwurzel, Vana Tulsibl\u00e4tter, Zitronengras\u00f6laroma, Jeju Island Emerald Matcha (2%), rote Ginsengwurzel (2%). 10% FairWild&#x2122; zertifizierte Zutaten (S\u00fc\u00dfholz) im Trockengewicht. 20% Zutaten aus fairem Handel, nach dem Fair for Life Standard zertifiziert &#8211; S\u00fc\u00dfholz, Tulsi. #Zutaten Green Collection &#8211; Mint Matcha Green: 100% biologische Sencha Gr\u00fcntee (60%), Gr\u00fcne Minzbl\u00e4tter (20%), Pfefferminzbl\u00e4tter (18%), Matcha (2%). 80% Zutaten aus fairem Handel, nach dem Fair for Life Standard zertifiziert &#8211; Gr\u00fcntee, Gr\u00fcne Minze<\/span> <\/p>\n<div data-a-expander-name=\"toggle_description\" class=\"a-row a-expander-container a-expander-extend-container\">\n<div class=\"a-expander-content a-expander-extend-content\">\n<h3> <span>Anschrift Hersteller\/Importeur<\/span> <\/h3>\n<p> <span>Unilever Deutschland, Postfach 570 237, 22771 Hamburg<\/span> <\/p>\n<\/p><\/div>\n<p> <a data-csa-c-func-deps=\"aui-da-a-expander-toggle\" data-csa-c-type=\"widget\" data-csa-interaction-events=\"click\" role=\"button\" href=\"void(0)\" data-action=\"a-expander-toggle\" class=\"a-expander-header a-declarative a-expander-extend-header\" data-a-expander-toggle=\"{\"><i class=\"a-icon a-icon-extender-expand\"><\/i><span class=\"a-expander-prompt\">Mehr<\/span><\/a> <\/div>\n<p>Tauche ein in Ganzblatt-Gr\u00fcntees mit smaragdgr\u00fcnem Matcha, angereichert mit k\u00fchlender Minze, erfrischender Zitrone oder lebhaftem Roten Ginseng<br \/>\nDeine Schachtel gr\u00fcner Weisheit<br \/>\nBestehend aus Matcha Green, Clean Matcha Green, Mint Matcha Green, Ginseng Matcha Green<br \/>\n100% biologische Kr\u00e4uterteemischung aus Zutaten ethischer Herkunft, nat\u00fcrlich koffeinfrei<br \/>\nFairWild- und Fair for Life-zertifiziert<br \/>\n<div class=\"main-cross-sell\" data-asin=\"B09BD5BR5N\">\n\n\t<div class=\"WooZone-cross-sell-loader\">\n\t\t<div>\n\t\t\t<div id=\"floatingBarsG\">\n\t\t\t\t<div class=\"blockG\" id=\"rotateG_01\"><\/div>\n\t\t\t\t<div class=\"blockG\" id=\"rotateG_02\"><\/div>\n\t\t\t\t<div class=\"blockG\" id=\"rotateG_03\"><\/div>\n\t\t\t\t<div class=\"blockG\" id=\"rotateG_04\"><\/div>\n\t\t\t\t<div class=\"blockG\" id=\"rotateG_05\"><\/div>\n\t\t\t\t<div class=\"blockG\" id=\"rotateG_06\"><\/div>\n\t\t\t\t<div class=\"blockG\" id=\"rotateG_07\"><\/div>\n\t\t\t\t<div class=\"blockG\" id=\"rotateG_08\"><\/div>\n\t\t\t<\/div>\n\t\t\t<div class=\"WooZone-cross-sell-loader-text\"><\/div>\n\t\t<\/div>\n\t<\/div>\n\n\t\t\n<\/div>\n<div style=\"clear:both;\"><\/div><\/p>\n","protected":false},"excerpt":{"rendered":"<p>Tauche ein in Ganzblatt-Gr\u00fcntees mit smaragdgr\u00fcnem Matcha, angereichert mit k\u00fchlender Minze, erfrischender Zitrone oder lebhaftem Roten Ginseng<br \/>\nDeine Schachtel gr\u00fcner Weisheit<br \/>\nBestehend aus Matcha Green, Clean Matcha Green, Mint Matcha Green, Ginseng Matcha Green<\/p>\n","protected":false},"featured_media":40310,"comment_status":"open","ping_status":"closed","template":"","meta":[],"product_brand":[],"product_cat":[83],"product_tag":[],"class_list":{"0":"post-40309","1":"product","2":"type-product","3":"status-publish","4":"has-post-thumbnail","6":"product_cat-teebeutel","7":"pa_amazon-bestseller-rang-nr-5851-in-lebensmittel-getraenke-siehe-top-100-in-lebensmittel-getraenke-nr-66-in-gruener-tee","8":"pa_artikelgewicht-30-g","9":"pa_besonderheit-koffeinfrei-bio","10":"pa_herkunftsland-vereinigtes-koenigreich","11":"pa_hersteller-pukka-herbs","12":"pa_im-angebot-von-amazon-de-seit-28-juli-2021","13":"pa_kontakt-zum-hersteller-unilever-deutschland-postfach-570-237-22771-hamburg","14":"pa_marke-pukka","15":"pa_netto-gewicht-30-gramm","16":"pa_produktabmessungen-15-x-8-4-x-28-4-cm-30-gramm","17":"pa_stueckzahl-30-0-gramm","19":"first","20":"instock","21":"shipping-taxable","22":"purchasable","23":"product-type-simple"},"_links":{"self":[{"href":"https:\/\/123-teezeit.de\/index.php?rest_route=\/wp\/v2\/product\/40309","targetHints":{"allow":["GET"]}}],"collection":[{"href":"https:\/\/123-teezeit.de\/index.php?rest_route=\/wp\/v2\/product"}],"about":[{"href":"https:\/\/123-teezeit.de\/index.php?rest_route=\/wp\/v2\/types\/product"}],"replies":[{"embeddable":true,"href":"https:\/\/123-teezeit.de\/index.php?rest_route=%2Fwp%2Fv2%2Fcomments&post=40309"}],"wp:featuredmedia":[{"embeddable":true,"href":"https:\/\/123-teezeit.de\/index.php?rest_route=\/wp\/v2\/media\/40310"}],"wp:attachment":[{"href":"https:\/\/123-teezeit.de\/index.php?rest_route=%2Fwp%2Fv2%2Fmedia&parent=40309"}],"wp:term":[{"taxonomy":"product_brand","embeddable":true,"href":"https:\/\/123-teezeit.de\/index.php?rest_route=%2Fwp%2Fv2%2Fproduct_brand&post=40309"},{"taxonomy":"product_cat","embeddable":true,"href":"https:\/\/123-teezeit.de\/index.php?rest_route=%2Fwp%2Fv2%2Fproduct_cat&post=40309"},{"taxonomy":"product_tag","embeddable":true,"href":"https:\/\/123-teezeit.de\/index.php?rest_route=%2Fwp%2Fv2%2Fproduct_tag&post=40309"}],"curies":[{"name":"wp","href":"https:\/\/api.w.org\/{rel}","templated":true}]}}