{"id":40339,"date":"2022-02-12T19:08:56","date_gmt":"2022-02-12T19:08:56","guid":{"rendered":"https:\/\/123-teezeit.de\/?product=messmer-hola-mexico-maracuja-peach-20-teebeutel-glutenfrei-laktosefrei-vegan"},"modified":"2023-04-10T09:00:27","modified_gmt":"2023-04-10T09:00:27","slug":"messmer-hola-mexico-maracuja-peach-20-teebeutel-glutenfrei-laktosefrei-vegan","status":"publish","type":"product","link":"https:\/\/123-teezeit.de\/?product=messmer-hola-mexico-maracuja-peach-20-teebeutel-glutenfrei-laktosefrei-vegan","title":{"rendered":"Me\u00dfmer Hola Mexico | Maracuja &amp; Peach | 20 Teebeutel | Glutenfrei | Laktosefrei | Vegan"},"content":{"rendered":"<p><!-- show up to 2 reviews by default --> <\/p>\n<h3> <span>Produktbeschreibung<\/span> <\/h3>\n<p> <span>Zeit f\u00fcr einen Moment Gelassenheit. Me\u00dfmer m\u00f6chte dich daran erinnern, das Leben ab und an etwas gelassener zu sehen. Daf\u00fcr haben wir mit viel Leidenschaft eine gro\u00dfe Auswahl wunderbarer Tees in bester Me\u00dfmer-Qualit\u00e4t kreiert. Entdecke unsere Vielfalt an Bio Tees oder L\u00e4ndertees, mit denen du dich genussvoll in ferne Welten tr\u00e4umen kannst oder unsere Fabelhaften Tees f\u00fcr deine besonderen Genuss-Momente. Eine gro\u00dfe Auswahl an lecker-s\u00fc\u00dfen Fr\u00fcchtetees oder unsere beliebten Kr\u00e4uter-, Gr\u00fcn-, und Schwarztee-Klassiker. Egal, welche Me\u00dfmer Tees deine Lieblingstees sind \u2013 genie\u00dfe sie mit allen Sinnen Denn wir m\u00f6chten, dass du immer sagen kannst: Me\u00dfmer macht meinen Moment.<\/span> <\/p>\n<h3> <span>Inhaltsstoffe \/ Zutaten<\/span> <\/h3>\n<p> <span>Zutaten: \u00c4pfel*, Zichorienwurzeln ger\u00f6stet, Johannisbrot ger\u00f6stet, Aroma, Hagebutten*, Orangenschalen*, S\u00fc\u00dfkraut, S\u00e4uerungsmittel: Citronens\u00e4ure, Maracujasaftgranulat (Maltodextrin, Maracujasaftkonzentrat), Pfirsichsaftgranulat (Maltodextrin, Pfirsichsaftkonzentrat). *50% Rainforest Alliance Certified.<\/span> <\/p>\n<div data-a-expander-name=\"toggle_description\" class=\"a-row a-expander-container a-expander-extend-container\">\n<div class=\"a-expander-content a-expander-extend-content\">\n<h3> <span>Gebrauchsanweisung<\/span> <\/h3>\n<p> <span>Wichtiger Hinweis: F\u00fcr eine Tasse immer 1 Teebeutel und mindestens 4 Teebeutel f\u00fcr eine Kanne (1 l) nehmen. Immer mit sprudelnd kochendem Wasser aufgie\u00dfen und 8 Minuten ziehen lassen! Nur so erh\u00e4ltst du ein sicheres Lebensmittel!<\/span> <\/p>\n<h3> <span>Anschrift Hersteller\/Importeur<\/span> <\/h3>\n<p> <span>21218 Seevetal Deutschland<\/span> <\/p>\n<\/p><\/div>\n<p> <a data-csa-c-func-deps=\"aui-da-a-expander-toggle\" data-csa-c-type=\"widget\" data-csa-interaction-events=\"click\" role=\"button\" href=\"void(0)\" data-action=\"a-expander-toggle\" class=\"a-expander-header a-declarative a-expander-extend-header\" data-a-expander-toggle=\"{\"><i class=\"a-icon a-icon-extender-expand\"><\/i><span class=\"a-expander-prompt\">Mehr<\/span><\/a> <\/div>\n<p>Viva la vida Mexico! Zwischen Kakteen, Sombreros, grellen Farben und exotischen Ger\u00fcchen l\u00e4sst man sich in den bunten St\u00e4dten Mexikos einfach treiben. Bereits mit dem ersten Schluck Me\u00dfmer &#8222;Hola Mexico &#8211; Maracuja &amp; Peach&#8220; taucht man ab in die fernen Welten und l\u00e4sst die Seele einen Moment baumeln. Der exotisch-fruchtige Geschmack nach reifer Maracuja zusammen mit s\u00fc\u00dfem Pfirisich l\u00e4sst die Sonne in deiner Tasse scheinen.<br \/>\nSchmeck\u00b4 dich um die Welt und entdecke Tasse f\u00fcr Tasse die verschiedenen Teesorten! Dank der neuen Me\u00dfmer L\u00e4ndertees kannst du jetzt von zuhause aus in die Geschm\u00e4cker ferner L\u00e4nder eintauchen. F\u00fcr unsere Tees haben wir aus allen Ecken der Welt die besten, aromatischsten Fr\u00fcchte und Kr\u00e4uter selektiert, die den einzigartigen Geschmack und Traditionen unterschiedlicher L\u00e4nder erlebbar machen.Koste den w\u00fcrzigen Chai Indiens, das spritzige Temperament italienischer Limone oder lass dich von der fruchtigen S\u00fc\u00dfe t\u00fcrkischer Apfel verf\u00fchren. Denn da ist ja einer leckerer als der andere. Welcher unserer 13 L\u00e4ndertees ist dein Favorit?<br \/>\nWusstest du, dass Me\u00dfmer heute die Tee-Marke in Deutschland und \u00d6sterreich ist, die dir ein umfangreiches Produktsortiment aus nachhaltigem Anbau bietet? Denn als Familienunternehmen mit mehr als 150 Jahren Erfahrung haben wir uns eine klare Aufgabe gesetzt: Wir verbessern langfristig die Lebensqualit\u00e4t in den Anbaugebieten und setzen uns f\u00fcr den Schutz der Natur ein. Daf\u00fcr geben wir jeden Tag unser Bestes. Deshalb arbeiten wir mit der Rainforest Alliance zusammen, einer internationalen gemeinn\u00fctzigen Organisation, die sich f\u00fcr eine bessere Zukunft f\u00fcr Mensch und Natur einsetzt.<br \/>\nEgal, ob du Kr\u00e4utertees, Fr\u00fcchtetees oder klassische Gr\u00fcn- und Schwarztees magst: Me\u00dfmer hat Teesorten, die du lieben wirst! Daf\u00fcr sorgen unsere Me\u00dfmer Tee-Experten, die mit langj\u00e4hriger Erfahrung, viel Handwerkskunst und einem sicheren Gesp\u00fcr f\u00fcr Trends immer wieder neue Tees mit einzigartigem Geschmack kreieren. \u00dcbrigens: Die Bl\u00e4tter der Teepflanze Camellia Sinensis werden nur f\u00fcr unsere Schwarz- und Gr\u00fcntees verwendet. F\u00fcr unsere Kr\u00e4uter- und Fr\u00fcchtetees beziehen wir Zutaten aus \u00fcber 90 L\u00e4ndern dieser Erde. Viele davon werden sogar wild gesammelt, wie z. B. Hagebutten.<br \/>\nF\u00fcr eine Tasse immer 1 Teebeutel und mindestens 4 Teebeutel f\u00fcr eine Kanne (1l) nehmen. Immer mit sprudelnd kochendem Wasser aufgie\u00dfen und 8 Minuten ziehen lassen! Nur so erh\u00e4ltst du ein sicheres Lebensmittel!<br \/>\n<div class=\"main-cross-sell\" data-asin=\"B09N96WNTJ\">\n\n\t<div class=\"WooZone-cross-sell-loader\">\n\t\t<div>\n\t\t\t<div id=\"floatingBarsG\">\n\t\t\t\t<div class=\"blockG\" id=\"rotateG_01\"><\/div>\n\t\t\t\t<div class=\"blockG\" id=\"rotateG_02\"><\/div>\n\t\t\t\t<div class=\"blockG\" id=\"rotateG_03\"><\/div>\n\t\t\t\t<div class=\"blockG\" id=\"rotateG_04\"><\/div>\n\t\t\t\t<div class=\"blockG\" id=\"rotateG_05\"><\/div>\n\t\t\t\t<div class=\"blockG\" id=\"rotateG_06\"><\/div>\n\t\t\t\t<div class=\"blockG\" id=\"rotateG_07\"><\/div>\n\t\t\t\t<div class=\"blockG\" id=\"rotateG_08\"><\/div>\n\t\t\t<\/div>\n\t\t\t<div class=\"WooZone-cross-sell-loader-text\"><\/div>\n\t\t<\/div>\n\t<\/div>\n\n\t\t\n<\/div>\n<div style=\"clear:both;\"><\/div><\/p>\n","protected":false},"excerpt":{"rendered":"<p>Viva la vida Mexico! Zwischen Kakteen, Sombreros, grellen Farben und exotischen Ger\u00fcchen l\u00e4sst man sich in den bunten St\u00e4dten Mexikos einfach treiben. Bereits mit dem ersten Schluck Me\u00dfmer &#8222;Hola Mexico &#8211; Maracuja &amp; Peach&#8220; taucht man ab in die fernen Welten und l\u00e4sst die Seele einen Moment baumeln. Der exotisch-fruchtige Geschmack nach reifer Maracuja zusammen mit s\u00fc\u00dfem Pfirisich l\u00e4sst die Sonne in deiner Tasse scheinen.<br \/>\nSchmeck\u00b4 dich um die Welt und entdecke Tasse f\u00fcr Tasse die verschiedenen Teesorten! Dank der neuen Me\u00dfmer L\u00e4ndertees kannst du jetzt von zuhause aus in die Geschm\u00e4cker ferner L\u00e4nder eintauchen. F\u00fcr unsere Tees haben wir aus allen Ecken der Welt die besten, aromatischsten Fr\u00fcchte und Kr\u00e4uter selektiert, die den einzigartigen Geschmack und Traditionen unterschiedlicher L\u00e4nder erlebbar machen.Koste den w\u00fcrzigen Chai Indiens, das spritzige Temperament italienischer Limone oder lass dich von der fruchtigen S\u00fc\u00dfe t\u00fcrkischer Apfel verf\u00fchren. Denn da ist ja einer leckerer als der andere. Welcher unserer 13 L\u00e4ndertees ist dein Favorit?<br \/>\nWusstest du, dass Me\u00dfmer heute die Tee-Marke in Deutschland und \u00d6sterreich ist, die dir ein umfangreiches Produktsortiment aus nachhaltigem Anbau bietet? Denn als Familienunternehmen mit mehr als 150 Jahren Erfahrung haben wir uns eine klare Aufgabe gesetzt: Wir verbessern langfristig die Lebensqualit\u00e4t in den Anbaugebieten und setzen uns f\u00fcr den Schutz der Natur ein. Daf\u00fcr geben wir jeden Tag unser Bestes. Deshalb arbeiten wir mit der Rainforest Alliance zusammen, einer internationalen gemeinn\u00fctzigen Organisation, die sich f\u00fcr eine bessere Zukunft f\u00fcr Mensch und Natur einsetzt.<\/p>\n","protected":false},"featured_media":40340,"comment_status":"open","ping_status":"closed","template":"","meta":[],"product_brand":[],"product_cat":[83],"product_tag":[],"class_list":{"0":"post-40339","1":"product","2":"type-product","3":"status-publish","4":"has-post-thumbnail","6":"product_cat-teebeutel","7":"pa_allergie-informationen-enthaelt-glutenfrei","8":"pa_amazon-bestseller-rang-nr-1951-in-lebensmittel-getraenke-siehe-top-100-in-lebensmittel-getraenke-nr-20-in-fruechtetee","9":"pa_artikelgewicht-80-g","10":"pa_aufbewahrung-vor-waerme-geschuetzt-und-trocken-lagern","11":"pa_besonderheit-bio-glutenfrei-vegan-laktosefrei","12":"pa_durchschnittliche-kundenbewer-40-von-5-sternen-13-sternebewertungen-40-von-5-sternen","13":"pa_format-doppelkammerteebeutel","14":"pa_herkunftsland-deutschland","15":"pa_hersteller-ostfriesische-tee-gesellschaft-gmbh","16":"pa_im-angebot-von-amazon-de-seit-8-dezember-2021","17":"pa_kontakt-zum-hersteller-21218-seevetal-deutschland","18":"pa_marke-messmer","19":"pa_produktbezeichnung-fruechtetee-aromatisiert-maracuja-pfirsich-geschmack","20":"pa_stueckzahl-81-0-gramm","21":"pa_ursprungsland-germany","22":"pa_verpackungsabmessungen-12-8-x-7-6-x-6-7-cm","23":"pa_zertifizierung-rainforest-alliance-zertifziert-zum-schutz-des-regenwaldes-gruener-punkt-ara-verpackungskennzeichen","24":"pa_zusatzstoffe-glutenfrei-vegan-laktosefrei","26":"first","27":"instock","28":"shipping-taxable","29":"purchasable","30":"product-type-simple"},"_links":{"self":[{"href":"https:\/\/123-teezeit.de\/index.php?rest_route=\/wp\/v2\/product\/40339","targetHints":{"allow":["GET"]}}],"collection":[{"href":"https:\/\/123-teezeit.de\/index.php?rest_route=\/wp\/v2\/product"}],"about":[{"href":"https:\/\/123-teezeit.de\/index.php?rest_route=\/wp\/v2\/types\/product"}],"replies":[{"embeddable":true,"href":"https:\/\/123-teezeit.de\/index.php?rest_route=%2Fwp%2Fv2%2Fcomments&post=40339"}],"wp:featuredmedia":[{"embeddable":true,"href":"https:\/\/123-teezeit.de\/index.php?rest_route=\/wp\/v2\/media\/40340"}],"wp:attachment":[{"href":"https:\/\/123-teezeit.de\/index.php?rest_route=%2Fwp%2Fv2%2Fmedia&parent=40339"}],"wp:term":[{"taxonomy":"product_brand","embeddable":true,"href":"https:\/\/123-teezeit.de\/index.php?rest_route=%2Fwp%2Fv2%2Fproduct_brand&post=40339"},{"taxonomy":"product_cat","embeddable":true,"href":"https:\/\/123-teezeit.de\/index.php?rest_route=%2Fwp%2Fv2%2Fproduct_cat&post=40339"},{"taxonomy":"product_tag","embeddable":true,"href":"https:\/\/123-teezeit.de\/index.php?rest_route=%2Fwp%2Fv2%2Fproduct_tag&post=40339"}],"curies":[{"name":"wp","href":"https:\/\/api.w.org\/{rel}","templated":true}]}}