{"id":40370,"date":"2022-02-12T19:09:18","date_gmt":"2022-02-12T19:09:18","guid":{"rendered":"https:\/\/123-teezeit.de\/?product=messmer-laendertee-nordische-beeren-tee-20-teebeutel-glutenfrei-laktosefrei-vegan"},"modified":"2023-04-10T09:00:27","modified_gmt":"2023-04-10T09:00:27","slug":"messmer-laendertee-nordische-beeren-tee-20-teebeutel-glutenfrei-laktosefrei-vegan","status":"publish","type":"product","link":"https:\/\/123-teezeit.de\/?product=messmer-laendertee-nordische-beeren-tee-20-teebeutel-glutenfrei-laktosefrei-vegan","title":{"rendered":"Me\u00dfmer L\u00e4ndertee | Nordische Beeren | 20 Teebeutel | Glutenfrei | Laktosefrei | Vegan"},"content":{"rendered":"<p><!-- show up to 2 reviews by default --> <\/p>\n<h3> <span>Produktbeschreibung<\/span> <\/h3>\n<p> <span>Zeit f\u00fcr einen Moment Gelassenheit. Me\u00dfmer m\u00f6chte dich daran erinnern, das Leben ab und an etwas gelassener zu sehen. Daf\u00fcr haben wir mit viel Leidenschaft eine gro\u00dfe Auswahl wunderbarer Tees in bester Me\u00dfmer-Qualit\u00e4t kreiert. Entdecke unsere Vielfalt an Bio Tees oder L\u00e4ndertees, mit denen du dich genussvoll in ferne Welten tr\u00e4umen kannst oder unsere Fabelhaften Tees f\u00fcr deine besonderen Genuss-Momente. Eine gro\u00dfe Auswahl an lecker-s\u00fc\u00dfen Fr\u00fcchtetees oder unsere beliebten Kr\u00e4uter-, Gr\u00fcn-, und Schwarztee-Klassiker. Egal, welche Me\u00dfmer Tees deine Lieblingstees sind \u2013 genie\u00dfe sie mit allen Sinnen Denn wir m\u00f6chten, dass du immer sagen kannst: Me\u00dfmer macht meinen Moment.<\/span> <\/p>\n<h3> <span>Inhaltsstoffe \/ Zutaten<\/span> <\/h3>\n<p> <span>Hagebutten, Hibiskus, Aroma, S\u00fc\u00dfkraut, Pfefferminze, Brombeeren, Erdbeeren, Heidelbeeren, Preiselbeeren, schwarze Johannisbeeren, Himbeeren.<\/span> <\/p>\n<div data-a-expander-name=\"toggle_description\" class=\"a-row a-expander-container a-expander-extend-container\">\n<div class=\"a-expander-content a-expander-extend-content\">\n<h3> <span>Gebrauchsanweisung<\/span> <\/h3>\n<p> <span>Wichtiger Hinweis: F\u00fcr eine Tasse immer 1 Teebeutel und mindestens 4 Teebeutel f\u00fcr eine Kanne (1 l) nehmen. Immer mit sprudelnd kochendem Wasser aufgie\u00dfen und 8 Minuten ziehen lassen! Nur so erh\u00e4ltst du ein sicheres Lebensmittel!<\/span> <\/p>\n<h3> <span>Warnhinweise<\/span> <\/h3>\n<p> <span>F\u00fcr S\u00e4uglinge und Kleinkinder nicht empfohlen.<\/span> <\/p>\n<h3> <span>Anschrift Hersteller\/Importeur<\/span> <\/h3>\n<p> <span>21218 Seevetal Deutschland<\/span> <\/p>\n<\/p><\/div>\n<p> <a data-csa-c-func-deps=\"aui-da-a-expander-toggle\" data-csa-c-type=\"widget\" data-csa-interaction-events=\"click\" role=\"button\" href=\"void(0)\" data-action=\"a-expander-toggle\" class=\"a-expander-header a-declarative a-expander-extend-header\" data-a-expander-toggle=\"{\"><i class=\"a-icon a-icon-extender-expand\"><\/i><span class=\"a-expander-prompt\">Mehr<\/span><\/a> <\/div>\n<p>Der Me\u00dfmer Nordische Beeren Tee schmeckt beerig, vollmundig und s\u00fc\u00df. Der Tee ist glutenfrei, laktosefrei und vegan. Die Rohstoffe stammen zu 50% aus nachhaltigem Anbau.<br \/>\nIn Skandinavien liebt man die Gem\u00fctlichkeit &#8211; \u201eHygge\u201c nennt sie sich dort. Und meint ganz einfach: sich selber kleine, heimelige Gl\u00fccksmomente voller Wohlgef\u00fchl zu schaffen. Mit Beeren aus verschiedenen L\u00e4ndern dieser Welt, die auch in nordischen Gefilden zu Hause sind, hat Me\u00dfmer einen Fr\u00fcchtetee komponiert, der mit dem ersten Schluck das wohlige Gef\u00fchl von \u201eHygge\u201c verbreitet. Lass dich vom beerig-s\u00fc\u00dfen Geschmack des Me\u00dfmer Nordische Beeren Tees verf\u00fchren und genie\u00dfe deinen Gl\u00fccksmoment voll heimeliger Gem\u00fctlichkeit. Eine besondere Teesorte im praktischen Teebeutel.<br \/>\nSchmeck\u00b4 dich um die Welt und entdecke Tasse f\u00fcr Tasse die verschiedenen Teesorten! Dank der neuen Me\u00dfmer L\u00e4ndertees kannst du jetzt von zuhause aus in die Geschm\u00e4cker ferner L\u00e4nder eintauchen. F\u00fcr unsere Tees haben wir aus allen Ecken der Welt die besten, aromatischsten Fr\u00fcchte und Kr\u00e4uter selektiert, die den einzigartigen Geschmack des jeweiligen Landes am Gaumen zum Leben erwecken. Los geht\u00b4s: Schmecke exotische Zutaten und begib dich auf die Ideensuche! Koste den w\u00fcrzigen Chai Indiens, das spritzige Temperament italienischer Limone oder lass dich von der fruchtigen S\u00fc\u00dfe t\u00fcrkischer Apfel-Feige verf\u00fchren. Denn da ist ja einer leckerer als der andere.<br \/>\nWusstest du, dass Me\u00dfmer heute die Tee-Marke in Deutschland und \u00d6sterreich ist, die dir ein umfangreiches Produktsortiment aus nachhaltigem Anbau bietet? Der Gro\u00dfteil unserer Tees ist mit dem unabh\u00e4ngigen Nachhaltigkeitsstandard Rainforest Alliance zertifiziert, in den das UTZ-Programm mittlerweile integriert ist. Und wir arbeiten daran, den Anteil an nachhaltigen Rohwaren m\u00f6glichst schnell auf 100% zu erh\u00f6hen. Au\u00dferdem schon seit Jahren selbstverst\u00e4ndlich bei Me\u00dfmer: Teebeutel ohne Metallklammer sowie Pyramidenbeutel auf Basis nachwachsender Rohstoffe bei unseren Cold Teas und Gelassenheitstees. Und Papier-Faltschachteln aus 100% Recyclingmaterial.<br \/>\nEgal, ob du Kr\u00e4utertees, Fr\u00fcchtetees oder klassische Gr\u00fcn- und Schwarztees magst: Me\u00dfmer hat Teesorten, die du lieben wirst! Daf\u00fcr sorgen unsere Me\u00dfmer Tee-Experten, die mit langj\u00e4hriger Erfahrung, viel Handwerkskunst und einem sicheren Gesp\u00fcr f\u00fcr Trends immer wieder neue Tees mit einzigartigem Geschmack kreieren. \u00dcbrigens: Die Bl\u00e4tter der Teepflanze Camellia Sinensis werden nur f\u00fcr unsere Schwarz- und Gr\u00fcntees verwendet. F\u00fcr unsere Kr\u00e4uter- und Fr\u00fcchtetees beziehen wir Zutaten aus \u00fcber 90 L\u00e4ndern dieser Erde. Viele davon werden sogar wild gesammelt, wie z. B. Hagebutten.<br \/>\nF\u00fcr eine Tasse immer 1 Teebeutel und mindestens 4 Teebeutel f\u00fcr eine Kanne (1l) nehmen. Immer mit sprudelnd kochendem Wasser aufgie\u00dfen und 8 Minuten ziehen lassen! Nur so erh\u00e4ltst du ein sicheres Lebensmittel!<br \/>\nZeit f\u00fcr einen Moment Gelassenheit. Me\u00dfmer m\u00f6chte dich daran erinnern, das Leben ab und an etwas gelassener zu sehen. Daf\u00fcr haben wir mit viel Leidenschaft eine gro\u00dfe Auswahl wunderbarer Tees in bester Me\u00dfmer Qualit\u00e4t kreiert. Entdecke unsere Vielfalt an Bio Tees oder L\u00e4ndertees, mit denen du dich genussvoll in ferne Welten tr\u00e4umen kannst. Tees mit dem Plus an Vitaminen und Mineralstoffen oder Fabelhafte Tees f\u00fcr deine besonderen Genuss-Momente. Eine gro\u00dfe Auswahl an lecker-s\u00fc\u00dfen Fr\u00fcchtetees oder unsere beliebten Kr\u00e4uter-, Gr\u00fcn-, und Schwarztee-Klassiker. Egal, welche Me\u00dfmer Tees deine Lieblingstees sind \u2013 genie\u00dfe sie mit allen Sinnen.<br \/>\nAllergen_Information: gluten_free<br \/>\n<div class=\"main-cross-sell\" data-asin=\"B08P5PHMT7\">\n\n\t<div class=\"WooZone-cross-sell-loader\">\n\t\t<div>\n\t\t\t<div id=\"floatingBarsG\">\n\t\t\t\t<div class=\"blockG\" id=\"rotateG_01\"><\/div>\n\t\t\t\t<div class=\"blockG\" id=\"rotateG_02\"><\/div>\n\t\t\t\t<div class=\"blockG\" id=\"rotateG_03\"><\/div>\n\t\t\t\t<div class=\"blockG\" id=\"rotateG_04\"><\/div>\n\t\t\t\t<div class=\"blockG\" id=\"rotateG_05\"><\/div>\n\t\t\t\t<div class=\"blockG\" id=\"rotateG_06\"><\/div>\n\t\t\t\t<div class=\"blockG\" id=\"rotateG_07\"><\/div>\n\t\t\t\t<div class=\"blockG\" id=\"rotateG_08\"><\/div>\n\t\t\t<\/div>\n\t\t\t<div class=\"WooZone-cross-sell-loader-text\"><\/div>\n\t\t<\/div>\n\t<\/div>\n\n\t\t\n<\/div>\n<div style=\"clear:both;\"><\/div><\/p>\n","protected":false},"excerpt":{"rendered":"<p>Der Me\u00dfmer Nordische Beeren Tee schmeckt beerig, vollmundig und s\u00fc\u00df. Der Tee ist glutenfrei, laktosefrei und vegan. Die Rohstoffe stammen zu 50% aus nachhaltigem Anbau.<br \/>\nIn Skandinavien liebt man die Gem\u00fctlichkeit &#8211; \u201eHygge\u201c nennt sie sich dort. Und meint ganz einfach: sich selber kleine, heimelige Gl\u00fccksmomente voller Wohlgef\u00fchl zu schaffen. Mit Beeren aus verschiedenen L\u00e4ndern dieser Welt, die auch in nordischen Gefilden zu Hause sind, hat Me\u00dfmer einen Fr\u00fcchtetee komponiert, der mit dem ersten Schluck das wohlige Gef\u00fchl von \u201eHygge\u201c verbreitet. Lass dich vom beerig-s\u00fc\u00dfen Geschmack des Me\u00dfmer Nordische Beeren Tees verf\u00fchren und genie\u00dfe deinen Gl\u00fccksmoment voll heimeliger Gem\u00fctlichkeit. Eine besondere Teesorte im praktischen Teebeutel.<br \/>\nSchmeck\u00b4 dich um die Welt und entdecke Tasse f\u00fcr Tasse die verschiedenen Teesorten! Dank der neuen Me\u00dfmer L\u00e4ndertees kannst du jetzt von zuhause aus in die Geschm\u00e4cker ferner L\u00e4nder eintauchen. F\u00fcr unsere Tees haben wir aus allen Ecken der Welt die besten, aromatischsten Fr\u00fcchte und Kr\u00e4uter selektiert, die den einzigartigen Geschmack des jeweiligen Landes am Gaumen zum Leben erwecken. Los geht\u00b4s: Schmecke exotische Zutaten und begib dich auf die Ideensuche! Koste den w\u00fcrzigen Chai Indiens, das spritzige Temperament italienischer Limone oder lass dich von der fruchtigen S\u00fc\u00dfe t\u00fcrkischer Apfel-Feige verf\u00fchren. Denn da ist ja einer leckerer als der andere.<\/p>\n","protected":false},"featured_media":40371,"comment_status":"open","ping_status":"closed","template":"","meta":[],"product_brand":[],"product_cat":[83],"product_tag":[],"class_list":{"0":"post-40370","1":"product","2":"type-product","3":"status-publish","4":"has-post-thumbnail","6":"product_cat-teebeutel","7":"pa_allergie-informationen-enthaelt-glutenfrei","8":"pa_amazon-bestseller-rang-nr-12-in-lebensmittel-getraenke-siehe-top-100-in-lebensmittel-getraenke-nr-1-in-fruechtetee","9":"pa_artikelgewicht-0-05-g","10":"pa_aufbewahrung-vor-waerme-geschuetzt-und-trocken-lagern","11":"pa_besonderheit-ohne-zuckerzusatz-vegan","12":"pa_durchschnittliche-kundenbewer-46-von-5-sternen-1-461-sternebewertungen-46-von-5-sternen","13":"pa_format-beutel","14":"pa_herkunftsland-deutschland","15":"pa_hersteller-ostfriesische-tee-gesellschaft-gmbh","16":"pa_im-angebot-von-amazon-de-seit-15-november-2020","17":"pa_kontakt-zum-hersteller-21218-seevetal-deutschland","18":"pa_marke-messmer","19":"pa_netto-gewicht-0-05-kilogramm","20":"pa_produktabmessungen-13-x-6-5-x-7-4-cm-0-05-gramm","21":"pa_produktbezeichnung-fruechtetee-aromatisiert-beeren-geschmack","22":"pa_stueckzahl-50-0-gramm","23":"pa_ursprungsland-germany","24":"pa_zertifizierung-utz-zertifiziertes-kaffeprodukt-soziale-und-oekologische-qualitaet-gruener-punkt-ara-verpackungskennzeichen","26":"first","27":"instock","28":"shipping-taxable","29":"purchasable","30":"product-type-simple"},"_links":{"self":[{"href":"https:\/\/123-teezeit.de\/index.php?rest_route=\/wp\/v2\/product\/40370","targetHints":{"allow":["GET"]}}],"collection":[{"href":"https:\/\/123-teezeit.de\/index.php?rest_route=\/wp\/v2\/product"}],"about":[{"href":"https:\/\/123-teezeit.de\/index.php?rest_route=\/wp\/v2\/types\/product"}],"replies":[{"embeddable":true,"href":"https:\/\/123-teezeit.de\/index.php?rest_route=%2Fwp%2Fv2%2Fcomments&post=40370"}],"wp:featuredmedia":[{"embeddable":true,"href":"https:\/\/123-teezeit.de\/index.php?rest_route=\/wp\/v2\/media\/40371"}],"wp:attachment":[{"href":"https:\/\/123-teezeit.de\/index.php?rest_route=%2Fwp%2Fv2%2Fmedia&parent=40370"}],"wp:term":[{"taxonomy":"product_brand","embeddable":true,"href":"https:\/\/123-teezeit.de\/index.php?rest_route=%2Fwp%2Fv2%2Fproduct_brand&post=40370"},{"taxonomy":"product_cat","embeddable":true,"href":"https:\/\/123-teezeit.de\/index.php?rest_route=%2Fwp%2Fv2%2Fproduct_cat&post=40370"},{"taxonomy":"product_tag","embeddable":true,"href":"https:\/\/123-teezeit.de\/index.php?rest_route=%2Fwp%2Fv2%2Fproduct_tag&post=40370"}],"curies":[{"name":"wp","href":"https:\/\/api.w.org\/{rel}","templated":true}]}}