{"id":40406,"date":"2022-02-13T02:35:12","date_gmt":"2022-02-13T02:35:12","guid":{"rendered":"https:\/\/123-teezeit.de\/?product=windsor-castle-english-breakfast-tea-500-g"},"modified":"2023-04-10T09:00:28","modified_gmt":"2023-04-10T09:00:28","slug":"windsor-castle-english-breakfast-tea-500-g","status":"publish","type":"product","link":"https:\/\/123-teezeit.de\/?product=windsor-castle-english-breakfast-tea-500-g","title":{"rendered":"Windsor Castle English Breakfast Tea, 500 g"},"content":{"rendered":"<p><!-- show up to 2 reviews by default --> <\/p>\n<h3> <span>Produktbeschreibung<\/span> <\/h3>\n<p> <span>English Breakfast Tea 500g &#8211; lose Die beliebte englische Mischung kr\u00e4ftiger Ceylon-und Indien-Tees. Schwarzer Tee &#8211; Kr\u00e4ftige Ceylon\/Indien Teemischung<\/span> <\/p>\n<h3> <span>Inhaltsstoffe \/ Zutaten<\/span> <\/h3>\n<p> <span>Zutaten: Schwarzer Tee<\/span> <\/p>\n<div data-a-expander-name=\"toggle_description\" class=\"a-row a-expander-container a-expander-extend-container\">\n<div class=\"a-expander-content a-expander-extend-content\">\n<h3> <span>Gebrauchsanweisung<\/span> <\/h3>\n<p> <span>Einen Teel\u00f6ffel (ca. 2g-2,5g) pro Tasse mit frischem, sprudelnd kochendem Wasser \u00fcbergie\u00dfen, Ziehdauer: 2-3 Minuten<\/span> <\/p>\n<h3> <span>Warnhinweise<\/span> <\/h3>\n<p> <span>Nicht dem direkten Sonnenlicht aussetzen.<\/span> <\/p>\n<h3> <span>Anschrift Hersteller\/Importeur<\/span> <\/h3>\n<p> <span>R\u00f6gen 42 &#8211; 23843 Bad Oldesloe<\/span> <\/p>\n<\/p><\/div>\n<p> <a data-csa-c-func-deps=\"aui-da-a-expander-toggle\" data-csa-c-type=\"widget\" data-csa-interaction-events=\"click\" role=\"button\" href=\"void(0)\" data-action=\"a-expander-toggle\" class=\"a-expander-header a-declarative a-expander-extend-header\" data-a-expander-toggle=\"{\"><i class=\"a-icon a-icon-extender-expand\"><\/i><span class=\"a-expander-prompt\">Mehr<\/span><\/a> <\/div>\n<p>Die beliebte englische Mischung kr\u00e4ftiger Ceylon-und Indien-Tees.<br \/>\nSchwarzer Tee &#8211; Kr\u00e4ftige Ceylon\/Indien Teemischung<br \/>\nSchwarze Tee Mischung vollmundig im Geschmack,mit Milch und Zucker zum geniessen<br \/>\n<div class=\"main-cross-sell\" data-asin=\"B00G5EQJHS\">\n\n\t<div class=\"WooZone-cross-sell-loader\">\n\t\t<div>\n\t\t\t<div id=\"floatingBarsG\">\n\t\t\t\t<div class=\"blockG\" id=\"rotateG_01\"><\/div>\n\t\t\t\t<div class=\"blockG\" id=\"rotateG_02\"><\/div>\n\t\t\t\t<div class=\"blockG\" id=\"rotateG_03\"><\/div>\n\t\t\t\t<div class=\"blockG\" id=\"rotateG_04\"><\/div>\n\t\t\t\t<div class=\"blockG\" id=\"rotateG_05\"><\/div>\n\t\t\t\t<div class=\"blockG\" id=\"rotateG_06\"><\/div>\n\t\t\t\t<div class=\"blockG\" id=\"rotateG_07\"><\/div>\n\t\t\t\t<div class=\"blockG\" id=\"rotateG_08\"><\/div>\n\t\t\t<\/div>\n\t\t\t<div class=\"WooZone-cross-sell-loader-text\"><\/div>\n\t\t<\/div>\n\t<\/div>\n\n\t\t\n<\/div>\n<div style=\"clear:both;\"><\/div><\/p>\n","protected":false},"excerpt":{"rendered":"<p>Die beliebte englische Mischung kr\u00e4ftiger Ceylon-und Indien-Tees.<br \/>\nSchwarzer Tee &#8211; Kr\u00e4ftige Ceylon\/Indien Teemischung<br \/>\nSchwarze Tee Mischung vollmundig im Geschmack,mit Milch und Zucker zum geniessen<\/p>\n","protected":false},"featured_media":40407,"comment_status":"open","ping_status":"closed","template":"","meta":[],"product_brand":[],"product_cat":[23],"product_tag":[],"class_list":{"0":"post-40406","1":"product","2":"type-product","3":"status-publish","4":"has-post-thumbnail","6":"product_cat-schwarztee","7":"pa_amazon-bestseller-rang-nr-19394-in-lebensmittel-getraenke-siehe-top-100-in-lebensmittel-getraenke-nr-229-in-schwarztee","8":"pa_artikelgewicht-500-g","9":"pa_aufbewahrung-kuehl-und-trocken-lagern","10":"pa_besonderheit-vegetarisch","11":"pa_durchschnittliche-kundenbewer-45-von-5-sternen-27-sternebewertungen-45-von-5-sternen","12":"pa_format-beutel","13":"pa_im-angebot-von-amazon-de-seit-24-oktober-2013","14":"pa_kontakt-zum-hersteller-roegen-42-23843-bad-oldesloe","15":"pa_marke-windsor-castle","16":"pa_netto-gewicht-500-gramm","17":"pa_produktbezeichnung-schwarzer-tee","18":"pa_stueckzahl-500-0-gramm","19":"pa_ursprungsland-india","20":"pa_verpackungsabmessungen-25-9-x-13-3-x-7-7-cm-500-gramm","22":"first","23":"instock","24":"shipping-taxable","25":"purchasable","26":"product-type-simple"},"_links":{"self":[{"href":"https:\/\/123-teezeit.de\/index.php?rest_route=\/wp\/v2\/product\/40406","targetHints":{"allow":["GET"]}}],"collection":[{"href":"https:\/\/123-teezeit.de\/index.php?rest_route=\/wp\/v2\/product"}],"about":[{"href":"https:\/\/123-teezeit.de\/index.php?rest_route=\/wp\/v2\/types\/product"}],"replies":[{"embeddable":true,"href":"https:\/\/123-teezeit.de\/index.php?rest_route=%2Fwp%2Fv2%2Fcomments&post=40406"}],"wp:featuredmedia":[{"embeddable":true,"href":"https:\/\/123-teezeit.de\/index.php?rest_route=\/wp\/v2\/media\/40407"}],"wp:attachment":[{"href":"https:\/\/123-teezeit.de\/index.php?rest_route=%2Fwp%2Fv2%2Fmedia&parent=40406"}],"wp:term":[{"taxonomy":"product_brand","embeddable":true,"href":"https:\/\/123-teezeit.de\/index.php?rest_route=%2Fwp%2Fv2%2Fproduct_brand&post=40406"},{"taxonomy":"product_cat","embeddable":true,"href":"https:\/\/123-teezeit.de\/index.php?rest_route=%2Fwp%2Fv2%2Fproduct_cat&post=40406"},{"taxonomy":"product_tag","embeddable":true,"href":"https:\/\/123-teezeit.de\/index.php?rest_route=%2Fwp%2Fv2%2Fproduct_tag&post=40406"}],"curies":[{"name":"wp","href":"https:\/\/api.w.org\/{rel}","templated":true}]}}