{"id":40466,"date":"2022-02-13T02:40:34","date_gmt":"2022-02-13T02:40:34","guid":{"rendered":"https:\/\/123-teezeit.de\/?product=directfriendly-bio-tee-geschenkset-mit-6-verschiedenen-bio-teemischungen-normal"},"modified":"2023-04-07T08:30:29","modified_gmt":"2023-04-07T08:30:29","slug":"directfriendly-bio-tee-geschenkset-mit-6-verschiedenen-bio-teemischungen-normal","status":"publish","type":"product","link":"https:\/\/123-teezeit.de\/?product=directfriendly-bio-tee-geschenkset-mit-6-verschiedenen-bio-teemischungen-normal","title":{"rendered":"direct&amp;friendly Bio Tee Geschenkset mit 6 verschiedenen Bio Teemischungen (Naturkarton)"},"content":{"rendered":"<p>100% nat\u00fcrliche Rohprodukte ohne Konservierungsstoffe und ohne k\u00fcnstliche Aroma- oder sonstige Zusatzstoffe &#8211; ZUCKERFREI<br \/>\nSECHS unterschiedliche Mischungen als POWER-TEE, DURSTL\u00d6SCHER und als ENTSPANNUNGS-TEE. Je nach Bedarf und Wirkung DEN GANZEN TAG TEE-GENUSS PUR!<br \/>\nUnsere Teemischungen sind reine Naturprodukte in Bio-Qualit\u00e4t und werden von direct&amp;friendly (Kontrollstelle: DE \u00d6KO 007), mit Liebe und Sorgfalt, von Hand abgef\u00fcllt!<br \/>\nJede unserer Zutaten wird so schonend wie m\u00f6glich getrocknet, damit Farb- und wertvolle Wirk-\/Inhaltsstoffe (Enzyme, sekund\u00e4re Pflanzenstoffe, \u00e4therische \u00d6le und viele Flavonoide) konzentriert erhalten bleiben. Dunkel und trocken gelagert bauen sie sich eher langsam ab und sind so recht lange haltbar.<br \/>\n<div class=\"main-cross-sell\" data-asin=\"B07BNL9J7C\">\n\n\t<div class=\"WooZone-cross-sell-loader\">\n\t\t<div>\n\t\t\t<div id=\"floatingBarsG\">\n\t\t\t\t<div class=\"blockG\" id=\"rotateG_01\"><\/div>\n\t\t\t\t<div class=\"blockG\" id=\"rotateG_02\"><\/div>\n\t\t\t\t<div class=\"blockG\" id=\"rotateG_03\"><\/div>\n\t\t\t\t<div class=\"blockG\" id=\"rotateG_04\"><\/div>\n\t\t\t\t<div class=\"blockG\" id=\"rotateG_05\"><\/div>\n\t\t\t\t<div class=\"blockG\" id=\"rotateG_06\"><\/div>\n\t\t\t\t<div class=\"blockG\" id=\"rotateG_07\"><\/div>\n\t\t\t\t<div class=\"blockG\" id=\"rotateG_08\"><\/div>\n\t\t\t<\/div>\n\t\t\t<div class=\"WooZone-cross-sell-loader-text\"><\/div>\n\t\t<\/div>\n\t<\/div>\n\n\t\t\n<\/div>\n<div style=\"clear:both;\"><\/div><\/p>\n","protected":false},"excerpt":{"rendered":"<p>100% nat\u00fcrliche Rohprodukte ohne Konservierungsstoffe und ohne k\u00fcnstliche Aroma- oder sonstige Zusatzstoffe &#8211; ZUCKERFREI<br \/>\nSECHS unterschiedliche Mischungen als POWER-TEE, DURSTL\u00d6SCHER und als ENTSPANNUNGS-TEE. Je nach Bedarf und Wirkung DEN GANZEN TAG TEE-GENUSS PUR!<br \/>\nUnsere Teemischungen sind reine Naturprodukte in Bio-Qualit\u00e4t und werden von direct&amp;friendly (Kontrollstelle: DE \u00d6KO 007), mit Liebe und Sorgfalt, von Hand abgef\u00fcllt!<\/p>\n","protected":false},"featured_media":40467,"comment_status":"open","ping_status":"closed","template":"","meta":[],"product_brand":[],"product_cat":[15],"product_tag":[],"class_list":{"0":"post-40466","1":"product","2":"type-product","3":"status-publish","4":"has-post-thumbnail","6":"product_cat-bio-tee","7":"pa_allergie-informationen-enthaelt-glutenfrei","8":"pa_artikelgewicht-660-g","9":"pa_aufbewahrung-vor-licht-schuetzen","10":"pa_auslaufartikel-produktion-dur-nein","11":"pa_besonderheit-bio-ohne-kuenstliche-farben-vegan-ohne-konservierungsstoffe-ohne-kuenstliche-aromen","12":"pa_format-getrocknet","13":"pa_herkunftsland-deutschland","14":"pa_hersteller-cityloope-gmbh","15":"pa_koffeingehalt-koffeinfrei","16":"pa_kontakt-zum-hersteller-cityloope-gmbh-max-eyth-str-3-d-72379-hechingen-tel-plus49-7471-617-555","17":"pa_marke-directfriendly","18":"pa_produktbezeichnung-food","19":"pa_stueckzahl-1-00-stueck","20":"pa_verpackungsabmessungen-27-8-x-15-4-x-7-cm","22":"first","23":"instock","24":"shipping-taxable","25":"purchasable","26":"product-type-simple"},"_links":{"self":[{"href":"https:\/\/123-teezeit.de\/index.php?rest_route=\/wp\/v2\/product\/40466","targetHints":{"allow":["GET"]}}],"collection":[{"href":"https:\/\/123-teezeit.de\/index.php?rest_route=\/wp\/v2\/product"}],"about":[{"href":"https:\/\/123-teezeit.de\/index.php?rest_route=\/wp\/v2\/types\/product"}],"replies":[{"embeddable":true,"href":"https:\/\/123-teezeit.de\/index.php?rest_route=%2Fwp%2Fv2%2Fcomments&post=40466"}],"wp:featuredmedia":[{"embeddable":true,"href":"https:\/\/123-teezeit.de\/index.php?rest_route=\/wp\/v2\/media\/40467"}],"wp:attachment":[{"href":"https:\/\/123-teezeit.de\/index.php?rest_route=%2Fwp%2Fv2%2Fmedia&parent=40466"}],"wp:term":[{"taxonomy":"product_brand","embeddable":true,"href":"https:\/\/123-teezeit.de\/index.php?rest_route=%2Fwp%2Fv2%2Fproduct_brand&post=40466"},{"taxonomy":"product_cat","embeddable":true,"href":"https:\/\/123-teezeit.de\/index.php?rest_route=%2Fwp%2Fv2%2Fproduct_cat&post=40466"},{"taxonomy":"product_tag","embeddable":true,"href":"https:\/\/123-teezeit.de\/index.php?rest_route=%2Fwp%2Fv2%2Fproduct_tag&post=40466"}],"curies":[{"name":"wp","href":"https:\/\/api.w.org\/{rel}","templated":true}]}}