{"id":40586,"date":"2022-02-13T03:12:40","date_gmt":"2022-02-13T03:12:40","guid":{"rendered":"https:\/\/123-teezeit.de\/?product=teekanne-ostfriesen-gold-500g-2er-pack-2-x-500-g"},"modified":"2023-04-07T08:30:29","modified_gmt":"2023-04-07T08:30:29","slug":"teekanne-ostfriesen-gold-500g-2er-pack-2-x-500-g","status":"publish","type":"product","link":"https:\/\/123-teezeit.de\/?product=teekanne-ostfriesen-gold-500g-2er-pack-2-x-500-g","title":{"rendered":"Teekanne Ostfriesen Gold 500g, 2er Pack (2 x 500 g)"},"content":{"rendered":"<p><!-- show up to 2 reviews by default --> <\/p>\n<h3> <span>Produktbeschreibung<\/span> <\/h3>\n<p> <span>Dieser kr\u00e4ftige Tee verdankt seinen unverwechselbaren Geschmack der sorgf\u00e4ltigen Komposition aus erlesenem Assam aus den besten Teeg\u00e4rten des ber\u00fchmten Anbaugebietes im Nordosten Indiens und weiteren Tees aus ausgew\u00e4hlten Anbaugebieten. Die erlesenen Teesorten pr\u00e4gen den typisch voll-aromatischen Geschmack, der einen klassischen Ostfriesen-Tee ausmacht. Sorgfalt und schonende Verarbeitung machen diesen Genuss perfekt.<\/span> <\/p>\n<h3> <span>Inhaltsstoffe \/ Zutaten<\/span> <\/h3>\n<p> <span>Zutaten: Schwarzer Tee<\/span> <\/p>\n<div data-a-expander-name=\"toggle_description\" class=\"a-row a-expander-container a-expander-extend-container\">\n<div class=\"a-expander-content a-expander-extend-content\">\n<h3> <span>Gebrauchsanweisung<\/span> <\/h3>\n<p> <span>Das kr\u00e4ftige und volle Aroma von TEEKANNE Ostfriesen Gold entfaltet sich besonders gut, wenn Sie pro Tasse einen Teel\u00f6ffel Tee in einen Kannen- Teefilter geben, sprudelnd kochendes Wasser hinzugeben und nach 3 &#8211; 5 Minuten Ziehzeit den Filter entnehmen.<\/span> <\/p>\n<h3> <span>Anschrift Hersteller\/Importeur<\/span> <\/h3>\n<p> <span>D-40526 D\u00fcsseldorf<\/span> <\/p>\n<\/p><\/div>\n<p> <a data-csa-c-func-deps=\"aui-da-a-expander-toggle\" data-csa-c-type=\"widget\" data-csa-interaction-events=\"click\" role=\"button\" href=\"void(0)\" data-action=\"a-expander-toggle\" class=\"a-expander-header a-declarative a-expander-extend-header\" data-a-expander-toggle=\"{\"><i class=\"a-icon a-icon-extender-expand\"><\/i><span class=\"a-expander-prompt\">Mehr<\/span><\/a> <\/div>\n<p>Genie\u00dfen Sie TEEKANNE Ostfriesen Gold, ein kr\u00e4ftiger Schwarzer Tee bester Ernten. Sorgfalt und schonende Verarbeitung machen diesen Genuss perfekt.<br \/>\n<div class=\"main-cross-sell\" data-asin=\"B00GRTKXBO\">\n\n\t<div class=\"WooZone-cross-sell-loader\">\n\t\t<div>\n\t\t\t<div id=\"floatingBarsG\">\n\t\t\t\t<div class=\"blockG\" id=\"rotateG_01\"><\/div>\n\t\t\t\t<div class=\"blockG\" id=\"rotateG_02\"><\/div>\n\t\t\t\t<div class=\"blockG\" id=\"rotateG_03\"><\/div>\n\t\t\t\t<div class=\"blockG\" id=\"rotateG_04\"><\/div>\n\t\t\t\t<div class=\"blockG\" id=\"rotateG_05\"><\/div>\n\t\t\t\t<div class=\"blockG\" id=\"rotateG_06\"><\/div>\n\t\t\t\t<div class=\"blockG\" id=\"rotateG_07\"><\/div>\n\t\t\t\t<div class=\"blockG\" id=\"rotateG_08\"><\/div>\n\t\t\t<\/div>\n\t\t\t<div class=\"WooZone-cross-sell-loader-text\"><\/div>\n\t\t<\/div>\n\t<\/div>\n\n\t\t\n<\/div>\n<div style=\"clear:both;\"><\/div><\/p>\n","protected":false},"excerpt":{"rendered":"<p>Genie\u00dfen Sie TEEKANNE Ostfriesen Gold, ein kr\u00e4ftiger Schwarzer Tee bester Ernten. Sorgfalt und schonende Verarbeitung machen diesen Genuss perfekt.<\/p>\n","protected":false},"featured_media":40587,"comment_status":"open","ping_status":"closed","template":"","meta":[],"product_brand":[],"product_cat":[23],"product_tag":[],"class_list":{"0":"post-40586","1":"product","2":"type-product","3":"status-publish","4":"has-post-thumbnail","6":"product_cat-schwarztee","7":"pa_allergie-informationen-enthaelt-glutenfrei","8":"pa_amazon-bestseller-rang-nr-16349-in-lebensmittel-getraenke-siehe-top-100-in-lebensmittel-getraenke-nr-189-in-schwarztee","9":"pa_artikelgewicht-500-g","10":"pa_aufbewahrung-vor-waerme-geschuetzt-und-trocken-lagern","11":"pa_besonderheit-ohne-zuckerzusatz-glutenfrei-ohne-kuenstliche-aromen","12":"pa_durchschnittliche-kundenbewer-46-von-5-sternen-70-sternebewertungen-46-von-5-sternen","13":"pa_herkunftsland-deutschland","14":"pa_hersteller-teekanne-gmbh-co-kg","15":"pa_im-angebot-von-amazon-de-seit-19-november-2013","16":"pa_kontakt-zum-hersteller-d-40526-duesseldorf","17":"pa_marke-teekanne","18":"pa_netto-gewicht-1000-gramm","19":"pa_produktabmessungen-6-5-x-10-x-19-3-cm-500-gramm","20":"pa_produktbezeichnung-schwarzer-tee","21":"pa_stueckzahl-1000-0-gramm","22":"pa_ursprungsland-germany","23":"pa_zertifizierung-rainforest-alliance-zertifziert-zum-schutz-des-regenwaldes","24":"pa_zusatzstoffe-keine-deklarationspflichtigen-zusatzstoffe-vorhanden","26":"first","27":"instock","28":"shipping-taxable","29":"purchasable","30":"product-type-simple"},"_links":{"self":[{"href":"https:\/\/123-teezeit.de\/index.php?rest_route=\/wp\/v2\/product\/40586","targetHints":{"allow":["GET"]}}],"collection":[{"href":"https:\/\/123-teezeit.de\/index.php?rest_route=\/wp\/v2\/product"}],"about":[{"href":"https:\/\/123-teezeit.de\/index.php?rest_route=\/wp\/v2\/types\/product"}],"replies":[{"embeddable":true,"href":"https:\/\/123-teezeit.de\/index.php?rest_route=%2Fwp%2Fv2%2Fcomments&post=40586"}],"wp:featuredmedia":[{"embeddable":true,"href":"https:\/\/123-teezeit.de\/index.php?rest_route=\/wp\/v2\/media\/40587"}],"wp:attachment":[{"href":"https:\/\/123-teezeit.de\/index.php?rest_route=%2Fwp%2Fv2%2Fmedia&parent=40586"}],"wp:term":[{"taxonomy":"product_brand","embeddable":true,"href":"https:\/\/123-teezeit.de\/index.php?rest_route=%2Fwp%2Fv2%2Fproduct_brand&post=40586"},{"taxonomy":"product_cat","embeddable":true,"href":"https:\/\/123-teezeit.de\/index.php?rest_route=%2Fwp%2Fv2%2Fproduct_cat&post=40586"},{"taxonomy":"product_tag","embeddable":true,"href":"https:\/\/123-teezeit.de\/index.php?rest_route=%2Fwp%2Fv2%2Fproduct_tag&post=40586"}],"curies":[{"name":"wp","href":"https:\/\/api.w.org\/{rel}","templated":true}]}}