{"id":40609,"date":"2022-02-13T03:12:56","date_gmt":"2022-02-13T03:12:56","guid":{"rendered":"https:\/\/123-teezeit.de\/?product=ahmad-tea-ceylon-schwarzer-tee-500g-loser-tee"},"modified":"2023-04-07T08:30:30","modified_gmt":"2023-04-07T08:30:30","slug":"ahmad-tea-ceylon-schwarzer-tee-500g-loser-tee","status":"publish","type":"product","link":"https:\/\/123-teezeit.de\/?product=ahmad-tea-ceylon-schwarzer-tee-500g-loser-tee","title":{"rendered":"Ahmad Tea Ceylon, Schwarzer Tee, 500g loser Tee"},"content":{"rendered":"<p><!-- show up to 2 reviews by default --> <\/p>\n<h3> <span>Produktbeschreibung<\/span> <\/h3>\n<p> <span>Ahmad Tea Ceylon Schwarzer Tee, lose, 500 g<\/span> <\/p>\n<h3> <span>Inhaltsstoffe \/ Zutaten<\/span> <\/h3>\n<p> <span>Schwarzer Tee &#8211; Mischung<\/span> <\/p>\n<div data-a-expander-name=\"toggle_description\" class=\"a-row a-expander-container a-expander-extend-container\">\n<div class=\"a-expander-content a-expander-extend-content\">\n<h3> <span>Gebrauchsanweisung<\/span> <\/h3>\n<p> <span>2g Tee mit 200ml frischem, kochendem Wasser aufgie\u00dfen, ca. 4 Minuten ziehen lassen.<\/span> <\/p>\n<h3> <span>Warnhinweise<\/span> <\/h3>\n<p> <span>keine<\/span> <\/p>\n<h3> <span>Anschrift Hersteller\/Importeur<\/span> <\/h3>\n<p> <span>Ahmad Tea Ltd. Winchester Road Chandlers Ford Hampshire SO53 2PZ England<\/span> <\/p>\n<\/p><\/div>\n<p> <a data-csa-c-func-deps=\"aui-da-a-expander-toggle\" data-csa-c-type=\"widget\" data-csa-interaction-events=\"click\" role=\"button\" href=\"void(0)\" data-action=\"a-expander-toggle\" class=\"a-expander-header a-declarative a-expander-extend-header\" data-a-expander-toggle=\"{\"><i class=\"a-icon a-icon-extender-expand\"><\/i><span class=\"a-expander-prompt\">Mehr<\/span><\/a> <\/div>\n<p>Vollmundig und idealerweise mit Milch und Zucker nach Belieben serviert, revitalisiert dieser Tee die Sinne.<br \/>\nDie perfekte Erg\u00e4nzung zu einem herzhaften Fr\u00fchst\u00fcck, aber zu jeder Tageszeit ist unser Tee ein Genuss f\u00fcr jeden Geschmack.<br \/>\nGenie\u00dfen Sie diesen Tee mit einem Teel\u00f6ffel braunem Kandis oder einem Schuss frischer Milch oder Sahne.<br \/>\n<div class=\"main-cross-sell\" data-asin=\"B002UP153Y\">\n\n\t<div class=\"WooZone-cross-sell-loader\">\n\t\t<div>\n\t\t\t<div id=\"floatingBarsG\">\n\t\t\t\t<div class=\"blockG\" id=\"rotateG_01\"><\/div>\n\t\t\t\t<div class=\"blockG\" id=\"rotateG_02\"><\/div>\n\t\t\t\t<div class=\"blockG\" id=\"rotateG_03\"><\/div>\n\t\t\t\t<div class=\"blockG\" id=\"rotateG_04\"><\/div>\n\t\t\t\t<div class=\"blockG\" id=\"rotateG_05\"><\/div>\n\t\t\t\t<div class=\"blockG\" id=\"rotateG_06\"><\/div>\n\t\t\t\t<div class=\"blockG\" id=\"rotateG_07\"><\/div>\n\t\t\t\t<div class=\"blockG\" id=\"rotateG_08\"><\/div>\n\t\t\t<\/div>\n\t\t\t<div class=\"WooZone-cross-sell-loader-text\"><\/div>\n\t\t<\/div>\n\t<\/div>\n\n\t\t\n<\/div>\n<div style=\"clear:both;\"><\/div><\/p>\n","protected":false},"excerpt":{"rendered":"<p>Vollmundig und idealerweise mit Milch und Zucker nach Belieben serviert, revitalisiert dieser Tee die Sinne.<br \/>\nDie perfekte Erg\u00e4nzung zu einem herzhaften Fr\u00fchst\u00fcck, aber zu jeder Tageszeit ist unser Tee ein Genuss f\u00fcr jeden Geschmack.<br \/>\nGenie\u00dfen Sie diesen Tee mit einem Teel\u00f6ffel braunem Kandis oder einem Schuss frischer Milch oder Sahne.<\/p>\n","protected":false},"featured_media":40610,"comment_status":"open","ping_status":"closed","template":"","meta":[],"product_brand":[],"product_cat":[23],"product_tag":[],"class_list":{"0":"post-40609","1":"product","2":"type-product","3":"status-publish","4":"has-post-thumbnail","6":"product_cat-schwarztee","7":"pa_allergie-informationen-enthaelt-glutenfrei","8":"pa_amazon-bestseller-rang-nr-5641-in-lebensmittel-getraenke-siehe-top-100-in-lebensmittel-getraenke-nr-49-in-schwarztee","9":"pa_artikelgewicht-34-8-g","10":"pa_aufbewahrung-kuehl-und-trocken-lagern","11":"pa_auslaufartikel-produktion-dur-nein","12":"pa_besonderheit-ohne-zuckerzusatz","13":"pa_durchschnittliche-kundenbewer-46-von-5-sternen-1-302-sternebewertungen-46-von-5-sternen","14":"pa_format-lose-teeblaetter","15":"pa_herkunftsland-sri-lanka","16":"pa_hersteller-ahmad-tea","17":"pa_im-angebot-von-amazon-de-seit-21-august-2011","18":"pa_koffeingehalt-mittlerer-koffeingehalt","19":"pa_kontakt-zum-hersteller-ahmad-tea-ltd-winchester-road-chandlers-ford-hampshire-so53-2pz-england","20":"pa_landeskueche-naher-osten","21":"pa_marke-ahmad-tea","22":"pa_netto-gewicht-0-5-kilogramm","23":"pa_produktabmessungen-9-9-x-11-1-x-16-cm-34-87-gramm","24":"pa_produktbezeichnung-ceylon-schwarzer-tee-lose-500g","25":"pa_stueckzahl-500-0-gramm","27":"first","28":"instock","29":"shipping-taxable","30":"purchasable","31":"product-type-simple"},"_links":{"self":[{"href":"https:\/\/123-teezeit.de\/index.php?rest_route=\/wp\/v2\/product\/40609","targetHints":{"allow":["GET"]}}],"collection":[{"href":"https:\/\/123-teezeit.de\/index.php?rest_route=\/wp\/v2\/product"}],"about":[{"href":"https:\/\/123-teezeit.de\/index.php?rest_route=\/wp\/v2\/types\/product"}],"replies":[{"embeddable":true,"href":"https:\/\/123-teezeit.de\/index.php?rest_route=%2Fwp%2Fv2%2Fcomments&post=40609"}],"wp:featuredmedia":[{"embeddable":true,"href":"https:\/\/123-teezeit.de\/index.php?rest_route=\/wp\/v2\/media\/40610"}],"wp:attachment":[{"href":"https:\/\/123-teezeit.de\/index.php?rest_route=%2Fwp%2Fv2%2Fmedia&parent=40609"}],"wp:term":[{"taxonomy":"product_brand","embeddable":true,"href":"https:\/\/123-teezeit.de\/index.php?rest_route=%2Fwp%2Fv2%2Fproduct_brand&post=40609"},{"taxonomy":"product_cat","embeddable":true,"href":"https:\/\/123-teezeit.de\/index.php?rest_route=%2Fwp%2Fv2%2Fproduct_cat&post=40609"},{"taxonomy":"product_tag","embeddable":true,"href":"https:\/\/123-teezeit.de\/index.php?rest_route=%2Fwp%2Fv2%2Fproduct_tag&post=40609"}],"curies":[{"name":"wp","href":"https:\/\/api.w.org\/{rel}","templated":true}]}}