{"id":40625,"date":"2022-02-13T03:19:55","date_gmt":"2022-02-13T03:19:55","guid":{"rendered":"https:\/\/123-teezeit.de\/?product=umamo-bio-darjeeling-90g-bio-schwarzer-tee-lose"},"modified":"2023-04-07T08:30:30","modified_gmt":"2023-04-07T08:30:30","slug":"umamo-bio-darjeeling-90g-bio-schwarzer-tee-lose","status":"publish","type":"product","link":"https:\/\/123-teezeit.de\/?product=umamo-bio-darjeeling-90g-bio-schwarzer-tee-lose","title":{"rendered":"UMAMO Bio Darjeeling Tee 90g, Bio Schwarztee lose, Darjeeling Second Flush, Schwarzer Tee lose in Bio-Qualit\u00e4t, in\u2026"},"content":{"rendered":"<p>BIO SCHWARZER TEE: Klassischer Darjeeling aus \u00f6kologischem Anbau in Indien (FTGFOP 2nd Flush Blend) mit einem vollmundigen, kr\u00e4ftigen Aroma.<br \/>\nAROMA UND LUXUS: H\u00f6hepunkt des Tee-Jahres. Second Flush geh\u00f6rt damit zu den exklusivsten und luxuri\u00f6sesten Tees. Auch ein perfektes Geschenk f\u00fcr Tee-Liebhaber und Tee-Experten.<br \/>\nKONTROLLIERT BIOLOGISCH: Unsere Tees stammen aus kontrolliert-biologischem Anbau und werden in Deutschland abgef\u00fcllt. Frei von chemischen D\u00fcnge- und Pflanzenschutzmitteln. Keine Zusatz- und Konservierungsstoffe. Nach DE-\u00d6KO-039 zertifiziert.<br \/>\n100% NAT\u00dcRLICH &amp; LECKER: Natur pur &#8211; kein Zuckerzusatz und ausschlie\u00dflich nat\u00fcrliches Aroma. Hochwertige Zutaten, \u00f6kologischer Anbau leckerer Geschmack. Vegan, laktose-, soja- und glutenfrei.<br \/>\nAROMASCHONEND VERPACKT: Unser naturbelassener Bio-Tee wird in wiederverschlie\u00dfbaren, luftdichten Doypacks verpackt. Die Vorratsverpackung mit Zipverschluss erh\u00e4lt das Aroma und sch\u00fctzt vor Feuchtigkeit.<br \/>\n<div class=\"main-cross-sell\" data-asin=\"B095NJK34G\">\n\n\t<div class=\"WooZone-cross-sell-loader\">\n\t\t<div>\n\t\t\t<div id=\"floatingBarsG\">\n\t\t\t\t<div class=\"blockG\" id=\"rotateG_01\"><\/div>\n\t\t\t\t<div class=\"blockG\" id=\"rotateG_02\"><\/div>\n\t\t\t\t<div class=\"blockG\" id=\"rotateG_03\"><\/div>\n\t\t\t\t<div class=\"blockG\" id=\"rotateG_04\"><\/div>\n\t\t\t\t<div class=\"blockG\" id=\"rotateG_05\"><\/div>\n\t\t\t\t<div class=\"blockG\" id=\"rotateG_06\"><\/div>\n\t\t\t\t<div class=\"blockG\" id=\"rotateG_07\"><\/div>\n\t\t\t\t<div class=\"blockG\" id=\"rotateG_08\"><\/div>\n\t\t\t<\/div>\n\t\t\t<div class=\"WooZone-cross-sell-loader-text\"><\/div>\n\t\t<\/div>\n\t<\/div>\n\n\t\t\n<\/div>\n<div style=\"clear:both;\"><\/div><\/p>\n","protected":false},"excerpt":{"rendered":"<p>BIO SCHWARZER TEE: Klassischer Darjeeling aus \u00f6kologischem Anbau in Indien (FTGFOP 2nd Flush Blend) mit einem vollmundigen, kr\u00e4ftigen Aroma.<br \/>\nAROMA UND LUXUS: H\u00f6hepunkt des Tee-Jahres. Second Flush geh\u00f6rt damit zu den exklusivsten und luxuri\u00f6sesten Tees. Auch ein perfektes Geschenk f\u00fcr Tee-Liebhaber und Tee-Experten.<br \/>\nKONTROLLIERT BIOLOGISCH: Unsere Tees stammen aus kontrolliert-biologischem Anbau und werden in Deutschland abgef\u00fcllt. Frei von chemischen D\u00fcnge- und Pflanzenschutzmitteln. Keine Zusatz- und Konservierungsstoffe. Nach DE-\u00d6KO-039 zertifiziert.<\/p>\n","protected":false},"featured_media":40626,"comment_status":"open","ping_status":"closed","template":"","meta":[],"product_brand":[],"product_cat":[23],"product_tag":[],"class_list":{"0":"post-40625","1":"product","2":"type-product","3":"status-publish","4":"has-post-thumbnail","6":"product_cat-schwarztee","7":"pa_amazon-bestseller-rang-nr-44235-in-lebensmittel-getraenke-siehe-top-100-in-lebensmittel-getraenke-nr-613-in-schwarztee","8":"pa_artikelgewicht-90-g","9":"pa_besonderheit-bio-natural-glutenfrei-vegan","10":"pa_durchschnittliche-kundenbewer-50-von-5-sternen-6-sternebewertungen-50-von-5-sternen","11":"pa_format-lose-blaetter","12":"pa_herkunftsland-indien","13":"pa_im-angebot-von-amazon-de-seit-31-mai-2021","14":"pa_marke-umamo","15":"pa_produktabmessungen-13-x-5-x-22-5-cm-90-gramm","16":"pa_stueckzahl-90-00-gramm","18":"first","19":"instock","20":"shipping-taxable","21":"purchasable","22":"product-type-simple"},"_links":{"self":[{"href":"https:\/\/123-teezeit.de\/index.php?rest_route=\/wp\/v2\/product\/40625","targetHints":{"allow":["GET"]}}],"collection":[{"href":"https:\/\/123-teezeit.de\/index.php?rest_route=\/wp\/v2\/product"}],"about":[{"href":"https:\/\/123-teezeit.de\/index.php?rest_route=\/wp\/v2\/types\/product"}],"replies":[{"embeddable":true,"href":"https:\/\/123-teezeit.de\/index.php?rest_route=%2Fwp%2Fv2%2Fcomments&post=40625"}],"wp:featuredmedia":[{"embeddable":true,"href":"https:\/\/123-teezeit.de\/index.php?rest_route=\/wp\/v2\/media\/40626"}],"wp:attachment":[{"href":"https:\/\/123-teezeit.de\/index.php?rest_route=%2Fwp%2Fv2%2Fmedia&parent=40625"}],"wp:term":[{"taxonomy":"product_brand","embeddable":true,"href":"https:\/\/123-teezeit.de\/index.php?rest_route=%2Fwp%2Fv2%2Fproduct_brand&post=40625"},{"taxonomy":"product_cat","embeddable":true,"href":"https:\/\/123-teezeit.de\/index.php?rest_route=%2Fwp%2Fv2%2Fproduct_cat&post=40625"},{"taxonomy":"product_tag","embeddable":true,"href":"https:\/\/123-teezeit.de\/index.php?rest_route=%2Fwp%2Fv2%2Fproduct_tag&post=40625"}],"curies":[{"name":"wp","href":"https:\/\/api.w.org\/{rel}","templated":true}]}}