{"id":40641,"date":"2022-02-13T03:20:09","date_gmt":"2022-02-13T03:20:09","guid":{"rendered":"https:\/\/123-teezeit.de\/?product=caykur-altinbas-schwarztee-altinbas-cayi-doekme-500-g"},"modified":"2023-04-07T08:30:30","modified_gmt":"2023-04-07T08:30:30","slug":"caykur-altinbas-schwarztee-altinbas-cayi-doekme-500-g","status":"publish","type":"product","link":"https:\/\/123-teezeit.de\/?product=caykur-altinbas-schwarztee-altinbas-cayi-doekme-500-g","title":{"rendered":"Caykur \u2013 Altinbas Schwarztee \u2013 Altinbas Cayi D\u00f6kme 500 g"},"content":{"rendered":"<p><!-- show up to 2 reviews by default --> <\/p>\n<h3> <span>Anschrift Hersteller\/Importeur<\/span> <\/h3>\n<p> <span>Cay isletmeleri Genel M\u00fcd\u00fcrl\u00fcg\u00fc M\u00fcft\u00fc Mah. 53080 Rize T\u00fcrkei<\/span> <\/p>\n<div class=\"main-cross-sell\" data-asin=\"B06WP5GLXY\">\n\n\t<div class=\"WooZone-cross-sell-loader\">\n\t\t<div>\n\t\t\t<div id=\"floatingBarsG\">\n\t\t\t\t<div class=\"blockG\" id=\"rotateG_01\"><\/div>\n\t\t\t\t<div class=\"blockG\" id=\"rotateG_02\"><\/div>\n\t\t\t\t<div class=\"blockG\" id=\"rotateG_03\"><\/div>\n\t\t\t\t<div class=\"blockG\" id=\"rotateG_04\"><\/div>\n\t\t\t\t<div class=\"blockG\" id=\"rotateG_05\"><\/div>\n\t\t\t\t<div class=\"blockG\" id=\"rotateG_06\"><\/div>\n\t\t\t\t<div class=\"blockG\" id=\"rotateG_07\"><\/div>\n\t\t\t\t<div class=\"blockG\" id=\"rotateG_08\"><\/div>\n\t\t\t<\/div>\n\t\t\t<div class=\"WooZone-cross-sell-loader-text\"><\/div>\n\t\t<\/div>\n\t<\/div>\n\n\t\t\n<\/div>\n<div style=\"clear:both;\"><\/div>\n","protected":false},"excerpt":{"rendered":"<p>Anschrift Hersteller\/Importeur Cay isletmeleri Genel M\u00fcd\u00fcrl\u00fcg\u00fc M\u00fcft\u00fc Mah. 53080 Rize T\u00fcrkei<\/p>\n","protected":false},"featured_media":40642,"comment_status":"open","ping_status":"closed","template":"","meta":[],"product_brand":[],"product_cat":[23],"product_tag":[],"class_list":{"0":"post-40641","1":"product","2":"type-product","3":"status-publish","4":"has-post-thumbnail","6":"product_cat-schwarztee","7":"pa_amazon-bestseller-rang-nr-32048-in-lebensmittel-getraenke-siehe-top-100-in-lebensmittel-getraenke-nr-423-in-schwarztee","8":"pa_artikelgewicht-500-g","9":"pa_aufbewahrung-kuehl-und-trocken-lagern","10":"pa_auslaufartikel-produktion-dur-nein","11":"pa_besonderheit-vegetarisch","12":"pa_durchschnittliche-kundenbewer-44-von-5-sternen-55-sternebewertungen-44-von-5-sternen","13":"pa_format-verpackt","14":"pa_herkunftsort-der-primaeren-zu-tuerkei","15":"pa_hersteller-cay-isletmeleri-genel-mueduerluegue","16":"pa_im-angebot-von-amazon-de-seit-24-april-2017","17":"pa_kontakt-zum-hersteller-cay-isletmeleri-genel-mueduerluegue-mueftue-mah-53080-rize-tuerkei","18":"pa_marke-caykur","19":"pa_stueckzahl-500-gramm","20":"pa_ursprungsland-tuerkei","21":"pa_ursprungsland-der-primaeren-z-tuerkei","22":"pa_verpackungsabmessungen-20-x-12-2-x-8-cm-500-gramm","24":"first","25":"instock","26":"shipping-taxable","27":"purchasable","28":"product-type-simple"},"_links":{"self":[{"href":"https:\/\/123-teezeit.de\/index.php?rest_route=\/wp\/v2\/product\/40641","targetHints":{"allow":["GET"]}}],"collection":[{"href":"https:\/\/123-teezeit.de\/index.php?rest_route=\/wp\/v2\/product"}],"about":[{"href":"https:\/\/123-teezeit.de\/index.php?rest_route=\/wp\/v2\/types\/product"}],"replies":[{"embeddable":true,"href":"https:\/\/123-teezeit.de\/index.php?rest_route=%2Fwp%2Fv2%2Fcomments&post=40641"}],"wp:featuredmedia":[{"embeddable":true,"href":"https:\/\/123-teezeit.de\/index.php?rest_route=\/wp\/v2\/media\/40642"}],"wp:attachment":[{"href":"https:\/\/123-teezeit.de\/index.php?rest_route=%2Fwp%2Fv2%2Fmedia&parent=40641"}],"wp:term":[{"taxonomy":"product_brand","embeddable":true,"href":"https:\/\/123-teezeit.de\/index.php?rest_route=%2Fwp%2Fv2%2Fproduct_brand&post=40641"},{"taxonomy":"product_cat","embeddable":true,"href":"https:\/\/123-teezeit.de\/index.php?rest_route=%2Fwp%2Fv2%2Fproduct_cat&post=40641"},{"taxonomy":"product_tag","embeddable":true,"href":"https:\/\/123-teezeit.de\/index.php?rest_route=%2Fwp%2Fv2%2Fproduct_tag&post=40641"}],"curies":[{"name":"wp","href":"https:\/\/api.w.org\/{rel}","templated":true}]}}