{"id":40645,"date":"2022-02-13T03:20:15","date_gmt":"2022-02-13T03:20:15","guid":{"rendered":"https:\/\/123-teezeit.de\/?product=selen-earl-grey-schwarztee-20-teebeutel"},"modified":"2023-04-07T08:30:30","modified_gmt":"2023-04-07T08:30:30","slug":"selen-earl-grey-schwarztee-20-teebeutel","status":"publish","type":"product","link":"https:\/\/123-teezeit.de\/?product=selen-earl-grey-schwarztee-20-teebeutel","title":{"rendered":"Selen Earl Grey Schwarztee 20 Teebeutel"},"content":{"rendered":"<p><!-- show up to 2 reviews by default --> <\/p>\n<h3> <span>Produktbeschreibung<\/span> <\/h3>\n<p> <span>Hochwertige Schwarztee Mischung f\u00fcr Schwarztee Liebhaber, die das bet\u00f6rende und s\u00fc\u00dfliche Bergamotte-Aroma und den wunderbaren Duft besonders m\u00f6gen\u2026<\/span> <\/p>\n<h3> <span>Inhaltsstoffe \/ Zutaten<\/span> <\/h3>\n<p> <span>Schwarzer Tee, Nat\u00fcrliches Bergamotte Aroma<\/span> <\/p>\n<div data-a-expander-name=\"toggle_description\" class=\"a-row a-expander-container a-expander-extend-container\">\n<div class=\"a-expander-content a-expander-extend-content\">\n<h3> <span>Gebrauchsanweisung<\/span> <\/h3>\n<p> <span>Geben Sie einen Doppelkammerbeutel in eine Tasse oder in einen Becher oder mindestens drei Doppelkammerteebeutel in die Teekanne. Geben Sie den Teebeutel in eine Tasse, gie\u00dfen Sie hei\u00dfes Wasser dazu und lassen Sie f\u00fcr 3-5 Minuten ziehen.<\/span> <\/p>\n<h3> <span>Warnhinweise<\/span> <\/h3>\n<p> <span>Keine<\/span> <\/p>\n<h3> <span>Anschrift Hersteller\/Importeur<\/span> <\/h3>\n<p> <span>Selen Food GmbH, Krablerstr. 161-165, 45326 Essen<\/span> <\/p>\n<\/p><\/div>\n<p> <a data-csa-c-func-deps=\"aui-da-a-expander-toggle\" data-csa-c-type=\"widget\" data-csa-interaction-events=\"click\" role=\"button\" href=\"void(0)\" data-action=\"a-expander-toggle\" class=\"a-expander-header a-declarative a-expander-extend-header\" data-a-expander-toggle=\"{\"><i class=\"a-icon a-icon-extender-expand\"><\/i><span class=\"a-expander-prompt\">Mehr<\/span><\/a> <\/div>\n<p>hochwertige schwarzteemischung<br \/>\nmit spezieller note von bergamotte<br \/>\nin praktischen doppelkammerbeutel<br \/>\neinzeln kuvertiert<br \/>\nklassiker<br \/>\nAnzahl der artikel: 1<br \/>\nEinheitenanzahltyp: st\u00fcck<br \/>\n<div class=\"main-cross-sell\" data-asin=\"B07PXZXYBP\">\n\n\t<div class=\"WooZone-cross-sell-loader\">\n\t\t<div>\n\t\t\t<div id=\"floatingBarsG\">\n\t\t\t\t<div class=\"blockG\" id=\"rotateG_01\"><\/div>\n\t\t\t\t<div class=\"blockG\" id=\"rotateG_02\"><\/div>\n\t\t\t\t<div class=\"blockG\" id=\"rotateG_03\"><\/div>\n\t\t\t\t<div class=\"blockG\" id=\"rotateG_04\"><\/div>\n\t\t\t\t<div class=\"blockG\" id=\"rotateG_05\"><\/div>\n\t\t\t\t<div class=\"blockG\" id=\"rotateG_06\"><\/div>\n\t\t\t\t<div class=\"blockG\" id=\"rotateG_07\"><\/div>\n\t\t\t\t<div class=\"blockG\" id=\"rotateG_08\"><\/div>\n\t\t\t<\/div>\n\t\t\t<div class=\"WooZone-cross-sell-loader-text\"><\/div>\n\t\t<\/div>\n\t<\/div>\n\n\t\t\n<\/div>\n<div style=\"clear:both;\"><\/div><\/p>\n","protected":false},"excerpt":{"rendered":"<p>hochwertige schwarzteemischung<br \/>\nmit spezieller note von bergamotte<br \/>\nin praktischen doppelkammerbeutel<\/p>\n","protected":false},"featured_media":40646,"comment_status":"open","ping_status":"closed","template":"","meta":[],"product_brand":[],"product_cat":[23],"product_tag":[],"class_list":{"0":"post-40645","1":"product","2":"type-product","3":"status-publish","4":"has-post-thumbnail","6":"product_cat-schwarztee","7":"pa_allergie-informationen-enthaelt-ohne-mandeln","8":"pa_amazon-bestseller-rang-nr-45953-in-lebensmittel-getraenke-siehe-top-100-in-lebensmittel-getraenke-nr-633-in-schwarztee","9":"pa_artikelgewicht-36-g","10":"pa_aufbewahrung-trocken-kuehl-und-lichtgeschuetzt-lagern","11":"pa_besonderheit-ohne-gentechnik-ohne-kuenstliche-farben-ohne-konservierungsstoffe","12":"pa_durchschnittliche-kundenbewer-42-von-5-sternen-52-sternebewertungen-42-von-5-sternen","13":"pa_format-beutel","14":"pa_herkunftsland-deutschland","15":"pa_hersteller-selen-food-gmbh-krablerstr-161-165-45326-essen","16":"pa_im-angebot-von-amazon-de-seit-23-maerz-2019","17":"pa_kontakt-zum-hersteller-selen-food-gmbh-krablerstr-161-165-45326-essen","18":"pa_landeskueche-universell","19":"pa_marke-selen","20":"pa_netto-gewicht-0-04-kilogramm","21":"pa_produktabmessungen-13-2-x-6-3-x-7-8-cm-36-gramm","22":"pa_produktbezeichnung-earl-grey","23":"pa_stueckzahl-36-0-gramm","25":"first","26":"instock","27":"shipping-taxable","28":"purchasable","29":"product-type-simple"},"_links":{"self":[{"href":"https:\/\/123-teezeit.de\/index.php?rest_route=\/wp\/v2\/product\/40645","targetHints":{"allow":["GET"]}}],"collection":[{"href":"https:\/\/123-teezeit.de\/index.php?rest_route=\/wp\/v2\/product"}],"about":[{"href":"https:\/\/123-teezeit.de\/index.php?rest_route=\/wp\/v2\/types\/product"}],"replies":[{"embeddable":true,"href":"https:\/\/123-teezeit.de\/index.php?rest_route=%2Fwp%2Fv2%2Fcomments&post=40645"}],"wp:featuredmedia":[{"embeddable":true,"href":"https:\/\/123-teezeit.de\/index.php?rest_route=\/wp\/v2\/media\/40646"}],"wp:attachment":[{"href":"https:\/\/123-teezeit.de\/index.php?rest_route=%2Fwp%2Fv2%2Fmedia&parent=40645"}],"wp:term":[{"taxonomy":"product_brand","embeddable":true,"href":"https:\/\/123-teezeit.de\/index.php?rest_route=%2Fwp%2Fv2%2Fproduct_brand&post=40645"},{"taxonomy":"product_cat","embeddable":true,"href":"https:\/\/123-teezeit.de\/index.php?rest_route=%2Fwp%2Fv2%2Fproduct_cat&post=40645"},{"taxonomy":"product_tag","embeddable":true,"href":"https:\/\/123-teezeit.de\/index.php?rest_route=%2Fwp%2Fv2%2Fproduct_tag&post=40645"}],"curies":[{"name":"wp","href":"https:\/\/api.w.org\/{rel}","templated":true}]}}