{"id":40657,"date":"2022-02-13T03:20:23","date_gmt":"2022-02-13T03:20:23","guid":{"rendered":"https:\/\/123-teezeit.de\/?product=quertee-schwarzer-tee-wildkirsche-mit-fruchtigem-wildkirsche-geschmack-250-g"},"modified":"2023-04-07T08:30:30","modified_gmt":"2023-04-07T08:30:30","slug":"quertee-schwarzer-tee-wildkirsche-mit-fruchtigem-wildkirsche-geschmack-250-g","status":"publish","type":"product","link":"https:\/\/123-teezeit.de\/?product=quertee-schwarzer-tee-wildkirsche-mit-fruchtigem-wildkirsche-geschmack-250-g","title":{"rendered":"Quertee &#8211; Schwarzer Tee &#8222;Wildkirsche&#8220; &#8211; Mit fruchtigem Wildkirsche Geschmack (250 g)"},"content":{"rendered":"<p><!-- show up to 2 reviews by default --> <\/p>\n<h3> <span>Produktbeschreibung<\/span> <\/h3>\n<p> <span class=\"a-text-bold\">Quertee &#8211; Schwarzer Tee &#8211; Wildkirsche- 100 g<\/span><\/p>\n<p><span> Schwarzer Tee, aromatisiert <\/span><\/p>\n<p><span> Mit klassisch-fruchtigen Wildkirsche-Geschmack <\/span><\/p>\n<p><span> Zutaten: Schwarzer Tee, Aroma, Sauerkirschh\u00e4lften, Rosenbl\u00fctenbl\u00e4tter.<\/span><\/p>\n<p><span> Zubereitung: Nehmen Sie 1 TL Tee f\u00fcr eine Tasse (ca. 200 ml). Mit 100\u00b0C hei\u00dfem Wasser aufgie\u00dfen und 3 &#8211; 4 Minuten ziehen lassen. <\/span><\/p>\n<p><span> K\u00fchl, trocken und dunkel lagern. <\/span><\/p>\n<\/p>\n<h3> <span>Inhaltsstoffe \/ Zutaten<\/span> <\/h3>\n<p> <span>Schwarzer Tee, Aroma, Sauerkirschh\u00e4lften, Rosenbl\u00fctenbl\u00e4tter.<\/span> <\/p>\n<div data-a-expander-name=\"toggle_description\" class=\"a-row a-expander-container a-expander-extend-container\">\n<div class=\"a-expander-content a-expander-extend-content\">\n<h3> <span>Gebrauchsanweisung<\/span> <\/h3>\n<p> <span>Nehmen Sie 1 TL Tee f\u00fcr eine Tasse (ca. 200 ml). Mit 100\u00b0C hei\u00dfem Wasser aufgie\u00dfen und 3 &#8211; 4 Minuten ziehen lassen.<\/span> <\/p>\n<h3> <span>Anschrift Hersteller\/Importeur<\/span> <\/h3>\n<p> <span>Christiana Artelt &#8211; tee-markt24.de &#8211; M\u00f6rser Str. 29a &#8211; D-,38442 Wolfsburg<\/span> <\/p>\n<\/p><\/div>\n<p> <a data-csa-c-func-deps=\"aui-da-a-expander-toggle\" data-csa-c-type=\"widget\" data-csa-interaction-events=\"click\" role=\"button\" href=\"void(0)\" data-action=\"a-expander-toggle\" class=\"a-expander-header a-declarative a-expander-extend-header\" data-a-expander-toggle=\"{\"><i class=\"a-icon a-icon-extender-expand\"><\/i><span class=\"a-expander-prompt\">Mehr<\/span><\/a> <\/div>\n<p>Quertee &#8211; Schwarzer Tee \/ Schwarztee &#8211; Wildkirsche &#8211; fruchtig frisch Schwarztee<br \/>\nMit klassisch-fruchtigen Wildkirsche-Geschmack. Mit Sauerkirschh\u00e4lften und Rosenbl\u00fctenbl\u00e4tter.<br \/>\n<div class=\"main-cross-sell\" data-asin=\"B014341SNG\">\n\n\t<div class=\"WooZone-cross-sell-loader\">\n\t\t<div>\n\t\t\t<div id=\"floatingBarsG\">\n\t\t\t\t<div class=\"blockG\" id=\"rotateG_01\"><\/div>\n\t\t\t\t<div class=\"blockG\" id=\"rotateG_02\"><\/div>\n\t\t\t\t<div class=\"blockG\" id=\"rotateG_03\"><\/div>\n\t\t\t\t<div class=\"blockG\" id=\"rotateG_04\"><\/div>\n\t\t\t\t<div class=\"blockG\" id=\"rotateG_05\"><\/div>\n\t\t\t\t<div class=\"blockG\" id=\"rotateG_06\"><\/div>\n\t\t\t\t<div class=\"blockG\" id=\"rotateG_07\"><\/div>\n\t\t\t\t<div class=\"blockG\" id=\"rotateG_08\"><\/div>\n\t\t\t<\/div>\n\t\t\t<div class=\"WooZone-cross-sell-loader-text\"><\/div>\n\t\t<\/div>\n\t<\/div>\n\n\t\t\n<\/div>\n<div style=\"clear:both;\"><\/div><\/p>\n","protected":false},"excerpt":{"rendered":"<p>Quertee &#8211; Schwarzer Tee \/ Schwarztee &#8211; Wildkirsche &#8211; fruchtig frisch Schwarztee<br \/>\nMit klassisch-fruchtigen Wildkirsche-Geschmack. Mit Sauerkirschh\u00e4lften und Rosenbl\u00fctenbl\u00e4tter.<\/p>\n","protected":false},"featured_media":40658,"comment_status":"open","ping_status":"closed","template":"","meta":[],"product_brand":[],"product_cat":[23],"product_tag":[],"class_list":{"0":"post-40657","1":"product","2":"type-product","3":"status-publish","4":"has-post-thumbnail","6":"product_cat-schwarztee","7":"pa_amazon-bestseller-rang-nr-37786-in-lebensmittel-getraenke-siehe-top-100-in-lebensmittel-getraenke-nr-519-in-schwarztee","8":"pa_artikelgewicht-250-g","9":"pa_aufbewahrung-kuehl-trocken-und-dunkel-lagern","10":"pa_auslaufartikel-produktion-dur-nein","11":"pa_besonderheit-vegetarisch","12":"pa_durchschnittliche-kundenbewer-42-von-5-sternen-57-sternebewertungen-42-von-5-sternen","13":"pa_format-lose-blaetter","14":"pa_hersteller-quertee","15":"pa_im-angebot-von-amazon-de-seit-18-august-2015","16":"pa_kontakt-zum-hersteller-christiana-artelt-tee-markt24-de-moerser-str-29a-d-38442-wolfsburg","17":"pa_marke-quertee","18":"pa_netto-gewicht-250-gramm","19":"pa_produktbezeichnung-schwarzer-tee-aromatisiert","20":"pa_stueckzahl-250-0-gramm","21":"pa_verpackungsabmessungen-26-8-x-18-1-x-5-6-cm-250-gramm","22":"pa_zusatzstoffe-nicht-zutreffend","24":"first","25":"instock","26":"shipping-taxable","27":"purchasable","28":"product-type-simple"},"_links":{"self":[{"href":"https:\/\/123-teezeit.de\/index.php?rest_route=\/wp\/v2\/product\/40657","targetHints":{"allow":["GET"]}}],"collection":[{"href":"https:\/\/123-teezeit.de\/index.php?rest_route=\/wp\/v2\/product"}],"about":[{"href":"https:\/\/123-teezeit.de\/index.php?rest_route=\/wp\/v2\/types\/product"}],"replies":[{"embeddable":true,"href":"https:\/\/123-teezeit.de\/index.php?rest_route=%2Fwp%2Fv2%2Fcomments&post=40657"}],"wp:featuredmedia":[{"embeddable":true,"href":"https:\/\/123-teezeit.de\/index.php?rest_route=\/wp\/v2\/media\/40658"}],"wp:attachment":[{"href":"https:\/\/123-teezeit.de\/index.php?rest_route=%2Fwp%2Fv2%2Fmedia&parent=40657"}],"wp:term":[{"taxonomy":"product_brand","embeddable":true,"href":"https:\/\/123-teezeit.de\/index.php?rest_route=%2Fwp%2Fv2%2Fproduct_brand&post=40657"},{"taxonomy":"product_cat","embeddable":true,"href":"https:\/\/123-teezeit.de\/index.php?rest_route=%2Fwp%2Fv2%2Fproduct_cat&post=40657"},{"taxonomy":"product_tag","embeddable":true,"href":"https:\/\/123-teezeit.de\/index.php?rest_route=%2Fwp%2Fv2%2Fproduct_tag&post=40657"}],"curies":[{"name":"wp","href":"https:\/\/api.w.org\/{rel}","templated":true}]}}