{"id":40661,"date":"2022-02-13T03:20:26","date_gmt":"2022-02-13T03:20:26","guid":{"rendered":"https:\/\/123-teezeit.de\/?product=teekanne-assam-250-g"},"modified":"2023-04-07T08:30:30","modified_gmt":"2023-04-07T08:30:30","slug":"teekanne-assam-250-g","status":"publish","type":"product","link":"https:\/\/123-teezeit.de\/?product=teekanne-assam-250-g","title":{"rendered":"Teekanne Assam &#8211; 250 g"},"content":{"rendered":"<p><!-- show up to 2 reviews by default --> <\/p>\n<h3> <span>Produktbeschreibung<\/span> <\/h3>\n<p> <span class=\"a-text-bold\"><br \/>TEEKANNE Assam F.B.O.P.<\/span><span> <br \/><\/span><\/p>\n<ul class=\"a-unordered-list a-vertical\">\n<li><span class=\"a-list-item\"><span>Ein grossbl\u00e4ttriger Schwarztee aus den ber\u00fchmten Teeg\u00e4rten Assams.<\/span><\/span><\/li>\n<\/ul>\n<p><span><br \/><\/span><\/p>\n<ul class=\"a-unordered-list a-vertical\">\n<li><span class=\"a-list-item\"><span>Ein kr\u00e4ftig-malziger Genuss!<\/span><\/span><\/li>\n<\/ul>\n<p><span> <br \/><\/span> <\/p>\n<h3> <span>Inhaltsstoffe \/ Zutaten<\/span> <\/h3>\n<p> <span>Zutaten: Schwarzer Tee<\/span> <\/p>\n<div data-a-expander-name=\"toggle_description\" class=\"a-row a-expander-container a-expander-extend-container\">\n<div class=\"a-expander-content a-expander-extend-content\">\n<h3> <span>Gebrauchsanweisung<\/span> <\/h3>\n<p> <span>Pro Tasse einen Teel\u00f6ffel Tee in einen Teefilter oder in ein Sieb geben. Gie\u00dfen Sie den Tee mit frischem, sprudelnd kochendem Wasser auf und lassen Sie ihn &#8211; je nach Geschmack &#8211; 3 bis 5 Minuten ziehen.<\/span> <\/p>\n<h3> <span>Anschrift Hersteller\/Importeur<\/span> <\/h3>\n<p> <span>D-40526 D\u00fcsseldorf<\/span> <\/p>\n<\/p><\/div>\n<p> <a data-csa-c-func-deps=\"aui-da-a-expander-toggle\" data-csa-c-type=\"widget\" data-csa-interaction-events=\"click\" role=\"button\" href=\"void(0)\" data-action=\"a-expander-toggle\" class=\"a-expander-header a-declarative a-expander-extend-header\" data-a-expander-toggle=\"{\"><i class=\"a-icon a-icon-extender-expand\"><\/i><span class=\"a-expander-prompt\">Mehr<\/span><\/a> <\/div>\n<p>loser Tee<br \/>\n250g<br \/>\nTeekanne Assam<br \/>\n<div class=\"main-cross-sell\" data-asin=\"B001356QC2\">\n\n\t<div class=\"WooZone-cross-sell-loader\">\n\t\t<div>\n\t\t\t<div id=\"floatingBarsG\">\n\t\t\t\t<div class=\"blockG\" id=\"rotateG_01\"><\/div>\n\t\t\t\t<div class=\"blockG\" id=\"rotateG_02\"><\/div>\n\t\t\t\t<div class=\"blockG\" id=\"rotateG_03\"><\/div>\n\t\t\t\t<div class=\"blockG\" id=\"rotateG_04\"><\/div>\n\t\t\t\t<div class=\"blockG\" id=\"rotateG_05\"><\/div>\n\t\t\t\t<div class=\"blockG\" id=\"rotateG_06\"><\/div>\n\t\t\t\t<div class=\"blockG\" id=\"rotateG_07\"><\/div>\n\t\t\t\t<div class=\"blockG\" id=\"rotateG_08\"><\/div>\n\t\t\t<\/div>\n\t\t\t<div class=\"WooZone-cross-sell-loader-text\"><\/div>\n\t\t<\/div>\n\t<\/div>\n\n\t\t\n<\/div>\n<div style=\"clear:both;\"><\/div><\/p>\n","protected":false},"excerpt":{"rendered":"<p>loser Tee<br \/>\n250g<br \/>\nTeekanne Assam<\/p>\n","protected":false},"featured_media":40662,"comment_status":"open","ping_status":"closed","template":"","meta":[],"product_brand":[],"product_cat":[23],"product_tag":[],"class_list":{"0":"post-40661","1":"product","2":"type-product","3":"status-publish","4":"has-post-thumbnail","6":"product_cat-schwarztee","7":"pa_amazon-bestseller-rang-nr-11746-in-lebensmittel-getraenke-siehe-top-100-in-lebensmittel-getraenke-nr-122-in-schwarztee","8":"pa_artikelgewicht-222-g","9":"pa_aufbewahrung-vor-waerme-geschuetzt-und-trocken-lagern","10":"pa_besonderheit-ohne-zuckerzusatz-glutenfrei-ohne-kuenstliche-aromen","11":"pa_durchschnittliche-kundenbewer-44-von-5-sternen-62-sternebewertungen-44-von-5-sternen","12":"pa_format-beutel","13":"pa_herkunftsland-deutschland","14":"pa_hersteller-teekanne-gmbh-co-kg","15":"pa_im-angebot-von-amazon-de-seit-26-januar-2008","16":"pa_koffeingehalt-koffeinhaltig","17":"pa_kontakt-zum-hersteller-d-40526-duesseldorf","18":"pa_marke-teekanne","19":"pa_netto-gewicht-250-gramm","20":"pa_produktbezeichnung-schwarzer-tee","21":"pa_stueckzahl-250-0-gramm","22":"pa_ursprungsland-germany","23":"pa_verpackungsabmessungen-19-6-x-8-6-x-4-4-cm","24":"pa_zertifizierung-rainforest-alliance-zertifziert-zum-schutz-des-regenwaldes","25":"pa_zusatzstoffe-keine-deklarationspflichtigen-zusatzstoffe-vorhanden","27":"first","28":"instock","29":"shipping-taxable","30":"purchasable","31":"product-type-simple"},"_links":{"self":[{"href":"https:\/\/123-teezeit.de\/index.php?rest_route=\/wp\/v2\/product\/40661","targetHints":{"allow":["GET"]}}],"collection":[{"href":"https:\/\/123-teezeit.de\/index.php?rest_route=\/wp\/v2\/product"}],"about":[{"href":"https:\/\/123-teezeit.de\/index.php?rest_route=\/wp\/v2\/types\/product"}],"replies":[{"embeddable":true,"href":"https:\/\/123-teezeit.de\/index.php?rest_route=%2Fwp%2Fv2%2Fcomments&post=40661"}],"wp:featuredmedia":[{"embeddable":true,"href":"https:\/\/123-teezeit.de\/index.php?rest_route=\/wp\/v2\/media\/40662"}],"wp:attachment":[{"href":"https:\/\/123-teezeit.de\/index.php?rest_route=%2Fwp%2Fv2%2Fmedia&parent=40661"}],"wp:term":[{"taxonomy":"product_brand","embeddable":true,"href":"https:\/\/123-teezeit.de\/index.php?rest_route=%2Fwp%2Fv2%2Fproduct_brand&post=40661"},{"taxonomy":"product_cat","embeddable":true,"href":"https:\/\/123-teezeit.de\/index.php?rest_route=%2Fwp%2Fv2%2Fproduct_cat&post=40661"},{"taxonomy":"product_tag","embeddable":true,"href":"https:\/\/123-teezeit.de\/index.php?rest_route=%2Fwp%2Fv2%2Fproduct_tag&post=40661"}],"curies":[{"name":"wp","href":"https:\/\/api.w.org\/{rel}","templated":true}]}}