{"id":40687,"date":"2022-02-13T03:20:44","date_gmt":"2022-02-13T03:20:44","guid":{"rendered":"https:\/\/123-teezeit.de\/?product=yogi-tee-classic-chai-original-abgepackt-90-g-lose"},"modified":"2023-04-07T08:30:31","modified_gmt":"2023-04-07T08:30:31","slug":"yogi-tee-classic-chai-original-abgepackt-90-g-lose","status":"publish","type":"product","link":"https:\/\/123-teezeit.de\/?product=yogi-tee-classic-chai-original-abgepackt-90-g-lose","title":{"rendered":"Yogi Tee Classic CHAI Original abgepackt, 90 g lose"},"content":{"rendered":"<p><!-- show up to 2 reviews by default --> <\/p>\n<h3> <span>Produktbeschreibung<\/span> <\/h3>\n<p> <span>Zutaten: S\u00fc\u00dfholz, Zimt, Ingwer, Kakaoschalen, Fenchel, gr\u00fcner Tee, Kardamom, Anis, Himbeerbl\u00e4tter, Zitronengras, schwarzer Pfeffer, Pfefferminze, Kamillenbl\u00fcten, Nelken, Zitronenmelisse, Klettenwurzel, Zitronenverbene, Orangenschalen, Guarana, Thymian, Salbei, L\u00f6wenzahn, Baldrianwurzel, Zitrusextrakt, Lavendelbl\u00fcten, Zitronenschalen, K\u00f6nigskerze, Wacholderbeeren, Gerstenmalz (Hinweis f\u00fcr Allergiker: enthalten Gluten), Karob, Koriander, nat\u00fcrliches Aroma, Hibiskus, getrockneter Zitronensaft, Gelbwurz (Kurkuma), Orangen\u00f6l, Holunderbl\u00fcten, Muskat, Zimt\u00f6l, Oregano, Petersilie, getrocknetes Kombuchagetr\u00e4nk, Bergamott\u00f6l, Ingwer\u00f6l, Vanilleextrakt, Vanilleschoten.<\/span> <\/p>\n<h3> <span>Inhaltsstoffe \/ Zutaten<\/span> <\/h3>\n<p> <span>Zimt* (55%), Kardamom*, Ingwer*, Nelken*, schwarzer Pfeffer*.<\/span> <\/p>\n<div data-a-expander-name=\"toggle_description\" class=\"a-row a-expander-container a-expander-extend-container\">\n<div class=\"a-expander-content a-expander-extend-content\">\n<h3> <span>Gebrauchsanweisung<\/span> <\/h3>\n<p> <span>1-1,5 Teel\u00f6ffel (1,4-2g) auf 1 l kochendes Wasser geben; Tee bedeckt f\u00fcr 15-20 Minuten k\u00f6cheln, dann absieben<\/span> <\/p>\n<\/p><\/div>\n<p> <a data-csa-c-func-deps=\"aui-da-a-expander-toggle\" data-csa-c-type=\"widget\" data-csa-interaction-events=\"click\" role=\"button\" href=\"void(0)\" data-action=\"a-expander-toggle\" class=\"a-expander-header a-declarative a-expander-extend-header\" data-a-expander-toggle=\"{\"><i class=\"a-icon a-icon-extender-expand\"><\/i><span class=\"a-expander-prompt\">Mehr<\/span><\/a> <\/div>\n<p>A<br \/>\n<div class=\"main-cross-sell\" data-asin=\"B076LW5LY7\">\n\n\t<div class=\"WooZone-cross-sell-loader\">\n\t\t<div>\n\t\t\t<div id=\"floatingBarsG\">\n\t\t\t\t<div class=\"blockG\" id=\"rotateG_01\"><\/div>\n\t\t\t\t<div class=\"blockG\" id=\"rotateG_02\"><\/div>\n\t\t\t\t<div class=\"blockG\" id=\"rotateG_03\"><\/div>\n\t\t\t\t<div class=\"blockG\" id=\"rotateG_04\"><\/div>\n\t\t\t\t<div class=\"blockG\" id=\"rotateG_05\"><\/div>\n\t\t\t\t<div class=\"blockG\" id=\"rotateG_06\"><\/div>\n\t\t\t\t<div class=\"blockG\" id=\"rotateG_07\"><\/div>\n\t\t\t\t<div class=\"blockG\" id=\"rotateG_08\"><\/div>\n\t\t\t<\/div>\n\t\t\t<div class=\"WooZone-cross-sell-loader-text\"><\/div>\n\t\t<\/div>\n\t<\/div>\n\n\t\t\n<\/div>\n<div style=\"clear:both;\"><\/div><\/p>\n","protected":false},"excerpt":{"rendered":"<p>A<\/p>\n","protected":false},"featured_media":40688,"comment_status":"open","ping_status":"closed","template":"","meta":[],"product_brand":[],"product_cat":[23],"product_tag":[],"class_list":{"0":"post-40687","1":"product","2":"type-product","3":"status-publish","4":"has-post-thumbnail","6":"product_cat-schwarztee","7":"pa_allergie-informationen-enthaelt-ohne-soja-ohne-erdnuesse","8":"pa_amazon-bestseller-rang-nr-30432-in-lebensmittel-getraenke-siehe-top-100-in-lebensmittel-getraenke-nr-395-in-schwarztee-nr-5898-in-esoterik-buecher","9":"pa_artikelgewicht-108-g","10":"pa_aufbewahrung-an-einem-kuehlen-trockenen-ort-max-20-c-60-rel-luftfeuchte","11":"pa_besonderheit-ohne-gentechnik-bio-vegetarisch-glutenfrei-vegan","12":"pa_durchschnittliche-kundenbewer-50-von-5-sternen-2-sternebewertungen-50-von-5-sternen","13":"pa_format-lose-blaetter","14":"pa_hersteller-green-valley","15":"pa_im-angebot-von-amazon-de-seit-27-oktober-2017","16":"pa_marke-yogi-tea","17":"pa_netto-gewicht-0-36-kilogramm","18":"pa_produktabmessungen-7-2-x-4-5-x-15-4-cm-108-gramm","19":"pa_stueckzahl-360-0-gramm","20":"pa_ursprungsland-italien","21":"pa_zertifizierung-bio-nach-eg-oeko-verordnung","23":"first","24":"instock","25":"shipping-taxable","26":"purchasable","27":"product-type-simple"},"_links":{"self":[{"href":"https:\/\/123-teezeit.de\/index.php?rest_route=\/wp\/v2\/product\/40687","targetHints":{"allow":["GET"]}}],"collection":[{"href":"https:\/\/123-teezeit.de\/index.php?rest_route=\/wp\/v2\/product"}],"about":[{"href":"https:\/\/123-teezeit.de\/index.php?rest_route=\/wp\/v2\/types\/product"}],"replies":[{"embeddable":true,"href":"https:\/\/123-teezeit.de\/index.php?rest_route=%2Fwp%2Fv2%2Fcomments&post=40687"}],"wp:featuredmedia":[{"embeddable":true,"href":"https:\/\/123-teezeit.de\/index.php?rest_route=\/wp\/v2\/media\/40688"}],"wp:attachment":[{"href":"https:\/\/123-teezeit.de\/index.php?rest_route=%2Fwp%2Fv2%2Fmedia&parent=40687"}],"wp:term":[{"taxonomy":"product_brand","embeddable":true,"href":"https:\/\/123-teezeit.de\/index.php?rest_route=%2Fwp%2Fv2%2Fproduct_brand&post=40687"},{"taxonomy":"product_cat","embeddable":true,"href":"https:\/\/123-teezeit.de\/index.php?rest_route=%2Fwp%2Fv2%2Fproduct_cat&post=40687"},{"taxonomy":"product_tag","embeddable":true,"href":"https:\/\/123-teezeit.de\/index.php?rest_route=%2Fwp%2Fv2%2Fproduct_tag&post=40687"}],"curies":[{"name":"wp","href":"https:\/\/api.w.org\/{rel}","templated":true}]}}