{"id":40752,"date":"2022-02-13T03:21:52","date_gmt":"2022-02-13T03:21:52","guid":{"rendered":"https:\/\/123-teezeit.de\/?product=sahne-krokant-schwarzer-tee-naturideen-100g"},"modified":"2023-04-07T08:30:32","modified_gmt":"2023-04-07T08:30:32","slug":"sahne-krokant-schwarzer-tee-naturideen-100g","status":"publish","type":"product","link":"https:\/\/123-teezeit.de\/?product=sahne-krokant-schwarzer-tee-naturideen-100g","title":{"rendered":"Sahne Krokant Schwarzer Tee Naturideen\u00ae 100g"},"content":{"rendered":"<p><!-- show up to 2 reviews by default --> <\/p>\n<h3> <span>Produktbeschreibungen<\/span> <\/h3>\n<p> <span>Sahne Krokant ist ein angenehm weicher Geschmack, welcher auf dieser Schwarzteemischung richtig verf\u00fchrt. Mit vielen Haselnuss-Krokantst\u00fccken und k\u00f6stlichem Aroma.<\/span> <\/p>\n<h3> <span>Inhaltsstoffe \/ Zutaten<\/span> <\/h3>\n<p> <span>Schwarzer Tee, Krokantst\u00fccke (Zucker, gehackte Haseln\u00fcsse (20%)), Aroma<\/span> <\/p>\n<div data-a-expander-name=\"toggle_description\" class=\"a-row a-expander-container a-expander-extend-container\">\n<div class=\"a-expander-content a-expander-extend-content\">\n<h3> <span>Gebrauchsanweisung<\/span> <\/h3>\n<p> <span>\u00dcbergie\u00dfen Sie den Schwarzen Tee mit 100\u00b0C hei\u00dfem Wasser und lassen Sie ihn 3 Minuten ziehen.<\/span> <\/p>\n<h3> <span>Anschrift Hersteller\/Importeur<\/span> <\/h3>\n<p> <span>Teeversand Naturideen, 25779 Hennstedt, Deutschland<\/span> <\/p>\n<\/p><\/div>\n<p> <a data-csa-c-func-deps=\"aui-da-a-expander-toggle\" data-csa-c-type=\"widget\" data-csa-interaction-events=\"click\" role=\"button\" href=\"void(0)\" data-action=\"a-expander-toggle\" class=\"a-expander-header a-declarative a-expander-extend-header\" data-a-expander-toggle=\"{\"><i class=\"a-icon a-icon-extender-expand\"><\/i><span class=\"a-expander-prompt\">Mehr<\/span><\/a> <\/div>\n<p>Geben Sie &#8222;Naturideen&#8220; einfach bei der Suche oben ein und finden Sie viele weitere Produkte unserer Marke aus dem Bereich Tee, Gew\u00fcrze und vegane Produkte.<br \/>\nNaturideen Produkte sind aromagesch\u00fctzt verpackt und werden in einer Zipp-T\u00fcte zum Wiederverschlie\u00dfen geliefert.<br \/>\nZutaten: Schwarzer Tee, Krokantst\u00fccke (Zucker, gehackte Haseln\u00fcsse (20%)), Aroma<br \/>\n<div class=\"main-cross-sell\" data-asin=\"B01DDPT3YM\">\n\n\t<div class=\"WooZone-cross-sell-loader\">\n\t\t<div>\n\t\t\t<div id=\"floatingBarsG\">\n\t\t\t\t<div class=\"blockG\" id=\"rotateG_01\"><\/div>\n\t\t\t\t<div class=\"blockG\" id=\"rotateG_02\"><\/div>\n\t\t\t\t<div class=\"blockG\" id=\"rotateG_03\"><\/div>\n\t\t\t\t<div class=\"blockG\" id=\"rotateG_04\"><\/div>\n\t\t\t\t<div class=\"blockG\" id=\"rotateG_05\"><\/div>\n\t\t\t\t<div class=\"blockG\" id=\"rotateG_06\"><\/div>\n\t\t\t\t<div class=\"blockG\" id=\"rotateG_07\"><\/div>\n\t\t\t\t<div class=\"blockG\" id=\"rotateG_08\"><\/div>\n\t\t\t<\/div>\n\t\t\t<div class=\"WooZone-cross-sell-loader-text\"><\/div>\n\t\t<\/div>\n\t<\/div>\n\n\t\t\n<\/div>\n<div style=\"clear:both;\"><\/div><\/p>\n","protected":false},"excerpt":{"rendered":"<p>Geben Sie &#8222;Naturideen&#8220; einfach bei der Suche oben ein und finden Sie viele weitere Produkte unserer Marke aus dem Bereich Tee, Gew\u00fcrze und vegane Produkte.<br \/>\nNaturideen Produkte sind aromagesch\u00fctzt verpackt und werden in einer Zipp-T\u00fcte zum Wiederverschlie\u00dfen geliefert.<br \/>\nZutaten: Schwarzer Tee, Krokantst\u00fccke (Zucker, gehackte Haseln\u00fcsse (20%)), Aroma<\/p>\n","protected":false},"featured_media":40753,"comment_status":"open","ping_status":"closed","template":"","meta":[],"product_brand":[],"product_cat":[23],"product_tag":[],"class_list":{"0":"post-40752","1":"product","2":"type-product","3":"status-publish","4":"has-post-thumbnail","6":"product_cat-schwarztee","7":"pa_amazon-bestseller-rang-nr-48458-in-lebensmittel-getraenke-siehe-top-100-in-lebensmittel-getraenke-nr-666-in-schwarztee","8":"pa_artikelgewicht-80-g","9":"pa_aufbewahrung-trocken-lagern","10":"pa_auslaufartikel-produktion-dur-nein","11":"pa_besonderheit-lactosefrei-vegetarisch-glutenfrei-vegan-ohne-konservierungsstoffe","12":"pa_durchschnittliche-kundenbewer-50-von-5-sternen-3-sternebewertungen-50-von-5-sternen","13":"pa_format-lose-blaetter","14":"pa_herkunftsort-der-primaeren-zu-deutschland","15":"pa_hersteller-naturideen","16":"pa_im-angebot-von-amazon-de-seit-23-maerz-2016","17":"pa_koffeingehalt-koffeinhaltig","18":"pa_kontakt-zum-hersteller-teeversand-naturideen-25779-hennstedt-deutschland","19":"pa_marke-naturideen","20":"pa_netto-gewicht-0-1-kilogramm","21":"pa_produktabmessungen-13-x-3-x-22-cm","22":"pa_stueckzahl-100-0-gramm","23":"pa_verwendungsbedingungen-31-12-2018","24":"pa_zusatzstoffe-enthaelt-koffein-fuer-kinder-und-schwangere-frauen-nicht-empfohlen","26":"first","27":"instock","28":"shipping-taxable","29":"purchasable","30":"product-type-simple"},"_links":{"self":[{"href":"https:\/\/123-teezeit.de\/index.php?rest_route=\/wp\/v2\/product\/40752","targetHints":{"allow":["GET"]}}],"collection":[{"href":"https:\/\/123-teezeit.de\/index.php?rest_route=\/wp\/v2\/product"}],"about":[{"href":"https:\/\/123-teezeit.de\/index.php?rest_route=\/wp\/v2\/types\/product"}],"replies":[{"embeddable":true,"href":"https:\/\/123-teezeit.de\/index.php?rest_route=%2Fwp%2Fv2%2Fcomments&post=40752"}],"wp:featuredmedia":[{"embeddable":true,"href":"https:\/\/123-teezeit.de\/index.php?rest_route=\/wp\/v2\/media\/40753"}],"wp:attachment":[{"href":"https:\/\/123-teezeit.de\/index.php?rest_route=%2Fwp%2Fv2%2Fmedia&parent=40752"}],"wp:term":[{"taxonomy":"product_brand","embeddable":true,"href":"https:\/\/123-teezeit.de\/index.php?rest_route=%2Fwp%2Fv2%2Fproduct_brand&post=40752"},{"taxonomy":"product_cat","embeddable":true,"href":"https:\/\/123-teezeit.de\/index.php?rest_route=%2Fwp%2Fv2%2Fproduct_cat&post=40752"},{"taxonomy":"product_tag","embeddable":true,"href":"https:\/\/123-teezeit.de\/index.php?rest_route=%2Fwp%2Fv2%2Fproduct_tag&post=40752"}],"curies":[{"name":"wp","href":"https:\/\/api.w.org\/{rel}","templated":true}]}}