{"id":40759,"date":"2022-02-13T03:21:56","date_gmt":"2022-02-13T03:21:56","guid":{"rendered":"https:\/\/123-teezeit.de\/?product=umamo-bio-earl-grey-100g-bio-schwarzer-tee-lose"},"modified":"2023-04-07T08:30:32","modified_gmt":"2023-04-07T08:30:32","slug":"umamo-bio-earl-grey-100g-bio-schwarzer-tee-lose","status":"publish","type":"product","link":"https:\/\/123-teezeit.de\/?product=umamo-bio-earl-grey-100g-bio-schwarzer-tee-lose","title":{"rendered":"UMAMO Bio Earl Grey Tee lose 100g, Schwarzer Tee, perfekt f\u00fcr Eistee, nat\u00fcrliche Bergamotte, Bio-Qualit\u00e4t, abgef\u00fcllt und\u2026"},"content":{"rendered":"<p>BIO SCHWARZER TEE: Diese klassische Earl Grey Mischung besteht aus Assam, Darjeeling und naturbelassenem Bergamott\u00f6l, das f\u00fcr das typische Aroma sorgt. Ein perfektes Geschenk f\u00fcr Tee-Liebhaber.<br \/>\nKLASSIKER F\u00dcR TEA-TIME: Es wird ausschlie\u00dflich nat\u00fcrliche Bergamotte verwendet. So entsteht das zitronige Aroma f\u00fcr einen leichten und vitalisierenden Tee.<br \/>\nKONTROLLIERT BIOLOGISCH: Unsere Tees stammen aus kontrolliert-biologischem Anbau und werden in Deutschland abgef\u00fcllt. Frei von chemischen D\u00fcnge- und Pflanzenschutzmitteln. Keine Zusatz- und Konservierungsstoffe. Nach DE-\u00d6KO-039 zertifiziert.<br \/>\n100% NAT\u00dcRLICH &amp; LECKER: Natur pur &#8211; kein Zuckerzusatz und ausschlie\u00dflich nat\u00fcrliches Aroma. Hochwertige Zutaten, \u00f6kologischer Anbau leckerer Geschmack. Vegan, laktose-, soja- und glutenfrei.<br \/>\nAROMASCHONEND VERPACKT: Unser naturbelassener Bio-Tee wird in wiederverschlie\u00dfbaren, luftdichten Doypacks verpackt. Die Vorratsverpackung mit Zipverschluss erh\u00e4lt das Aroma und sch\u00fctzt vor Feuchtigkeit.<br \/>\n<div class=\"main-cross-sell\" data-asin=\"B095NJ1XFM\">\n\n\t<div class=\"WooZone-cross-sell-loader\">\n\t\t<div>\n\t\t\t<div id=\"floatingBarsG\">\n\t\t\t\t<div class=\"blockG\" id=\"rotateG_01\"><\/div>\n\t\t\t\t<div class=\"blockG\" id=\"rotateG_02\"><\/div>\n\t\t\t\t<div class=\"blockG\" id=\"rotateG_03\"><\/div>\n\t\t\t\t<div class=\"blockG\" id=\"rotateG_04\"><\/div>\n\t\t\t\t<div class=\"blockG\" id=\"rotateG_05\"><\/div>\n\t\t\t\t<div class=\"blockG\" id=\"rotateG_06\"><\/div>\n\t\t\t\t<div class=\"blockG\" id=\"rotateG_07\"><\/div>\n\t\t\t\t<div class=\"blockG\" id=\"rotateG_08\"><\/div>\n\t\t\t<\/div>\n\t\t\t<div class=\"WooZone-cross-sell-loader-text\"><\/div>\n\t\t<\/div>\n\t<\/div>\n\n\t\t\n<\/div>\n<div style=\"clear:both;\"><\/div><\/p>\n","protected":false},"excerpt":{"rendered":"<p>BIO SCHWARZER TEE: Diese klassische Earl Grey Mischung besteht aus Assam, Darjeeling und naturbelassenem Bergamott\u00f6l, das f\u00fcr das typische Aroma sorgt. Ein perfektes Geschenk f\u00fcr Tee-Liebhaber.<br \/>\nKLASSIKER F\u00dcR TEA-TIME: Es wird ausschlie\u00dflich nat\u00fcrliche Bergamotte verwendet. So entsteht das zitronige Aroma f\u00fcr einen leichten und vitalisierenden Tee.<br \/>\nKONTROLLIERT BIOLOGISCH: Unsere Tees stammen aus kontrolliert-biologischem Anbau und werden in Deutschland abgef\u00fcllt. Frei von chemischen D\u00fcnge- und Pflanzenschutzmitteln. Keine Zusatz- und Konservierungsstoffe. Nach DE-\u00d6KO-039 zertifiziert.<\/p>\n","protected":false},"featured_media":40760,"comment_status":"open","ping_status":"closed","template":"","meta":[],"product_brand":[],"product_cat":[23],"product_tag":[],"class_list":{"0":"post-40759","1":"product","2":"type-product","3":"status-publish","4":"has-post-thumbnail","6":"product_cat-schwarztee","7":"pa_amazon-bestseller-rang-nr-35479-in-lebensmittel-getraenke-siehe-top-100-in-lebensmittel-getraenke-nr-481-in-schwarztee","8":"pa_artikelgewicht-100-g","9":"pa_besonderheit-bio-natural-glutenfrei-vegan","10":"pa_durchschnittliche-kundenbewer-43-von-5-sternen-21-sternebewertungen-43-von-5-sternen","11":"pa_format-lose-blaetter","12":"pa_herkunftsland-indien","13":"pa_hersteller-umamo-ohg","14":"pa_im-angebot-von-amazon-de-seit-1-juni-2021","15":"pa_koffeingehalt-caffeinated-gramm","16":"pa_marke-umamo","17":"pa_produktabmessungen-13-x-5-x-22-5-cm-100-gramm","18":"pa_stueckzahl-100-0-gramm","20":"first","21":"instock","22":"shipping-taxable","23":"purchasable","24":"product-type-simple"},"_links":{"self":[{"href":"https:\/\/123-teezeit.de\/index.php?rest_route=\/wp\/v2\/product\/40759","targetHints":{"allow":["GET"]}}],"collection":[{"href":"https:\/\/123-teezeit.de\/index.php?rest_route=\/wp\/v2\/product"}],"about":[{"href":"https:\/\/123-teezeit.de\/index.php?rest_route=\/wp\/v2\/types\/product"}],"replies":[{"embeddable":true,"href":"https:\/\/123-teezeit.de\/index.php?rest_route=%2Fwp%2Fv2%2Fcomments&post=40759"}],"wp:featuredmedia":[{"embeddable":true,"href":"https:\/\/123-teezeit.de\/index.php?rest_route=\/wp\/v2\/media\/40760"}],"wp:attachment":[{"href":"https:\/\/123-teezeit.de\/index.php?rest_route=%2Fwp%2Fv2%2Fmedia&parent=40759"}],"wp:term":[{"taxonomy":"product_brand","embeddable":true,"href":"https:\/\/123-teezeit.de\/index.php?rest_route=%2Fwp%2Fv2%2Fproduct_brand&post=40759"},{"taxonomy":"product_cat","embeddable":true,"href":"https:\/\/123-teezeit.de\/index.php?rest_route=%2Fwp%2Fv2%2Fproduct_cat&post=40759"},{"taxonomy":"product_tag","embeddable":true,"href":"https:\/\/123-teezeit.de\/index.php?rest_route=%2Fwp%2Fv2%2Fproduct_tag&post=40759"}],"curies":[{"name":"wp","href":"https:\/\/api.w.org\/{rel}","templated":true}]}}