{"id":40793,"date":"2022-02-13T03:22:19","date_gmt":"2022-02-13T03:22:19","guid":{"rendered":"https:\/\/123-teezeit.de\/?product=lebensbaum-schwarztee-lose-earl-grey-mild-250-g"},"modified":"2023-04-07T08:30:32","modified_gmt":"2023-04-07T08:30:32","slug":"lebensbaum-schwarztee-lose-earl-grey-mild-250-g","status":"publish","type":"product","link":"https:\/\/123-teezeit.de\/?product=lebensbaum-schwarztee-lose-earl-grey-mild-250-g","title":{"rendered":"Lebensbaum Schwarztee Earl Grey Mild, milder Bio-Schwarztee, aromatischer Schwarzer Tee mit feinem Bergamotte und\u2026"},"content":{"rendered":"<p><!-- show up to 2 reviews by default --> <\/p>\n<h3> <span>Produktbeschreibung<\/span> <\/h3>\n<p> <span>Verarbeitung: der au\u00dfergew\u00f6hnlichen Geschmack der Bergamotte paart sich in dieser Mischung mit milden Schwarztees. So entsteht ein ungew\u00f6hnlicher blumiger und ausgewogener Earl Grey mit Hellbrauner Tassenfarbe. Indiens gro\u00dfe tee-vielfalt l\u00e4dt dazu ein, bew\u00e4hrte Rezepturen weiterzuentwickeln. Wir haben eine spezielle Auswahl weicher, blumiger Schwarztees getroffen und unserem klassisch-kr\u00e4ftigen Earl Grey eine milde Variante zur Seite gestellt. Die typische Bergamotte-Note ist unverkennbar. Zertifizierung\/eneu bio-siegeldeutsches staatliches Bio-Siegel.<\/span> <\/p>\n<h3> <span>Inhaltsstoffe \/ Zutaten<\/span> <\/h3>\n<p> <span>Zutaten: Schwarztee*, \u00e4therisches \u00d6l aus Bergamotte* *aus kontrolliert \u00f6kologischer Erzeugung<\/span> <\/p>\n<div data-a-expander-name=\"toggle_description\" class=\"a-row a-expander-container a-expander-extend-container\">\n<div class=\"a-expander-content a-expander-extend-content\">\n<h3> <span>Warnhinweise<\/span> <\/h3>\n<p> <span>nicht dem direkten Sonnenlicht aussetzen und nach dem \u00d6ffnen z\u00fcgig aufbrauchen<\/span> <\/p>\n<h3> <span>Anschrift Hersteller\/Importeur<\/span> <\/h3>\n<p> <span>Dr. J\u00fcrgen-Ulderup-Stra\u00dfe 12, D-49356 Diepholz<\/span> <\/p>\n<\/p><\/div>\n<p> <a data-csa-c-func-deps=\"aui-da-a-expander-toggle\" data-csa-c-type=\"widget\" data-csa-interaction-events=\"click\" role=\"button\" href=\"void(0)\" data-action=\"a-expander-toggle\" class=\"a-expander-header a-declarative a-expander-extend-header\" data-a-expander-toggle=\"{\"><i class=\"a-icon a-icon-extender-expand\"><\/i><span class=\"a-expander-prompt\">Mehr<\/span><\/a> <\/div>\n<p>Das Produkt ist f\u00fcr Veganer geeignet<br \/>\nVegetarisch<br \/>\n\u00d6ko-kontrollstelle: DE-\u00d6KO-001<br \/>\n<div class=\"main-cross-sell\" data-asin=\"B00M31ITXO\">\n\n\t<div class=\"WooZone-cross-sell-loader\">\n\t\t<div>\n\t\t\t<div id=\"floatingBarsG\">\n\t\t\t\t<div class=\"blockG\" id=\"rotateG_01\"><\/div>\n\t\t\t\t<div class=\"blockG\" id=\"rotateG_02\"><\/div>\n\t\t\t\t<div class=\"blockG\" id=\"rotateG_03\"><\/div>\n\t\t\t\t<div class=\"blockG\" id=\"rotateG_04\"><\/div>\n\t\t\t\t<div class=\"blockG\" id=\"rotateG_05\"><\/div>\n\t\t\t\t<div class=\"blockG\" id=\"rotateG_06\"><\/div>\n\t\t\t\t<div class=\"blockG\" id=\"rotateG_07\"><\/div>\n\t\t\t\t<div class=\"blockG\" id=\"rotateG_08\"><\/div>\n\t\t\t<\/div>\n\t\t\t<div class=\"WooZone-cross-sell-loader-text\"><\/div>\n\t\t<\/div>\n\t<\/div>\n\n\t\t\n<\/div>\n<div style=\"clear:both;\"><\/div><\/p>\n","protected":false},"excerpt":{"rendered":"<p>Das Produkt ist f\u00fcr Veganer geeignet<br \/>\nVegetarisch<br \/>\n\u00d6ko-kontrollstelle: DE-\u00d6KO-001<\/p>\n","protected":false},"featured_media":40794,"comment_status":"open","ping_status":"closed","template":"","meta":[],"product_brand":[],"product_cat":[23],"product_tag":[],"class_list":{"0":"post-40793","1":"product","2":"type-product","3":"status-publish","4":"has-post-thumbnail","6":"product_cat-schwarztee","7":"pa_amazon-bestseller-rang-nr-17479-in-lebensmittel-getraenke-siehe-top-100-in-lebensmittel-getraenke-nr-202-in-schwarztee","8":"pa_artikelgewicht-250-g","9":"pa_aufbewahrung-bitte-trocken-lagern","10":"pa_besonderheit-bio-vegetarisch","11":"pa_durchschnittliche-kundenbewer-46-von-5-sternen-27-sternebewertungen-46-von-5-sternen","12":"pa_format-pads","13":"pa_herkunftsland-deutschland","14":"pa_hersteller-ulrich-walter-gmbh","15":"pa_im-angebot-von-amazon-de-seit-24-juli-2014","16":"pa_kontakt-zum-hersteller-dr-juergen-ulderup-strasse-12-d-49356-diepholz","17":"pa_marke-lebensbaum","18":"pa_netto-gewicht-250-gramm","19":"pa_produktabmessungen-5-5-x-10-5-x-23-cm-250-gramm","20":"pa_produktbezeichnung-schwarztee-mit-typischem-geschmack-durch-kaltgepresstes-bergamotteoel","21":"pa_stueckzahl-250-0-gramm","22":"pa_ursprungsland-germany","23":"pa_zertifizierung-bio-siegel-deutschland-eu-logo-fuer-oekologische-landwirtschaft","24":"pa_zusatzstoffe-keine-deklarationspflichtigen-zusatzstoffe-vorhanden","26":"first","27":"instock","28":"shipping-taxable","29":"purchasable","30":"product-type-simple"},"_links":{"self":[{"href":"https:\/\/123-teezeit.de\/index.php?rest_route=\/wp\/v2\/product\/40793","targetHints":{"allow":["GET"]}}],"collection":[{"href":"https:\/\/123-teezeit.de\/index.php?rest_route=\/wp\/v2\/product"}],"about":[{"href":"https:\/\/123-teezeit.de\/index.php?rest_route=\/wp\/v2\/types\/product"}],"replies":[{"embeddable":true,"href":"https:\/\/123-teezeit.de\/index.php?rest_route=%2Fwp%2Fv2%2Fcomments&post=40793"}],"wp:featuredmedia":[{"embeddable":true,"href":"https:\/\/123-teezeit.de\/index.php?rest_route=\/wp\/v2\/media\/40794"}],"wp:attachment":[{"href":"https:\/\/123-teezeit.de\/index.php?rest_route=%2Fwp%2Fv2%2Fmedia&parent=40793"}],"wp:term":[{"taxonomy":"product_brand","embeddable":true,"href":"https:\/\/123-teezeit.de\/index.php?rest_route=%2Fwp%2Fv2%2Fproduct_brand&post=40793"},{"taxonomy":"product_cat","embeddable":true,"href":"https:\/\/123-teezeit.de\/index.php?rest_route=%2Fwp%2Fv2%2Fproduct_cat&post=40793"},{"taxonomy":"product_tag","embeddable":true,"href":"https:\/\/123-teezeit.de\/index.php?rest_route=%2Fwp%2Fv2%2Fproduct_tag&post=40793"}],"curies":[{"name":"wp","href":"https:\/\/api.w.org\/{rel}","templated":true}]}}