{"id":40811,"date":"2022-02-13T03:22:28","date_gmt":"2022-02-13T03:22:28","guid":{"rendered":"https:\/\/123-teezeit.de\/?product=caykur-rize-turist-tuerkischer-tee-500g"},"modified":"2023-04-07T08:30:33","modified_gmt":"2023-04-07T08:30:33","slug":"caykur-rize-turist-tuerkischer-tee-500g","status":"publish","type":"product","link":"https:\/\/123-teezeit.de\/?product=caykur-rize-turist-tuerkischer-tee-500g","title":{"rendered":"Schwarzer Tee &#8211; Caykur Rize Turist &#8211; T\u00fcrkischer Tee (500g) &#8211; Beste Qualit\u00e4t aus der Schwarzmeer-Region"},"content":{"rendered":"<p><!-- show up to 2 reviews by default --> <\/p>\n<h3> <span>Produktbeschreibungen<\/span> <\/h3>\n<p> <span>F\u00fcr alle Freunde des t\u00e4glichen Tee-Genusses empfehlen wir unsere Hausmarke &#8222;Caykur Rize Turist cayi&#8220;.Dieser unkomplizierte Qualit\u00e4ts-Tee stammt aus dem traditionellen Teeanbaugebiet um die Hafenstadt Rize im nord-osten der T\u00fcrkei.Er wird ohne Einsatz von Pestiziden hergestellt und beh\u00e4lt deshalb sein nat\u00fcrliches Aroma. Caykur Rize Tee hat einen aromatisch-herben Charakter und eine lebendig gl\u00e4nzende Farbe.Caykur Rize turist cayi eignet sich hervorragend f\u00fcr den Tee-Genuss \u00fcber den ganzen Tag und ist zudem gut bek\u00f6mmlich.<\/span> <\/p>\n<h3> <span>Inhaltsstoffe \/ Zutaten<\/span> <\/h3>\n<p> <span>Schwarzer Tee lose<\/span> <\/p>\n<div data-a-expander-name=\"toggle_description\" class=\"a-row a-expander-container a-expander-extend-container\">\n<div class=\"a-expander-content a-expander-extend-content\">\n<h3> <span>Anschrift Hersteller\/Importeur<\/span> <\/h3>\n<p> <span>Cay Isletmeleri Genel M\u00dcd\u00fcrl\u00fcg\u00fc, M\u00fcft\u00fc Mah. 53080, Rize, T\u00fcrkei, 04642130211, www.caykur.gov.tr<\/span> <\/p>\n<\/p><\/div>\n<p> <a data-csa-c-func-deps=\"aui-da-a-expander-toggle\" data-csa-c-type=\"widget\" data-csa-interaction-events=\"click\" role=\"button\" href=\"void(0)\" data-action=\"a-expander-toggle\" class=\"a-expander-header a-declarative a-expander-extend-header\" data-a-expander-toggle=\"{\"><i class=\"a-icon a-icon-extender-expand\"><\/i><span class=\"a-expander-prompt\">Mehr<\/span><\/a> <\/div>\n<p>T\u00fcrkischer Tee<br \/>\n<div class=\"main-cross-sell\" data-asin=\"B003D0YN9I\">\n\n\t<div class=\"WooZone-cross-sell-loader\">\n\t\t<div>\n\t\t\t<div id=\"floatingBarsG\">\n\t\t\t\t<div class=\"blockG\" id=\"rotateG_01\"><\/div>\n\t\t\t\t<div class=\"blockG\" id=\"rotateG_02\"><\/div>\n\t\t\t\t<div class=\"blockG\" id=\"rotateG_03\"><\/div>\n\t\t\t\t<div class=\"blockG\" id=\"rotateG_04\"><\/div>\n\t\t\t\t<div class=\"blockG\" id=\"rotateG_05\"><\/div>\n\t\t\t\t<div class=\"blockG\" id=\"rotateG_06\"><\/div>\n\t\t\t\t<div class=\"blockG\" id=\"rotateG_07\"><\/div>\n\t\t\t\t<div class=\"blockG\" id=\"rotateG_08\"><\/div>\n\t\t\t<\/div>\n\t\t\t<div class=\"WooZone-cross-sell-loader-text\"><\/div>\n\t\t<\/div>\n\t<\/div>\n\n\t\t\n<\/div>\n<div style=\"clear:both;\"><\/div><\/p>\n","protected":false},"excerpt":{"rendered":"<p>T\u00fcrkischer Tee<\/p>\n","protected":false},"featured_media":40812,"comment_status":"open","ping_status":"closed","template":"","meta":[],"product_brand":[],"product_cat":[23],"product_tag":[],"class_list":{"0":"post-40811","1":"product","2":"type-product","3":"status-publish","4":"has-post-thumbnail","6":"product_cat-schwarztee","7":"pa_amazon-bestseller-rang-nr-7476-in-lebensmittel-getraenke-siehe-top-100-in-lebensmittel-getraenke-nr-74-in-schwarztee","8":"pa_artikelgewicht-499-g","9":"pa_aufbewahrung-lichtgeschuetzt-trocken-und-kuehl-lagern","10":"pa_auslaufartikel-produktion-dur-nein","11":"pa_besonderheit-vegetarisch","12":"pa_durchschnittliche-kundenbewer-44-von-5-sternen-400-sternebewertungen-44-von-5-sternen","13":"pa_format-beutel","14":"pa_herkunftsland-tuerkei","15":"pa_herkunftsort-der-primaeren-zu-tuerkei","16":"pa_hersteller-caykur","17":"pa_im-angebot-von-amazon-de-seit-12-oktober-2011","18":"pa_koffeingehalt-medium-caffeine-gew","19":"pa_kontakt-zum-hersteller-cay-isletmeleri-genel-mueduerluegue-mueftue-mah-53080-rize-tuerkei-04642130211-www-caykur-gov-tr","20":"pa_landeskueche-naher-osten","21":"pa_marke-caykur","22":"pa_netto-gewicht-500-gramm","23":"pa_produktabmessungen-8-x-11-x-19-99-cm-498-95-gramm","24":"pa_produktbezeichnung-food","25":"pa_stueckzahl-250-gramm","27":"first","28":"instock","29":"shipping-taxable","30":"purchasable","31":"product-type-simple"},"_links":{"self":[{"href":"https:\/\/123-teezeit.de\/index.php?rest_route=\/wp\/v2\/product\/40811","targetHints":{"allow":["GET"]}}],"collection":[{"href":"https:\/\/123-teezeit.de\/index.php?rest_route=\/wp\/v2\/product"}],"about":[{"href":"https:\/\/123-teezeit.de\/index.php?rest_route=\/wp\/v2\/types\/product"}],"replies":[{"embeddable":true,"href":"https:\/\/123-teezeit.de\/index.php?rest_route=%2Fwp%2Fv2%2Fcomments&post=40811"}],"wp:featuredmedia":[{"embeddable":true,"href":"https:\/\/123-teezeit.de\/index.php?rest_route=\/wp\/v2\/media\/40812"}],"wp:attachment":[{"href":"https:\/\/123-teezeit.de\/index.php?rest_route=%2Fwp%2Fv2%2Fmedia&parent=40811"}],"wp:term":[{"taxonomy":"product_brand","embeddable":true,"href":"https:\/\/123-teezeit.de\/index.php?rest_route=%2Fwp%2Fv2%2Fproduct_brand&post=40811"},{"taxonomy":"product_cat","embeddable":true,"href":"https:\/\/123-teezeit.de\/index.php?rest_route=%2Fwp%2Fv2%2Fproduct_cat&post=40811"},{"taxonomy":"product_tag","embeddable":true,"href":"https:\/\/123-teezeit.de\/index.php?rest_route=%2Fwp%2Fv2%2Fproduct_tag&post=40811"}],"curies":[{"name":"wp","href":"https:\/\/api.w.org\/{rel}","templated":true}]}}