{"id":40825,"date":"2022-02-13T03:22:41","date_gmt":"2022-02-13T03:22:41","guid":{"rendered":"https:\/\/123-teezeit.de\/?product=eilles-tee-assam-special-gfbop-250g"},"modified":"2026-01-08T00:00:11","modified_gmt":"2026-01-08T00:00:11","slug":"eilles-tee-assam-special-gfbop-250g","status":"publish","type":"product","link":"https:\/\/123-teezeit.de\/?product=eilles-tee-assam-special-gfbop-250g","title":{"rendered":"Eilles Tee Assam Special GFBOP 250g"},"content":{"rendered":"<p><!-- show up to 2 reviews by default -->   <a href=\"https:\/\/ps3-fan.net\/model\/cockycarguy\" target=\"_blank\">cockycarguy wrestle<\/a><\/p>\n<h3> <span>Produktbeschreibungen<\/span> <\/h3>\n<p> <span>Kr\u00e4ftiger Edeltee aus Nordindiens Plantagen am Fusse des Brahmaputra Flusses, mit gehaltvollem, malzigem Aroma und kupferroter Tassenfarbe. Am besten mit braunem Kandis und einem Schuss frischer Milch\/Sahne getrunken. Ein k\u00f6stlich kr\u00e4ftiges Erlebnis aus dem Hause Eilles. Mit Eilles Tee erhalten Sie eine besondere Marke, die es normalerweise nur in der gehobenen Gastronomie und in luxuri\u00f6sen Hotels gibt. Verglichen mit der hochwertigen G\u00fcte der Eilles Tees sind die Preise hier im original Shop ein echtes Schn\u00e4ppchen. Empfohlene Ziehzeit des Tee: 3 Min. Das Haus EILLES geh\u00f6rt seit 1873 zu den ersten Adressen, wenn es um feinste Genusswaren und hochwertigsten Tee geht. Auch K\u00f6nig Ludwig II. fand an der bedingungslosen Qualit\u00e4tsphilosophie von EILLES Gefallen und verlieh EILLES den Status des offziellen Hoflieferanten. K\u00f6nigliches Aroma ist auch heute noch unser Wahlspruch, den wir mit jedem Produkt einl\u00f6sen.<\/span> <\/p>\n<h3> <span>Inhaltsstoffe \/ Zutaten<\/span> <\/h3>\n<p> <span>Schwarzer Tee<\/span> <\/p>\n<div data-a-expander-name=\"toggle_description\" class=\"a-row a-expander-container a-expander-extend-container\">\n<div class=\"a-expander-content a-expander-extend-content\">\n<h3> <span>Gebrauchsanweisung<\/span> <\/h3>\n<p> <span>die empfohlene Ziehzeit des losen Assam ist 3 Minuten, um das volle Aroma zu entfalten<\/span> <\/p>\n<h3> <span>Warnhinweise<\/span> <\/h3>\n<p> <span>Mindesthalbarkeit: 6 Monate<\/span> <\/p>\n<\/p><\/div>\n<p> <a data-csa-c-func-deps=\"aui-da-a-expander-toggle\" data-csa-c-type=\"widget\" data-csa-interaction-events=\"click\" role=\"button\" href=\"void(0)\" data-action=\"a-expander-toggle\" class=\"a-expander-header a-declarative a-expander-extend-header\" data-a-expander-toggle=\"{\"><i class=\"a-icon a-icon-extender-expand\"><\/i><span class=\"a-expander-prompt\">Mehr<\/span><\/a> <\/div>\n<p>dieser Tee liefert ein k\u00f6stlich gehaltvolles malziges Aroma mit kupferroter Tassenfarbe<br \/>\nkr\u00e4ftiger Edeltee aus Nordindiens Plantagen am Fusse des Brahmaputra Flusses<br \/>\ndie empfohlene Ziehzeit des losen Assam ist 3 Minuten, um das volle Aroma zu entfalten<br \/>\nam besten mit braunem Kandis und einem Schuss frischer Milch\/Sahne getrunken<br \/>\n250 g Packung Tee lose &#8211; auch ein edles Mitbringsel, wenn Sie zu einem besonderen Anlass eingeladen sind<br \/>\n<div class=\"main-cross-sell\" data-asin=\"B0035WCDV4\">\n\n\t<div class=\"WooZone-cross-sell-loader\">\n\t\t<div>\n\t\t\t<div id=\"floatingBarsG\">\n\t\t\t\t<div class=\"blockG\" id=\"rotateG_01\"><\/div>\n\t\t\t\t<div class=\"blockG\" id=\"rotateG_02\"><\/div>\n\t\t\t\t<div class=\"blockG\" id=\"rotateG_03\"><\/div>\n\t\t\t\t<div class=\"blockG\" id=\"rotateG_04\"><\/div>\n\t\t\t\t<div class=\"blockG\" id=\"rotateG_05\"><\/div>\n\t\t\t\t<div class=\"blockG\" id=\"rotateG_06\"><\/div>\n\t\t\t\t<div class=\"blockG\" id=\"rotateG_07\"><\/div>\n\t\t\t\t<div class=\"blockG\" id=\"rotateG_08\"><\/div>\n\t\t\t<\/div>\n\t\t\t<div class=\"WooZone-cross-sell-loader-text\"><\/div>\n\t\t<\/div>\n\t<\/div>\n\n\t\t\n<\/div>\n<div style=\"clear:both;\"><\/div><\/p>\n","protected":false},"excerpt":{"rendered":"<p>dieser Tee liefert ein k\u00f6stlich gehaltvolles malziges Aroma mit kupferroter Tassenfarbe<br \/>\nkr\u00e4ftiger Edeltee aus Nordindiens Plantagen am Fusse des Brahmaputra Flusses<br \/>\ndie empfohlene Ziehzeit des losen Assam ist 3 Minuten, um das volle Aroma zu entfalten<\/p>\n","protected":false},"featured_media":40826,"comment_status":"open","ping_status":"closed","template":"","meta":[],"product_brand":[],"product_cat":[23],"product_tag":[],"class_list":{"0":"post-40825","1":"product","2":"type-product","3":"status-publish","4":"has-post-thumbnail","6":"product_cat-schwarztee","7":"pa_amazon-bestseller-rang-nr-55270-in-lebensmittel-getraenke-siehe-top-100-in-lebensmittel-getraenke-nr-770-in-schwarztee","8":"pa_artikelgewicht-250-g","9":"pa_auslaufartikel-produktion-dur-nein","10":"pa_besonderheit-vegetarisch","11":"pa_durchschnittliche-kundenbewer-47-von-5-sternen-33-sternebewertungen-47-von-5-sternen","12":"pa_format-getrocknet","13":"pa_herkunftsland-deutschland","14":"pa_hersteller-eilles","15":"pa_im-angebot-von-amazon-de-seit-25-januar-2010","16":"pa_marke-eilles","17":"pa_netto-gewicht-0-25-kilogramm","18":"pa_produktbezeichnung-food","19":"pa_stueckzahl-250-gramm","20":"pa_verpackungsabmessungen-22-8-x-9-5-x-4-8-cm-250-gramm","22":"first","23":"instock","24":"shipping-taxable","25":"purchasable","26":"product-type-simple"},"_links":{"self":[{"href":"https:\/\/123-teezeit.de\/index.php?rest_route=\/wp\/v2\/product\/40825","targetHints":{"allow":["GET"]}}],"collection":[{"href":"https:\/\/123-teezeit.de\/index.php?rest_route=\/wp\/v2\/product"}],"about":[{"href":"https:\/\/123-teezeit.de\/index.php?rest_route=\/wp\/v2\/types\/product"}],"replies":[{"embeddable":true,"href":"https:\/\/123-teezeit.de\/index.php?rest_route=%2Fwp%2Fv2%2Fcomments&post=40825"}],"wp:featuredmedia":[{"embeddable":true,"href":"https:\/\/123-teezeit.de\/index.php?rest_route=\/wp\/v2\/media\/40826"}],"wp:attachment":[{"href":"https:\/\/123-teezeit.de\/index.php?rest_route=%2Fwp%2Fv2%2Fmedia&parent=40825"}],"wp:term":[{"taxonomy":"product_brand","embeddable":true,"href":"https:\/\/123-teezeit.de\/index.php?rest_route=%2Fwp%2Fv2%2Fproduct_brand&post=40825"},{"taxonomy":"product_cat","embeddable":true,"href":"https:\/\/123-teezeit.de\/index.php?rest_route=%2Fwp%2Fv2%2Fproduct_cat&post=40825"},{"taxonomy":"product_tag","embeddable":true,"href":"https:\/\/123-teezeit.de\/index.php?rest_route=%2Fwp%2Fv2%2Fproduct_tag&post=40825"}],"curies":[{"name":"wp","href":"https:\/\/api.w.org\/{rel}","templated":true}]}}