{"id":40886,"date":"2022-02-13T03:23:23","date_gmt":"2022-02-13T03:23:23","guid":{"rendered":"https:\/\/123-teezeit.de\/?product=paulsen-tee-schwarzer-tee-ostfriesen-mischung-1000g-2495-euro-kg"},"modified":"2023-04-08T09:30:30","modified_gmt":"2023-04-08T09:30:30","slug":"paulsen-tee-schwarzer-tee-ostfriesen-mischung-1000g-2495-euro-kg","status":"publish","type":"product","link":"https:\/\/123-teezeit.de\/?product=paulsen-tee-schwarzer-tee-ostfriesen-mischung-1000g-2495-euro-kg","title":{"rendered":"Paulsen Tee Schwarzer Tee Ostfriesen Mischung 1000g (29,95 Euro\/kg)"},"content":{"rendered":"<p><!-- show up to 2 reviews by default --> <\/p>\n<h3> <span>Produktbeschreibungen<\/span> <\/h3>\n<p> <span>Ostfriesen Mischung \u2013 so genie\u00dfen Sie den Tee traditionell Kr\u00e4ftige Assam Tees aus Indien und Ceylon Tees aus Sri Lanka verleihen dieser hochwertigen Mischung ihre spezielle malzig schmeckende Note. Um nicht von den Schwankungen im Preis bestimmter Tees abh\u00e4ngig zu sein, besteht die Ostfriesen Mischung traditionell aus bis zu 10 verschiedenen Sorten des Schwarzen Tees. Besonders wichtig ist dabei, dass es sich um Bl\u00e4tter handelt, die einen eher kr\u00e4ftigen Geschmack entfalten, wenn man sie mit hei\u00dfem Wasser \u00fcbergie\u00dft. Diese sollten Sie nicht l\u00e4nger als drei bis f\u00fcnf Minuten ziehen lassen, um das typische Aroma nicht durch eine l\u00e4ngere Aufgusszeit zu verf\u00e4lschen. Um die kr\u00e4ftige und belebende Komposition im traditionell ostfriesischen Stil zu genie\u00dfen, ben\u00f6tigen Sie etwas Kandis und Sahne. Der echte Ostfriese gibt zun\u00e4chst ein St\u00fcckchen Kandis in seine Tasse und gie\u00dft anschlie\u00dfend den hei\u00df aufgebr\u00fchten Schwarztee dar\u00fcber. Den kr\u00f6nenden Abschluss bildet ein L\u00f6ffel mit Sahne, der dem aromatischen Getr\u00e4nk aufgesetzt wird. Damit es eine klassische ostfriesische Teespezialit\u00e4t wird, darf das Hei\u00dfgetr\u00e4nk nun nicht umger\u00fchrt werden. Auf diese Weise verw\u00f6hnt die Ostfriesen Mischung den Gaumen w\u00e4hrend des Trinkens mit ganz unterschiedlichen Geschmacksschichten. Diese variieren in S\u00fc\u00dfe und Aroma und \u00fcberraschen daher beim Genuss mit einer besonderen Vielfalt.<\/span> <\/p>\n<h3> <span>Inhaltsstoffe \/ Zutaten<\/span> <\/h3>\n<p> <span>Schwarzer Tee<\/span> <\/p>\n<div data-a-expander-name=\"toggle_description\" class=\"a-row a-expander-container a-expander-extend-container\">\n<div class=\"a-expander-content a-expander-extend-content\">\n<h3> <span>Gebrauchsanweisung<\/span> <\/h3>\n<p> <span>Teezubereitung: Die Teekanne zum Vorw\u00e4rmen mit hei\u00dfem Wasser aussp\u00fclen. Einen geh\u00e4uften Teel\u00f6ffel Paulsen Schwarzer Tee pro Tasse mit frischem, kochendem Wasser aufgie\u00dfen. Anschlie\u00dfend den Tee 3-5 Minuten ziehen lassen.<\/span> <\/p>\n<h3> <span>Anschrift Hersteller\/Importeur<\/span> <\/h3>\n<p> <span>Paulsen GmbH, Barkhorn 10, 24787 Fockbek<\/span> <\/p>\n<\/p><\/div>\n<p> <a data-csa-c-func-deps=\"aui-da-a-expander-toggle\" data-csa-c-type=\"widget\" data-csa-interaction-events=\"click\" role=\"button\" href=\"void(0)\" data-action=\"a-expander-toggle\" class=\"a-expander-header a-declarative a-expander-extend-header\" data-a-expander-toggle=\"{\"><i class=\"a-icon a-icon-extender-expand\"><\/i><span class=\"a-expander-prompt\">Mehr<\/span><\/a> <\/div>\n<p>Kr\u00e4ftige Assam und Ceylon Tees verleihen dieser hochwertigen Mischung ihre spezielle Note.<br \/>\n<div class=\"main-cross-sell\" data-asin=\"B07LBNYCSW\">\n\n\t<div class=\"WooZone-cross-sell-loader\">\n\t\t<div>\n\t\t\t<div id=\"floatingBarsG\">\n\t\t\t\t<div class=\"blockG\" id=\"rotateG_01\"><\/div>\n\t\t\t\t<div class=\"blockG\" id=\"rotateG_02\"><\/div>\n\t\t\t\t<div class=\"blockG\" id=\"rotateG_03\"><\/div>\n\t\t\t\t<div class=\"blockG\" id=\"rotateG_04\"><\/div>\n\t\t\t\t<div class=\"blockG\" id=\"rotateG_05\"><\/div>\n\t\t\t\t<div class=\"blockG\" id=\"rotateG_06\"><\/div>\n\t\t\t\t<div class=\"blockG\" id=\"rotateG_07\"><\/div>\n\t\t\t\t<div class=\"blockG\" id=\"rotateG_08\"><\/div>\n\t\t\t<\/div>\n\t\t\t<div class=\"WooZone-cross-sell-loader-text\"><\/div>\n\t\t<\/div>\n\t<\/div>\n\n\t\t\n<\/div>\n<div style=\"clear:both;\"><\/div><\/p>\n","protected":false},"excerpt":{"rendered":"<p>Kr\u00e4ftige Assam und Ceylon Tees verleihen dieser hochwertigen Mischung ihre spezielle Note.<\/p>\n","protected":false},"featured_media":40887,"comment_status":"open","ping_status":"closed","template":"","meta":[],"product_brand":[],"product_cat":[23],"product_tag":[],"class_list":{"0":"post-40886","1":"product","2":"type-product","3":"status-publish","4":"has-post-thumbnail","6":"product_cat-schwarztee","7":"pa_amazon-bestseller-rang-nr-52172-in-lebensmittel-getraenke-siehe-top-100-in-lebensmittel-getraenke-nr-722-in-schwarztee","8":"pa_artikelgewicht-100-g","9":"pa_auslaufartikel-produktion-dur-nein","10":"pa_durchschnittliche-kundenbewer-43-von-5-sternen-30-sternebewertungen-43-von-5-sternen","11":"pa_format-lose-blaetter","12":"pa_herkunftsland-indien","13":"pa_hersteller-paulsen-gmbh","14":"pa_im-angebot-von-amazon-de-seit-10-januar-2015","15":"pa_kontakt-zum-hersteller-paulsen-gmbh-barkhorn-10-24787-fockbek","16":"pa_marke-paulsen-tee-pure-tea","17":"pa_netto-gewicht-1000-gramm","18":"pa_stueckzahl-1000-0-gramm","19":"pa_verpackungsabmessungen-25-4-x-16-6-x-10-5-cm-100-gramm","21":"first","22":"instock","23":"shipping-taxable","24":"purchasable","25":"product-type-simple"},"_links":{"self":[{"href":"https:\/\/123-teezeit.de\/index.php?rest_route=\/wp\/v2\/product\/40886","targetHints":{"allow":["GET"]}}],"collection":[{"href":"https:\/\/123-teezeit.de\/index.php?rest_route=\/wp\/v2\/product"}],"about":[{"href":"https:\/\/123-teezeit.de\/index.php?rest_route=\/wp\/v2\/types\/product"}],"replies":[{"embeddable":true,"href":"https:\/\/123-teezeit.de\/index.php?rest_route=%2Fwp%2Fv2%2Fcomments&post=40886"}],"wp:featuredmedia":[{"embeddable":true,"href":"https:\/\/123-teezeit.de\/index.php?rest_route=\/wp\/v2\/media\/40887"}],"wp:attachment":[{"href":"https:\/\/123-teezeit.de\/index.php?rest_route=%2Fwp%2Fv2%2Fmedia&parent=40886"}],"wp:term":[{"taxonomy":"product_brand","embeddable":true,"href":"https:\/\/123-teezeit.de\/index.php?rest_route=%2Fwp%2Fv2%2Fproduct_brand&post=40886"},{"taxonomy":"product_cat","embeddable":true,"href":"https:\/\/123-teezeit.de\/index.php?rest_route=%2Fwp%2Fv2%2Fproduct_cat&post=40886"},{"taxonomy":"product_tag","embeddable":true,"href":"https:\/\/123-teezeit.de\/index.php?rest_route=%2Fwp%2Fv2%2Fproduct_tag&post=40886"}],"curies":[{"name":"wp","href":"https:\/\/api.w.org\/{rel}","templated":true}]}}