{"id":40922,"date":"2022-02-13T03:23:56","date_gmt":"2022-02-13T03:23:56","guid":{"rendered":"https:\/\/123-teezeit.de\/?product=pg-tips-schwarzer-tee-1-x-240-pcs"},"modified":"2023-04-08T09:30:30","modified_gmt":"2023-04-08T09:30:30","slug":"pg-tips-schwarzer-tee-1-x-240-pcs","status":"publish","type":"product","link":"https:\/\/123-teezeit.de\/?product=pg-tips-schwarzer-tee-1-x-240-pcs","title":{"rendered":"PG TIPS &#8211; Schwarzer Tee, (1 X 240 PCS)"},"content":{"rendered":"<p><!-- show up to 2 reviews by default --> <\/p>\n<h3> <span>Produktbeschreibung<\/span> <\/h3>\n<p> <span>PG Tips Pyramid &#8211; Original Schwarzer Tee , 240 Teebeutel. Ern\u00e4hrungsinformation (Pro 100ml) Brennwert &#8211; <\/span><\/p>\n<h3> <span>Inhaltsstoffe \/ Zutaten<\/span> <\/h3>\n<p> <span>Black tea Rainforest Alliance Certified Free from Irradiation, Meat and Alcohol.Suitable for Ovo Lacto Vegetarian and Vegan<\/span> <\/p>\n<div data-a-expander-name=\"toggle_description\" class=\"a-row a-expander-container a-expander-extend-container\">\n<div class=\"a-expander-content a-expander-extend-content\">\n<h3> <span>Gebrauchsanweisung<\/span> <\/h3>\n<p> <span>F\u00fcr die beste Tasse PG Tips, verwenden Sie einfach ein Beutel pro Tasse, f\u00fcgen Sie frisch gekochtes Wasser hinzu und lassen Sie ihn dann, um Ihre bevorzugte St\u00e4rke brauen. Da haben Sie es &#8211; Tee genau so, wie es Ihnen gef\u00e4llt.<\/span> <\/p>\n<h3> <span>Anschrift Hersteller\/Importeur<\/span> <\/h3>\n<p> <span>ADM3940 London SW1A 1YR<\/span> <\/p>\n<\/p><\/div>\n<p> <a data-csa-c-func-deps=\"aui-da-a-expander-toggle\" data-csa-c-type=\"widget\" data-csa-interaction-events=\"click\" role=\"button\" href=\"void(0)\" data-action=\"a-expander-toggle\" class=\"a-expander-header a-declarative a-expander-extend-header\" data-a-expander-toggle=\"{\"><i class=\"a-icon a-icon-extender-expand\"><\/i><span class=\"a-expander-prompt\">Mehr<\/span><\/a> <\/div>\n<p>PG tips Pyramid-Teebeutel sind geschickt entworfen, um den Teebl\u00e4ttern mehr Platz zum Bewegen zu geben, wodurch der Geschmack des gro\u00dfartigen PG tips freigesetzt wird.<br \/>\nEgal, ob es sich ums Aufwachen am Morgen oder um einen Gutenachtgebr\u00e4u handelt, PG tips hat f\u00fcr jede Tageszeit das Richtige f\u00fcr Sie!<br \/>\nUm das perfekte T\u00e4sschen zuzubereiten, h\u00e4ngen Sie Ihren Pyramid Teebeutel in hei\u00dfes Wasser, lassen Sie den Geschmack f\u00fcr 1-2 Minuten ziehen.<br \/>\nPG tips Tee wird mit Teebl\u00e4ttern der Rainforest Alliance Certified Estates hergestellt.<br \/>\nWir unterst\u00fctzen unsere gro\u00dfartigen Teefarmer und stellen sicher, dass sie Geld verdienen und Zugang zu angemessenen Wohnungen, medizinischer Versorgung und Bildung f\u00fcr ihre Kinder haben.<br \/>\n<div class=\"main-cross-sell\" data-asin=\"B000MXX04S\">\n\n\t<div class=\"WooZone-cross-sell-loader\">\n\t\t<div>\n\t\t\t<div id=\"floatingBarsG\">\n\t\t\t\t<div class=\"blockG\" id=\"rotateG_01\"><\/div>\n\t\t\t\t<div class=\"blockG\" id=\"rotateG_02\"><\/div>\n\t\t\t\t<div class=\"blockG\" id=\"rotateG_03\"><\/div>\n\t\t\t\t<div class=\"blockG\" id=\"rotateG_04\"><\/div>\n\t\t\t\t<div class=\"blockG\" id=\"rotateG_05\"><\/div>\n\t\t\t\t<div class=\"blockG\" id=\"rotateG_06\"><\/div>\n\t\t\t\t<div class=\"blockG\" id=\"rotateG_07\"><\/div>\n\t\t\t\t<div class=\"blockG\" id=\"rotateG_08\"><\/div>\n\t\t\t<\/div>\n\t\t\t<div class=\"WooZone-cross-sell-loader-text\"><\/div>\n\t\t<\/div>\n\t<\/div>\n\n\t\t\n<\/div>\n<div style=\"clear:both;\"><\/div><\/p>\n","protected":false},"excerpt":{"rendered":"<p>PG tips Pyramid-Teebeutel sind geschickt entworfen, um den Teebl\u00e4ttern mehr Platz zum Bewegen zu geben, wodurch der Geschmack des gro\u00dfartigen PG tips freigesetzt wird.<br \/>\nEgal, ob es sich ums Aufwachen am Morgen oder um einen Gutenachtgebr\u00e4u handelt, PG tips hat f\u00fcr jede Tageszeit das Richtige f\u00fcr Sie!<br \/>\nUm das perfekte T\u00e4sschen zuzubereiten, h\u00e4ngen Sie Ihren Pyramid Teebeutel in hei\u00dfes Wasser, lassen Sie den Geschmack f\u00fcr 1-2 Minuten ziehen.<\/p>\n","protected":false},"featured_media":40923,"comment_status":"open","ping_status":"closed","template":"","meta":[],"product_brand":[],"product_cat":[23],"product_tag":[],"class_list":{"0":"post-40922","1":"product","2":"type-product","3":"status-publish","4":"has-post-thumbnail","6":"product_cat-schwarztee","7":"pa_allergie-informationen-enthaelt-ohne-eier","8":"pa_amazon-bestseller-rang-nr-1212-in-lebensmittel-getraenke-siehe-top-100-in-lebensmittel-getraenke-nr-11-in-schwarztee","9":"pa_artikelgewicht-690-g","10":"pa_aufbewahrung-trocken-lagern","11":"pa_auslaufartikel-produktion-dur-nein","12":"pa_besonderheit-vegetarisch","13":"pa_durchschnittliche-kundenbewer-48-von-5-sternen-3-254-sternebewertungen-48-von-5-sternen","14":"pa_format-beutel","15":"pa_herkunftsland-niederlande","16":"pa_hersteller-unilever-uk","17":"pa_im-angebot-von-amazon-de-seit-1-juli-2010","18":"pa_kontakt-zum-hersteller-adm3940-london-sw1a-1yr","19":"pa_landeskueche-sterreich","20":"pa_marke-pg-tips","21":"pa_netto-gewicht-750-gramm","22":"pa_stueckzahl-240-stueck","24":"first","25":"instock","26":"shipping-taxable","27":"purchasable","28":"product-type-simple"},"_links":{"self":[{"href":"https:\/\/123-teezeit.de\/index.php?rest_route=\/wp\/v2\/product\/40922","targetHints":{"allow":["GET"]}}],"collection":[{"href":"https:\/\/123-teezeit.de\/index.php?rest_route=\/wp\/v2\/product"}],"about":[{"href":"https:\/\/123-teezeit.de\/index.php?rest_route=\/wp\/v2\/types\/product"}],"replies":[{"embeddable":true,"href":"https:\/\/123-teezeit.de\/index.php?rest_route=%2Fwp%2Fv2%2Fcomments&post=40922"}],"wp:featuredmedia":[{"embeddable":true,"href":"https:\/\/123-teezeit.de\/index.php?rest_route=\/wp\/v2\/media\/40923"}],"wp:attachment":[{"href":"https:\/\/123-teezeit.de\/index.php?rest_route=%2Fwp%2Fv2%2Fmedia&parent=40922"}],"wp:term":[{"taxonomy":"product_brand","embeddable":true,"href":"https:\/\/123-teezeit.de\/index.php?rest_route=%2Fwp%2Fv2%2Fproduct_brand&post=40922"},{"taxonomy":"product_cat","embeddable":true,"href":"https:\/\/123-teezeit.de\/index.php?rest_route=%2Fwp%2Fv2%2Fproduct_cat&post=40922"},{"taxonomy":"product_tag","embeddable":true,"href":"https:\/\/123-teezeit.de\/index.php?rest_route=%2Fwp%2Fv2%2Fproduct_tag&post=40922"}],"curies":[{"name":"wp","href":"https:\/\/api.w.org\/{rel}","templated":true}]}}