{"id":40926,"date":"2022-02-13T03:23:58","date_gmt":"2022-02-13T03:23:58","guid":{"rendered":"https:\/\/123-teezeit.de\/?product=dallmayr-aromatisierter-schwarztee-vanille-8er-pack-8-x-100-g"},"modified":"2026-03-09T00:00:37","modified_gmt":"2026-03-09T00:00:37","slug":"dallmayr-aromatisierter-schwarztee-vanille-8er-pack-8-x-100-g","status":"publish","type":"product","link":"https:\/\/123-teezeit.de\/?product=dallmayr-aromatisierter-schwarztee-vanille-8er-pack-8-x-100-g","title":{"rendered":"Dallmayr Aromatisierter Schwarztee &#8211; Vanille, 8er Pack (8 x 100 g )"},"content":{"rendered":"<p><a href=\"https:\/\/docslide.us\/\" target=\"_blank\">celeb nude Enticing Queen Emily<\/a><!-- show up to 2 reviews by default --> <\/p>\n<h3> <span>Produktbeschreibungen<\/span> <\/h3>\n<p> <span>Aromatisierte Tees bringen Abwechslung in die Tasse. Diese erlesene Ceylon Mischung ist mit ganzen Vanillest\u00fccken und den Aromastoffen der Vanille verfeinert. Zubereitung: 1 leicht geh\u00e4ufter Teel\u00f6ffel pro Tasse mit frischem, sprudelnd kochendem Wasser aufgie\u00dfen Ziehzeit 3-5 Minuten Aufbewahrung: Tee ist ein empfindliches Naturprodukt. Lagern Sie ihn deshalb k\u00fchl, trocken und nicht in der N\u00e4he von stark riechenden Produkten. Gut verschlie\u00dfbare Teedosen sind ideal zur Aufbewahrung oder als kleines Geschenk f\u00fcr Teeliebhaber geeignet. Erlesene Tees aus gutem Hause &#8211; von besonders wertvoller Qualit\u00e4t Das Dallmayr Teesortiment ist exklusiv und reichhaltig: Die Einzelprovenienzen f\u00fcr alle Sorten werden von unserem Tee-Experten auf ihrem qualitativen H\u00f6hepunkt und nach gewissenhaften Verprobungen eingekauft. Anschlie\u00dfend werden sie sorgf\u00e4ltig gemischt und aromagesch\u00fctzt verpackt. Das Haus Dallmayr, ehemals K\u00f6niglich Bayerischer Hoflieferant, baut auf eine hundertj\u00e4hrige Erfahrung in der Auswahl und Mischung edelster Teespezialit\u00e4ten und hat sich ganz dem guten Geschmack verpflichtet. Mehr Information: http:\/\/www.dallmayr.de\/tee<\/span> <\/p>\n<h3> <span>Inhaltsstoffe \/ Zutaten<\/span> <\/h3>\n<p> <span>Zutaten: Schwarzer Tee, Aroma, Vanillest\u00fccke<\/span> <\/p>\n<div data-a-expander-name=\"toggle_description\" class=\"a-row a-expander-container a-expander-extend-container\">\n<div class=\"a-expander-content a-expander-extend-content\">\n<h3> <span>Gebrauchsanweisung<\/span> <\/h3>\n<p> <span>1 leicht geh\u00e4ufter Teel\u00f6ffel pro Tasse. Mit frischem, sprudelnd kochendem Wasser aufgie\u00dfen. Ziehzeit 3-5 Minuten.<\/span> <\/p>\n<h3> <span>Anschrift Hersteller\/Importeur<\/span> <\/h3>\n<p> <span>Dienerstr. 14-15 80331 M\u00fcnchen<\/span> <\/p>\n<\/p><\/div>\n<p> <a data-csa-c-func-deps=\"aui-da-a-expander-toggle\" data-csa-c-type=\"widget\" data-csa-interaction-events=\"click\" role=\"button\" href=\"void(0)\" data-action=\"a-expander-toggle\" class=\"a-expander-header a-declarative a-expander-extend-header\" data-a-expander-toggle=\"{\"><i class=\"a-icon a-icon-extender-expand\"><\/i><span class=\"a-expander-prompt\">Mehr<\/span><\/a> <\/div>\n<p>Exzellente Ceylon Mischung mit dem Duft \u201eder K\u00f6nigin der Gew\u00fcrze\u201c<br \/>\nVerfeinert mit ganzen Vanillest\u00fccken und den Aromastoffen der Vanille<br \/>\nAusgew\u00e4hlt und komponiert vom Dallmayr Teemeister, in der Teemanufaktur in M\u00fcnchen<br \/>\nErfahrung mit Tee und Gesp\u00fcr f\u00fcr Qualit\u00e4t seit \u00fcber 100 Jahren<br \/>\n<div class=\"main-cross-sell\" data-asin=\"B003SNIPRG\">\n\n\t<div class=\"WooZone-cross-sell-loader\">\n\t\t<div>\n\t\t\t<div id=\"floatingBarsG\">\n\t\t\t\t<div class=\"blockG\" id=\"rotateG_01\"><\/div>\n\t\t\t\t<div class=\"blockG\" id=\"rotateG_02\"><\/div>\n\t\t\t\t<div class=\"blockG\" id=\"rotateG_03\"><\/div>\n\t\t\t\t<div class=\"blockG\" id=\"rotateG_04\"><\/div>\n\t\t\t\t<div class=\"blockG\" id=\"rotateG_05\"><\/div>\n\t\t\t\t<div class=\"blockG\" id=\"rotateG_06\"><\/div>\n\t\t\t\t<div class=\"blockG\" id=\"rotateG_07\"><\/div>\n\t\t\t\t<div class=\"blockG\" id=\"rotateG_08\"><\/div>\n\t\t\t<\/div>\n\t\t\t<div class=\"WooZone-cross-sell-loader-text\"><\/div>\n\t\t<\/div>\n\t<\/div>\n\n\t\t\n<\/div>\n<div style=\"clear:both;\"><\/div><\/p>\n","protected":false},"excerpt":{"rendered":"<p>Exzellente Ceylon Mischung mit dem Duft \u201eder K\u00f6nigin der Gew\u00fcrze\u201c<br \/>\nVerfeinert mit ganzen Vanillest\u00fccken und den Aromastoffen der Vanille<br \/>\nAusgew\u00e4hlt und komponiert vom Dallmayr Teemeister, in der Teemanufaktur in M\u00fcnchen<\/p>\n","protected":false},"featured_media":40927,"comment_status":"open","ping_status":"closed","template":"","meta":[],"product_brand":[],"product_cat":[23],"product_tag":[],"class_list":{"0":"post-40926","1":"product","2":"type-product","3":"status-publish","4":"has-post-thumbnail","6":"product_cat-schwarztee","7":"pa_amazon-bestseller-rang-nr-37623-in-lebensmittel-getraenke-siehe-top-100-in-lebensmittel-getraenke-nr-517-in-schwarztee","8":"pa_artikelgewicht-100-g","9":"pa_aufbewahrung-kuehl-und-trockenfrei-von-fremdgeruechen","10":"pa_besonderheit-ohne-senf-fettfrei-lactosefrei-ohne-ei-vegetarisch-ohne-soja-ohne-weizen-ohne-nuesse-ohne-konservierungsstoffe","11":"pa_durchschnittliche-kundenbewer-48-von-5-sternen-14-sternebewertungen-48-von-5-sternen","12":"pa_format-lose-blaetter","13":"pa_herkunftsland-deutschland","14":"pa_hersteller-alois-dallmayr-kaffee-ohg","15":"pa_im-angebot-von-amazon-de-seit-17-juni-2010","16":"pa_kontakt-zum-hersteller-dienerstr-14-15-80331-muenchen","17":"pa_landeskueche-china","18":"pa_marke-dallmayr","19":"pa_netto-gewicht-0-8-kilogramm","20":"pa_produktbezeichnung-aromatisierter-schwarzer-tee-vanille-geschmack","21":"pa_stueckzahl-800-0-gramm","22":"pa_ursprungsland-germany","23":"pa_verpackungsabmessungen-38-4-x-13-x-8-2-cm-100-gramm","24":"pa_verwendungsbedingungen-24-monate","25":"pa_zusatzstoffe-keine-deklarationspflichtigen-zusatzstoffe-vorhanden","27":"first","28":"instock","29":"shipping-taxable","30":"purchasable","31":"product-type-simple"},"_links":{"self":[{"href":"https:\/\/123-teezeit.de\/index.php?rest_route=\/wp\/v2\/product\/40926","targetHints":{"allow":["GET"]}}],"collection":[{"href":"https:\/\/123-teezeit.de\/index.php?rest_route=\/wp\/v2\/product"}],"about":[{"href":"https:\/\/123-teezeit.de\/index.php?rest_route=\/wp\/v2\/types\/product"}],"replies":[{"embeddable":true,"href":"https:\/\/123-teezeit.de\/index.php?rest_route=%2Fwp%2Fv2%2Fcomments&post=40926"}],"wp:featuredmedia":[{"embeddable":true,"href":"https:\/\/123-teezeit.de\/index.php?rest_route=\/wp\/v2\/media\/40927"}],"wp:attachment":[{"href":"https:\/\/123-teezeit.de\/index.php?rest_route=%2Fwp%2Fv2%2Fmedia&parent=40926"}],"wp:term":[{"taxonomy":"product_brand","embeddable":true,"href":"https:\/\/123-teezeit.de\/index.php?rest_route=%2Fwp%2Fv2%2Fproduct_brand&post=40926"},{"taxonomy":"product_cat","embeddable":true,"href":"https:\/\/123-teezeit.de\/index.php?rest_route=%2Fwp%2Fv2%2Fproduct_cat&post=40926"},{"taxonomy":"product_tag","embeddable":true,"href":"https:\/\/123-teezeit.de\/index.php?rest_route=%2Fwp%2Fv2%2Fproduct_tag&post=40926"}],"curies":[{"name":"wp","href":"https:\/\/api.w.org\/{rel}","templated":true}]}}