{"id":40938,"date":"2022-02-13T03:39:37","date_gmt":"2022-02-13T03:39:37","guid":{"rendered":"https:\/\/123-teezeit.de\/?product=messmer-tee-bio-fruechtetee-orange-ingwer-91-g-5er-pack"},"modified":"2023-04-08T09:30:30","modified_gmt":"2023-04-08T09:30:30","slug":"messmer-tee-bio-fruechtetee-orange-ingwer-91-g-5er-pack","status":"publish","type":"product","link":"https:\/\/123-teezeit.de\/?product=messmer-tee-bio-fruechtetee-orange-ingwer-91-g-5er-pack","title":{"rendered":"Me?mer Tee Bio Fr?chtetee Orange-Ingwer, 91 g, 5er Pack"},"content":{"rendered":"<p><!-- show up to 2 reviews by default --> <\/p>\n<h3> <span>Produktbeschreibungen<\/span> <\/h3>\n<p> <span>Zeit f\u00fcr Bio \u2013 Zeit f\u00fcr sonnige Momente im Leben. Denn wenn sich der fruchtige Geschmack von saftigen Orangen mit der w\u00fcrzigen Note des exotischen Ingwers vereint, geht am Gaumen die Sonne auf. Besonders an tr\u00fcben Tagen bringt dieser erhellende Bio-Fr\u00fcchtetee mit seinem vollmundigen Geschmack den Sonnenschein zur\u00fcck \u2013 ganz ohne Aromen. F\u00fcr deine Momente voller Gelassenheit.<\/span> <\/p>\n<h3> <span>Inhaltsstoffe \/ Zutaten<\/span> <\/h3>\n<p> <span>Bio wei\u00dfer Hibiskus, Bio \u00c4pfel, Bio Hagebutten, Bio Ingwer (10 %), Bio Orangen\u00f6l getrocknet (8 %), Bio s\u00fc\u00dfe Brombeerbl\u00e4tter, Bio Hibiskus, Bio Orangenschalen, Bio Ingwer\u00f6l getrocknet<\/span> <\/p>\n<p>Teesorte: Bio-Fr\u00fcchtetee nach DE-\u00d6KO-001<br \/>\nLieferumfang Dieses Produkt enth\u00e4lt: 5x 25 Doppelkammerbeutel im Einzelkuvert &#8211; ohne Metallklammer &#8211;<br \/>\nZubereitung Nehmen Sie f\u00fcr eine Tasse 1 Teebeutel und mindestens 4 Teebeutel f\u00fcr eine Kanne (1 l). Immer mit sprudelnd kochendem Wasser aufgie\u00dfen und mindestens 8 Minuten ziehen lassen! Nur dadurch erhalten Sie ein sicheres Lebensmittel.<br \/>\nAufbewahrungshinweise: Vor W\u00e4rme gesch\u00fctzt und trocken lagern.<br \/>\n<div class=\"main-cross-sell\" data-asin=\"B0814XR8QC\">\n\n\t<div class=\"WooZone-cross-sell-loader\">\n\t\t<div>\n\t\t\t<div id=\"floatingBarsG\">\n\t\t\t\t<div class=\"blockG\" id=\"rotateG_01\"><\/div>\n\t\t\t\t<div class=\"blockG\" id=\"rotateG_02\"><\/div>\n\t\t\t\t<div class=\"blockG\" id=\"rotateG_03\"><\/div>\n\t\t\t\t<div class=\"blockG\" id=\"rotateG_04\"><\/div>\n\t\t\t\t<div class=\"blockG\" id=\"rotateG_05\"><\/div>\n\t\t\t\t<div class=\"blockG\" id=\"rotateG_06\"><\/div>\n\t\t\t\t<div class=\"blockG\" id=\"rotateG_07\"><\/div>\n\t\t\t\t<div class=\"blockG\" id=\"rotateG_08\"><\/div>\n\t\t\t<\/div>\n\t\t\t<div class=\"WooZone-cross-sell-loader-text\"><\/div>\n\t\t<\/div>\n\t<\/div>\n\n\t\t\n<\/div>\n<div style=\"clear:both;\"><\/div><\/p>\n","protected":false},"excerpt":{"rendered":"<p>Teesorte: Bio-Fr\u00fcchtetee nach DE-\u00d6KO-001<br \/>\nLieferumfang Dieses Produkt enth\u00e4lt: 5x 25 Doppelkammerbeutel im Einzelkuvert &#8211; ohne Metallklammer &#8211;<br \/>\nZubereitung Nehmen Sie f\u00fcr eine Tasse 1 Teebeutel und mindestens 4 Teebeutel f\u00fcr eine Kanne (1 l). Immer mit sprudelnd kochendem Wasser aufgie\u00dfen und mindestens 8 Minuten ziehen lassen! Nur dadurch erhalten Sie ein sicheres Lebensmittel.<\/p>\n","protected":false},"featured_media":40939,"comment_status":"open","ping_status":"closed","template":"","meta":[],"product_brand":[],"product_cat":[29],"product_tag":[],"class_list":{"0":"post-40938","1":"product","2":"type-product","3":"status-publish","4":"has-post-thumbnail","6":"product_cat-fruechtetee","7":"pa_amazon-bestseller-rang-nr-40120-in-lebensmittel-getraenke-siehe-top-100-in-lebensmittel-getraenke-nr-465-in-fruechtetee","8":"pa_artikelgewicht-91-g","9":"pa_besonderheit-bio","10":"pa_durchschnittliche-kundenbewer-45-von-5-sternen-10-sternebewertungen-45-von-5-sternen","11":"pa_hersteller-messmer","12":"pa_im-angebot-von-amazon-de-seit-6-november-2019","13":"pa_marke-messmer","14":"pa_netto-gewicht-165-gramm","15":"pa_stueckzahl-455-gramm","16":"pa_verpackungsabmessungen-33-79-x-13-6-x-8-3-cm-91-gramm","18":"first","19":"instock","20":"shipping-taxable","21":"purchasable","22":"product-type-simple"},"_links":{"self":[{"href":"https:\/\/123-teezeit.de\/index.php?rest_route=\/wp\/v2\/product\/40938","targetHints":{"allow":["GET"]}}],"collection":[{"href":"https:\/\/123-teezeit.de\/index.php?rest_route=\/wp\/v2\/product"}],"about":[{"href":"https:\/\/123-teezeit.de\/index.php?rest_route=\/wp\/v2\/types\/product"}],"replies":[{"embeddable":true,"href":"https:\/\/123-teezeit.de\/index.php?rest_route=%2Fwp%2Fv2%2Fcomments&post=40938"}],"wp:featuredmedia":[{"embeddable":true,"href":"https:\/\/123-teezeit.de\/index.php?rest_route=\/wp\/v2\/media\/40939"}],"wp:attachment":[{"href":"https:\/\/123-teezeit.de\/index.php?rest_route=%2Fwp%2Fv2%2Fmedia&parent=40938"}],"wp:term":[{"taxonomy":"product_brand","embeddable":true,"href":"https:\/\/123-teezeit.de\/index.php?rest_route=%2Fwp%2Fv2%2Fproduct_brand&post=40938"},{"taxonomy":"product_cat","embeddable":true,"href":"https:\/\/123-teezeit.de\/index.php?rest_route=%2Fwp%2Fv2%2Fproduct_cat&post=40938"},{"taxonomy":"product_tag","embeddable":true,"href":"https:\/\/123-teezeit.de\/index.php?rest_route=%2Fwp%2Fv2%2Fproduct_tag&post=40938"}],"curies":[{"name":"wp","href":"https:\/\/api.w.org\/{rel}","templated":true}]}}