{"id":40950,"date":"2022-02-13T03:39:42","date_gmt":"2022-02-13T03:39:42","guid":{"rendered":"https:\/\/123-teezeit.de\/?product=paulis-kitchen-erdbeer-cranberry-fruechtetee-tee-fuer-kinder-140"},"modified":"2023-04-08T09:30:31","modified_gmt":"2023-04-08T09:30:31","slug":"paulis-kitchen-erdbeer-cranberry-fruechtetee-tee-fuer-kinder-140","status":"publish","type":"product","link":"https:\/\/123-teezeit.de\/?product=paulis-kitchen-erdbeer-cranberry-fruechtetee-tee-fuer-kinder-140","title":{"rendered":"Paulis Kitchen Erdbeer Cranberry Fr\u00fcchtetee &#8211; Tee f\u00fcr Kinder &#8211; Loser Fr\u00fcchtetee (140)"},"content":{"rendered":"<p>Speziell Kinder am\u00f6gen diesen fruchtigen Geschmack nach Erdbeer und Cranberry des Tees. Kinderg\u00e4rten (KiGa) empfehlen diesen weil die Kinder sagen dieser schmeckt nach Gummib\u00e4rchen<br \/>\nZutaten &#8211; Kontrolle und Verarbeitung erfolgt in \u00d6sterreich &#8211; Tee und Eistee tauglich. Ein Tee geschenkset welches auch zum Geburtstag,Muttertag oder Weihnachten verschekt erden kann.<br \/>\nUnser Tee Paket wird in einer gro\u00dfen, wiederverschlie\u00dfbaren T\u00fcte frisch geliefert. Somit ein ideales Fr\u00fcchtetee Geschenk, Kinder Tee oder auch ein advents geschenke f\u00fcr frauen.<br \/>\nZutaten: Apfelst\u00fccke Hagebutten Hibiskus, Weinbeeren, Rote Bete, Cranberries Erdbeeren<br \/>\nNat\u00fcrlich aromatisierte Fr\u00fcchteteemischung fruchtig s\u00fc\u00dflich. Die Teemischung f\u00fcr die Schwangerschaft. Auch Erwachsene verwenden unseren Premium Tee.<br \/>\nSpeziell Kinder aber auch Erwachsene m\u00f6gen diesen fruchtigen Geschmack nach Erdbeer und Cranberry des Tees. Kinderg\u00e4rten (KiGa) verwenden unseren Premium Tee und empfehlen diesen weil die Kinder sagen dieser schmeckt nach Gummib\u00e4rchen<br \/>\n<div class=\"main-cross-sell\" data-asin=\"B07H3TS3DV\">\n\n\t<div class=\"WooZone-cross-sell-loader\">\n\t\t<div>\n\t\t\t<div id=\"floatingBarsG\">\n\t\t\t\t<div class=\"blockG\" id=\"rotateG_01\"><\/div>\n\t\t\t\t<div class=\"blockG\" id=\"rotateG_02\"><\/div>\n\t\t\t\t<div class=\"blockG\" id=\"rotateG_03\"><\/div>\n\t\t\t\t<div class=\"blockG\" id=\"rotateG_04\"><\/div>\n\t\t\t\t<div class=\"blockG\" id=\"rotateG_05\"><\/div>\n\t\t\t\t<div class=\"blockG\" id=\"rotateG_06\"><\/div>\n\t\t\t\t<div class=\"blockG\" id=\"rotateG_07\"><\/div>\n\t\t\t\t<div class=\"blockG\" id=\"rotateG_08\"><\/div>\n\t\t\t<\/div>\n\t\t\t<div class=\"WooZone-cross-sell-loader-text\"><\/div>\n\t\t<\/div>\n\t<\/div>\n\n\t\t\n<\/div>\n<div style=\"clear:both;\"><\/div><\/p>\n","protected":false},"excerpt":{"rendered":"<p>Speziell Kinder am\u00f6gen diesen fruchtigen Geschmack nach Erdbeer und Cranberry des Tees. Kinderg\u00e4rten (KiGa) empfehlen diesen weil die Kinder sagen dieser schmeckt nach Gummib\u00e4rchen<br \/>\nZutaten &#8211; Kontrolle und Verarbeitung erfolgt in \u00d6sterreich &#8211; Tee und Eistee tauglich. Ein Tee geschenkset welches auch zum Geburtstag,Muttertag oder Weihnachten verschekt erden kann.<br \/>\nUnser Tee Paket wird in einer gro\u00dfen, wiederverschlie\u00dfbaren T\u00fcte frisch geliefert. Somit ein ideales Fr\u00fcchtetee Geschenk, Kinder Tee oder auch ein advents geschenke f\u00fcr frauen.<\/p>\n","protected":false},"featured_media":40951,"comment_status":"open","ping_status":"closed","template":"","meta":[],"product_brand":[],"product_cat":[29],"product_tag":[],"class_list":{"0":"post-40950","1":"product","2":"type-product","3":"status-publish","4":"has-post-thumbnail","6":"product_cat-fruechtetee","7":"pa_amazon-bestseller-rang-nr-23325-in-lebensmittel-getraenke-siehe-top-100-in-lebensmittel-getraenke-nr-264-in-fruechtetee","8":"pa_artikelgewicht-140-g","9":"pa_aufbewahrung-lichtgeschuetzt-kuehl-und-trocken-lagern","10":"pa_auslaufartikel-produktion-dur-nein","11":"pa_besonderheit-vegetarisch","12":"pa_durchschnittliche-kundenbewer-45-von-5-sternen-322-sternebewertungen-45-von-5-sternen","13":"pa_herkunftsland-oesterreich","14":"pa_herkunftsort-der-primaeren-zu-oesterreich","15":"pa_hersteller-paulis-kitchen","16":"pa_im-angebot-von-amazon-de-seit-4-september-2018","17":"pa_kontakt-zum-hersteller-paulis-kitchen-4974-reichersberg-austria","18":"pa_marke-paulis-kitchen","19":"pa_netto-gewicht-140-gramm","20":"pa_produktabmessungen-22-x-13-x-4-5-cm-140-gramm","21":"pa_stueckzahl-140-gramm","23":"first","24":"instock","25":"shipping-taxable","26":"purchasable","27":"product-type-simple"},"_links":{"self":[{"href":"https:\/\/123-teezeit.de\/index.php?rest_route=\/wp\/v2\/product\/40950","targetHints":{"allow":["GET"]}}],"collection":[{"href":"https:\/\/123-teezeit.de\/index.php?rest_route=\/wp\/v2\/product"}],"about":[{"href":"https:\/\/123-teezeit.de\/index.php?rest_route=\/wp\/v2\/types\/product"}],"replies":[{"embeddable":true,"href":"https:\/\/123-teezeit.de\/index.php?rest_route=%2Fwp%2Fv2%2Fcomments&post=40950"}],"wp:featuredmedia":[{"embeddable":true,"href":"https:\/\/123-teezeit.de\/index.php?rest_route=\/wp\/v2\/media\/40951"}],"wp:attachment":[{"href":"https:\/\/123-teezeit.de\/index.php?rest_route=%2Fwp%2Fv2%2Fmedia&parent=40950"}],"wp:term":[{"taxonomy":"product_brand","embeddable":true,"href":"https:\/\/123-teezeit.de\/index.php?rest_route=%2Fwp%2Fv2%2Fproduct_brand&post=40950"},{"taxonomy":"product_cat","embeddable":true,"href":"https:\/\/123-teezeit.de\/index.php?rest_route=%2Fwp%2Fv2%2Fproduct_cat&post=40950"},{"taxonomy":"product_tag","embeddable":true,"href":"https:\/\/123-teezeit.de\/index.php?rest_route=%2Fwp%2Fv2%2Fproduct_tag&post=40950"}],"curies":[{"name":"wp","href":"https:\/\/api.w.org\/{rel}","templated":true}]}}