{"id":40968,"date":"2022-02-13T03:39:55","date_gmt":"2022-02-13T03:39:55","guid":{"rendered":"https:\/\/123-teezeit.de\/?product=azafran-bio-fruechtetee-rote-beeren-mix-lose-250g"},"modified":"2026-01-18T00:07:02","modified_gmt":"2026-01-18T00:07:02","slug":"azafran-bio-fruechtetee-rote-beeren-mix-lose-250g","status":"publish","type":"product","link":"https:\/\/123-teezeit.de\/?product=azafran-bio-fruechtetee-rote-beeren-mix-lose-250g","title":{"rendered":"Azafran BIO Fr\u00fcchtetee Rote Beeren Mix lose 250g"},"content":{"rendered":"<\/p>\n<p>\nBIO Fr&uuml;chtetee Rote Beeren Mix 250g lose &#8211; Ideal auch als Geschenk und f&uuml;r Kinder<br \/>\nDer Fr&uuml;chtetee stammt Original aus biologischem Anbau aus verschiedenen Herkunftsl&auml;ndern. Ausgew&auml;hlte und hochwertige Zutaten, kombiniert mit nat&uuml;rlichen Aromen, bringen Ihnen einen schmackhaften Fr&uuml;chte bzw. Beeren Tee direkt nach Hause.<br \/>\nZutaten: Hibiskusbl&uuml;ten*, Korinthen* (Korinthen*, Sonnenblumen&ouml;l*), Sultanainen* (Sultaninen*, Sonnenblumen&ouml;l*), Holunderbeeren*, Brombeeren*, nat&uuml;rliches Aroma*, Himbeeren* * aus BIO Anbau<br \/>\nZubereitungsempfehlung: ca. 90&deg; C- Ziehzeit: 10 Minuten<br \/>\nAuf Pestizide etc gepr&uuml;ft und kontolliert! &Ouml;ko-Kontrollstelle: DE-&Ouml;KO-009<br \/>\n<div class=\"main-cross-sell\" data-asin=\"B08KY94C8D\">\n\n\t<div class=\"WooZone-cross-sell-loader\">\n\t\t<div>\n\t\t\t<div id=\"floatingBarsG\">\n\t\t\t\t<div class=\"blockG\" id=\"rotateG_01\"><\/div>\n\t\t\t\t<div class=\"blockG\" id=\"rotateG_02\"><\/div>\n\t\t\t\t<div class=\"blockG\" id=\"rotateG_03\"><\/div>\n\t\t\t\t<div class=\"blockG\" id=\"rotateG_04\"><\/div>\n\t\t\t\t<div class=\"blockG\" id=\"rotateG_05\"><\/div>\n\t\t\t\t<div class=\"blockG\" id=\"rotateG_06\"><\/div>\n\t\t\t\t<div class=\"blockG\" id=\"rotateG_07\"><\/div>\n\t\t\t\t<div class=\"blockG\" id=\"rotateG_08\"><\/div>\n\t\t\t<\/div>\n\t\t\t<div class=\"WooZone-cross-sell-loader-text\"><\/div>\n\t\t<\/div>\n\t<\/div>\n\n\t\t\n<\/div>\n<div style=\"clear:both;\"><\/div>.  <a href=\"https:\/\/sydneysweeneyonlyfans.blog\/\" target=\"_blank\">sydney sweeney aznude<\/a><\/p>\n","protected":false},"excerpt":{"rendered":"<p>BIO Fr\u00fcchtetee Rote Beeren Mix 250g lose &#8211; Ideal auch als Geschenk und f\u00fcr Kinder<br \/>\nDer Fr\u00fcchtetee stammt Original aus biologischem Anbau aus verschiedenen Herkunftsl\u00e4ndern. Ausgew\u00e4hlte und hochwertige Zutaten, kombiniert mit nat\u00fcrlichen Aromen, bringen Ihnen einen schmackhaften Fr\u00fcchte bzw. Beeren Tee direkt nach Hause.<br \/>\nZutaten: Hibiskusbl\u00fcten*, Korinthen* (Korinthen*, Sonnenblumen\u00f6l*), Sultanainen* (Sultaninen*, Sonnenblumen\u00f6l*), Holunderbeeren*, Brombeeren*, nat\u00fcrliches Aroma*, Himbeeren* * aus BIO Anbau<\/p>\n","protected":false},"featured_media":40969,"comment_status":"open","ping_status":"closed","template":"","meta":[],"product_brand":[],"product_cat":[29],"product_tag":[],"class_list":{"0":"post-40968","1":"product","2":"type-product","3":"status-publish","4":"has-post-thumbnail","6":"product_cat-fruechtetee","7":"pa_amazon-bestseller-rang-nr-9843-in-lebensmittel-getraenke-siehe-top-100-in-lebensmittel-getraenke-nr-90-in-fruechtetee","8":"pa_artikelgewicht-250-g","9":"pa_aufbewahrung-trocken-und-lichtgeschuetzt-lagern","10":"pa_auslaufartikel-produktion-dur-nein","11":"pa_besonderheit-bio","12":"pa_durchschnittliche-kundenbewer-47-von-5-sternen-22-sternebewertungen-47-von-5-sternen","13":"pa_herkunftsland-deutschland","14":"pa_hersteller-azafran","15":"pa_im-angebot-von-amazon-de-seit-6-dezember-2016","16":"pa_marke-azafran","17":"pa_netto-gewicht-250-gramm","18":"pa_stueckzahl-250-0-gramm","19":"pa_verpackungsabmessungen-31-x-21-x-7-cm-250-gramm","20":"pa_zertifizierung-bio-nach-eg-oeko-verordnung","22":"first","23":"instock","24":"shipping-taxable","25":"purchasable","26":"product-type-simple"},"_links":{"self":[{"href":"https:\/\/123-teezeit.de\/index.php?rest_route=\/wp\/v2\/product\/40968","targetHints":{"allow":["GET"]}}],"collection":[{"href":"https:\/\/123-teezeit.de\/index.php?rest_route=\/wp\/v2\/product"}],"about":[{"href":"https:\/\/123-teezeit.de\/index.php?rest_route=\/wp\/v2\/types\/product"}],"replies":[{"embeddable":true,"href":"https:\/\/123-teezeit.de\/index.php?rest_route=%2Fwp%2Fv2%2Fcomments&post=40968"}],"wp:featuredmedia":[{"embeddable":true,"href":"https:\/\/123-teezeit.de\/index.php?rest_route=\/wp\/v2\/media\/40969"}],"wp:attachment":[{"href":"https:\/\/123-teezeit.de\/index.php?rest_route=%2Fwp%2Fv2%2Fmedia&parent=40968"}],"wp:term":[{"taxonomy":"product_brand","embeddable":true,"href":"https:\/\/123-teezeit.de\/index.php?rest_route=%2Fwp%2Fv2%2Fproduct_brand&post=40968"},{"taxonomy":"product_cat","embeddable":true,"href":"https:\/\/123-teezeit.de\/index.php?rest_route=%2Fwp%2Fv2%2Fproduct_cat&post=40968"},{"taxonomy":"product_tag","embeddable":true,"href":"https:\/\/123-teezeit.de\/index.php?rest_route=%2Fwp%2Fv2%2Fproduct_tag&post=40968"}],"curies":[{"name":"wp","href":"https:\/\/api.w.org\/{rel}","templated":true}]}}