{"id":41019,"date":"2022-02-13T03:40:29","date_gmt":"2022-02-13T03:40:29","guid":{"rendered":"https:\/\/123-teezeit.de\/?product=der-franz-fruechtetee-verry-berry-in-ganzen-blaettern-250-g"},"modified":"2023-04-08T09:30:32","modified_gmt":"2023-04-08T09:30:32","slug":"der-franz-fruechtetee-verry-berry-in-ganzen-blaettern-250-g","status":"publish","type":"product","link":"https:\/\/123-teezeit.de\/?product=der-franz-fruechtetee-verry-berry-in-ganzen-blaettern-250-g","title":{"rendered":"Der-Franz Fr\u00fcchtetee \u201eVerry Berry\u201c in ganzen Bl\u00e4ttern, 250\u00a0g"},"content":{"rendered":"<p><!-- show up to 2 reviews by default --> <\/p>\n<h3> <span>Produktbeschreibung<\/span> <\/h3>\n<p> <span>Fr\u00fcchtetee \u201eVerry Berry\u201c in ganzen Bl\u00e4ttern, 250 g.<\/span> <\/p>\n<h3> <span>Inhaltsstoffe \/ Zutaten<\/span> <\/h3>\n<p> <span>Der-Franz Fr\u00fcchtetee \u201eVerry Berry\u201c in ganzen Bl\u00e4ttern, 250 g Apfel, Holunderbeeren, Erdbeere, Himbeere, Hibiskus, Hagebutte, nat\u00fcrliches Aroma von SAHNE und Vanille<\/span> <\/p>\n<p>Apfel, Holunder, Erdbeere, Himbeere, Hibiskus und Hagebutte, mit dem nat\u00fcrlichen Geschmack von Sahne und Vanille.<br \/>\nBeutel mit losem Tee, damit sich das ganze Blatt frei und optimal entfalten sowie ein volles Aroma und seinen maximalen Geschmack entwickeln kann<br \/>\nTraditioneller Hersteller seit 1929<br \/>\nGenie\u00dfen Sie hervorragende Geschmackskompositionen, h\u00f6chste Qualit\u00e4t und ein erfrischendes Designkonzept<br \/>\n<div class=\"main-cross-sell\" data-asin=\"B07Y5JC43J\">\n\n\t<div class=\"WooZone-cross-sell-loader\">\n\t\t<div>\n\t\t\t<div id=\"floatingBarsG\">\n\t\t\t\t<div class=\"blockG\" id=\"rotateG_01\"><\/div>\n\t\t\t\t<div class=\"blockG\" id=\"rotateG_02\"><\/div>\n\t\t\t\t<div class=\"blockG\" id=\"rotateG_03\"><\/div>\n\t\t\t\t<div class=\"blockG\" id=\"rotateG_04\"><\/div>\n\t\t\t\t<div class=\"blockG\" id=\"rotateG_05\"><\/div>\n\t\t\t\t<div class=\"blockG\" id=\"rotateG_06\"><\/div>\n\t\t\t\t<div class=\"blockG\" id=\"rotateG_07\"><\/div>\n\t\t\t\t<div class=\"blockG\" id=\"rotateG_08\"><\/div>\n\t\t\t<\/div>\n\t\t\t<div class=\"WooZone-cross-sell-loader-text\"><\/div>\n\t\t<\/div>\n\t<\/div>\n\n\t\t\n<\/div>\n<div style=\"clear:both;\"><\/div><\/p>\n","protected":false},"excerpt":{"rendered":"<p>Apfel, Holunder, Erdbeere, Himbeere, Hibiskus und Hagebutte, mit dem nat\u00fcrlichen Geschmack von Sahne und Vanille.<br \/>\nBeutel mit losem Tee, damit sich das ganze Blatt frei und optimal entfalten sowie ein volles Aroma und seinen maximalen Geschmack entwickeln kann<br \/>\nTraditioneller Hersteller seit 1929<\/p>\n","protected":false},"featured_media":41020,"comment_status":"open","ping_status":"closed","template":"","meta":[],"product_brand":[],"product_cat":[29],"product_tag":[],"class_list":{"0":"post-41019","1":"product","2":"type-product","3":"status-publish","4":"has-post-thumbnail","6":"product_cat-fruechtetee","7":"pa_amazon-bestseller-rang-nr-1521-in-lebensmittel-getraenke-siehe-top-100-in-lebensmittel-getraenke-nr-14-in-schwarztee-nr-14-in-fruechtetee-nr-16-in-gruener-tee","8":"pa_artikelgewicht-250-g","9":"pa_durchschnittliche-kundenbewer-44-von-5-sternen-649-sternebewertungen-44-von-5-sternen","10":"pa_format-lose-blaetter","11":"pa_herkunftsland-oesterreich","12":"pa_hersteller-hs-trading-gmbh","13":"pa_im-angebot-von-amazon-de-seit-5-november-2019","14":"pa_marke-der-franz","15":"pa_netto-gewicht-250-gramm","16":"pa_produktabmessungen-5-x-8-5-x-24-cm-250-gramm","17":"pa_stueckzahl-250-0-gramm","19":"first","20":"instock","21":"shipping-taxable","22":"purchasable","23":"product-type-simple"},"_links":{"self":[{"href":"https:\/\/123-teezeit.de\/index.php?rest_route=\/wp\/v2\/product\/41019","targetHints":{"allow":["GET"]}}],"collection":[{"href":"https:\/\/123-teezeit.de\/index.php?rest_route=\/wp\/v2\/product"}],"about":[{"href":"https:\/\/123-teezeit.de\/index.php?rest_route=\/wp\/v2\/types\/product"}],"replies":[{"embeddable":true,"href":"https:\/\/123-teezeit.de\/index.php?rest_route=%2Fwp%2Fv2%2Fcomments&post=41019"}],"wp:featuredmedia":[{"embeddable":true,"href":"https:\/\/123-teezeit.de\/index.php?rest_route=\/wp\/v2\/media\/41020"}],"wp:attachment":[{"href":"https:\/\/123-teezeit.de\/index.php?rest_route=%2Fwp%2Fv2%2Fmedia&parent=41019"}],"wp:term":[{"taxonomy":"product_brand","embeddable":true,"href":"https:\/\/123-teezeit.de\/index.php?rest_route=%2Fwp%2Fv2%2Fproduct_brand&post=41019"},{"taxonomy":"product_cat","embeddable":true,"href":"https:\/\/123-teezeit.de\/index.php?rest_route=%2Fwp%2Fv2%2Fproduct_cat&post=41019"},{"taxonomy":"product_tag","embeddable":true,"href":"https:\/\/123-teezeit.de\/index.php?rest_route=%2Fwp%2Fv2%2Fproduct_tag&post=41019"}],"curies":[{"name":"wp","href":"https:\/\/api.w.org\/{rel}","templated":true}]}}