{"id":41039,"date":"2022-02-13T03:44:28","date_gmt":"2022-02-13T03:44:28","guid":{"rendered":"https:\/\/123-teezeit.de\/?product=eilles-sommerbeeren-200-x-25-gr-im-aromabeutel"},"modified":"2023-04-08T09:30:32","modified_gmt":"2023-04-08T09:30:32","slug":"eilles-sommerbeeren-200-x-25-gr-im-aromabeutel","status":"publish","type":"product","link":"https:\/\/123-teezeit.de\/?product=eilles-sommerbeeren-200-x-25-gr-im-aromabeutel","title":{"rendered":"Eilles Sommerbeeren 200 x 2,5 gr. im Aromabeutel"},"content":{"rendered":"<p><!-- show up to 2 reviews by default --> <\/p>\n<h3> <span>Produktbeschreibungen<\/span> <\/h3>\n<p> <span>EILLES Teebeutel Sommerbeere 2 x 25 St\u00fcck Reine, harmonische Fr\u00fcchtemischung mit sommerlichem Himbeere-Erdbeer-Aroma verfeinert. Mit Eilles Tee genie\u00dfen Sie eine luxuri\u00f6se Teemarke, die in den besten Hotels zuhause ist. Verglichen mit der hochwertigen G\u00fcte der Eilles Tees sind die Preise hier im Shop ein echtes Schn\u00e4ppchen. Sie erhalten zwei Display-Kartons zu je 25 Beuteln (100g gesamt). Man kann Beutel f\u00fcr Beutel einzeln den Tee praktisch entnehmen und dank des Papierkuverts ist jede Portion dabei hygienisch gesch\u00fctzt <br \/> Zutaten:Hibiskusbl\u00fcten, Hagebuttenschalen, \u00c4pfel, Orangenschalen, Aroma<\/span> <\/p>\n<h3> <span>Inhaltsstoffe \/ Zutaten<\/span> <\/h3>\n<p> <span>Hibiskusbl\u00fcten, Hagebuttenschalen, \u00c4pfel, Orangenschalen, Aroma<\/span> <\/p>\n<p>200 Teebeutel<br \/>\n<div class=\"main-cross-sell\" data-asin=\"B00KQJF942\">\n\n\t<div class=\"WooZone-cross-sell-loader\">\n\t\t<div>\n\t\t\t<div id=\"floatingBarsG\">\n\t\t\t\t<div class=\"blockG\" id=\"rotateG_01\"><\/div>\n\t\t\t\t<div class=\"blockG\" id=\"rotateG_02\"><\/div>\n\t\t\t\t<div class=\"blockG\" id=\"rotateG_03\"><\/div>\n\t\t\t\t<div class=\"blockG\" id=\"rotateG_04\"><\/div>\n\t\t\t\t<div class=\"blockG\" id=\"rotateG_05\"><\/div>\n\t\t\t\t<div class=\"blockG\" id=\"rotateG_06\"><\/div>\n\t\t\t\t<div class=\"blockG\" id=\"rotateG_07\"><\/div>\n\t\t\t\t<div class=\"blockG\" id=\"rotateG_08\"><\/div>\n\t\t\t<\/div>\n\t\t\t<div class=\"WooZone-cross-sell-loader-text\"><\/div>\n\t\t<\/div>\n\t<\/div>\n\n\t\t\n<\/div>\n<div style=\"clear:both;\"><\/div><\/p>\n","protected":false},"excerpt":{"rendered":"<p>200 Teebeutel<\/p>\n","protected":false},"featured_media":41040,"comment_status":"open","ping_status":"closed","template":"","meta":[],"product_brand":[],"product_cat":[29],"product_tag":[],"class_list":{"0":"post-41039","1":"product","2":"type-product","3":"status-publish","4":"has-post-thumbnail","6":"product_cat-fruechtetee","7":"pa_amazon-bestseller-rang-nr-47461-in-lebensmittel-getraenke-siehe-top-100-in-lebensmittel-getraenke-nr-569-in-fruechtetee","8":"pa_artikelgewicht-500-g","9":"pa_durchschnittliche-kundenbewer-46-von-5-sternen-4-sternebewertungen-46-von-5-sternen","10":"pa_format-beutel","11":"pa_hersteller-j-j-darboven-gmbh-co-kg","12":"pa_im-angebot-von-amazon-de-seit-3-juni-2014","13":"pa_netto-gewicht-0-5-kilogramm","14":"pa_stueckzahl-500-0-gramm","15":"pa_ursprungsland-deutschland","17":"first","18":"instock","19":"shipping-taxable","20":"purchasable","21":"product-type-simple"},"_links":{"self":[{"href":"https:\/\/123-teezeit.de\/index.php?rest_route=\/wp\/v2\/product\/41039","targetHints":{"allow":["GET"]}}],"collection":[{"href":"https:\/\/123-teezeit.de\/index.php?rest_route=\/wp\/v2\/product"}],"about":[{"href":"https:\/\/123-teezeit.de\/index.php?rest_route=\/wp\/v2\/types\/product"}],"replies":[{"embeddable":true,"href":"https:\/\/123-teezeit.de\/index.php?rest_route=%2Fwp%2Fv2%2Fcomments&post=41039"}],"wp:featuredmedia":[{"embeddable":true,"href":"https:\/\/123-teezeit.de\/index.php?rest_route=\/wp\/v2\/media\/41040"}],"wp:attachment":[{"href":"https:\/\/123-teezeit.de\/index.php?rest_route=%2Fwp%2Fv2%2Fmedia&parent=41039"}],"wp:term":[{"taxonomy":"product_brand","embeddable":true,"href":"https:\/\/123-teezeit.de\/index.php?rest_route=%2Fwp%2Fv2%2Fproduct_brand&post=41039"},{"taxonomy":"product_cat","embeddable":true,"href":"https:\/\/123-teezeit.de\/index.php?rest_route=%2Fwp%2Fv2%2Fproduct_cat&post=41039"},{"taxonomy":"product_tag","embeddable":true,"href":"https:\/\/123-teezeit.de\/index.php?rest_route=%2Fwp%2Fv2%2Fproduct_tag&post=41039"}],"curies":[{"name":"wp","href":"https:\/\/api.w.org\/{rel}","templated":true}]}}