{"id":41053,"date":"2022-02-13T03:44:39","date_gmt":"2022-02-13T03:44:39","guid":{"rendered":"https:\/\/123-teezeit.de\/?product=fruechteteemischung-mango-tango-menge-1000-g"},"modified":"2023-04-08T09:30:32","modified_gmt":"2023-04-08T09:30:32","slug":"fruechteteemischung-mango-tango-menge-1000-g","status":"publish","type":"product","link":"https:\/\/123-teezeit.de\/?product=fruechteteemischung-mango-tango-menge-1000-g","title":{"rendered":"Fr\u00fcchteteemischung Mango Tango Menge 1000 g"},"content":{"rendered":"<p><!-- show up to 2 reviews by default --> <\/p>\n<h3> <span>Produktbeschreibungen<\/span> <\/h3>\n<p> <span>Fr\u00fcchteteemischung Mango Tango Zutaten: Ananasw\u00fcrfel (Ananas, Zucker, S\u00e4uerungsmittel: Zitronens\u00e4ure), Mangow\u00fcrfel (Mango, Zucker, Stabilisator: Calciumchlorid, S\u00e4uerungsmittel: Zitronens\u00e4ure), Orangenecken, Aroma, Mangofruchtgranulat (Glukosesirup -Weizen-, Mangop\u00fcree, Verdickungsmittel: E 401), Erdbeerst\u00fccke, Ringelblumenbl\u00fctenbl\u00e4tter, F\u00e4rberdisteln, Vitaminmischung (Vitamin C, Niacin, Vitamin E, Pantothens\u00e4ure, Vitamin B6, B2, B1, Fols\u00e4ure, Biotin, Vitamin B12s, Tr\u00e4gerstoff: Maltodextrin). Lecker tropischer Tee mit fruchtig milder Tasse. Time 5-10 min Menge 20-25 g\/l Temp. 100 C<\/span> <\/p>\n<h3> <span>Inhaltsstoffe \/ Zutaten<\/span> <\/h3>\n<p> <span>Kleine Ananasw\u00fcrfel (Rohrzucker, Ananas, S\u00e4uerungsmittel: Zitronens\u00e4ure), Mangow\u00fcrfel (30%) (Mango, Zucker, S\u00e4uerungsmittel: Zitronens\u00e4ure), gro\u00dfe Ananasw\u00fcrfel (Zucker, Ananas, S\u00e4uerungsmittel: Zitronens\u00e4ure), Orangenecken, Aroma, Mangofruchtgranulat (3%) (Glukosesirup (Weizen), Mangop\u00fcreekonzentrat, Verdickungsmittel: Natriumalginat), Erdbeerst\u00fccke, Ringelblumenbl\u00fcten, F\u00e4rberdisteln, Vitaminmischung (Vitamin C, Nicotinamid, Vitamin E, Pantothens\u00e4ure, Vitamin B6, Vitamin B2, Vitamin B1, Fols\u00e4ure, Biotin, Vitamin B12, Tr\u00e4gerstoff: getrocknete Glucosesirup).<\/span> <\/p>\n<div data-a-expander-name=\"toggle_description\" class=\"a-row a-expander-container a-expander-extend-container\">\n<div class=\"a-expander-content a-expander-extend-content\">\n<h3> <span>Anschrift Hersteller\/Importeur<\/span> <\/h3>\n<p> <span>Mount Everest Tea Company | Daimlerstra\u00dfe 13 | 25337 Elmshorn<\/span> <\/p>\n<\/p><\/div>\n<p> <a data-csa-c-func-deps=\"aui-da-a-expander-toggle\" data-csa-c-type=\"widget\" data-csa-interaction-events=\"click\" role=\"button\" href=\"void(0)\" data-action=\"a-expander-toggle\" class=\"a-expander-header a-declarative a-expander-extend-header\" data-a-expander-toggle=\"{\"><i class=\"a-icon a-icon-extender-expand\"><\/i><span class=\"a-expander-prompt\">Mehr<\/span><\/a> <\/div>\n<p>Mango Mambo &#8211; durch die eigene fruchtige S\u00fc\u00dfe schmeckt dieser Fr\u00fcchtetee so besonders, dass man nie genug von Ihm bekommen kann. Holen sie sich mit dem Mango Mambo die S\u00fcdsee in ihre Teetasse.<br \/>\n<div class=\"main-cross-sell\" data-asin=\"B017BBVI42\">\n\n\t<div class=\"WooZone-cross-sell-loader\">\n\t\t<div>\n\t\t\t<div id=\"floatingBarsG\">\n\t\t\t\t<div class=\"blockG\" id=\"rotateG_01\"><\/div>\n\t\t\t\t<div class=\"blockG\" id=\"rotateG_02\"><\/div>\n\t\t\t\t<div class=\"blockG\" id=\"rotateG_03\"><\/div>\n\t\t\t\t<div class=\"blockG\" id=\"rotateG_04\"><\/div>\n\t\t\t\t<div class=\"blockG\" id=\"rotateG_05\"><\/div>\n\t\t\t\t<div class=\"blockG\" id=\"rotateG_06\"><\/div>\n\t\t\t\t<div class=\"blockG\" id=\"rotateG_07\"><\/div>\n\t\t\t\t<div class=\"blockG\" id=\"rotateG_08\"><\/div>\n\t\t\t<\/div>\n\t\t\t<div class=\"WooZone-cross-sell-loader-text\"><\/div>\n\t\t<\/div>\n\t<\/div>\n\n\t\t\n<\/div>\n<div style=\"clear:both;\"><\/div><\/p>\n","protected":false},"excerpt":{"rendered":"<p>Mango Mambo &#8211; durch die eigene fruchtige S\u00fc\u00dfe schmeckt dieser Fr\u00fcchtetee so besonders, dass man nie genug von Ihm bekommen kann. Holen sie sich mit dem Mango Mambo die S\u00fcdsee in ihre Teetasse.<\/p>\n","protected":false},"featured_media":41054,"comment_status":"open","ping_status":"closed","template":"","meta":[],"product_brand":[],"product_cat":[29],"product_tag":[],"class_list":{"0":"post-41053","1":"product","2":"type-product","3":"status-publish","4":"has-post-thumbnail","6":"product_cat-fruechtetee","7":"pa_abtropfgewicht-1-kilogramm","8":"pa_amazon-bestseller-rang-nr-25808-in-lebensmittel-getraenke-siehe-top-100-in-lebensmittel-getraenke-nr-296-in-fruechtetee","9":"pa_artikelgewicht-1-kg","10":"pa_auslaufartikel-produktion-dur-nein","11":"pa_besonderheit-bio","12":"pa_durchschnittliche-kundenbewer-48-von-5-sternen-29-sternebewertungen-48-von-5-sternen","13":"pa_format-lose-blaetter","14":"pa_hersteller-mount-everest-tea","15":"pa_im-angebot-von-amazon-de-seit-29-oktober-2015","16":"pa_koffeingehalt-koffeinfrei","17":"pa_kontakt-zum-hersteller-mount-everest-tea-company-daimlerstrasse-13-25337-elmshorn","18":"pa_marke-mount-everest-tea","19":"pa_netto-gewicht-1-kilogramm","20":"pa_stueckzahl-1-0-kilograms","21":"pa_verpackungsabmessungen-20-8-x-16-x-15-6-cm-1-kilogramm","23":"first","24":"instock","25":"shipping-taxable","26":"purchasable","27":"product-type-simple"},"_links":{"self":[{"href":"https:\/\/123-teezeit.de\/index.php?rest_route=\/wp\/v2\/product\/41053","targetHints":{"allow":["GET"]}}],"collection":[{"href":"https:\/\/123-teezeit.de\/index.php?rest_route=\/wp\/v2\/product"}],"about":[{"href":"https:\/\/123-teezeit.de\/index.php?rest_route=\/wp\/v2\/types\/product"}],"replies":[{"embeddable":true,"href":"https:\/\/123-teezeit.de\/index.php?rest_route=%2Fwp%2Fv2%2Fcomments&post=41053"}],"wp:featuredmedia":[{"embeddable":true,"href":"https:\/\/123-teezeit.de\/index.php?rest_route=\/wp\/v2\/media\/41054"}],"wp:attachment":[{"href":"https:\/\/123-teezeit.de\/index.php?rest_route=%2Fwp%2Fv2%2Fmedia&parent=41053"}],"wp:term":[{"taxonomy":"product_brand","embeddable":true,"href":"https:\/\/123-teezeit.de\/index.php?rest_route=%2Fwp%2Fv2%2Fproduct_brand&post=41053"},{"taxonomy":"product_cat","embeddable":true,"href":"https:\/\/123-teezeit.de\/index.php?rest_route=%2Fwp%2Fv2%2Fproduct_cat&post=41053"},{"taxonomy":"product_tag","embeddable":true,"href":"https:\/\/123-teezeit.de\/index.php?rest_route=%2Fwp%2Fv2%2Fproduct_tag&post=41053"}],"curies":[{"name":"wp","href":"https:\/\/api.w.org\/{rel}","templated":true}]}}