{"id":41077,"date":"2022-02-13T03:45:04","date_gmt":"2022-02-13T03:45:04","guid":{"rendered":"https:\/\/123-teezeit.de\/?product=1000g-beutel-fruechtetee-kirsch-banane-von-tea-friends"},"modified":"2023-04-08T09:30:32","modified_gmt":"2023-04-08T09:30:32","slug":"1000g-beutel-fruechtetee-kirsch-banane-von-tea-friends","status":"publish","type":"product","link":"https:\/\/123-teezeit.de\/?product=1000g-beutel-fruechtetee-kirsch-banane-von-tea-friends","title":{"rendered":"1000g Beutel Fr\u00fcchtetee Kirsch-Banane von Tea Friends"},"content":{"rendered":"<p><!-- show up to 2 reviews by default --> <\/p>\n<h3> <span>Produktbeschreibungen<\/span> <\/h3>\n<p> <span>Aromatisierte Fr\u00fcchteteemischung mit Kirsch-Banane-Geschmack. Der Geschmack knackiger Kirschen und vollreifer Bananen verspricht einen besonders cremig fruchtigen Teegenuss. 1000g im luftdicht und hygienisch sicher verschwei\u00dften Folienbeutel Zutaten Weinbeeren, Hibiskusbl\u00fcten, Bananenchips (Banane, Kokosfett, Zucker, Honig, Aroma), Sauerkirschen, Aroma Zubereitungsempfehlung 1 geh\u00e4ufter Teel\u00f6ffel pro Tasse mit kochendem Wasser aufgie\u00dfen, 8 Min. ziehen lassen. Tipp Fr\u00fcchtetee eignet sich auch ideal als Eistee! 3 geh\u00e4ufte Teel\u00f6ffel pro Tasse mit kochendem Wasser aufgie\u00dfen, 8 Min. ziehen lassen &#8211; schockk\u00fchlen!<\/span> <\/p>\n<h3> <span>Inhaltsstoffe \/ Zutaten<\/span> <\/h3>\n<p> <span>Weinbeeren, Hibiskusbl\u00fcten, Bananenchips (Banane, Kokosfett, Zucker, Honig, Aroma), Sauerkirschen, Aroma<\/span> <\/p>\n<div data-a-expander-name=\"toggle_description\" class=\"a-row a-expander-container a-expander-extend-container\">\n<div class=\"a-expander-content a-expander-extend-content\">\n<h3> <span>Gebrauchsanweisung<\/span> <\/h3>\n<p> <span>Zubereitungsempfehlung: 1 geh\u00e4ufte Teel\u00f6ffel pro Tasse mit kochendem Wasser aufgie\u00dfen, 8 min. ziehen lassen.<\/span> <\/p>\n<\/p><\/div>\n<p> <a data-csa-c-func-deps=\"aui-da-a-expander-toggle\" data-csa-c-type=\"widget\" data-csa-interaction-events=\"click\" role=\"button\" href=\"void(0)\" data-action=\"a-expander-toggle\" class=\"a-expander-header a-declarative a-expander-extend-header\" data-a-expander-toggle=\"{\"><i class=\"a-icon a-icon-extender-expand\"><\/i><span class=\"a-expander-prompt\">Mehr<\/span><\/a> <\/div>\n<p>loser Tee im Aromabeutel<br \/>\nMischung<br \/>\nAromatisiert<br \/>\n<div class=\"main-cross-sell\" data-asin=\"B007NXEE4K\">\n\n\t<div class=\"WooZone-cross-sell-loader\">\n\t\t<div>\n\t\t\t<div id=\"floatingBarsG\">\n\t\t\t\t<div class=\"blockG\" id=\"rotateG_01\"><\/div>\n\t\t\t\t<div class=\"blockG\" id=\"rotateG_02\"><\/div>\n\t\t\t\t<div class=\"blockG\" id=\"rotateG_03\"><\/div>\n\t\t\t\t<div class=\"blockG\" id=\"rotateG_04\"><\/div>\n\t\t\t\t<div class=\"blockG\" id=\"rotateG_05\"><\/div>\n\t\t\t\t<div class=\"blockG\" id=\"rotateG_06\"><\/div>\n\t\t\t\t<div class=\"blockG\" id=\"rotateG_07\"><\/div>\n\t\t\t\t<div class=\"blockG\" id=\"rotateG_08\"><\/div>\n\t\t\t<\/div>\n\t\t\t<div class=\"WooZone-cross-sell-loader-text\"><\/div>\n\t\t<\/div>\n\t<\/div>\n\n\t\t\n<\/div>\n<div style=\"clear:both;\"><\/div><\/p>\n","protected":false},"excerpt":{"rendered":"<p>loser Tee im Aromabeutel<br \/>\nMischung<br \/>\nAromatisiert<\/p>\n","protected":false},"featured_media":41078,"comment_status":"open","ping_status":"closed","template":"","meta":[],"product_brand":[],"product_cat":[29],"product_tag":[],"class_list":{"0":"post-41077","1":"product","2":"type-product","3":"status-publish","4":"has-post-thumbnail","6":"product_cat-fruechtetee","7":"pa_amazon-bestseller-rang-nr-89948-in-lebensmittel-getraenke-siehe-top-100-in-lebensmittel-getraenke-nr-1197-in-fruechtetee","8":"pa_artikelgewicht-1-kg","9":"pa_aufbewahrung-kuehl-und-trocken-lagern","10":"pa_auslaufartikel-produktion-dur-nein","11":"pa_durchschnittliche-kundenbewer-50-von-5-sternen-2-sternebewertungen-50-von-5-sternen","12":"pa_format-beutel","13":"pa_hersteller-tea-friends","14":"pa_im-angebot-von-amazon-de-seit-23-maerz-2012","15":"pa_marke-unbekannt","16":"pa_netto-gewicht-10-kilogramm","17":"pa_produktbezeichnung-beverages","18":"pa_stueckzahl-1000-00-gramm","19":"pa_ursprungsland-deutschland","20":"pa_verwendungsbedingungen-min-1-jahr-weitere-information-siehe-packung","22":"first","23":"instock","24":"shipping-taxable","25":"purchasable","26":"product-type-simple"},"_links":{"self":[{"href":"https:\/\/123-teezeit.de\/index.php?rest_route=\/wp\/v2\/product\/41077","targetHints":{"allow":["GET"]}}],"collection":[{"href":"https:\/\/123-teezeit.de\/index.php?rest_route=\/wp\/v2\/product"}],"about":[{"href":"https:\/\/123-teezeit.de\/index.php?rest_route=\/wp\/v2\/types\/product"}],"replies":[{"embeddable":true,"href":"https:\/\/123-teezeit.de\/index.php?rest_route=%2Fwp%2Fv2%2Fcomments&post=41077"}],"wp:featuredmedia":[{"embeddable":true,"href":"https:\/\/123-teezeit.de\/index.php?rest_route=\/wp\/v2\/media\/41078"}],"wp:attachment":[{"href":"https:\/\/123-teezeit.de\/index.php?rest_route=%2Fwp%2Fv2%2Fmedia&parent=41077"}],"wp:term":[{"taxonomy":"product_brand","embeddable":true,"href":"https:\/\/123-teezeit.de\/index.php?rest_route=%2Fwp%2Fv2%2Fproduct_brand&post=41077"},{"taxonomy":"product_cat","embeddable":true,"href":"https:\/\/123-teezeit.de\/index.php?rest_route=%2Fwp%2Fv2%2Fproduct_cat&post=41077"},{"taxonomy":"product_tag","embeddable":true,"href":"https:\/\/123-teezeit.de\/index.php?rest_route=%2Fwp%2Fv2%2Fproduct_tag&post=41077"}],"curies":[{"name":"wp","href":"https:\/\/api.w.org\/{rel}","templated":true}]}}